{"id":9,"date":"2012-09-14T07:04:59","date_gmt":"2012-09-14T06:04:59","guid":{"rendered":"http:\/\/www.philippeau.eu\/blog\/?page_id=9"},"modified":"2026-02-26T10:14:57","modified_gmt":"2026-02-26T08:14:57","slug":"cancer-du-poumon","status":"publish","type":"page","link":"https:\/\/www.philippeau.eu\/blog\/cancer-du-poumon\/","title":{"rendered":"Mon Cancer du Poumon"},"content":{"rendered":"<h2>Cancer du poumon, pourquoi moi ?<\/h2>\n<p style=\"text-align: justify;\">Moi qui n&rsquo;ai jamais eu de maladies plus graves qu&rsquo;un rhume, une grippe ou une gastro-ent\u00e9rite (et m\u00eame pour cela, \u00e7a date), voila que depuis plus de quatre mois, je suis contraint de lutter contre quelque chose de bien plus emb\u00eatant, un <strong>cancer du poumon<\/strong>.<\/p>\n<p>Si je choisi d&rsquo;en parler, ce n&rsquo;est pas pour \u00eatre plaint.<\/p>\n<p style=\"text-align: justify;\">J\u2019accepte la compassion, mais je ne veux pas faire piti\u00e9. Ma motivation en publiant ces pages, c&rsquo;est plut\u00f4t d&rsquo;apporter un t\u00e9moignage. Cela r\u00e9pondra peut \u00eatre aux questions que se posent chaque nouvelle victime de ce fl\u00e9au ou leurs proches. Mieux encore, si mes quelques pages pouvaient persuader ne serait-ce qu&rsquo;une personne, qu&rsquo;une simple d\u00e9cision peut consid\u00e9rablement diminuer le risque pour sa sant\u00e9&#8230; J&rsquo;en serai ravi !<\/p>\n<figure id=\"attachment_507\" aria-describedby=\"caption-attachment-507\" style=\"width: 908px\" class=\"wp-caption aligncenter\"><a href=\"http:\/\/www.philippeau.eu\/blog\/wp-content\/uploads\/2014\/11\/Cancer_Poumons_logo_img.png\" data-rel=\"lightbox-gallery-0\" data-rl_title=\"Cancer_Poumon(s)_logo_img\" data-rl_caption=\"Mon cancer du poumon\"><img loading=\"lazy\" decoding=\"async\" data-attachment-id=\"507\" data-permalink=\"https:\/\/www.philippeau.eu\/blog\/a-propos\/cancer_poumons_logo_img\/\" data-orig-file=\"https:\/\/www.philippeau.eu\/blog\/wp-content\/uploads\/2014\/11\/Cancer_Poumons_logo_img.png\" data-orig-size=\"908,245\" data-comments-opened=\"1\" data-image-meta=\"{&quot;aperture&quot;:&quot;0&quot;,&quot;credit&quot;:&quot;&quot;,&quot;camera&quot;:&quot;&quot;,&quot;caption&quot;:&quot;&quot;,&quot;created_timestamp&quot;:&quot;0&quot;,&quot;copyright&quot;:&quot;&quot;,&quot;focal_length&quot;:&quot;0&quot;,&quot;iso&quot;:&quot;0&quot;,&quot;shutter_speed&quot;:&quot;0&quot;,&quot;title&quot;:&quot;&quot;,&quot;orientation&quot;:&quot;0&quot;}\" data-image-title=\"Cancer_Poumon(s)_logo_img\" data-image-description=\"&lt;p&gt;logo Mon cancer du poumon&lt;\/p&gt;\n\" data-image-caption=\"&lt;p&gt;Mon cancer du poumon&lt;\/p&gt;\n\" data-large-file=\"https:\/\/www.philippeau.eu\/blog\/wp-content\/uploads\/2014\/11\/Cancer_Poumons_logo_img.png\" class=\"wp-image-507 size-full\" title=\"Cancer_Poumon(s)_logo_img\" src=\"http:\/\/www.philippeau.eu\/blog\/wp-content\/uploads\/2014\/11\/Cancer_Poumons_logo_img.png\" alt=\"Premier logo de Mon cancer du poumon\" width=\"908\" height=\"245\" srcset=\"https:\/\/www.philippeau.eu\/blog\/wp-content\/uploads\/2014\/11\/Cancer_Poumons_logo_img.png 908w, https:\/\/www.philippeau.eu\/blog\/wp-content\/uploads\/2014\/11\/Cancer_Poumons_logo_img-300x81.png 300w, https:\/\/www.philippeau.eu\/blog\/wp-content\/uploads\/2014\/11\/Cancer_Poumons_logo_img-768x207.png 768w\" sizes=\"auto, (max-width: 908px) 100vw, 908px\" \/><\/a><figcaption id=\"caption-attachment-507\" class=\"wp-caption-text\">Premier logo de Mon cancer du poumon<\/figcaption><\/figure>\n<h2 style=\"text-align: justify;\">Le monde s&rsquo;\u00e9croule !<\/h2>\n<p style=\"text-align: justify;\">Mon petit monde d\u00e9j\u00e0 bien compliqu\u00e9 depuis quelques ann\u00e9es, c&rsquo;est totalement \u00e9croul\u00e9 lorsque le 29 mai 2012, quelques semaines apr\u00e8s \u00eatre tomb\u00e9 malade (le 05-04-2012).<br class=\"yoast-text-mark\" \/><br \/>\nLe mot \u00ab\u00a0cancer\u00a0\u00bb est \u00e9voqu\u00e9 d\u00e8s la premi\u00e8re visite chez ma pneumologue. Il faudra endurer environ deux mois d&rsquo;attente et un tas d&rsquo;examens pour que le diagnostic soit confirm\u00e9.<\/p>\n<blockquote>\n<p style=\"text-align: justify;\">\u00ab\u00a0Monsieur Philippeau, l&rsquo;analyse des pr\u00e9l\u00e8vements effectu\u00e9s dans le nodule situ\u00e9 dans votre poumon droit est positive.<br \/>\n<strong>Vous avez un cancer du poumon<\/strong>.\u00a0\u00bb<\/p>\n<\/blockquote>\n<p style=\"text-align: justify;\">M\u00eame si l&rsquo;espoir \u00e9tait possible (2 mois d&rsquo;attente laisse le temps de penser), maintenant plus de doute. Apr\u00e8s une telle annonce, m\u00eame si j&rsquo;ai pu sentir la compassion de ma pneumologue, \u00e0 peine sorti de la consultation \u00ab\u00a0c&rsquo;est la fin du monde\u00a0\u00bb. J&rsquo;ai du mal \u00e0 penser avoir encore un avenir. Je conduis des larmes plein les yeux, pendant les quarante cinq minutes de trajet retour \u00e0 la maison. Je vais maintenant devoir l&rsquo;annoncer car je pense que les personnes qui nous aiment ont le droit de savoir et de toutes mani\u00e8res, il serait tr\u00e8s difficile de le cacher.<br \/>\nL&rsquo;annonce aux proches, notamment <a href=\"http:\/\/lapsyquiparle.fr\/cancer-parent-parler-avec-enfant\/\" target=\"_blank\" rel=\"noopener noreferrer\">aux enfants<\/a> et parents est vraiment un moment difficile.<\/p>\n<p style=\"text-align: justify;\">Ensuite comme on dit, il faut essayer de garder le moral. Ce n&rsquo;est pas si simple lorsque l&rsquo;on a la certitude de mourir dans les trois prochains mois*.<\/p>\n<h2>Internet<\/h2>\n<p style=\"text-align: justify;\">Passionn\u00e9 par la cr\u00e9ation de site internet depuis plusieurs ann\u00e9es, ce blog est n\u00e9 naturellement pour rendre services. C&rsquo;est peut \u00eatre aussi par besoin de parler, comme pour exorciser la peur qui est en moi.<\/p>\n<p style=\"text-align: justify;\">Dans les pages suivantes, je vous parlerai des examens et op\u00e9rations que j&rsquo;ai subit depuis cette annonce.<\/p>\n<h2>Seul et d\u00e9sempar\u00e9 m\u00eame avec internet<\/h2>\n<p>Seul** et d\u00e9sempar\u00e9 pendant la p\u00e9riode de diagnostic, d\u00e8s le d\u00e9but les pens\u00e9es et les questions se sont bouscul\u00e9es. Il faut dire que je suis \u00e0 ce moment, un peu comme tous ceux qui ne sont pas touch\u00e9 de pr\u00e8s ou de loin par cette maladie. J&rsquo;ai tout \u00e0 apprendre. Je cherche beaucoup sur internet pour trouver des r\u00e9ponses \u00e0 mes questions. En 2012 c&rsquo;est tr\u00e8s compliqu\u00e9. Je trouve que les sites sont tr\u00e8s incomplets sur le sujet, m\u00eame les plus connus. Il y a toujours une question qui ne trouve pas de r\u00e9ponse. Ainsi il faut surfer de site internet en site internet et de blog en blog. On trouve de tout en passant par des informations quelques fois contradictoires et surtout des t\u00e9moignages bien noir de proches endeuill\u00e9s. Pas de quoi remonter le moral !<\/p>\n<p>J&rsquo;ai aussi envie de parler de la maladie avec d&rsquo;autres personnes touch\u00e9es. Les forums existants sont d\u00e9moralisants avec les messages de proches en deuil. Je n&rsquo;ai alors trouv\u00e9 qu&rsquo;un groupe Facebook, \u00ab\u00a0<a href=\"https:\/\/www.facebook.com\/groups\/ensemblecontrelecancersara\/\" target=\"_blank\" rel=\"noopener noreferrer\">ENSEMBLE CONTRE LE CANCER<\/a>\u00a0\u00bb qui avec ses membres et administratrices, a \u00e9t\u00e9 une aide et un soutient pr\u00e9cieux.<\/p>\n<h2>Cr\u00e9ation de ce t\u00e9moignage cancer du poumon<\/h2>\n<p>C&rsquo;est ainsi qu&rsquo;en septembre 2012, esp\u00e9rant \u00eatre utile mal gr\u00e8s mes pi\u00e8tres comp\u00e9tences litt\u00e9raires, j&rsquo;ai \u00e9crit les premi\u00e8res pages de ce site internet.<br class=\"yoast-text-mark\" \/><br \/>\nIl est principalement destin\u00e9 \u00e0 l&rsquo;attention de ceux \u00e0 qui comme moi un jour, on annonce qu&rsquo;ils ont un cancer du poumon. <br \/>\nJe veux apporter un t\u00e9moignage et peut \u00eatre r\u00e9pondre \u00e0 certaines interrogations que l&rsquo;on se pose dans cette situation.<\/p>\n<h2>Les choses \u00e9voluent sans cesse<\/h2>\n<p>Par chance aujourd&rsquo;hui les choses ont \u00e9volu\u00e9es dans le bon sens depuis 2012. Il est plus simple aujourd&rsquo;hui de trouver des informations fiables sur internet. <br \/>\nDes associations et\/ou r\u00e9seaux ont vu le jour. <br \/>\nComme <a href=\"http:\/\/www.patientsenreseau.fr\/\" target=\"_blank\" rel=\"noopener noreferrer\">PATIENTS en r\u00e9seau<\/a> qui cr\u00e9e et d\u00e9veloppe fin 2017 <a href=\"https:\/\/www.monreseau-cancerdupoumon.com\" target=\"_blank\" rel=\"noopener noreferrer\">Mon R\u00e9seau Cancer du Poumon<\/a>. Un r\u00e9seau pour les patients d&rsquo;un cot\u00e9 et les proches de l&rsquo;autre, les deux parties sont s\u00e9par\u00e9es. On y trouve des dossiers d&rsquo;informations, du soutient et t\u00e9moignages de personnes dans notre situation. Tout cela au m\u00eame endroit sans changer de site internet.<br \/>\nJe vous recommande ce r\u00e9seau que j&rsquo;ai moi-m\u00eame rejoint.<\/p>\n<p>Je cite aussi l&rsquo;association <a href=\"https:\/\/cancer-poumon.fr\/\" target=\"_blank\" rel=\"noopener noreferrer\">De l&rsquo;Air<\/a>. Elle est certainement la premi\u00e8re association uniquement d\u00e9di\u00e9e au cancer du poumon, <a href=\"https:\/\/www.journal-officiel.gouv.fr\/associations\/detail-annonce\/associations_b\/20180007\/1224\" target=\"_blank\" rel=\"noopener noreferrer\">depuis le 14\/02\/2018<\/a>.<\/p>\n<h2>Des douleurs neuropathiques suite au cancer du poumon<\/h2>\n<p>Depuis le 26 novembre 2012 jour de ma derni\u00e8re op\u00e9ration chirurgicale, le temps a fil\u00e9.<br class=\"yoast-text-mark\" \/><br \/>\nJe suis un survivant qui depuis cette date combat quotidiennement des douleurs neuropathiques. <br class=\"yoast-text-mark\" \/><br \/>\nDes ann\u00e9es de douleurs c&rsquo;est long et dur. <br \/>\nComme la vie \u00e9volue toujours, pour en savoir plus il vous faudra suivre la partie <a href=\"https:\/\/www.philippeau.eu\/blog\/actualites\/\">Actualit\u00e9 &#8211; blog<\/a> et les pages <a href=\"https:\/\/www.philippeau.eu\/blog\/cancer-du-poumon\/douleurs-neuropathiques-et-traitements\/\" target=\"_blank\" rel=\"noopener\">neuropathie p\u00e9riph\u00e9rique et traitements<\/a>.<\/p>\n<h2>Ne fumez pas, ne fumez plus !<\/h2>\n<p style=\"text-align: justify;\">Ah oui, encore une chose a dire ici !<br \/>\nProfessionnellement j&rsquo;ai \u00e9t\u00e9 en contact avec des produits douteux et \/ ou av\u00e9r\u00e9s canc\u00e9rig\u00e8nes. J&rsquo;ai aussi h\u00e9las \u00e9t\u00e9 assez idiot pour fumer un minimum de <a href=\"http:\/\/www.philippeau.eu\/blog\/cancer-du-poumon\/248-200-cigarettes-plus-tard\/\">248 200 cigarettes en 34 ann\u00e9es<\/a>. C&rsquo;est bien entendu l&rsquo;\u00e9ternelle question que l&rsquo;on vous pose. Sous entendu dans la bouche de certains que votre cancer, vous l&rsquo;avez bien cherch\u00e9.<br \/>\nNe faites pas comme moi en pensant que cela ne peut pas vous arriver.<\/p>\n<blockquote>\n<p><strong>Arr\u00eatez de fumer, le cancer du poumon n&rsquo;arrive pas qu&rsquo;aux autres !<\/strong><\/p>\n<\/blockquote>\n<p>&nbsp;<\/p>\n<p><iframe loading=\"lazy\" title=\"Cancer du poumon - L&#039;arriv\u00e9e dans le service de pneumologie - H\u00f4pital Avicenne de Bobigny\" width=\"1140\" height=\"641\" src=\"https:\/\/www.youtube.com\/embed\/hehe76tIhPE?feature=oembed\" frameborder=\"0\" allow=\"accelerometer; autoplay; clipboard-write; encrypted-media; gyroscope; picture-in-picture; web-share\" referrerpolicy=\"strict-origin-when-cross-origin\" allowfullscreen><\/iframe><\/p>\n<p style=\"text-align: justify;\">Depuis le 23 f\u00e9vrier 2013, mon t\u00e9moignage se trouve dans les <a href=\"http:\/\/www.philippeau.eu\/blog\/actualites\/\">articles<\/a> publi\u00e9s au fil du temps.<\/p>\n<h3>Notes<\/h3>\n<p>* Cette certitude est bas\u00e9e sur un fait. Quelques ann\u00e9es auparavant je me suis retrouv\u00e9 animateur du foyer des jeunes de ma commune pour \u00e9viter sa fermeture. Un jeune de 16 ans sportif, en pleine forme et ne fumant pas, est tomb\u00e9 malade. Il toussait beaucoup depuis des semaines et donc a \u00e9t\u00e9 consulter son m\u00e9decin g\u00e9n\u00e9raliste. Bref trois mois apr\u00e8s il est d\u00e9c\u00e9d\u00e9 d&rsquo;un cancer g\u00e9n\u00e9ralis\u00e9.<\/p>\n<p>** Pas vraiment seul car entour\u00e9 de mes parents, enfants, fr\u00e8re et s\u0153ur, mais ils sont comme moi face au cancer. Ils n&rsquo;en connaissent rien de plus que moi.<\/p>\n<p style=\"text-align: center;\"><a title=\"D\u00e9couverte de la maladie\" href=\"http:\/\/www.philippeau.eu\/blog\/cancer-du-poumon\/decouverte-de-la-maladie\/\">D\u00e9couverte de la maladie &gt;&gt;<\/a><\/p>\n","protected":false},"excerpt":{"rendered":"<p>Cancer du poumon, pourquoi moi ? Moi qui n&rsquo;ai jamais eu de maladies plus graves qu&rsquo;un rhume, une grippe ou une gastro-ent\u00e9rite (et m\u00eame pour cela, \u00e7a date), voila que depuis plus de quatre mois,&#8230;<\/p>\n<div class=\"more-link-wrapper\"><a class=\"more-link\" href=\"https:\/\/www.philippeau.eu\/blog\/cancer-du-poumon\/\"><span class=\"more-text\">Continuer la lecture<\/span><\/a><\/div>\n","protected":false},"author":1,"featured_media":1488,"parent":0,"menu_order":0,"comment_status":"open","ping_status":"closed","template":"","meta":{"footnotes":""},"class_list":["post-9","page","type-page","status-publish","has-post-thumbnail","hentry","post"],"yoast_head":"<!-- This site is optimized with the Yoast SEO plugin v27.6 - https:\/\/yoast.com\/product\/yoast-seo-wordpress\/ -->\n<title>Mon Cancer du Poumon - philippeau.eu<\/title>\n<meta name=\"description\" content=\"Diagnostiqu\u00e9 d&#039;un cancer du poumon en mai 2012, je livre sur ce blog mon parcours quotidien esp\u00e9rant r\u00e9pondre aux questions d&#039;autres malades.\" \/>\n<meta name=\"robots\" content=\"index, follow, max-snippet:-1, max-image-preview:large, max-video-preview:-1\" \/>\n<link rel=\"canonical\" href=\"https:\/\/www.philippeau.eu\/blog\/cancer-du-poumon\/\" \/>\n<meta property=\"og:locale\" content=\"fr_FR\" \/>\n<meta property=\"og:type\" content=\"article\" \/>\n<meta property=\"og:title\" content=\"Mon Cancer du Poumon - philippeau.eu\" \/>\n<meta property=\"og:description\" content=\"Diagnostiqu\u00e9 d&#039;un cancer du poumon en mai 2012, je livre sur ce blog mon parcours quotidien esp\u00e9rant r\u00e9pondre aux questions d&#039;autres malades.\" \/>\n<meta property=\"og:url\" content=\"https:\/\/www.philippeau.eu\/blog\/cancer-du-poumon\/\" \/>\n<meta property=\"og:site_name\" content=\"philippeau.eu\" \/>\n<meta property=\"article:publisher\" content=\"https:\/\/www.facebook.com\/laurent.philippeau\" \/>\n<meta property=\"article:modified_time\" content=\"2026-02-26T08:14:57+00:00\" \/>\n<meta property=\"og:image\" content=\"https:\/\/www.philippeau.eu\/blog\/wp-content\/uploads\/2018\/05\/Image_mise_en_avant_Page_mon_cancer_du_poumon.jpg\" \/>\n\t<meta property=\"og:image:width\" content=\"933\" \/>\n\t<meta property=\"og:image:height\" content=\"700\" \/>\n\t<meta property=\"og:image:type\" content=\"image\/jpeg\" \/>\n<meta name=\"twitter:card\" content=\"summary_large_image\" \/>\n<meta name=\"twitter:label1\" content=\"Dur\u00e9e de lecture estim\u00e9e\" \/>\n\t<meta name=\"twitter:data1\" content=\"6 minutes\" \/>\n<script type=\"application\/ld+json\" class=\"yoast-schema-graph\">{\"@context\":\"https:\\\/\\\/schema.org\",\"@graph\":[{\"@type\":\"WebPage\",\"@id\":\"https:\\\/\\\/www.philippeau.eu\\\/blog\\\/cancer-du-poumon\\\/\",\"url\":\"https:\\\/\\\/www.philippeau.eu\\\/blog\\\/cancer-du-poumon\\\/\",\"name\":\"Mon Cancer du Poumon - philippeau.eu\",\"isPartOf\":{\"@id\":\"https:\\\/\\\/www.philippeau.eu\\\/blog\\\/#website\"},\"primaryImageOfPage\":{\"@id\":\"https:\\\/\\\/www.philippeau.eu\\\/blog\\\/cancer-du-poumon\\\/#primaryimage\"},\"image\":{\"@id\":\"https:\\\/\\\/www.philippeau.eu\\\/blog\\\/cancer-du-poumon\\\/#primaryimage\"},\"thumbnailUrl\":\"https:\\\/\\\/www.philippeau.eu\\\/blog\\\/wp-content\\\/uploads\\\/2018\\\/05\\\/Image_mise_en_avant_Page_mon_cancer_du_poumon.jpg\",\"datePublished\":\"2012-09-14T06:04:59+00:00\",\"dateModified\":\"2026-02-26T08:14:57+00:00\",\"description\":\"Diagnostiqu\u00e9 d'un cancer du poumon en mai 2012, je livre sur ce blog mon parcours quotidien esp\u00e9rant r\u00e9pondre aux questions d'autres malades.\",\"breadcrumb\":{\"@id\":\"https:\\\/\\\/www.philippeau.eu\\\/blog\\\/cancer-du-poumon\\\/#breadcrumb\"},\"inLanguage\":\"fr-FR\",\"potentialAction\":[{\"@type\":\"ReadAction\",\"target\":[\"https:\\\/\\\/www.philippeau.eu\\\/blog\\\/cancer-du-poumon\\\/\"]}]},{\"@type\":\"ImageObject\",\"inLanguage\":\"fr-FR\",\"@id\":\"https:\\\/\\\/www.philippeau.eu\\\/blog\\\/cancer-du-poumon\\\/#primaryimage\",\"url\":\"https:\\\/\\\/www.philippeau.eu\\\/blog\\\/wp-content\\\/uploads\\\/2018\\\/05\\\/Image_mise_en_avant_Page_mon_cancer_du_poumon.jpg\",\"contentUrl\":\"https:\\\/\\\/www.philippeau.eu\\\/blog\\\/wp-content\\\/uploads\\\/2018\\\/05\\\/Image_mise_en_avant_Page_mon_cancer_du_poumon.jpg\",\"width\":933,\"height\":700,\"caption\":\"Mon cancer du poumon\"},{\"@type\":\"BreadcrumbList\",\"@id\":\"https:\\\/\\\/www.philippeau.eu\\\/blog\\\/cancer-du-poumon\\\/#breadcrumb\",\"itemListElement\":[{\"@type\":\"ListItem\",\"position\":1,\"name\":\"Accueil\",\"item\":\"https:\\\/\\\/www.philippeau.eu\\\/blog\\\/\"},{\"@type\":\"ListItem\",\"position\":2,\"name\":\"Mon Cancer du Poumon\"}]},{\"@type\":\"WebSite\",\"@id\":\"https:\\\/\\\/www.philippeau.eu\\\/blog\\\/#website\",\"url\":\"https:\\\/\\\/www.philippeau.eu\\\/blog\\\/\",\"name\":\"philippeau.eu\",\"description\":\"\",\"publisher\":{\"@id\":\"https:\\\/\\\/www.philippeau.eu\\\/blog\\\/#\\\/schema\\\/person\\\/d0321ac69485a2fa34a86270145a4038\"},\"potentialAction\":[{\"@type\":\"SearchAction\",\"target\":{\"@type\":\"EntryPoint\",\"urlTemplate\":\"https:\\\/\\\/www.philippeau.eu\\\/blog\\\/?s={search_term_string}\"},\"query-input\":{\"@type\":\"PropertyValueSpecification\",\"valueRequired\":true,\"valueName\":\"search_term_string\"}}],\"inLanguage\":\"fr-FR\"},{\"@type\":[\"Person\",\"Organization\"],\"@id\":\"https:\\\/\\\/www.philippeau.eu\\\/blog\\\/#\\\/schema\\\/person\\\/d0321ac69485a2fa34a86270145a4038\",\"name\":\"Laurent\",\"image\":{\"@type\":\"ImageObject\",\"inLanguage\":\"fr-FR\",\"@id\":\"https:\\\/\\\/www.philippeau.eu\\\/blog\\\/wp-content\\\/uploads\\\/2020\\\/11\\\/cropped-PL_logo_initiales_img.png\",\"url\":\"https:\\\/\\\/www.philippeau.eu\\\/blog\\\/wp-content\\\/uploads\\\/2020\\\/11\\\/cropped-PL_logo_initiales_img.png\",\"contentUrl\":\"https:\\\/\\\/www.philippeau.eu\\\/blog\\\/wp-content\\\/uploads\\\/2020\\\/11\\\/cropped-PL_logo_initiales_img.png\",\"width\":512,\"height\":512,\"caption\":\"Laurent\"},\"logo\":{\"@id\":\"https:\\\/\\\/www.philippeau.eu\\\/blog\\\/wp-content\\\/uploads\\\/2020\\\/11\\\/cropped-PL_logo_initiales_img.png\"},\"description\":\"Propri\u00e9taire et webmaster du site www.philippeau.eu\",\"sameAs\":[\"https:\\\/\\\/www.philippeau.eu\",\"https:\\\/\\\/www.facebook.com\\\/laurent.philippeau\",\"https:\\\/\\\/www.youtube.com\\\/channel\\\/UCgwFBEt9Dv03TyDiBPNGL-Q\"]}]}<\/script>\n<!-- \/ Yoast SEO plugin. -->","yoast_head_json":{"title":"Mon Cancer du Poumon - philippeau.eu","description":"Diagnostiqu\u00e9 d'un cancer du poumon en mai 2012, je livre sur ce blog mon parcours quotidien esp\u00e9rant r\u00e9pondre aux questions d'autres malades.","robots":{"index":"index","follow":"follow","max-snippet":"max-snippet:-1","max-image-preview":"max-image-preview:large","max-video-preview":"max-video-preview:-1"},"canonical":"https:\/\/www.philippeau.eu\/blog\/cancer-du-poumon\/","og_locale":"fr_FR","og_type":"article","og_title":"Mon Cancer du Poumon - philippeau.eu","og_description":"Diagnostiqu\u00e9 d'un cancer du poumon en mai 2012, je livre sur ce blog mon parcours quotidien esp\u00e9rant r\u00e9pondre aux questions d'autres malades.","og_url":"https:\/\/www.philippeau.eu\/blog\/cancer-du-poumon\/","og_site_name":"philippeau.eu","article_publisher":"https:\/\/www.facebook.com\/laurent.philippeau","article_modified_time":"2026-02-26T08:14:57+00:00","og_image":[{"width":933,"height":700,"url":"https:\/\/www.philippeau.eu\/blog\/wp-content\/uploads\/2018\/05\/Image_mise_en_avant_Page_mon_cancer_du_poumon.jpg","type":"image\/jpeg"}],"twitter_card":"summary_large_image","twitter_misc":{"Dur\u00e9e de lecture estim\u00e9e":"6 minutes"},"schema":{"@context":"https:\/\/schema.org","@graph":[{"@type":"WebPage","@id":"https:\/\/www.philippeau.eu\/blog\/cancer-du-poumon\/","url":"https:\/\/www.philippeau.eu\/blog\/cancer-du-poumon\/","name":"Mon Cancer du Poumon - philippeau.eu","isPartOf":{"@id":"https:\/\/www.philippeau.eu\/blog\/#website"},"primaryImageOfPage":{"@id":"https:\/\/www.philippeau.eu\/blog\/cancer-du-poumon\/#primaryimage"},"image":{"@id":"https:\/\/www.philippeau.eu\/blog\/cancer-du-poumon\/#primaryimage"},"thumbnailUrl":"https:\/\/www.philippeau.eu\/blog\/wp-content\/uploads\/2018\/05\/Image_mise_en_avant_Page_mon_cancer_du_poumon.jpg","datePublished":"2012-09-14T06:04:59+00:00","dateModified":"2026-02-26T08:14:57+00:00","description":"Diagnostiqu\u00e9 d'un cancer du poumon en mai 2012, je livre sur ce blog mon parcours quotidien esp\u00e9rant r\u00e9pondre aux questions d'autres malades.","breadcrumb":{"@id":"https:\/\/www.philippeau.eu\/blog\/cancer-du-poumon\/#breadcrumb"},"inLanguage":"fr-FR","potentialAction":[{"@type":"ReadAction","target":["https:\/\/www.philippeau.eu\/blog\/cancer-du-poumon\/"]}]},{"@type":"ImageObject","inLanguage":"fr-FR","@id":"https:\/\/www.philippeau.eu\/blog\/cancer-du-poumon\/#primaryimage","url":"https:\/\/www.philippeau.eu\/blog\/wp-content\/uploads\/2018\/05\/Image_mise_en_avant_Page_mon_cancer_du_poumon.jpg","contentUrl":"https:\/\/www.philippeau.eu\/blog\/wp-content\/uploads\/2018\/05\/Image_mise_en_avant_Page_mon_cancer_du_poumon.jpg","width":933,"height":700,"caption":"Mon cancer du poumon"},{"@type":"BreadcrumbList","@id":"https:\/\/www.philippeau.eu\/blog\/cancer-du-poumon\/#breadcrumb","itemListElement":[{"@type":"ListItem","position":1,"name":"Accueil","item":"https:\/\/www.philippeau.eu\/blog\/"},{"@type":"ListItem","position":2,"name":"Mon Cancer du Poumon"}]},{"@type":"WebSite","@id":"https:\/\/www.philippeau.eu\/blog\/#website","url":"https:\/\/www.philippeau.eu\/blog\/","name":"philippeau.eu","description":"","publisher":{"@id":"https:\/\/www.philippeau.eu\/blog\/#\/schema\/person\/d0321ac69485a2fa34a86270145a4038"},"potentialAction":[{"@type":"SearchAction","target":{"@type":"EntryPoint","urlTemplate":"https:\/\/www.philippeau.eu\/blog\/?s={search_term_string}"},"query-input":{"@type":"PropertyValueSpecification","valueRequired":true,"valueName":"search_term_string"}}],"inLanguage":"fr-FR"},{"@type":["Person","Organization"],"@id":"https:\/\/www.philippeau.eu\/blog\/#\/schema\/person\/d0321ac69485a2fa34a86270145a4038","name":"Laurent","image":{"@type":"ImageObject","inLanguage":"fr-FR","@id":"https:\/\/www.philippeau.eu\/blog\/wp-content\/uploads\/2020\/11\/cropped-PL_logo_initiales_img.png","url":"https:\/\/www.philippeau.eu\/blog\/wp-content\/uploads\/2020\/11\/cropped-PL_logo_initiales_img.png","contentUrl":"https:\/\/www.philippeau.eu\/blog\/wp-content\/uploads\/2020\/11\/cropped-PL_logo_initiales_img.png","width":512,"height":512,"caption":"Laurent"},"logo":{"@id":"https:\/\/www.philippeau.eu\/blog\/wp-content\/uploads\/2020\/11\/cropped-PL_logo_initiales_img.png"},"description":"Propri\u00e9taire et webmaster du site www.philippeau.eu","sameAs":["https:\/\/www.philippeau.eu","https:\/\/www.facebook.com\/laurent.philippeau","https:\/\/www.youtube.com\/channel\/UCgwFBEt9Dv03TyDiBPNGL-Q"]}]}},"jetpack_sharing_enabled":true,"jetpack_likes_enabled":true,"_links":{"self":[{"href":"https:\/\/www.philippeau.eu\/blog\/wp-json\/wp\/v2\/pages\/9","targetHints":{"allow":["GET"]}}],"collection":[{"href":"https:\/\/www.philippeau.eu\/blog\/wp-json\/wp\/v2\/pages"}],"about":[{"href":"https:\/\/www.philippeau.eu\/blog\/wp-json\/wp\/v2\/types\/page"}],"author":[{"embeddable":true,"href":"https:\/\/www.philippeau.eu\/blog\/wp-json\/wp\/v2\/users\/1"}],"replies":[{"embeddable":true,"href":"https:\/\/www.philippeau.eu\/blog\/wp-json\/wp\/v2\/comments?post=9"}],"version-history":[{"count":3,"href":"https:\/\/www.philippeau.eu\/blog\/wp-json\/wp\/v2\/pages\/9\/revisions"}],"predecessor-version":[{"id":287598,"href":"https:\/\/www.philippeau.eu\/blog\/wp-json\/wp\/v2\/pages\/9\/revisions\/287598"}],"wp:featuredmedia":[{"embeddable":true,"href":"https:\/\/www.philippeau.eu\/blog\/wp-json\/wp\/v2\/media\/1488"}],"wp:attachment":[{"href":"https:\/\/www.philippeau.eu\/blog\/wp-json\/wp\/v2\/media?parent=9"}],"curies":[{"name":"wp","href":"https:\/\/api.w.org\/{rel}","templated":true}]}}