{"id":734,"date":"2017-02-23T20:12:42","date_gmt":"2017-02-23T19:12:42","guid":{"rendered":"http:\/\/www.philippeau.eu\/blog\/?page_id=734"},"modified":"2026-03-02T09:44:00","modified_gmt":"2026-03-02T07:44:00","slug":"forum","status":"publish","type":"page","link":"https:\/\/www.philippeau.eu\/blog\/membres\/forum\/","title":{"rendered":"Forum"},"content":{"rendered":"<h2>Le forum est d\u00e9finitivement supprim\u00e9<\/h2>\n<p>Le Forum d\u00e9di\u00e9 au cancer du poumon, aux douleurs neuropathiques et autres sujets a ferm\u00e9 le 9 mai 2025. <br \/>\nSi vous recherchez des informations et du soutien \u00e0 propos cancer, voir les liens ci-dessous vers ces r\u00e9seaux.<br \/>\nPersonnellement je suis sur mon r\u00e9seau cancer du poumon avec le pseudo Laurent-MCDP.<\/p>\n<h2>Musique et autres sujets<\/h2>\n<p>Si vous souhaitez \u00e9changer \u00e0 propos de ma musique, deux solutions. Il existe un forum priv\u00e9 uniquement visible pour les membres connect\u00e9s. Il n&rsquo;est pas r\u00e9f\u00e9renc\u00e9 par les moteurs de recherches et les sujets ne devraient donc pas \u00eatre visibles hors du forum. Ou alors, utiliser les commentaires sous les vid\u00e9os de ma chaine YouTube.<\/p>\n<p>Pour tous les autres sujets trait\u00e9s ici, merci d&rsquo;utiliser ce forum priv\u00e9.<\/p>\n<hr \/>\n<table style=\"height: 269px; width: 100%; border-collapse: collapse;\" cellpadding=\"10px\">\n<tbody>\n<tr>\n<td style=\"vertical-align: top;\" colspan=\"2\">\n<h2>Soutien et informations cancer, je vous recommande<\/h2>\n<p>\u00c0 dire vrai avoir supprim\u00e9 le forum n&rsquo;est pas dramatique.<\/p>\n<blockquote>\n<p>L&rsquo;objectif premier de ce site n&rsquo;\u00e9tait pas de fournir un forum, mais juste de t\u00e9moigner de ce que je vivais \u00e0 travers cette exp\u00e9rience de la maladie. Rompre l&rsquo;isolement, avoir des t\u00e9moignages et conseils de malades qui ont v\u00e9cu ou vivent la m\u00eame gal\u00e8re que nous est plus facile maintenant. Aujourd&rsquo;hui m\u00e9dicalement parlant, vous devez \u00eatre conscients que bon nombre d&rsquo;informations que vous trouverez dans mon t\u00e9moignage sont obsol\u00e8tes. Si je laisse ces pages en ligne, c&rsquo;est juste pour que vous sachiez que l&rsquo;on peut survivre \u00e0 ce cancer.<\/p>\n<\/blockquote>\n<p style=\"text-align: justify;\">Je vous en ai d\u00e9j\u00e0 parl\u00e9 et je vous invite vraiment \u00e0 rejoindre ce r\u00e9seau o\u00f9 moi-m\u00eame je suis inscrit. Je le juge plus apte \u00e0 vous orienter, vous aider, vous renseigner et \u00e0 faire bouger les choses que moi. Il s&rsquo;agit de \u00ab\u00a0<a href=\"http:\/\/www.philippeau.eu\/blog\/cancer-du-poumon\/pour-en-savoir-plus\/liens\/mon-reseau-cancer-du-poumon\/\">mon r\u00e9seau\u00ae cancer du poumon<\/a>\u00a0\u00bb cr\u00e9\u00e9 par l&rsquo;association <a href=\"https:\/\/www.patientsenreseau.fr\/\" target=\"_blank\" rel=\"noopener noreferrer\">Patients en r\u00e9seau<\/a>.<\/p>\n<p style=\"text-align: justify;\">L&rsquo;association ne cesse de prendre de l&rsquo;ampleur et propose toujours plus de r\u00e9seaux pour diff\u00e9rents types de cancers, sans oublier le r\u00e9seau r\u00e9serv\u00e9 aux proches de patients.<\/p>\n<\/td>\n<\/tr>\n<tr style=\"height: 137px;\">\n<td style=\"width: 50%; height: 137px; text-align: center; vertical-align: middle;\">\n<figure id=\"attachment_287072\" aria-describedby=\"caption-attachment-287072\" style=\"width: 300px\" class=\"wp-caption aligncenter\"><a href=\"https:\/\/monreseaucancer.org\/mon-reseau-cancer-du-poumon\" target=\"_blank\" rel=\"noopener noreferrer\"><img loading=\"lazy\" decoding=\"async\" class=\"wp-image-287072 size-full\" title=\"mon r\u00e9seau cancer du poumon\" src=\"https:\/\/www.philippeau.eu\/blog\/wp-content\/uploads\/2025\/05\/Logo-Poumon-2025.jpg\" alt=\"mon r\u00e9seau cancer du poumon\" width=\"300\" height=\"110\" \/><\/a><figcaption id=\"caption-attachment-287072\" class=\"wp-caption-text\">mon r\u00e9seau cancer du poumon<\/figcaption><\/figure>\n<\/td>\n<td style=\"width: 50%; height: 137px; text-align: center; vertical-align: middle;\">\n<figure id=\"attachment_287073\" aria-describedby=\"caption-attachment-287073\" style=\"width: 300px\" class=\"wp-caption aligncenter\"><a href=\"https:\/\/monreseaucancer.org\/mon-reseau-cancer-du-sein\" target=\"_blank\" rel=\"noopener noreferrer\"><img loading=\"lazy\" decoding=\"async\" class=\"wp-image-287073 size-full\" title=\"mon r\u00e9seau cancer du sein\" src=\"https:\/\/www.philippeau.eu\/blog\/wp-content\/uploads\/2025\/05\/Logo-Sein-2025.jpg\" alt=\"mon r\u00e9seau cancer du sein\" width=\"300\" height=\"110\" \/><\/a><figcaption id=\"caption-attachment-287073\" class=\"wp-caption-text\">mon r\u00e9seau cancer du sein<\/figcaption><\/figure>\n<\/td>\n<\/tr>\n<tr style=\"height: 132px;\">\n<td style=\"width: 50%; height: 132px; text-align: center; vertical-align: middle;\">\n<figure id=\"attachment_287074\" aria-describedby=\"caption-attachment-287074\" style=\"width: 300px\" class=\"wp-caption aligncenter\"><a href=\"https:\/\/monreseaucancer.org\/mon-reseau-cancer-gyneco\" target=\"_blank\" rel=\"noopener noreferrer\"><img loading=\"lazy\" decoding=\"async\" class=\"wp-image-287074 size-full\" title=\"mon r\u00e9seau\u00ae cancer gyn\u00e9co\" src=\"https:\/\/www.philippeau.eu\/blog\/wp-content\/uploads\/2025\/05\/Logo-Gyneco-2025.jpg\" alt=\"mon r\u00e9seau cancer gyn\u00e9co\" width=\"300\" height=\"110\" \/><\/a><figcaption id=\"caption-attachment-287074\" class=\"wp-caption-text\">mon r\u00e9seau cancer gyn\u00e9co<\/figcaption><\/figure>\n<\/td>\n<td style=\"width: 50%; height: 132px; text-align: center; vertical-align: middle;\">\n<figure id=\"attachment_287075\" aria-describedby=\"caption-attachment-287075\" style=\"width: 300px\" class=\"wp-caption aligncenter\"><a href=\"https:\/\/monreseaucancer.org\/mon-reseau-cancer-colorectal\" target=\"_blank\" rel=\"noopener noreferrer\"><img loading=\"lazy\" decoding=\"async\" class=\"wp-image-287075 size-full\" title=\"mon r\u00e9seau cancer colorectal\" src=\"https:\/\/www.philippeau.eu\/blog\/wp-content\/uploads\/2025\/05\/Logo-Colorectal-2025.jpg\" alt=\"mon r\u00e9seau cancer colorectal\" width=\"300\" height=\"110\" \/><\/a><figcaption id=\"caption-attachment-287075\" class=\"wp-caption-text\">mon r\u00e9seau cancer colorectal<\/figcaption><\/figure>\n<\/td>\n<\/tr>\n<tr>\n<td style=\"width: 50%; text-align: center; vertical-align: middle;\">\n<figure id=\"attachment_287076\" aria-describedby=\"caption-attachment-287076\" style=\"width: 300px\" class=\"wp-caption aligncenter\"><a href=\"https:\/\/monreseaucancer.org\/mon-reseau-proches\" target=\"_blank\" rel=\"noopener\"><img loading=\"lazy\" decoding=\"async\" class=\"wp-image-287076 size-full\" title=\"mon r\u00e9seau cancer proches\" src=\"https:\/\/www.philippeau.eu\/blog\/wp-content\/uploads\/2025\/05\/Logo-Proches-2025.jpg\" alt=\"mon r\u00e9seau cancer proches\" width=\"300\" height=\"110\" \/><\/a><figcaption id=\"caption-attachment-287076\" class=\"wp-caption-text\">mon r\u00e9seau cancer proches<\/figcaption><\/figure><\/p>\n<div class=\"mceTemp\">\u00a0<\/div>\n<\/td>\n<td style=\"width: 50%; text-align: center; vertical-align: middle;\">\n<div class=\"mceTemp\">\u00a0<\/div>\n<\/td>\n<\/tr>\n<\/tbody>\n<\/table>\n","protected":false},"excerpt":{"rendered":"<p>Le forum est d\u00e9finitivement supprim\u00e9 Le Forum d\u00e9di\u00e9 au cancer du poumon, aux douleurs neuropathiques et autres sujets a ferm\u00e9 le 9 mai 2025. Si vous recherchez des informations et du soutien \u00e0 propos cancer,&#8230;<\/p>\n<div class=\"more-link-wrapper\"><a class=\"more-link\" href=\"https:\/\/www.philippeau.eu\/blog\/membres\/forum\/\"><span class=\"more-text\">Continuer la lecture<\/span><\/a><\/div>\n","protected":false},"author":1,"featured_media":285125,"parent":3592,"menu_order":3,"comment_status":"closed","ping_status":"closed","template":"","meta":{"jetpack_post_was_ever_published":false,"footnotes":""},"class_list":["post-734","page","type-page","status-publish","has-post-thumbnail","hentry","post"],"yoast_head":"<!-- This site is optimized with the Yoast SEO plugin v27.4 - https:\/\/yoast.com\/product\/yoast-seo-wordpress\/ -->\n<title>Forum - philippeau.eu<\/title>\n<meta name=\"description\" content=\"Le Forum d\u00e9di\u00e9 au cancer du poumon, aux douleurs neuropathiques et autres sujets a ferm\u00e9 le 9 mai 2025. Voir liens vers autres r\u00e9seaux.\" \/>\n<meta name=\"robots\" content=\"noindex, nofollow\" \/>\n<meta property=\"og:locale\" content=\"fr_FR\" \/>\n<meta property=\"og:type\" content=\"article\" \/>\n<meta property=\"og:title\" content=\"Forum - philippeau.eu\" \/>\n<meta property=\"og:description\" content=\"Le Forum d\u00e9di\u00e9 au cancer du poumon, aux douleurs neuropathiques et autres sujets a ferm\u00e9 le 9 mai 2025. Voir liens vers autres r\u00e9seaux.\" \/>\n<meta property=\"og:url\" content=\"https:\/\/www.philippeau.eu\/blog\/membres\/forum\/\" \/>\n<meta property=\"og:site_name\" content=\"philippeau.eu\" \/>\n<meta property=\"article:publisher\" content=\"https:\/\/www.facebook.com\/laurent.philippeau\" \/>\n<meta property=\"article:modified_time\" content=\"2026-03-02T07:44:00+00:00\" \/>\n<meta property=\"og:image\" content=\"https:\/\/www.philippeau.eu\/blog\/wp-content\/uploads\/2017\/02\/forum.jpg\" \/>\n\t<meta property=\"og:image:width\" content=\"1185\" \/>\n\t<meta property=\"og:image:height\" content=\"951\" \/>\n\t<meta property=\"og:image:type\" content=\"image\/jpeg\" \/>\n<meta name=\"twitter:card\" content=\"summary_large_image\" \/>\n<meta name=\"twitter:label1\" content=\"Dur\u00e9e de lecture estim\u00e9e\" \/>\n\t<meta name=\"twitter:data1\" content=\"3 minutes\" \/>\n<script type=\"application\/ld+json\" class=\"yoast-schema-graph\">{\"@context\":\"https:\\\/\\\/schema.org\",\"@graph\":[{\"@type\":\"WebPage\",\"@id\":\"https:\\\/\\\/www.philippeau.eu\\\/blog\\\/membres\\\/forum\\\/\",\"url\":\"https:\\\/\\\/www.philippeau.eu\\\/blog\\\/membres\\\/forum\\\/\",\"name\":\"Forum - philippeau.eu\",\"isPartOf\":{\"@id\":\"https:\\\/\\\/www.philippeau.eu\\\/blog\\\/#website\"},\"primaryImageOfPage\":{\"@id\":\"https:\\\/\\\/www.philippeau.eu\\\/blog\\\/membres\\\/forum\\\/#primaryimage\"},\"image\":{\"@id\":\"https:\\\/\\\/www.philippeau.eu\\\/blog\\\/membres\\\/forum\\\/#primaryimage\"},\"thumbnailUrl\":\"https:\\\/\\\/www.philippeau.eu\\\/blog\\\/wp-content\\\/uploads\\\/2020\\\/07\\\/Image_mise_en_avant_forum.jpg\",\"datePublished\":\"2017-02-23T19:12:42+00:00\",\"dateModified\":\"2026-03-02T07:44:00+00:00\",\"description\":\"Le Forum d\u00e9di\u00e9 au cancer du poumon, aux douleurs neuropathiques et autres sujets a ferm\u00e9 le 9 mai 2025. Voir liens vers autres r\u00e9seaux.\",\"breadcrumb\":{\"@id\":\"https:\\\/\\\/www.philippeau.eu\\\/blog\\\/membres\\\/forum\\\/#breadcrumb\"},\"inLanguage\":\"fr-FR\",\"potentialAction\":[{\"@type\":\"ReadAction\",\"target\":[\"https:\\\/\\\/www.philippeau.eu\\\/blog\\\/membres\\\/forum\\\/\"]}]},{\"@type\":\"ImageObject\",\"inLanguage\":\"fr-FR\",\"@id\":\"https:\\\/\\\/www.philippeau.eu\\\/blog\\\/membres\\\/forum\\\/#primaryimage\",\"url\":\"https:\\\/\\\/www.philippeau.eu\\\/blog\\\/wp-content\\\/uploads\\\/2020\\\/07\\\/Image_mise_en_avant_forum.jpg\",\"contentUrl\":\"https:\\\/\\\/www.philippeau.eu\\\/blog\\\/wp-content\\\/uploads\\\/2020\\\/07\\\/Image_mise_en_avant_forum.jpg\",\"width\":1060,\"height\":700,\"caption\":\"forum\"},{\"@type\":\"BreadcrumbList\",\"@id\":\"https:\\\/\\\/www.philippeau.eu\\\/blog\\\/membres\\\/forum\\\/#breadcrumb\",\"itemListElement\":[{\"@type\":\"ListItem\",\"position\":1,\"name\":\"Accueil\",\"item\":\"https:\\\/\\\/www.philippeau.eu\\\/blog\\\/\"},{\"@type\":\"ListItem\",\"position\":2,\"name\":\"Membres\",\"item\":\"https:\\\/\\\/www.philippeau.eu\\\/blog\\\/membres\\\/\"},{\"@type\":\"ListItem\",\"position\":3,\"name\":\"Forum\"}]},{\"@type\":\"WebSite\",\"@id\":\"https:\\\/\\\/www.philippeau.eu\\\/blog\\\/#website\",\"url\":\"https:\\\/\\\/www.philippeau.eu\\\/blog\\\/\",\"name\":\"philippeau.eu\",\"description\":\"\",\"publisher\":{\"@id\":\"https:\\\/\\\/www.philippeau.eu\\\/blog\\\/#\\\/schema\\\/person\\\/d0321ac69485a2fa34a86270145a4038\"},\"potentialAction\":[{\"@type\":\"SearchAction\",\"target\":{\"@type\":\"EntryPoint\",\"urlTemplate\":\"https:\\\/\\\/www.philippeau.eu\\\/blog\\\/?s={search_term_string}\"},\"query-input\":{\"@type\":\"PropertyValueSpecification\",\"valueRequired\":true,\"valueName\":\"search_term_string\"}}],\"inLanguage\":\"fr-FR\"},{\"@type\":[\"Person\",\"Organization\"],\"@id\":\"https:\\\/\\\/www.philippeau.eu\\\/blog\\\/#\\\/schema\\\/person\\\/d0321ac69485a2fa34a86270145a4038\",\"name\":\"Laurent\",\"image\":{\"@type\":\"ImageObject\",\"inLanguage\":\"fr-FR\",\"@id\":\"https:\\\/\\\/www.philippeau.eu\\\/blog\\\/wp-content\\\/uploads\\\/2020\\\/11\\\/cropped-PL_logo_initiales_img.png\",\"url\":\"https:\\\/\\\/www.philippeau.eu\\\/blog\\\/wp-content\\\/uploads\\\/2020\\\/11\\\/cropped-PL_logo_initiales_img.png\",\"contentUrl\":\"https:\\\/\\\/www.philippeau.eu\\\/blog\\\/wp-content\\\/uploads\\\/2020\\\/11\\\/cropped-PL_logo_initiales_img.png\",\"width\":512,\"height\":512,\"caption\":\"Laurent\"},\"logo\":{\"@id\":\"https:\\\/\\\/www.philippeau.eu\\\/blog\\\/wp-content\\\/uploads\\\/2020\\\/11\\\/cropped-PL_logo_initiales_img.png\"},\"description\":\"Propri\u00e9taire et webmaster du site www.philippeau.eu\",\"sameAs\":[\"https:\\\/\\\/www.philippeau.eu\",\"https:\\\/\\\/www.facebook.com\\\/laurent.philippeau\",\"https:\\\/\\\/www.youtube.com\\\/channel\\\/UCgwFBEt9Dv03TyDiBPNGL-Q\"]}]}<\/script>\n<!-- \/ Yoast SEO plugin. -->","yoast_head_json":{"title":"Forum - philippeau.eu","description":"Le Forum d\u00e9di\u00e9 au cancer du poumon, aux douleurs neuropathiques et autres sujets a ferm\u00e9 le 9 mai 2025. Voir liens vers autres r\u00e9seaux.","robots":{"index":"noindex","follow":"nofollow"},"og_locale":"fr_FR","og_type":"article","og_title":"Forum - philippeau.eu","og_description":"Le Forum d\u00e9di\u00e9 au cancer du poumon, aux douleurs neuropathiques et autres sujets a ferm\u00e9 le 9 mai 2025. Voir liens vers autres r\u00e9seaux.","og_url":"https:\/\/www.philippeau.eu\/blog\/membres\/forum\/","og_site_name":"philippeau.eu","article_publisher":"https:\/\/www.facebook.com\/laurent.philippeau","article_modified_time":"2026-03-02T07:44:00+00:00","og_image":[{"width":1185,"height":951,"url":"https:\/\/www.philippeau.eu\/blog\/wp-content\/uploads\/2017\/02\/forum.jpg","type":"image\/jpeg"}],"twitter_card":"summary_large_image","twitter_misc":{"Dur\u00e9e de lecture estim\u00e9e":"3 minutes"},"schema":{"@context":"https:\/\/schema.org","@graph":[{"@type":"WebPage","@id":"https:\/\/www.philippeau.eu\/blog\/membres\/forum\/","url":"https:\/\/www.philippeau.eu\/blog\/membres\/forum\/","name":"Forum - philippeau.eu","isPartOf":{"@id":"https:\/\/www.philippeau.eu\/blog\/#website"},"primaryImageOfPage":{"@id":"https:\/\/www.philippeau.eu\/blog\/membres\/forum\/#primaryimage"},"image":{"@id":"https:\/\/www.philippeau.eu\/blog\/membres\/forum\/#primaryimage"},"thumbnailUrl":"https:\/\/www.philippeau.eu\/blog\/wp-content\/uploads\/2020\/07\/Image_mise_en_avant_forum.jpg","datePublished":"2017-02-23T19:12:42+00:00","dateModified":"2026-03-02T07:44:00+00:00","description":"Le Forum d\u00e9di\u00e9 au cancer du poumon, aux douleurs neuropathiques et autres sujets a ferm\u00e9 le 9 mai 2025. Voir liens vers autres r\u00e9seaux.","breadcrumb":{"@id":"https:\/\/www.philippeau.eu\/blog\/membres\/forum\/#breadcrumb"},"inLanguage":"fr-FR","potentialAction":[{"@type":"ReadAction","target":["https:\/\/www.philippeau.eu\/blog\/membres\/forum\/"]}]},{"@type":"ImageObject","inLanguage":"fr-FR","@id":"https:\/\/www.philippeau.eu\/blog\/membres\/forum\/#primaryimage","url":"https:\/\/www.philippeau.eu\/blog\/wp-content\/uploads\/2020\/07\/Image_mise_en_avant_forum.jpg","contentUrl":"https:\/\/www.philippeau.eu\/blog\/wp-content\/uploads\/2020\/07\/Image_mise_en_avant_forum.jpg","width":1060,"height":700,"caption":"forum"},{"@type":"BreadcrumbList","@id":"https:\/\/www.philippeau.eu\/blog\/membres\/forum\/#breadcrumb","itemListElement":[{"@type":"ListItem","position":1,"name":"Accueil","item":"https:\/\/www.philippeau.eu\/blog\/"},{"@type":"ListItem","position":2,"name":"Membres","item":"https:\/\/www.philippeau.eu\/blog\/membres\/"},{"@type":"ListItem","position":3,"name":"Forum"}]},{"@type":"WebSite","@id":"https:\/\/www.philippeau.eu\/blog\/#website","url":"https:\/\/www.philippeau.eu\/blog\/","name":"philippeau.eu","description":"","publisher":{"@id":"https:\/\/www.philippeau.eu\/blog\/#\/schema\/person\/d0321ac69485a2fa34a86270145a4038"},"potentialAction":[{"@type":"SearchAction","target":{"@type":"EntryPoint","urlTemplate":"https:\/\/www.philippeau.eu\/blog\/?s={search_term_string}"},"query-input":{"@type":"PropertyValueSpecification","valueRequired":true,"valueName":"search_term_string"}}],"inLanguage":"fr-FR"},{"@type":["Person","Organization"],"@id":"https:\/\/www.philippeau.eu\/blog\/#\/schema\/person\/d0321ac69485a2fa34a86270145a4038","name":"Laurent","image":{"@type":"ImageObject","inLanguage":"fr-FR","@id":"https:\/\/www.philippeau.eu\/blog\/wp-content\/uploads\/2020\/11\/cropped-PL_logo_initiales_img.png","url":"https:\/\/www.philippeau.eu\/blog\/wp-content\/uploads\/2020\/11\/cropped-PL_logo_initiales_img.png","contentUrl":"https:\/\/www.philippeau.eu\/blog\/wp-content\/uploads\/2020\/11\/cropped-PL_logo_initiales_img.png","width":512,"height":512,"caption":"Laurent"},"logo":{"@id":"https:\/\/www.philippeau.eu\/blog\/wp-content\/uploads\/2020\/11\/cropped-PL_logo_initiales_img.png"},"description":"Propri\u00e9taire et webmaster du site www.philippeau.eu","sameAs":["https:\/\/www.philippeau.eu","https:\/\/www.facebook.com\/laurent.philippeau","https:\/\/www.youtube.com\/channel\/UCgwFBEt9Dv03TyDiBPNGL-Q"]}]}},"jetpack_likes_enabled":true,"jetpack_sharing_enabled":true,"_links":{"self":[{"href":"https:\/\/www.philippeau.eu\/blog\/wp-json\/wp\/v2\/pages\/734","targetHints":{"allow":["GET"]}}],"collection":[{"href":"https:\/\/www.philippeau.eu\/blog\/wp-json\/wp\/v2\/pages"}],"about":[{"href":"https:\/\/www.philippeau.eu\/blog\/wp-json\/wp\/v2\/types\/page"}],"author":[{"embeddable":true,"href":"https:\/\/www.philippeau.eu\/blog\/wp-json\/wp\/v2\/users\/1"}],"replies":[{"embeddable":true,"href":"https:\/\/www.philippeau.eu\/blog\/wp-json\/wp\/v2\/comments?post=734"}],"version-history":[{"count":3,"href":"https:\/\/www.philippeau.eu\/blog\/wp-json\/wp\/v2\/pages\/734\/revisions"}],"predecessor-version":[{"id":287662,"href":"https:\/\/www.philippeau.eu\/blog\/wp-json\/wp\/v2\/pages\/734\/revisions\/287662"}],"up":[{"embeddable":true,"href":"https:\/\/www.philippeau.eu\/blog\/wp-json\/wp\/v2\/pages\/3592"}],"wp:featuredmedia":[{"embeddable":true,"href":"https:\/\/www.philippeau.eu\/blog\/wp-json\/wp\/v2\/media\/285125"}],"wp:attachment":[{"href":"https:\/\/www.philippeau.eu\/blog\/wp-json\/wp\/v2\/media?parent=734"}],"curies":[{"name":"wp","href":"https:\/\/api.w.org\/{rel}","templated":true}]}}