{"id":45,"date":"2013-04-16T02:37:45","date_gmt":"2013-04-16T01:37:45","guid":{"rendered":"http:\/\/www.philippeau.eu\/blog\/?page_id=45"},"modified":"2018-05-11T13:23:01","modified_gmt":"2018-05-11T12:23:01","slug":"troisieme-operation-du-poumon","status":"publish","type":"page","link":"https:\/\/www.philippeau.eu\/blog\/cancer-du-poumon\/troisieme-operation-du-poumon\/","title":{"rendered":"Troisi\u00e8me op\u00e9ration du poumon"},"content":{"rendered":"<p style=\"text-align: justify;\">\u00ab\u00a0J\u2019esp\u00e8re que cela n\u2019aura pas trop d\u2019incidence sur mon \u00e9tat de sant\u00e9, mais je dois dire que je ne suis pas m\u00e9content de ne plus avoir \u00e0 subir cela.\u00a0\u00bb<br \/>\nJe parlais de la chimio que le corps m\u00e9dical avait d\u00e9cid\u00e9 d&rsquo;arr\u00eater ne la supportant pas.<\/p>\n<p style=\"text-align: justify;\">Il s&rsquo;en ai pass\u00e9 des choses depuis le d\u00e9but d&rsquo;octobre 2012 !<br \/>\nNous sommes aujourd&rsquo;hui le 15 avril 2013 et si je n&rsquo;ai pas tenu \u00e0 jour ce blog avant, c&rsquo;est que moralement puis physiquement, je n&rsquo;en \u00e9tais pas capable.<\/p>\n<p>Je vais faire assez court pour vous raconter la suite des \u00e9v\u00e9nements. J&rsquo;ai un peu oubli\u00e9 les dates, mais ce n&rsquo;est pas ce qui est le plus important.<\/p>\n<h2>R\u00e9cidive carcinomateuse sur moignon bronchique &#8211; Le cancer est revenu !<\/h2>\n<p style=\"text-align: justify;\">Si vous avez suivi ce qui m&rsquo;est arriv\u00e9, vous savez que je devais avoir une bronchoscopie le 2 octobre 2012 et que celle ci a \u00e9t\u00e9 annul\u00e9e. Quelque temps apr\u00e8s, le 16 novembre 2012 pour \u00eatre plus pr\u00e9cis, j&rsquo;ai eu cette bronchoscopie de contr\u00f4le suite \u00e0 ma 2<sup>\u00e8me<\/sup> op\u00e9ration. Lors de ce contr\u00f4le, ma pneumologue a observ\u00e9 une zone irrit\u00e9e et a fait des pr\u00e9l\u00e8vements pour analyse.<\/p>\n<p style=\"text-align: justify;\">Trois semaines apr\u00e8s, les r\u00e9sultats sont arriv\u00e9s et montraient que 3 mois apr\u00e8s la deuxi\u00e8me op\u00e9ration, <strong>le cancer \u00e9tait revenu<\/strong>.<\/p>\n<p style=\"text-align: justify;\">La nouvelle m&rsquo;a mis un bon petit coup au moral et a fait l&rsquo;effet d&rsquo;une bombe dans la famille. Peut de temps apr\u00e8s, je passais les scanners qui montreraient si le cancer \u00e9tait bien toujours uniquement localis\u00e9 dans le poumon. Condition pour que je subisse ma troisi\u00e8me intervention sur le poumon droit. Par chance, ce fut le cas et j&rsquo;allais donc avoir droit \u00e0 ma troisi\u00e8me op\u00e9ration du poumon en cinq mois. <strong>Cette fois, je suis pr\u00e9venu&#8230; Quand je me r\u00e9veillerais, je n&rsquo;aurais plus qu&rsquo;un poumon.<\/strong><\/p>\n<h2>Totalisation pulmonaire (Pneumonectomie).<\/h2>\n<p>3\u00e8me op\u00e9ration du poumon &#8211; 37 agrafes<\/p>\n<p style=\"text-align: justify;\">Lundi 26 novembre 2012, l&rsquo;op\u00e9ration c&rsquo;est bien pass\u00e9e. J&rsquo;ai encore une fois beaucoup saign\u00e9 et j&rsquo;ai du \u00eatre transfus\u00e9 pendant l&rsquo;op\u00e9ration, mais \u00e9galement 3 poches pendant la semaine d&rsquo;hospitalisation. La semaine se passe bien, avec la morphine et autres antidouleurs, je cours presque comme un lapin et sort d\u00e8s le lundi suivant le 03 d\u00e9cembre 2012.<\/p>\n<figure id=\"attachment_46\" aria-describedby=\"caption-attachment-46\" style=\"width: 150px\" class=\"wp-caption alignleft\"><a title=\"8652859247_fe1ef24d02_o\" href=\"http:\/\/www.philippeau.eu\/blog\/wp-content\/uploads\/2014\/11\/8652859247_fe1ef24d02_o.jpg\" target=\"_blank\" data-rel=\"lightbox-gallery-0\" data-rl_title=\"8652859247_fe1ef24d02_o\" data-rl_caption=\"Photos - Apr\u00e8s la troisi\u00e8me op\u00e9ration (pneumonectomie droite)\"><img loading=\"lazy\" decoding=\"async\" class=\"wp-image-46 size-thumbnail\" src=\"http:\/\/www.philippeau.eu\/blog\/wp-content\/uploads\/2014\/11\/8652859247_fe1ef24d02_o-150x150.jpg\" alt=\"pneumonectomie\" width=\"150\" height=\"150\" \/><\/a><figcaption id=\"caption-attachment-46\" class=\"wp-caption-text\">Apr\u00e8s la troisi\u00e8me op\u00e9ration (pneumonectomie droite)<\/figcaption><\/figure>\n<p style=\"text-align: justify;\">Les choses se compliquent une fois chez moi ! J&rsquo;y passe un mois allong\u00e9 \u00e0 cause d&rsquo;antidouleurs (Parac\u00e9tamol 1g) pas assez puissants. En plus, je ne mange plus, ou presque rien. Je n&rsquo;ai jamais la sensation de faim et j&rsquo;ai des probl\u00e8mes avec le go\u00fbt des aliments. Je d\u00e9cide avec leur accord, d&rsquo;aller en convalescence chez mes parents pensant profiter des bons petits plats de maman. H\u00e9las, c&rsquo;est la m\u00eame chose, je n&rsquo;arrive m\u00eame plus \u00e0 manger des saucisses knacki qui ont pour moi un go\u00fbt multipli\u00e9 par dix. Dans ces conditions, je passe vite sous les 50 kg et n&rsquo;ayant plus assez de muscles pour me porter, je passe mon temps allong\u00e9 dans le lit \u00e0 regarder la t\u00e9l\u00e9 ou \u00e0 dormir.<\/p>\n<figure id=\"attachment_47\" aria-describedby=\"caption-attachment-47\" style=\"width: 650px\" class=\"wp-caption alignleft\"><a title=\"8653959848_e51b77fa2a_o\" href=\"http:\/\/www.philippeau.eu\/blog\/wp-content\/uploads\/2014\/11\/8653959848_e51b77fa2a_o.jpg\" target=\"_blank\" data-rel=\"lightbox-gallery-0\" data-rl_title=\"8653959848_e51b77fa2a_o\" data-rl_caption=\"Photos - Cicatrice de ma pneumonectomie - Perte de poids.\"><img loading=\"lazy\" decoding=\"async\" class=\"wp-image-47 size-full\" title=\"cicatrice pnemonectomie\" src=\"http:\/\/www.philippeau.eu\/blog\/wp-content\/uploads\/2014\/11\/8653959848_e51b77fa2a_o.jpg\" alt=\"cicatrice pnemonectomie\" width=\"650\" height=\"386\" srcset=\"https:\/\/www.philippeau.eu\/blog\/wp-content\/uploads\/2014\/11\/8653959848_e51b77fa2a_o.jpg 650w, https:\/\/www.philippeau.eu\/blog\/wp-content\/uploads\/2014\/11\/8653959848_e51b77fa2a_o-300x178.jpg 300w\" sizes=\"auto, (max-width: 650px) 100vw, 650px\" \/><\/a><figcaption id=\"caption-attachment-47\" class=\"wp-caption-text\">Cicatrice de ma pneumonectomie &#8211; Perte de poids.<\/figcaption><\/figure>\n<p style=\"text-align: justify;\">Sans force, je me l\u00e8ve seulement pour aller aux toilettes, \u00e0 la douche que je prends assis et quelques fois pour essayer de manger \u00e0 table. Il n&rsquo;y a que les aliments sucr\u00e9s qui passent. C&rsquo;est un cercle vicieux qui va durer trois mois. Me voyant comme \u00e7a durant cette p\u00e9riode, je d\u00e9prime et demande \u00e0 mon m\u00e9decin traitant de m&rsquo;aider \u00e0 voir la vie en rose. Malheureusement, ce n&rsquo;est pas la premi\u00e8re fois avec les anti-d\u00e9presseurs, sur moi l&rsquo;effet est inverse \u00e0 celui attendu. Mes id\u00e9es deviennent totalement noires. J&rsquo;arr\u00eate le traitement et me r\u00e9signe. J&rsquo;attends l&rsquo;am\u00e9lioration, je v\u00e9g\u00e8te. \ud83d\ude41<\/p>\n<figure id=\"attachment_165\" aria-describedby=\"caption-attachment-165\" style=\"width: 474px\" class=\"wp-caption alignleft\"><a title=\"CalendrierCancer2012'ann\u00e9e 2012.\" href=\"http:\/\/www.philippeau.eu\/blog\/wp-content\/uploads\/2013\/04\/CalendrierCancer2012.jpg\" target=\"_blank\" data-rel=\"lightbox-gallery-0\" data-rl_title=\"CalendrierCancer2012\" data-rl_caption=\"Les dates importantes de l&#039;ann\u00e9e 2012.\"><img loading=\"lazy\" decoding=\"async\" class=\"size-large wp-image-165\" src=\"http:\/\/www.philippeau.eu\/blog\/wp-content\/uploads\/2013\/04\/CalendrierCancer2012-1024x425.jpg\" alt=\"Calendrier cancer 2012\" width=\"474\" height=\"196\" srcset=\"https:\/\/www.philippeau.eu\/blog\/wp-content\/uploads\/2013\/04\/CalendrierCancer2012-1024x425.jpg 1024w, https:\/\/www.philippeau.eu\/blog\/wp-content\/uploads\/2013\/04\/CalendrierCancer2012-300x124.jpg 300w, https:\/\/www.philippeau.eu\/blog\/wp-content\/uploads\/2013\/04\/CalendrierCancer2012.jpg 1360w\" sizes=\"auto, (max-width: 474px) 100vw, 474px\" \/><\/a><figcaption id=\"caption-attachment-165\" class=\"wp-caption-text\">Les dates importantes de l&rsquo;ann\u00e9e 2012.<\/figcaption><\/figure>\n<h2>Scanner Thoraco-abdomino-pelvien le jeudi 28 f\u00e9vrier 2013<\/h2>\n<p style=\"text-align: justify;\">Heureusement, une bonne nouvelle va bient\u00f4t arriver. En effet, nous sommes d\u00e9j\u00e0 trois mois apr\u00e8s l&rsquo;op\u00e9ration et c&rsquo;est l&rsquo;heure du premier scanner de contr\u00f4le le jour de la St Romain (un signe ?). Comme le confirme ma pneumologue deux ou trois jours apr\u00e8s, tous les organes ont trouv\u00e9s leur place et il n&rsquo;y a plus aucune trace de cancer.<\/p>\n<figure id=\"attachment_156\" aria-describedby=\"caption-attachment-156\" style=\"width: 474px\" class=\"wp-caption alignleft\"><a title=\"scan_28-02-2013\" href=\"http:\/\/www.philippeau.eu\/blog\/wp-content\/uploads\/2013\/04\/scan_28-02-2013.jpg\" target=\"_blank\" data-rel=\"lightbox-gallery-0\" data-rl_title=\"scan_28-02-2013\" data-rl_caption=\"Scanner du 28 f\u00e9vrier 2013\"><img loading=\"lazy\" decoding=\"async\" class=\"size-large wp-image-156\" src=\"http:\/\/www.philippeau.eu\/blog\/wp-content\/uploads\/2013\/04\/scan_28-02-2013-1024x623.jpg\" alt=\"Scanner du 28 f\u00e9vrier 2013\" width=\"474\" height=\"288\" srcset=\"https:\/\/www.philippeau.eu\/blog\/wp-content\/uploads\/2013\/04\/scan_28-02-2013-1024x623.jpg 1024w, https:\/\/www.philippeau.eu\/blog\/wp-content\/uploads\/2013\/04\/scan_28-02-2013-300x182.jpg 300w, https:\/\/www.philippeau.eu\/blog\/wp-content\/uploads\/2013\/04\/scan_28-02-2013.jpg 1313w\" sizes=\"auto, (max-width: 474px) 100vw, 474px\" \/><\/a><figcaption id=\"caption-attachment-156\" class=\"wp-caption-text\">Scanner du 28 f\u00e9vrier 2013<\/figcaption><\/figure>\n<h2 style=\"text-align: justify;\">Pourvu que cela dur !<\/h2>\n<p style=\"text-align: justify;\">Ce r\u00e9sultat a un impact b\u00e9n\u00e9fique sur le moral et m\u00eame mes probl\u00e8mes gustatifs ne peuvent y r\u00e9sister. Deux semaines apr\u00e8s, le go\u00fbt des aliments est redevenu normal et apr\u00e8s trois ou quatre semaines aux environs de 50 kg, mon poids remonte petit \u00e0 petit.<\/p>\n<p>Prochain scanner de contr\u00f4le et visite chez la pneumologue d\u00e9but juin.<\/p>\n<p><a title=\"Je ne supporte pas la chimio !\" href=\"http:\/\/www.philippeau.eu\/blog\/cancer-du-poumon\/je-ne-supporte-pas-la-chimio\/\">&lt;&lt; Je ne supporte pas la chimio !<\/a> &#8211; <a href=\"http:\/\/www.philippeau.eu\/blog\/cancer-du-poumon\/remission-ou-guerison\/\">R\u00e9mission ou gu\u00e9rison ? &gt;&gt;<\/a><\/p>\n","protected":false},"excerpt":{"rendered":"<p>\u00ab\u00a0J\u2019esp\u00e8re que cela n\u2019aura pas trop d\u2019incidence sur mon \u00e9tat de sant\u00e9, mais je dois dire que je ne suis pas m\u00e9content de ne plus avoir \u00e0 subir cela.\u00a0\u00bb Je parlais de la chimio que&#8230;<\/p>\n<div class=\"more-link-wrapper\"><a class=\"more-link\" href=\"https:\/\/www.philippeau.eu\/blog\/cancer-du-poumon\/troisieme-operation-du-poumon\/\"><span class=\"more-text\">Continuer la lecture<\/span><\/a><\/div>\n","protected":false},"author":1,"featured_media":0,"parent":9,"menu_order":5,"comment_status":"open","ping_status":"closed","template":"page-templates\/page-nosidebars.php","meta":{"jetpack_post_was_ever_published":false,"footnotes":""},"class_list":["post-45","page","type-page","status-publish","hentry","post"],"yoast_head":"<!-- This site is optimized with the Yoast SEO plugin v27.4 - https:\/\/yoast.com\/product\/yoast-seo-wordpress\/ -->\n<title>Troisi\u00e8me op\u00e9ration du poumon - philippeau.eu<\/title>\n<meta name=\"description\" content=\"Suite de mon t\u00e9moignage sur mon cancer du poumon, apr\u00e8s ma troisi\u00e8me op\u00e9ration (pneumonectomie) je n&#039;aurais plus de poumon droit.\" \/>\n<meta name=\"robots\" content=\"index, follow, max-snippet:-1, max-image-preview:large, max-video-preview:-1\" \/>\n<link rel=\"canonical\" href=\"https:\/\/www.philippeau.eu\/blog\/cancer-du-poumon\/troisieme-operation-du-poumon\/\" \/>\n<meta property=\"og:locale\" content=\"fr_FR\" \/>\n<meta property=\"og:type\" content=\"article\" \/>\n<meta property=\"og:title\" content=\"Troisi\u00e8me op\u00e9ration du poumon - philippeau.eu\" \/>\n<meta property=\"og:description\" content=\"Suite de mon t\u00e9moignage sur mon cancer du poumon, apr\u00e8s ma troisi\u00e8me op\u00e9ration (pneumonectomie) je n&#039;aurais plus de poumon droit.\" \/>\n<meta property=\"og:url\" content=\"https:\/\/www.philippeau.eu\/blog\/cancer-du-poumon\/troisieme-operation-du-poumon\/\" \/>\n<meta property=\"og:site_name\" content=\"philippeau.eu\" \/>\n<meta property=\"article:publisher\" content=\"https:\/\/www.facebook.com\/laurent.philippeau\" \/>\n<meta property=\"article:modified_time\" content=\"2018-05-11T12:23:01+00:00\" \/>\n<meta property=\"og:image\" content=\"http:\/\/www.philippeau.eu\/blog\/wp-content\/uploads\/2014\/11\/8652859247_fe1ef24d02_o-150x150.jpg\" \/>\n<meta name=\"twitter:card\" content=\"summary_large_image\" \/>\n<meta name=\"twitter:label1\" content=\"Dur\u00e9e de lecture estim\u00e9e\" \/>\n\t<meta name=\"twitter:data1\" content=\"4 minutes\" \/>\n<script type=\"application\/ld+json\" class=\"yoast-schema-graph\">{\"@context\":\"https:\\\/\\\/schema.org\",\"@graph\":[{\"@type\":\"WebPage\",\"@id\":\"https:\\\/\\\/www.philippeau.eu\\\/blog\\\/cancer-du-poumon\\\/troisieme-operation-du-poumon\\\/\",\"url\":\"https:\\\/\\\/www.philippeau.eu\\\/blog\\\/cancer-du-poumon\\\/troisieme-operation-du-poumon\\\/\",\"name\":\"Troisi\u00e8me op\u00e9ration du poumon - philippeau.eu\",\"isPartOf\":{\"@id\":\"https:\\\/\\\/www.philippeau.eu\\\/blog\\\/#website\"},\"primaryImageOfPage\":{\"@id\":\"https:\\\/\\\/www.philippeau.eu\\\/blog\\\/cancer-du-poumon\\\/troisieme-operation-du-poumon\\\/#primaryimage\"},\"image\":{\"@id\":\"https:\\\/\\\/www.philippeau.eu\\\/blog\\\/cancer-du-poumon\\\/troisieme-operation-du-poumon\\\/#primaryimage\"},\"thumbnailUrl\":\"http:\\\/\\\/www.philippeau.eu\\\/blog\\\/wp-content\\\/uploads\\\/2014\\\/11\\\/8652859247_fe1ef24d02_o-150x150.jpg\",\"datePublished\":\"2013-04-16T01:37:45+00:00\",\"dateModified\":\"2018-05-11T12:23:01+00:00\",\"description\":\"Suite de mon t\u00e9moignage sur mon cancer du poumon, apr\u00e8s ma troisi\u00e8me op\u00e9ration (pneumonectomie) je n'aurais plus de poumon droit.\",\"breadcrumb\":{\"@id\":\"https:\\\/\\\/www.philippeau.eu\\\/blog\\\/cancer-du-poumon\\\/troisieme-operation-du-poumon\\\/#breadcrumb\"},\"inLanguage\":\"fr-FR\",\"potentialAction\":[{\"@type\":\"ReadAction\",\"target\":[\"https:\\\/\\\/www.philippeau.eu\\\/blog\\\/cancer-du-poumon\\\/troisieme-operation-du-poumon\\\/\"]}]},{\"@type\":\"ImageObject\",\"inLanguage\":\"fr-FR\",\"@id\":\"https:\\\/\\\/www.philippeau.eu\\\/blog\\\/cancer-du-poumon\\\/troisieme-operation-du-poumon\\\/#primaryimage\",\"url\":\"https:\\\/\\\/www.philippeau.eu\\\/blog\\\/wp-content\\\/uploads\\\/2014\\\/11\\\/8652859247_fe1ef24d02_o.jpg\",\"contentUrl\":\"https:\\\/\\\/www.philippeau.eu\\\/blog\\\/wp-content\\\/uploads\\\/2014\\\/11\\\/8652859247_fe1ef24d02_o.jpg\",\"width\":650,\"height\":440,\"caption\":\"Photos - Apr\u00e8s la troisi\u00e8me op\u00e9ration (pneumonectomie droite)\"},{\"@type\":\"BreadcrumbList\",\"@id\":\"https:\\\/\\\/www.philippeau.eu\\\/blog\\\/cancer-du-poumon\\\/troisieme-operation-du-poumon\\\/#breadcrumb\",\"itemListElement\":[{\"@type\":\"ListItem\",\"position\":1,\"name\":\"Accueil\",\"item\":\"https:\\\/\\\/www.philippeau.eu\\\/blog\\\/\"},{\"@type\":\"ListItem\",\"position\":2,\"name\":\"Mon Cancer du Poumon\",\"item\":\"https:\\\/\\\/www.philippeau.eu\\\/blog\\\/cancer-du-poumon\\\/\"},{\"@type\":\"ListItem\",\"position\":3,\"name\":\"Troisi\u00e8me op\u00e9ration du poumon\"}]},{\"@type\":\"WebSite\",\"@id\":\"https:\\\/\\\/www.philippeau.eu\\\/blog\\\/#website\",\"url\":\"https:\\\/\\\/www.philippeau.eu\\\/blog\\\/\",\"name\":\"philippeau.eu\",\"description\":\"\",\"publisher\":{\"@id\":\"https:\\\/\\\/www.philippeau.eu\\\/blog\\\/#\\\/schema\\\/person\\\/d0321ac69485a2fa34a86270145a4038\"},\"potentialAction\":[{\"@type\":\"SearchAction\",\"target\":{\"@type\":\"EntryPoint\",\"urlTemplate\":\"https:\\\/\\\/www.philippeau.eu\\\/blog\\\/?s={search_term_string}\"},\"query-input\":{\"@type\":\"PropertyValueSpecification\",\"valueRequired\":true,\"valueName\":\"search_term_string\"}}],\"inLanguage\":\"fr-FR\"},{\"@type\":[\"Person\",\"Organization\"],\"@id\":\"https:\\\/\\\/www.philippeau.eu\\\/blog\\\/#\\\/schema\\\/person\\\/d0321ac69485a2fa34a86270145a4038\",\"name\":\"Laurent\",\"image\":{\"@type\":\"ImageObject\",\"inLanguage\":\"fr-FR\",\"@id\":\"https:\\\/\\\/www.philippeau.eu\\\/blog\\\/wp-content\\\/uploads\\\/2020\\\/11\\\/cropped-PL_logo_initiales_img.png\",\"url\":\"https:\\\/\\\/www.philippeau.eu\\\/blog\\\/wp-content\\\/uploads\\\/2020\\\/11\\\/cropped-PL_logo_initiales_img.png\",\"contentUrl\":\"https:\\\/\\\/www.philippeau.eu\\\/blog\\\/wp-content\\\/uploads\\\/2020\\\/11\\\/cropped-PL_logo_initiales_img.png\",\"width\":512,\"height\":512,\"caption\":\"Laurent\"},\"logo\":{\"@id\":\"https:\\\/\\\/www.philippeau.eu\\\/blog\\\/wp-content\\\/uploads\\\/2020\\\/11\\\/cropped-PL_logo_initiales_img.png\"},\"description\":\"Propri\u00e9taire et webmaster du site www.philippeau.eu\",\"sameAs\":[\"https:\\\/\\\/www.philippeau.eu\",\"https:\\\/\\\/www.facebook.com\\\/laurent.philippeau\",\"https:\\\/\\\/www.youtube.com\\\/channel\\\/UCgwFBEt9Dv03TyDiBPNGL-Q\"]}]}<\/script>\n<!-- \/ Yoast SEO plugin. -->","yoast_head_json":{"title":"Troisi\u00e8me op\u00e9ration du poumon - philippeau.eu","description":"Suite de mon t\u00e9moignage sur mon cancer du poumon, apr\u00e8s ma troisi\u00e8me op\u00e9ration (pneumonectomie) je n'aurais plus de poumon droit.","robots":{"index":"index","follow":"follow","max-snippet":"max-snippet:-1","max-image-preview":"max-image-preview:large","max-video-preview":"max-video-preview:-1"},"canonical":"https:\/\/www.philippeau.eu\/blog\/cancer-du-poumon\/troisieme-operation-du-poumon\/","og_locale":"fr_FR","og_type":"article","og_title":"Troisi\u00e8me op\u00e9ration du poumon - philippeau.eu","og_description":"Suite de mon t\u00e9moignage sur mon cancer du poumon, apr\u00e8s ma troisi\u00e8me op\u00e9ration (pneumonectomie) je n'aurais plus de poumon droit.","og_url":"https:\/\/www.philippeau.eu\/blog\/cancer-du-poumon\/troisieme-operation-du-poumon\/","og_site_name":"philippeau.eu","article_publisher":"https:\/\/www.facebook.com\/laurent.philippeau","article_modified_time":"2018-05-11T12:23:01+00:00","og_image":[{"url":"http:\/\/www.philippeau.eu\/blog\/wp-content\/uploads\/2014\/11\/8652859247_fe1ef24d02_o-150x150.jpg","type":"","width":"","height":""}],"twitter_card":"summary_large_image","twitter_misc":{"Dur\u00e9e de lecture estim\u00e9e":"4 minutes"},"schema":{"@context":"https:\/\/schema.org","@graph":[{"@type":"WebPage","@id":"https:\/\/www.philippeau.eu\/blog\/cancer-du-poumon\/troisieme-operation-du-poumon\/","url":"https:\/\/www.philippeau.eu\/blog\/cancer-du-poumon\/troisieme-operation-du-poumon\/","name":"Troisi\u00e8me op\u00e9ration du poumon - philippeau.eu","isPartOf":{"@id":"https:\/\/www.philippeau.eu\/blog\/#website"},"primaryImageOfPage":{"@id":"https:\/\/www.philippeau.eu\/blog\/cancer-du-poumon\/troisieme-operation-du-poumon\/#primaryimage"},"image":{"@id":"https:\/\/www.philippeau.eu\/blog\/cancer-du-poumon\/troisieme-operation-du-poumon\/#primaryimage"},"thumbnailUrl":"http:\/\/www.philippeau.eu\/blog\/wp-content\/uploads\/2014\/11\/8652859247_fe1ef24d02_o-150x150.jpg","datePublished":"2013-04-16T01:37:45+00:00","dateModified":"2018-05-11T12:23:01+00:00","description":"Suite de mon t\u00e9moignage sur mon cancer du poumon, apr\u00e8s ma troisi\u00e8me op\u00e9ration (pneumonectomie) je n'aurais plus de poumon droit.","breadcrumb":{"@id":"https:\/\/www.philippeau.eu\/blog\/cancer-du-poumon\/troisieme-operation-du-poumon\/#breadcrumb"},"inLanguage":"fr-FR","potentialAction":[{"@type":"ReadAction","target":["https:\/\/www.philippeau.eu\/blog\/cancer-du-poumon\/troisieme-operation-du-poumon\/"]}]},{"@type":"ImageObject","inLanguage":"fr-FR","@id":"https:\/\/www.philippeau.eu\/blog\/cancer-du-poumon\/troisieme-operation-du-poumon\/#primaryimage","url":"https:\/\/www.philippeau.eu\/blog\/wp-content\/uploads\/2014\/11\/8652859247_fe1ef24d02_o.jpg","contentUrl":"https:\/\/www.philippeau.eu\/blog\/wp-content\/uploads\/2014\/11\/8652859247_fe1ef24d02_o.jpg","width":650,"height":440,"caption":"Photos - Apr\u00e8s la troisi\u00e8me op\u00e9ration (pneumonectomie droite)"},{"@type":"BreadcrumbList","@id":"https:\/\/www.philippeau.eu\/blog\/cancer-du-poumon\/troisieme-operation-du-poumon\/#breadcrumb","itemListElement":[{"@type":"ListItem","position":1,"name":"Accueil","item":"https:\/\/www.philippeau.eu\/blog\/"},{"@type":"ListItem","position":2,"name":"Mon Cancer du Poumon","item":"https:\/\/www.philippeau.eu\/blog\/cancer-du-poumon\/"},{"@type":"ListItem","position":3,"name":"Troisi\u00e8me op\u00e9ration du poumon"}]},{"@type":"WebSite","@id":"https:\/\/www.philippeau.eu\/blog\/#website","url":"https:\/\/www.philippeau.eu\/blog\/","name":"philippeau.eu","description":"","publisher":{"@id":"https:\/\/www.philippeau.eu\/blog\/#\/schema\/person\/d0321ac69485a2fa34a86270145a4038"},"potentialAction":[{"@type":"SearchAction","target":{"@type":"EntryPoint","urlTemplate":"https:\/\/www.philippeau.eu\/blog\/?s={search_term_string}"},"query-input":{"@type":"PropertyValueSpecification","valueRequired":true,"valueName":"search_term_string"}}],"inLanguage":"fr-FR"},{"@type":["Person","Organization"],"@id":"https:\/\/www.philippeau.eu\/blog\/#\/schema\/person\/d0321ac69485a2fa34a86270145a4038","name":"Laurent","image":{"@type":"ImageObject","inLanguage":"fr-FR","@id":"https:\/\/www.philippeau.eu\/blog\/wp-content\/uploads\/2020\/11\/cropped-PL_logo_initiales_img.png","url":"https:\/\/www.philippeau.eu\/blog\/wp-content\/uploads\/2020\/11\/cropped-PL_logo_initiales_img.png","contentUrl":"https:\/\/www.philippeau.eu\/blog\/wp-content\/uploads\/2020\/11\/cropped-PL_logo_initiales_img.png","width":512,"height":512,"caption":"Laurent"},"logo":{"@id":"https:\/\/www.philippeau.eu\/blog\/wp-content\/uploads\/2020\/11\/cropped-PL_logo_initiales_img.png"},"description":"Propri\u00e9taire et webmaster du site www.philippeau.eu","sameAs":["https:\/\/www.philippeau.eu","https:\/\/www.facebook.com\/laurent.philippeau","https:\/\/www.youtube.com\/channel\/UCgwFBEt9Dv03TyDiBPNGL-Q"]}]}},"jetpack_likes_enabled":true,"jetpack_sharing_enabled":true,"_links":{"self":[{"href":"https:\/\/www.philippeau.eu\/blog\/wp-json\/wp\/v2\/pages\/45","targetHints":{"allow":["GET"]}}],"collection":[{"href":"https:\/\/www.philippeau.eu\/blog\/wp-json\/wp\/v2\/pages"}],"about":[{"href":"https:\/\/www.philippeau.eu\/blog\/wp-json\/wp\/v2\/types\/page"}],"author":[{"embeddable":true,"href":"https:\/\/www.philippeau.eu\/blog\/wp-json\/wp\/v2\/users\/1"}],"replies":[{"embeddable":true,"href":"https:\/\/www.philippeau.eu\/blog\/wp-json\/wp\/v2\/comments?post=45"}],"version-history":[{"count":8,"href":"https:\/\/www.philippeau.eu\/blog\/wp-json\/wp\/v2\/pages\/45\/revisions"}],"predecessor-version":[{"id":1351,"href":"https:\/\/www.philippeau.eu\/blog\/wp-json\/wp\/v2\/pages\/45\/revisions\/1351"}],"up":[{"embeddable":true,"href":"https:\/\/www.philippeau.eu\/blog\/wp-json\/wp\/v2\/pages\/9"}],"wp:attachment":[{"href":"https:\/\/www.philippeau.eu\/blog\/wp-json\/wp\/v2\/media?parent=45"}],"curies":[{"name":"wp","href":"https:\/\/api.w.org\/{rel}","templated":true}]}}