{"id":43,"date":"2013-04-09T11:56:24","date_gmt":"2013-04-09T10:56:24","guid":{"rendered":"http:\/\/www.philippeau.eu\/blog\/?page_id=43"},"modified":"2023-12-02T08:09:56","modified_gmt":"2023-12-02T06:09:56","slug":"je-ne-supporte-pas-la-chimiotherapie","status":"publish","type":"page","link":"https:\/\/www.philippeau.eu\/blog\/cancer-du-poumon\/je-ne-supporte-pas-la-chimiotherapie\/","title":{"rendered":"Je ne supporte pas la chimioth\u00e9rapie !"},"content":{"rendered":"<p style=\"text-align: justify;\"><em>Nous sommes le mardi 9 avril 2013 et je n\u2019ai rien \u00e9crit depuis le 19 septembre 2012. Et pour cause ! <\/em>Apr\u00e8s une semaine sans chimioth\u00e9rapie, j\u2019avais comme on dit \u00ab repris du poil de la b\u00eate \u00bb et \u00e0 la veille de la premi\u00e8re s\u00e9ance du deuxi\u00e8me cycle de ma chimioth\u00e9rapie (<a href=\"https:\/\/www.philippeau.eu\/pdf\/cisplatine-navelbine.pdf\" target=\"_blank\" rel=\"noopener\">Cisplatine\/Navelbine<\/a>), je me sentais en meilleure forme.<br \/>\n<strong>Cela n\u2019allait pas durer !<\/strong><\/p>\n<h2>Mont\u00e9e en temp\u00e9rature<\/h2>\n<p style=\"text-align: justify;\">Le mercredi 19 septembre 2012 vers midi, je montai \u00e0 plus de 38\u00b0 de temp\u00e9rature. Je surveillai car si je constatais avoir deux fois 38\u00b0 ou une fois 38,5\u00b0, je devrais pr\u00e9venir imm\u00e9diatement ma pneumologue ou mon m\u00e9decin traitant. Je me sentais de plus en plus mal. Toux, courbatures, mal \u00e0 la t\u00eate, naus\u00e9es, picotements dans les mains et les pieds, vers 17 heures je contr\u00f4lais ma temp\u00e9rature et cette fois, j\u2019\u00e9tais \u00e0 38,6\u00b0. De suite, j\u2019appelais ma pneumologue qui m\u2019a autoris\u00e9 \u00e0 prendre les antibiotiques pr\u00e9vus pour ce cas pr\u00e9cis et que j\u2019avais d\u2019avance. Elle a bien entendu, repouss\u00e9 la s\u00e9ance de chimioth\u00e9rapie pr\u00e9vue le lendemain jeudi 20 septembre au jeudi 27 septembre. Mal gr\u00e8s les antibiotiques et autres m\u00e9dicaments, je montais le lendemain 20 septembre \u00e0 39,2\u00b0 et il me faudra quelques jours avant de remettre les pieds par terre.<\/p>\n<h2>Nouvelle prise de sang<\/h2>\n<p style=\"text-align: justify;\">Une nouvelle prise de sang (<a title=\"NFS Plaquettes\" href=\"http:\/\/idechirurgie.jimdo.com\/normes-biologiques\/nfs-plaquettes\/\" target=\"_blank\" rel=\"noopener\">NFS plaquettes<\/a>) est faite le matin du mardi 25 septembre 2012. Cela \u00e0 fin de d\u00e9terminer, si la s\u00e9ance de chimioth\u00e9rapie pr\u00e9vue le jeudi 27 septembre 2012, pourra avoir lieu. La pneumologue me joint par t\u00e9l\u00e9phone dans la soir\u00e9e pour me dire que tout est OK dans les r\u00e9sultats d\u2019analyse. Je pourrais donc aller \u00e0 ma s\u00e9ance de chimio le jeudi.<\/p>\n<h2>2<sup>\u00e8me<\/sup> cycle &#8211; 1<sup>\u00e8re<\/sup> s\u00e9ance le 27 septembre 2012<\/h2>\n<p style=\"text-align: justify;\">Rien \u00e0 dire sur cette journ\u00e9e du 27 septembre 2012, sinon que je re\u00e7ois un peu plus de produits destin\u00e9s \u00e0 lutter contre les effets ind\u00e9sirables de la chimioth\u00e9rapie (surtout les naus\u00e9es). Cette fois j\u2019ai d\u00e9cid\u00e9 une chose pour que tout le monde soit plus tranquille. Directement apr\u00e8s la s\u00e9ance je vais aller quelques jours chez mes parents.<br \/>\nD\u00e8s mon retour, je sens la fatigue arriver. Je vais passer 5 jours \u00e0 dormir, pli\u00e9 en deux par un mal de ventre qui ne passe pas, des naus\u00e9es, des picotements dans les mains et les pieds. Ne mangeant plus, je perds du poids et m\u2019affaiblis de jour en jour.<\/p>\n<h2>Chimioth\u00e9rapie, rien ne va plus<\/h2>\n<p style=\"text-align: justify;\"><strong>Le mardi 2 octobre 2012<\/strong>, je suis debout \u00e0 6h00 du matin car je dois aller passer une bronchoscopie au bloc sous anesth\u00e9sie g\u00e9n\u00e9rale, \u00e0 la clinique St Joseph &#8211; Village Sant\u00e9 Angers Loire \u00e0 Tr\u00e9laz\u00e9. Au sortir de la douche que j\u2019ai pris assis, je suis courb\u00e9 en deux au dessus du lavabo et ne tarde pas \u00e0 courir aux toilettes avec une bonne diarrh\u00e9e. Dans ces conditions, je ne supporterai pas une heure de route assis dans un v\u00e9hicule. Ma m\u00e8re renvois le transport VSL qui vient d\u2019arriver pour m\u2019emmener. Elle pr\u00e9vient l\u2019h\u00f4pital que je ne peux pas me pr\u00e9senter pour la bronchoscopie et appel mon m\u00e9decin traitant.<\/p>\n<h2>Tension \u00e0 8, direction h\u00f4pital<\/h2>\n<p style=\"text-align: justify;\">Mon m\u00e9decin traitant arrive vers midi. Elle me prend la tension qui est descendue \u00e0 8. Nous discutons en t\u00eate \u00e0 t\u00eate dans la chambre et apr\u00e8s une courte h\u00e9sitation de ma part, elle me persuade que je serais mieux \u00e0 l\u2019h\u00f4pital pour \u00eatre remis sur pieds. Elle appelle ma pneumologue pour organiser mon admission et commande une ambulance pour m\u2019emmener. Pour la premi\u00e8re fois, je ferais le voyage couch\u00e9.<\/p>\n<h2>Aliment\u00e9 par port a cath<\/h2>\n<p style=\"text-align: justify;\">Aussit\u00f4t arriv\u00e9 dans la chambre, une infirmi\u00e8re me met un patch pour anesth\u00e9sier la peau au dessus du site. Une heure apr\u00e8s, je suis aliment\u00e9 et hydrat\u00e9 par perfusion. Je ne p\u00e8se plus que 50,7 kg au lieu des 67 avant la maladie. Pendant deux jours, j\u2019aurai des injections de morphine pour les douleurs dans le ventre et de Primp\u00e9ran pour les naus\u00e9es. Dans les repas, il n\u2019y a que les aliments sucr\u00e9s qui passeront et ce jusqu\u2019au samedi 6 octobre 2012. Ensuite je recommencerais \u00e0 manger presque normalement, mais surtout sans ajouter de sel.<\/p>\n<h2>La chimioth\u00e9rapie c&rsquo;est fini pour moi<\/h2>\n<p style=\"text-align: justify;\">Je suis ressorti de l\u2019h\u00f4pital le lundi 8 octobre 2012. Il a \u00e9t\u00e9 d\u00e9cid\u00e9 lors des r\u00e9unions pluridisciplinaires avec ma pneumologue que je ne poursuivrais pas la chimioth\u00e9rapie. J\u2019esp\u00e8re que cela n\u2019aura pas trop d\u2019incidence sur mon \u00e9tat de sant\u00e9. Mais finalement je dois dire que je ne suis pas m\u00e9content de ne plus avoir \u00e0 subir cela.<\/p>\n<p><a title=\"Traitement de mon cancer du poumon\" href=\"http:\/\/www.philippeau.eu\/blog\/cancer-du-poumon\/traitement-de-mon-cancer-du-poumon\/\">&lt;&lt; Traitement de mon cancer &#8230;<\/a> &#8211; <a title=\"Troisi\u00e8me op\u00e9ration du poumon\" href=\"http:\/\/www.philippeau.eu\/blog\/cancer-du-poumon\/troisieme-operation-du-poumon\/\">Troisi\u00e8me op\u00e9ration du poumon &gt;&gt;<\/a><\/p>\n","protected":false},"excerpt":{"rendered":"<p>Nous sommes le mardi 9 avril 2013 et je n\u2019ai rien \u00e9crit depuis le 19 septembre 2012. Et pour cause ! Apr\u00e8s une semaine sans chimioth\u00e9rapie, j\u2019avais comme on dit \u00ab repris du poil de&#8230;<\/p>\n<div class=\"more-link-wrapper\"><a class=\"more-link\" href=\"https:\/\/www.philippeau.eu\/blog\/cancer-du-poumon\/je-ne-supporte-pas-la-chimiotherapie\/\"><span class=\"more-text\">Continuer la lecture<\/span><\/a><\/div>\n","protected":false},"author":1,"featured_media":286072,"parent":9,"menu_order":4,"comment_status":"open","ping_status":"closed","template":"","meta":{"jetpack_post_was_ever_published":false,"footnotes":""},"class_list":["post-43","page","type-page","status-publish","has-post-thumbnail","hentry","post"],"yoast_head":"<!-- This site is optimized with the Yoast SEO plugin v27.4 - https:\/\/yoast.com\/product\/yoast-seo-wordpress\/ -->\n<title>Je ne supporte pas la chimioth\u00e9rapie ! - philippeau.eu<\/title>\n<meta name=\"description\" content=\"Chimioth\u00e9rapie, protocole Cisplatine \/ Navelbine arr\u00eat\u00e9 apr\u00e8s la deuxi\u00e8me grosse s\u00e9ance. Trop faible apr\u00e8s trois op\u00e9rations pour supporter.\" \/>\n<meta name=\"robots\" content=\"index, follow, max-snippet:-1, max-image-preview:large, max-video-preview:-1\" \/>\n<link rel=\"canonical\" href=\"https:\/\/www.philippeau.eu\/blog\/cancer-du-poumon\/je-ne-supporte-pas-la-chimiotherapie\/\" \/>\n<meta property=\"og:locale\" content=\"fr_FR\" \/>\n<meta property=\"og:type\" content=\"article\" \/>\n<meta property=\"og:title\" content=\"Je ne supporte pas la chimioth\u00e9rapie ! - philippeau.eu\" \/>\n<meta property=\"og:description\" content=\"Chimioth\u00e9rapie, protocole Cisplatine \/ Navelbine arr\u00eat\u00e9 apr\u00e8s la deuxi\u00e8me grosse s\u00e9ance. Trop faible apr\u00e8s trois op\u00e9rations pour supporter.\" \/>\n<meta property=\"og:url\" content=\"https:\/\/www.philippeau.eu\/blog\/cancer-du-poumon\/je-ne-supporte-pas-la-chimiotherapie\/\" \/>\n<meta property=\"og:site_name\" content=\"philippeau.eu\" \/>\n<meta property=\"article:publisher\" content=\"https:\/\/www.facebook.com\/laurent.philippeau\" \/>\n<meta property=\"article:modified_time\" content=\"2023-12-02T06:09:56+00:00\" \/>\n<meta property=\"og:image\" content=\"https:\/\/www.philippeau.eu\/blog\/wp-content\/uploads\/2023\/12\/Image_mise_en_avant_Je-ne-supporte-pas-la-chimiotherapie.jpg\" \/>\n\t<meta property=\"og:image:width\" content=\"1060\" \/>\n\t<meta property=\"og:image:height\" content=\"700\" \/>\n\t<meta property=\"og:image:type\" content=\"image\/jpeg\" \/>\n<meta name=\"twitter:card\" content=\"summary_large_image\" \/>\n<meta name=\"twitter:label1\" content=\"Dur\u00e9e de lecture estim\u00e9e\" \/>\n\t<meta name=\"twitter:data1\" content=\"4 minutes\" \/>\n<script type=\"application\/ld+json\" class=\"yoast-schema-graph\">{\"@context\":\"https:\\\/\\\/schema.org\",\"@graph\":[{\"@type\":\"WebPage\",\"@id\":\"https:\\\/\\\/www.philippeau.eu\\\/blog\\\/cancer-du-poumon\\\/je-ne-supporte-pas-la-chimiotherapie\\\/\",\"url\":\"https:\\\/\\\/www.philippeau.eu\\\/blog\\\/cancer-du-poumon\\\/je-ne-supporte-pas-la-chimiotherapie\\\/\",\"name\":\"Je ne supporte pas la chimioth\u00e9rapie ! - philippeau.eu\",\"isPartOf\":{\"@id\":\"https:\\\/\\\/www.philippeau.eu\\\/blog\\\/#website\"},\"primaryImageOfPage\":{\"@id\":\"https:\\\/\\\/www.philippeau.eu\\\/blog\\\/cancer-du-poumon\\\/je-ne-supporte-pas-la-chimiotherapie\\\/#primaryimage\"},\"image\":{\"@id\":\"https:\\\/\\\/www.philippeau.eu\\\/blog\\\/cancer-du-poumon\\\/je-ne-supporte-pas-la-chimiotherapie\\\/#primaryimage\"},\"thumbnailUrl\":\"https:\\\/\\\/www.philippeau.eu\\\/blog\\\/wp-content\\\/uploads\\\/2023\\\/12\\\/Image_mise_en_avant_Je-ne-supporte-pas-la-chimiotherapie.jpg\",\"datePublished\":\"2013-04-09T10:56:24+00:00\",\"dateModified\":\"2023-12-02T06:09:56+00:00\",\"description\":\"Chimioth\u00e9rapie, protocole Cisplatine \\\/ Navelbine arr\u00eat\u00e9 apr\u00e8s la deuxi\u00e8me grosse s\u00e9ance. Trop faible apr\u00e8s trois op\u00e9rations pour supporter.\",\"breadcrumb\":{\"@id\":\"https:\\\/\\\/www.philippeau.eu\\\/blog\\\/cancer-du-poumon\\\/je-ne-supporte-pas-la-chimiotherapie\\\/#breadcrumb\"},\"inLanguage\":\"fr-FR\",\"potentialAction\":[{\"@type\":\"ReadAction\",\"target\":[\"https:\\\/\\\/www.philippeau.eu\\\/blog\\\/cancer-du-poumon\\\/je-ne-supporte-pas-la-chimiotherapie\\\/\"]}]},{\"@type\":\"ImageObject\",\"inLanguage\":\"fr-FR\",\"@id\":\"https:\\\/\\\/www.philippeau.eu\\\/blog\\\/cancer-du-poumon\\\/je-ne-supporte-pas-la-chimiotherapie\\\/#primaryimage\",\"url\":\"https:\\\/\\\/www.philippeau.eu\\\/blog\\\/wp-content\\\/uploads\\\/2023\\\/12\\\/Image_mise_en_avant_Je-ne-supporte-pas-la-chimiotherapie.jpg\",\"contentUrl\":\"https:\\\/\\\/www.philippeau.eu\\\/blog\\\/wp-content\\\/uploads\\\/2023\\\/12\\\/Image_mise_en_avant_Je-ne-supporte-pas-la-chimiotherapie.jpg\",\"width\":1060,\"height\":700,\"caption\":\"Je ne supporte pas la chimioth\u00e9rapie\"},{\"@type\":\"BreadcrumbList\",\"@id\":\"https:\\\/\\\/www.philippeau.eu\\\/blog\\\/cancer-du-poumon\\\/je-ne-supporte-pas-la-chimiotherapie\\\/#breadcrumb\",\"itemListElement\":[{\"@type\":\"ListItem\",\"position\":1,\"name\":\"Accueil\",\"item\":\"https:\\\/\\\/www.philippeau.eu\\\/blog\\\/\"},{\"@type\":\"ListItem\",\"position\":2,\"name\":\"Mon Cancer du Poumon\",\"item\":\"https:\\\/\\\/www.philippeau.eu\\\/blog\\\/cancer-du-poumon\\\/\"},{\"@type\":\"ListItem\",\"position\":3,\"name\":\"Je ne supporte pas la chimioth\u00e9rapie !\"}]},{\"@type\":\"WebSite\",\"@id\":\"https:\\\/\\\/www.philippeau.eu\\\/blog\\\/#website\",\"url\":\"https:\\\/\\\/www.philippeau.eu\\\/blog\\\/\",\"name\":\"philippeau.eu\",\"description\":\"\",\"publisher\":{\"@id\":\"https:\\\/\\\/www.philippeau.eu\\\/blog\\\/#\\\/schema\\\/person\\\/d0321ac69485a2fa34a86270145a4038\"},\"potentialAction\":[{\"@type\":\"SearchAction\",\"target\":{\"@type\":\"EntryPoint\",\"urlTemplate\":\"https:\\\/\\\/www.philippeau.eu\\\/blog\\\/?s={search_term_string}\"},\"query-input\":{\"@type\":\"PropertyValueSpecification\",\"valueRequired\":true,\"valueName\":\"search_term_string\"}}],\"inLanguage\":\"fr-FR\"},{\"@type\":[\"Person\",\"Organization\"],\"@id\":\"https:\\\/\\\/www.philippeau.eu\\\/blog\\\/#\\\/schema\\\/person\\\/d0321ac69485a2fa34a86270145a4038\",\"name\":\"Laurent\",\"image\":{\"@type\":\"ImageObject\",\"inLanguage\":\"fr-FR\",\"@id\":\"https:\\\/\\\/www.philippeau.eu\\\/blog\\\/wp-content\\\/uploads\\\/2020\\\/11\\\/cropped-PL_logo_initiales_img.png\",\"url\":\"https:\\\/\\\/www.philippeau.eu\\\/blog\\\/wp-content\\\/uploads\\\/2020\\\/11\\\/cropped-PL_logo_initiales_img.png\",\"contentUrl\":\"https:\\\/\\\/www.philippeau.eu\\\/blog\\\/wp-content\\\/uploads\\\/2020\\\/11\\\/cropped-PL_logo_initiales_img.png\",\"width\":512,\"height\":512,\"caption\":\"Laurent\"},\"logo\":{\"@id\":\"https:\\\/\\\/www.philippeau.eu\\\/blog\\\/wp-content\\\/uploads\\\/2020\\\/11\\\/cropped-PL_logo_initiales_img.png\"},\"description\":\"Propri\u00e9taire et webmaster du site www.philippeau.eu\",\"sameAs\":[\"https:\\\/\\\/www.philippeau.eu\",\"https:\\\/\\\/www.facebook.com\\\/laurent.philippeau\",\"https:\\\/\\\/www.youtube.com\\\/channel\\\/UCgwFBEt9Dv03TyDiBPNGL-Q\"]}]}<\/script>\n<!-- \/ Yoast SEO plugin. -->","yoast_head_json":{"title":"Je ne supporte pas la chimioth\u00e9rapie ! - philippeau.eu","description":"Chimioth\u00e9rapie, protocole Cisplatine \/ Navelbine arr\u00eat\u00e9 apr\u00e8s la deuxi\u00e8me grosse s\u00e9ance. Trop faible apr\u00e8s trois op\u00e9rations pour supporter.","robots":{"index":"index","follow":"follow","max-snippet":"max-snippet:-1","max-image-preview":"max-image-preview:large","max-video-preview":"max-video-preview:-1"},"canonical":"https:\/\/www.philippeau.eu\/blog\/cancer-du-poumon\/je-ne-supporte-pas-la-chimiotherapie\/","og_locale":"fr_FR","og_type":"article","og_title":"Je ne supporte pas la chimioth\u00e9rapie ! - philippeau.eu","og_description":"Chimioth\u00e9rapie, protocole Cisplatine \/ Navelbine arr\u00eat\u00e9 apr\u00e8s la deuxi\u00e8me grosse s\u00e9ance. Trop faible apr\u00e8s trois op\u00e9rations pour supporter.","og_url":"https:\/\/www.philippeau.eu\/blog\/cancer-du-poumon\/je-ne-supporte-pas-la-chimiotherapie\/","og_site_name":"philippeau.eu","article_publisher":"https:\/\/www.facebook.com\/laurent.philippeau","article_modified_time":"2023-12-02T06:09:56+00:00","og_image":[{"width":1060,"height":700,"url":"https:\/\/www.philippeau.eu\/blog\/wp-content\/uploads\/2023\/12\/Image_mise_en_avant_Je-ne-supporte-pas-la-chimiotherapie.jpg","type":"image\/jpeg"}],"twitter_card":"summary_large_image","twitter_misc":{"Dur\u00e9e de lecture estim\u00e9e":"4 minutes"},"schema":{"@context":"https:\/\/schema.org","@graph":[{"@type":"WebPage","@id":"https:\/\/www.philippeau.eu\/blog\/cancer-du-poumon\/je-ne-supporte-pas-la-chimiotherapie\/","url":"https:\/\/www.philippeau.eu\/blog\/cancer-du-poumon\/je-ne-supporte-pas-la-chimiotherapie\/","name":"Je ne supporte pas la chimioth\u00e9rapie ! - philippeau.eu","isPartOf":{"@id":"https:\/\/www.philippeau.eu\/blog\/#website"},"primaryImageOfPage":{"@id":"https:\/\/www.philippeau.eu\/blog\/cancer-du-poumon\/je-ne-supporte-pas-la-chimiotherapie\/#primaryimage"},"image":{"@id":"https:\/\/www.philippeau.eu\/blog\/cancer-du-poumon\/je-ne-supporte-pas-la-chimiotherapie\/#primaryimage"},"thumbnailUrl":"https:\/\/www.philippeau.eu\/blog\/wp-content\/uploads\/2023\/12\/Image_mise_en_avant_Je-ne-supporte-pas-la-chimiotherapie.jpg","datePublished":"2013-04-09T10:56:24+00:00","dateModified":"2023-12-02T06:09:56+00:00","description":"Chimioth\u00e9rapie, protocole Cisplatine \/ Navelbine arr\u00eat\u00e9 apr\u00e8s la deuxi\u00e8me grosse s\u00e9ance. Trop faible apr\u00e8s trois op\u00e9rations pour supporter.","breadcrumb":{"@id":"https:\/\/www.philippeau.eu\/blog\/cancer-du-poumon\/je-ne-supporte-pas-la-chimiotherapie\/#breadcrumb"},"inLanguage":"fr-FR","potentialAction":[{"@type":"ReadAction","target":["https:\/\/www.philippeau.eu\/blog\/cancer-du-poumon\/je-ne-supporte-pas-la-chimiotherapie\/"]}]},{"@type":"ImageObject","inLanguage":"fr-FR","@id":"https:\/\/www.philippeau.eu\/blog\/cancer-du-poumon\/je-ne-supporte-pas-la-chimiotherapie\/#primaryimage","url":"https:\/\/www.philippeau.eu\/blog\/wp-content\/uploads\/2023\/12\/Image_mise_en_avant_Je-ne-supporte-pas-la-chimiotherapie.jpg","contentUrl":"https:\/\/www.philippeau.eu\/blog\/wp-content\/uploads\/2023\/12\/Image_mise_en_avant_Je-ne-supporte-pas-la-chimiotherapie.jpg","width":1060,"height":700,"caption":"Je ne supporte pas la chimioth\u00e9rapie"},{"@type":"BreadcrumbList","@id":"https:\/\/www.philippeau.eu\/blog\/cancer-du-poumon\/je-ne-supporte-pas-la-chimiotherapie\/#breadcrumb","itemListElement":[{"@type":"ListItem","position":1,"name":"Accueil","item":"https:\/\/www.philippeau.eu\/blog\/"},{"@type":"ListItem","position":2,"name":"Mon Cancer du Poumon","item":"https:\/\/www.philippeau.eu\/blog\/cancer-du-poumon\/"},{"@type":"ListItem","position":3,"name":"Je ne supporte pas la chimioth\u00e9rapie !"}]},{"@type":"WebSite","@id":"https:\/\/www.philippeau.eu\/blog\/#website","url":"https:\/\/www.philippeau.eu\/blog\/","name":"philippeau.eu","description":"","publisher":{"@id":"https:\/\/www.philippeau.eu\/blog\/#\/schema\/person\/d0321ac69485a2fa34a86270145a4038"},"potentialAction":[{"@type":"SearchAction","target":{"@type":"EntryPoint","urlTemplate":"https:\/\/www.philippeau.eu\/blog\/?s={search_term_string}"},"query-input":{"@type":"PropertyValueSpecification","valueRequired":true,"valueName":"search_term_string"}}],"inLanguage":"fr-FR"},{"@type":["Person","Organization"],"@id":"https:\/\/www.philippeau.eu\/blog\/#\/schema\/person\/d0321ac69485a2fa34a86270145a4038","name":"Laurent","image":{"@type":"ImageObject","inLanguage":"fr-FR","@id":"https:\/\/www.philippeau.eu\/blog\/wp-content\/uploads\/2020\/11\/cropped-PL_logo_initiales_img.png","url":"https:\/\/www.philippeau.eu\/blog\/wp-content\/uploads\/2020\/11\/cropped-PL_logo_initiales_img.png","contentUrl":"https:\/\/www.philippeau.eu\/blog\/wp-content\/uploads\/2020\/11\/cropped-PL_logo_initiales_img.png","width":512,"height":512,"caption":"Laurent"},"logo":{"@id":"https:\/\/www.philippeau.eu\/blog\/wp-content\/uploads\/2020\/11\/cropped-PL_logo_initiales_img.png"},"description":"Propri\u00e9taire et webmaster du site www.philippeau.eu","sameAs":["https:\/\/www.philippeau.eu","https:\/\/www.facebook.com\/laurent.philippeau","https:\/\/www.youtube.com\/channel\/UCgwFBEt9Dv03TyDiBPNGL-Q"]}]}},"jetpack_likes_enabled":true,"jetpack_sharing_enabled":true,"_links":{"self":[{"href":"https:\/\/www.philippeau.eu\/blog\/wp-json\/wp\/v2\/pages\/43","targetHints":{"allow":["GET"]}}],"collection":[{"href":"https:\/\/www.philippeau.eu\/blog\/wp-json\/wp\/v2\/pages"}],"about":[{"href":"https:\/\/www.philippeau.eu\/blog\/wp-json\/wp\/v2\/types\/page"}],"author":[{"embeddable":true,"href":"https:\/\/www.philippeau.eu\/blog\/wp-json\/wp\/v2\/users\/1"}],"replies":[{"embeddable":true,"href":"https:\/\/www.philippeau.eu\/blog\/wp-json\/wp\/v2\/comments?post=43"}],"version-history":[{"count":3,"href":"https:\/\/www.philippeau.eu\/blog\/wp-json\/wp\/v2\/pages\/43\/revisions"}],"predecessor-version":[{"id":286073,"href":"https:\/\/www.philippeau.eu\/blog\/wp-json\/wp\/v2\/pages\/43\/revisions\/286073"}],"up":[{"embeddable":true,"href":"https:\/\/www.philippeau.eu\/blog\/wp-json\/wp\/v2\/pages\/9"}],"wp:featuredmedia":[{"embeddable":true,"href":"https:\/\/www.philippeau.eu\/blog\/wp-json\/wp\/v2\/media\/286072"}],"wp:attachment":[{"href":"https:\/\/www.philippeau.eu\/blog\/wp-json\/wp\/v2\/media?parent=43"}],"curies":[{"name":"wp","href":"https:\/\/api.w.org\/{rel}","templated":true}]}}