{"id":3838,"date":"2018-06-11T12:41:36","date_gmt":"2018-06-11T11:41:36","guid":{"rendered":"http:\/\/www.philippeau.eu\/blog\/?page_id=3838"},"modified":"2018-06-11T12:50:24","modified_gmt":"2018-06-11T11:50:24","slug":"telecharger-mes-donnees-personnelles","status":"publish","type":"page","link":"https:\/\/www.philippeau.eu\/blog\/a-propos\/politique-de-confidentialite\/telecharger-mes-donnees-personnelles\/","title":{"rendered":"T\u00e9l\u00e9charger mes donn\u00e9es personnelles"},"content":{"rendered":"<p>Vous recevrez un e-mail pour confirmer votre demande.<\/p>\n<p><code>[gdpr_request_form type=\"export-data\"]<\/code><\/p>\n","protected":false},"excerpt":{"rendered":"<p>Vous recevrez un e-mail pour confirmer votre demande. [gdpr_request_form type=\u00a0\u00bbexport-data\u00a0\u00bb]<\/p>\n","protected":false},"author":1,"featured_media":0,"parent":1575,"menu_order":2,"comment_status":"closed","ping_status":"closed","template":"","meta":{"jetpack_post_was_ever_published":false,"footnotes":""},"class_list":["post-3838","page","type-page","status-publish","hentry","post"],"yoast_head":"<!-- This site is optimized with the Yoast SEO plugin v27.4 - https:\/\/yoast.com\/product\/yoast-seo-wordpress\/ -->\n<title>T\u00e9l\u00e9charger mes donn\u00e9es personnelles - philippeau.eu<\/title>\n<meta name=\"robots\" content=\"noindex, nofollow\" \/>\n<meta property=\"og:locale\" content=\"fr_FR\" \/>\n<meta property=\"og:type\" content=\"article\" \/>\n<meta property=\"og:title\" content=\"T\u00e9l\u00e9charger mes donn\u00e9es personnelles - philippeau.eu\" \/>\n<meta property=\"og:description\" content=\"Vous recevrez un e-mail pour confirmer votre demande. [gdpr_request_form type=&quot;export-data&quot;]\" \/>\n<meta property=\"og:url\" content=\"https:\/\/www.philippeau.eu\/blog\/a-propos\/politique-de-confidentialite\/telecharger-mes-donnees-personnelles\/\" \/>\n<meta property=\"og:site_name\" content=\"philippeau.eu\" \/>\n<meta property=\"article:publisher\" content=\"https:\/\/www.facebook.com\/laurent.philippeau\" \/>\n<meta property=\"article:modified_time\" content=\"2018-06-11T11:50:24+00:00\" \/>\n<meta property=\"og:image\" content=\"https:\/\/www.philippeau.eu\/blog\/wp-content\/uploads\/2018\/05\/Image_mise_en_avant_defaut.jpg\" \/>\n\t<meta property=\"og:image:width\" content=\"933\" \/>\n\t<meta property=\"og:image:height\" content=\"700\" \/>\n\t<meta property=\"og:image:type\" content=\"image\/jpeg\" \/>\n<meta name=\"twitter:card\" content=\"summary_large_image\" \/>\n<script type=\"application\/ld+json\" class=\"yoast-schema-graph\">{\"@context\":\"https:\\\/\\\/schema.org\",\"@graph\":[{\"@type\":\"WebPage\",\"@id\":\"https:\\\/\\\/www.philippeau.eu\\\/blog\\\/a-propos\\\/politique-de-confidentialite\\\/telecharger-mes-donnees-personnelles\\\/\",\"url\":\"https:\\\/\\\/www.philippeau.eu\\\/blog\\\/a-propos\\\/politique-de-confidentialite\\\/telecharger-mes-donnees-personnelles\\\/\",\"name\":\"T\u00e9l\u00e9charger mes donn\u00e9es personnelles - philippeau.eu\",\"isPartOf\":{\"@id\":\"https:\\\/\\\/www.philippeau.eu\\\/blog\\\/#website\"},\"datePublished\":\"2018-06-11T11:41:36+00:00\",\"dateModified\":\"2018-06-11T11:50:24+00:00\",\"breadcrumb\":{\"@id\":\"https:\\\/\\\/www.philippeau.eu\\\/blog\\\/a-propos\\\/politique-de-confidentialite\\\/telecharger-mes-donnees-personnelles\\\/#breadcrumb\"},\"inLanguage\":\"fr-FR\",\"potentialAction\":[{\"@type\":\"ReadAction\",\"target\":[\"https:\\\/\\\/www.philippeau.eu\\\/blog\\\/a-propos\\\/politique-de-confidentialite\\\/telecharger-mes-donnees-personnelles\\\/\"]}]},{\"@type\":\"BreadcrumbList\",\"@id\":\"https:\\\/\\\/www.philippeau.eu\\\/blog\\\/a-propos\\\/politique-de-confidentialite\\\/telecharger-mes-donnees-personnelles\\\/#breadcrumb\",\"itemListElement\":[{\"@type\":\"ListItem\",\"position\":1,\"name\":\"Accueil\",\"item\":\"https:\\\/\\\/www.philippeau.eu\\\/blog\\\/\"},{\"@type\":\"ListItem\",\"position\":2,\"name\":\"\u00e0 propos\",\"item\":\"https:\\\/\\\/www.philippeau.eu\\\/blog\\\/a-propos\\\/\"},{\"@type\":\"ListItem\",\"position\":3,\"name\":\"Politique de confidentialit\u00e9\",\"item\":\"https:\\\/\\\/www.philippeau.eu\\\/blog\\\/a-propos\\\/politique-de-confidentialite\\\/\"},{\"@type\":\"ListItem\",\"position\":4,\"name\":\"T\u00e9l\u00e9charger mes donn\u00e9es personnelles\"}]},{\"@type\":\"WebSite\",\"@id\":\"https:\\\/\\\/www.philippeau.eu\\\/blog\\\/#website\",\"url\":\"https:\\\/\\\/www.philippeau.eu\\\/blog\\\/\",\"name\":\"philippeau.eu\",\"description\":\"\",\"publisher\":{\"@id\":\"https:\\\/\\\/www.philippeau.eu\\\/blog\\\/#\\\/schema\\\/person\\\/d0321ac69485a2fa34a86270145a4038\"},\"potentialAction\":[{\"@type\":\"SearchAction\",\"target\":{\"@type\":\"EntryPoint\",\"urlTemplate\":\"https:\\\/\\\/www.philippeau.eu\\\/blog\\\/?s={search_term_string}\"},\"query-input\":{\"@type\":\"PropertyValueSpecification\",\"valueRequired\":true,\"valueName\":\"search_term_string\"}}],\"inLanguage\":\"fr-FR\"},{\"@type\":[\"Person\",\"Organization\"],\"@id\":\"https:\\\/\\\/www.philippeau.eu\\\/blog\\\/#\\\/schema\\\/person\\\/d0321ac69485a2fa34a86270145a4038\",\"name\":\"Laurent\",\"image\":{\"@type\":\"ImageObject\",\"inLanguage\":\"fr-FR\",\"@id\":\"https:\\\/\\\/www.philippeau.eu\\\/blog\\\/wp-content\\\/uploads\\\/2020\\\/11\\\/cropped-PL_logo_initiales_img.png\",\"url\":\"https:\\\/\\\/www.philippeau.eu\\\/blog\\\/wp-content\\\/uploads\\\/2020\\\/11\\\/cropped-PL_logo_initiales_img.png\",\"contentUrl\":\"https:\\\/\\\/www.philippeau.eu\\\/blog\\\/wp-content\\\/uploads\\\/2020\\\/11\\\/cropped-PL_logo_initiales_img.png\",\"width\":512,\"height\":512,\"caption\":\"Laurent\"},\"logo\":{\"@id\":\"https:\\\/\\\/www.philippeau.eu\\\/blog\\\/wp-content\\\/uploads\\\/2020\\\/11\\\/cropped-PL_logo_initiales_img.png\"},\"description\":\"Propri\u00e9taire et webmaster du site www.philippeau.eu\",\"sameAs\":[\"https:\\\/\\\/www.philippeau.eu\",\"https:\\\/\\\/www.facebook.com\\\/laurent.philippeau\",\"https:\\\/\\\/www.youtube.com\\\/channel\\\/UCgwFBEt9Dv03TyDiBPNGL-Q\"]}]}<\/script>\n<!-- \/ Yoast SEO plugin. -->","yoast_head_json":{"title":"T\u00e9l\u00e9charger mes donn\u00e9es personnelles - philippeau.eu","robots":{"index":"noindex","follow":"nofollow"},"og_locale":"fr_FR","og_type":"article","og_title":"T\u00e9l\u00e9charger mes donn\u00e9es personnelles - philippeau.eu","og_description":"Vous recevrez un e-mail pour confirmer votre demande. [gdpr_request_form type=\"export-data\"]","og_url":"https:\/\/www.philippeau.eu\/blog\/a-propos\/politique-de-confidentialite\/telecharger-mes-donnees-personnelles\/","og_site_name":"philippeau.eu","article_publisher":"https:\/\/www.facebook.com\/laurent.philippeau","article_modified_time":"2018-06-11T11:50:24+00:00","og_image":[{"width":933,"height":700,"url":"https:\/\/www.philippeau.eu\/blog\/wp-content\/uploads\/2018\/05\/Image_mise_en_avant_defaut.jpg","type":"image\/jpeg"}],"twitter_card":"summary_large_image","schema":{"@context":"https:\/\/schema.org","@graph":[{"@type":"WebPage","@id":"https:\/\/www.philippeau.eu\/blog\/a-propos\/politique-de-confidentialite\/telecharger-mes-donnees-personnelles\/","url":"https:\/\/www.philippeau.eu\/blog\/a-propos\/politique-de-confidentialite\/telecharger-mes-donnees-personnelles\/","name":"T\u00e9l\u00e9charger mes donn\u00e9es personnelles - philippeau.eu","isPartOf":{"@id":"https:\/\/www.philippeau.eu\/blog\/#website"},"datePublished":"2018-06-11T11:41:36+00:00","dateModified":"2018-06-11T11:50:24+00:00","breadcrumb":{"@id":"https:\/\/www.philippeau.eu\/blog\/a-propos\/politique-de-confidentialite\/telecharger-mes-donnees-personnelles\/#breadcrumb"},"inLanguage":"fr-FR","potentialAction":[{"@type":"ReadAction","target":["https:\/\/www.philippeau.eu\/blog\/a-propos\/politique-de-confidentialite\/telecharger-mes-donnees-personnelles\/"]}]},{"@type":"BreadcrumbList","@id":"https:\/\/www.philippeau.eu\/blog\/a-propos\/politique-de-confidentialite\/telecharger-mes-donnees-personnelles\/#breadcrumb","itemListElement":[{"@type":"ListItem","position":1,"name":"Accueil","item":"https:\/\/www.philippeau.eu\/blog\/"},{"@type":"ListItem","position":2,"name":"\u00e0 propos","item":"https:\/\/www.philippeau.eu\/blog\/a-propos\/"},{"@type":"ListItem","position":3,"name":"Politique de confidentialit\u00e9","item":"https:\/\/www.philippeau.eu\/blog\/a-propos\/politique-de-confidentialite\/"},{"@type":"ListItem","position":4,"name":"T\u00e9l\u00e9charger mes donn\u00e9es personnelles"}]},{"@type":"WebSite","@id":"https:\/\/www.philippeau.eu\/blog\/#website","url":"https:\/\/www.philippeau.eu\/blog\/","name":"philippeau.eu","description":"","publisher":{"@id":"https:\/\/www.philippeau.eu\/blog\/#\/schema\/person\/d0321ac69485a2fa34a86270145a4038"},"potentialAction":[{"@type":"SearchAction","target":{"@type":"EntryPoint","urlTemplate":"https:\/\/www.philippeau.eu\/blog\/?s={search_term_string}"},"query-input":{"@type":"PropertyValueSpecification","valueRequired":true,"valueName":"search_term_string"}}],"inLanguage":"fr-FR"},{"@type":["Person","Organization"],"@id":"https:\/\/www.philippeau.eu\/blog\/#\/schema\/person\/d0321ac69485a2fa34a86270145a4038","name":"Laurent","image":{"@type":"ImageObject","inLanguage":"fr-FR","@id":"https:\/\/www.philippeau.eu\/blog\/wp-content\/uploads\/2020\/11\/cropped-PL_logo_initiales_img.png","url":"https:\/\/www.philippeau.eu\/blog\/wp-content\/uploads\/2020\/11\/cropped-PL_logo_initiales_img.png","contentUrl":"https:\/\/www.philippeau.eu\/blog\/wp-content\/uploads\/2020\/11\/cropped-PL_logo_initiales_img.png","width":512,"height":512,"caption":"Laurent"},"logo":{"@id":"https:\/\/www.philippeau.eu\/blog\/wp-content\/uploads\/2020\/11\/cropped-PL_logo_initiales_img.png"},"description":"Propri\u00e9taire et webmaster du site www.philippeau.eu","sameAs":["https:\/\/www.philippeau.eu","https:\/\/www.facebook.com\/laurent.philippeau","https:\/\/www.youtube.com\/channel\/UCgwFBEt9Dv03TyDiBPNGL-Q"]}]}},"jetpack_likes_enabled":true,"jetpack_sharing_enabled":true,"_links":{"self":[{"href":"https:\/\/www.philippeau.eu\/blog\/wp-json\/wp\/v2\/pages\/3838","targetHints":{"allow":["GET"]}}],"collection":[{"href":"https:\/\/www.philippeau.eu\/blog\/wp-json\/wp\/v2\/pages"}],"about":[{"href":"https:\/\/www.philippeau.eu\/blog\/wp-json\/wp\/v2\/types\/page"}],"author":[{"embeddable":true,"href":"https:\/\/www.philippeau.eu\/blog\/wp-json\/wp\/v2\/users\/1"}],"replies":[{"embeddable":true,"href":"https:\/\/www.philippeau.eu\/blog\/wp-json\/wp\/v2\/comments?post=3838"}],"version-history":[{"count":3,"href":"https:\/\/www.philippeau.eu\/blog\/wp-json\/wp\/v2\/pages\/3838\/revisions"}],"predecessor-version":[{"id":3854,"href":"https:\/\/www.philippeau.eu\/blog\/wp-json\/wp\/v2\/pages\/3838\/revisions\/3854"}],"up":[{"embeddable":true,"href":"https:\/\/www.philippeau.eu\/blog\/wp-json\/wp\/v2\/pages\/1575"}],"wp:attachment":[{"href":"https:\/\/www.philippeau.eu\/blog\/wp-json\/wp\/v2\/media?parent=3838"}],"curies":[{"name":"wp","href":"https:\/\/api.w.org\/{rel}","templated":true}]}}