{"id":286535,"date":"2024-09-18T16:17:54","date_gmt":"2024-09-18T14:17:54","guid":{"rendered":"https:\/\/www.philippeau.eu\/blog\/?page_id=286535"},"modified":"2026-03-30T04:41:24","modified_gmt":"2026-03-30T02:41:24","slug":"mes-annees-bagad-men-glaz","status":"publish","type":"page","link":"https:\/\/www.philippeau.eu\/blog\/philippeau-laurent-accueil\/ma-vie\/passions\/musique-et-moi\/mes-annees-bagad-men-glaz\/","title":{"rendered":"Mes ann\u00e9es Bagad Men Glaz"},"content":{"rendered":"<p>\u00a0Bienvenue sur cette page o\u00f9 je vais vous parler de mes ann\u00e9es pass\u00e9es au sein du <strong>Bagad Men Glaz<\/strong>. Je l&rsquo;ai int\u00e9gr\u00e9 en tant que talabarder (sonneur de bombarde) et par plaisir (et m\u00eame passion) je suis aussi devenu webmaster\/animateur du site que j&rsquo;ai cr\u00e9\u00e9.<\/p>\n<figure id=\"attachment_286550\" aria-describedby=\"caption-attachment-286550\" style=\"width: 1024px\" class=\"wp-caption aligncenter\"><a  href=\"https:\/\/www.philippeau.eu\/blog\/wp-content\/uploads\/2024\/09\/Image_mise_en_avant_Bagad-Men-Glaz.jpg\" data-rel=\"lightbox-gallery-0\" data-rl_title=\"Bagad Men Glaz\" data-rl_caption=\"Bagad Men Glaz\" title=\"Bagad Men Glaz\"><img loading=\"lazy\" decoding=\"async\" class=\"size-large wp-image-286550\" src=\"https:\/\/www.philippeau.eu\/blog\/wp-content\/uploads\/2024\/09\/Image_mise_en_avant_Bagad-Men-Glaz-1024x676.jpg\" alt=\"Bagad Men Glaz\" width=\"1024\" height=\"676\" srcset=\"https:\/\/www.philippeau.eu\/blog\/wp-content\/uploads\/2024\/09\/Image_mise_en_avant_Bagad-Men-Glaz-1024x676.jpg 1024w, https:\/\/www.philippeau.eu\/blog\/wp-content\/uploads\/2024\/09\/Image_mise_en_avant_Bagad-Men-Glaz-300x198.jpg 300w, https:\/\/www.philippeau.eu\/blog\/wp-content\/uploads\/2024\/09\/Image_mise_en_avant_Bagad-Men-Glaz-768x507.jpg 768w, https:\/\/www.philippeau.eu\/blog\/wp-content\/uploads\/2024\/09\/Image_mise_en_avant_Bagad-Men-Glaz-263x174.jpg 263w, https:\/\/www.philippeau.eu\/blog\/wp-content\/uploads\/2024\/09\/Image_mise_en_avant_Bagad-Men-Glaz-360x238.jpg 360w, https:\/\/www.philippeau.eu\/blog\/wp-content\/uploads\/2024\/09\/Image_mise_en_avant_Bagad-Men-Glaz.jpg 1060w\" sizes=\"auto, (max-width: 1024px) 100vw, 1024px\" \/><\/a><figcaption id=\"caption-attachment-286550\" class=\"wp-caption-text\">Bagad Men Glaz<\/figcaption><\/figure>\n<p>Si vous le souhaitez, revenez visiter cette page et les suivantes que je vais \u00e9crire en plusieurs fois. Ces pages sont accessibles via les liens de navigation du menu \u00ab\u00a0Musique\u00a0\u00bb situ\u00e9 en haut \u00e0 droite des pages qui d\u00e9di\u00e9es \u00e0 ce sujet. <br \/>\nMerci pour votre patience.<\/p>\n<h2>Arriv\u00e9e au Bagad Men Glaz<\/h2>\n<p>Apr\u00e8s avoir quitt\u00e9 l&rsquo;association Les libellules de Saint-Berthevin (53), je n&rsquo;avais plus personne avec qui jouer de la bombarde et cela me manquait. J&rsquo;ai alors recherch\u00e9 un groupe ou une association, mais jouer de la bombarde en Mayenne ce n&rsquo;est pas gagn\u00e9. J&rsquo;avais d\u00e9j\u00e0 vus quelques vieux vinyles Du Bagad Men Glaz de <a href=\"https:\/\/www.trelaze.fr\/\" target=\"_blank\" rel=\"noopener\">Tr\u00e9laz\u00e9<\/a>, mais je ne savais pas si cela existait toujours. C&rsquo;\u00e9tait le cas.<\/p>\n<p>Tr\u00e9laz\u00e9 est en p\u00e9riph\u00e9rie de Angers dans le Maine et Loire (49). Une heure de route pour aller faire de la musique, cela commence \u00e0 faire beaucoup. Je me suis dit que si ils m&rsquo;acceptaient, je pourrais au moins essayer.<\/p>\n<h3>Nous sommes en 2002<\/h3>\n<p>Je ne me souviens pas exactement de la date, mais n&rsquo;\u00e9tant pas tr\u00e8s t\u00e9l\u00e9phone, j&rsquo;ai pr\u00e9f\u00e9r\u00e9 leur \u00e9crire. J&rsquo;attendais des r\u00e9ponses \u00e0 mes interrogations et cela n&rsquo;a pas tard\u00e9. J&rsquo;ai re\u00e7u un courrier de la secr\u00e9taire. Le ton \u00e9tait tr\u00e8s chaleureux et r\u00e9pondait \u00e0 toutes mes questions. On m&rsquo;y invitait \u00e0 venir les rencontrer le mercredi soir en r\u00e9p\u00e9tition. C&rsquo;est ce que j&rsquo;ai fait.<\/p>\n<h3>Mes premi\u00e8re r\u00e9p\u00e9titions<\/h3>\n<p>J&rsquo;avais 41 ans et cela faisait 2 ou 3 ans que j&rsquo;avais souffl\u00e9 pour la premi\u00e8re fois dans une bombarde. Ma premi\u00e8re r\u00e9p\u00e9tition j&rsquo;y \u00e9tais \u00e0 l&rsquo;heure des d\u00e9butants. Habitude que j&rsquo;ai gard\u00e9 m\u00eame ensuite. Je me suis retrouv\u00e9 avec K\u00e9vin et Ludovic, deux cousins de 17 ans qui m&rsquo;ont appris les premiers morceaux \u00e0 la flute (tin whistle).<\/p>\n<p>A la deuxi\u00e8me r\u00e9p\u00e9tition je leur ai demand\u00e9 si je ne pouvais pas apprendre directement les morceaux avec ma bombarde. C&rsquo;\u00e9tait parti et j&rsquo;ai commenc\u00e9 \u00e0 r\u00e9p\u00e9ter avec le pupitre bombardes et l&rsquo;ensemble \u00e0 mesure que je connaissais les morceaux.<\/p>\n<h3>Ma premi\u00e8re sortie avec le Bagad Men Glaz<\/h3>\n<p>J&rsquo;ai fait ma premi\u00e8re sortie avec le bagad environ trois mois apr\u00e8s \u00eatre arriv\u00e9. H\u00e9las je ne me souviens ni la date, ni le lieu et comme je ne faisais pas de photo \u00e0 cette \u00e9poque, je n&rsquo;ai aucun souvenir.<\/p>\n","protected":false},"excerpt":{"rendered":"<p>\u00a0Bienvenue sur cette page o\u00f9 je vais vous parler de mes ann\u00e9es pass\u00e9es au sein du Bagad Men Glaz. Je l&rsquo;ai int\u00e9gr\u00e9 en tant que talabarder (sonneur de bombarde) et par plaisir (et m\u00eame passion)&#8230;<\/p>\n<div class=\"more-link-wrapper\"><a class=\"more-link\" href=\"https:\/\/www.philippeau.eu\/blog\/philippeau-laurent-accueil\/ma-vie\/passions\/musique-et-moi\/mes-annees-bagad-men-glaz\/\"><span class=\"more-text\">Continuer la lecture<\/span><\/a><\/div>\n","protected":false},"author":1,"featured_media":286550,"parent":286476,"menu_order":1,"comment_status":"open","ping_status":"closed","template":"","meta":{"jetpack_post_was_ever_published":false,"footnotes":""},"class_list":["post-286535","page","type-page","status-publish","has-post-thumbnail","hentry","post"],"yoast_head":"<!-- This site is optimized with the Yoast SEO plugin v27.4 - https:\/\/yoast.com\/product\/yoast-seo-wordpress\/ -->\n<title>Mes ann\u00e9es Bagad Men Glaz - philippeau.eu<\/title>\n<meta name=\"description\" content=\"De 2002 \u00e0 2009 mes ann\u00e9es Bagad Men Glaz en tant que talabader (sonneur bombarde), mais aussi en tant que webmaster.\" \/>\n<meta name=\"robots\" content=\"index, follow, max-snippet:-1, max-image-preview:large, max-video-preview:-1\" \/>\n<link rel=\"canonical\" href=\"https:\/\/www.philippeau.eu\/blog\/philippeau-laurent-accueil\/ma-vie\/passions\/musique-et-moi\/mes-annees-bagad-men-glaz\/\" \/>\n<meta property=\"og:locale\" content=\"fr_FR\" \/>\n<meta property=\"og:type\" content=\"article\" \/>\n<meta property=\"og:title\" content=\"Mes ann\u00e9es Bagad Men Glaz - philippeau.eu\" \/>\n<meta property=\"og:description\" content=\"De 2002 \u00e0 2009 mes ann\u00e9es Bagad Men Glaz en tant que talabader (sonneur bombarde), mais aussi en tant que webmaster.\" \/>\n<meta property=\"og:url\" content=\"https:\/\/www.philippeau.eu\/blog\/philippeau-laurent-accueil\/ma-vie\/passions\/musique-et-moi\/mes-annees-bagad-men-glaz\/\" \/>\n<meta property=\"og:site_name\" content=\"philippeau.eu\" \/>\n<meta property=\"article:publisher\" content=\"https:\/\/www.facebook.com\/laurent.philippeau\" \/>\n<meta property=\"article:modified_time\" content=\"2026-03-30T02:41:24+00:00\" \/>\n<meta property=\"og:image\" content=\"https:\/\/www.philippeau.eu\/blog\/wp-content\/uploads\/2024\/09\/Image_mise_en_avant_Bagad-Men-Glaz.jpg\" \/>\n\t<meta property=\"og:image:width\" content=\"1060\" \/>\n\t<meta property=\"og:image:height\" content=\"700\" \/>\n\t<meta property=\"og:image:type\" content=\"image\/jpeg\" \/>\n<meta name=\"twitter:card\" content=\"summary_large_image\" \/>\n<meta name=\"twitter:label1\" content=\"Dur\u00e9e de lecture estim\u00e9e\" \/>\n\t<meta name=\"twitter:data1\" content=\"3 minutes\" \/>\n<script type=\"application\/ld+json\" class=\"yoast-schema-graph\">{\"@context\":\"https:\\\/\\\/schema.org\",\"@graph\":[{\"@type\":\"WebPage\",\"@id\":\"https:\\\/\\\/www.philippeau.eu\\\/blog\\\/philippeau-laurent-accueil\\\/ma-vie\\\/passions\\\/musique-et-moi\\\/mes-annees-bagad-men-glaz\\\/\",\"url\":\"https:\\\/\\\/www.philippeau.eu\\\/blog\\\/philippeau-laurent-accueil\\\/ma-vie\\\/passions\\\/musique-et-moi\\\/mes-annees-bagad-men-glaz\\\/\",\"name\":\"Mes ann\u00e9es Bagad Men Glaz - philippeau.eu\",\"isPartOf\":{\"@id\":\"https:\\\/\\\/www.philippeau.eu\\\/blog\\\/#website\"},\"primaryImageOfPage\":{\"@id\":\"https:\\\/\\\/www.philippeau.eu\\\/blog\\\/philippeau-laurent-accueil\\\/ma-vie\\\/passions\\\/musique-et-moi\\\/mes-annees-bagad-men-glaz\\\/#primaryimage\"},\"image\":{\"@id\":\"https:\\\/\\\/www.philippeau.eu\\\/blog\\\/philippeau-laurent-accueil\\\/ma-vie\\\/passions\\\/musique-et-moi\\\/mes-annees-bagad-men-glaz\\\/#primaryimage\"},\"thumbnailUrl\":\"https:\\\/\\\/www.philippeau.eu\\\/blog\\\/wp-content\\\/uploads\\\/2024\\\/09\\\/Image_mise_en_avant_Bagad-Men-Glaz.jpg\",\"datePublished\":\"2024-09-18T14:17:54+00:00\",\"dateModified\":\"2026-03-30T02:41:24+00:00\",\"description\":\"De 2002 \u00e0 2009 mes ann\u00e9es Bagad Men Glaz en tant que talabader (sonneur bombarde), mais aussi en tant que webmaster.\",\"breadcrumb\":{\"@id\":\"https:\\\/\\\/www.philippeau.eu\\\/blog\\\/philippeau-laurent-accueil\\\/ma-vie\\\/passions\\\/musique-et-moi\\\/mes-annees-bagad-men-glaz\\\/#breadcrumb\"},\"inLanguage\":\"fr-FR\",\"potentialAction\":[{\"@type\":\"ReadAction\",\"target\":[\"https:\\\/\\\/www.philippeau.eu\\\/blog\\\/philippeau-laurent-accueil\\\/ma-vie\\\/passions\\\/musique-et-moi\\\/mes-annees-bagad-men-glaz\\\/\"]}]},{\"@type\":\"ImageObject\",\"inLanguage\":\"fr-FR\",\"@id\":\"https:\\\/\\\/www.philippeau.eu\\\/blog\\\/philippeau-laurent-accueil\\\/ma-vie\\\/passions\\\/musique-et-moi\\\/mes-annees-bagad-men-glaz\\\/#primaryimage\",\"url\":\"https:\\\/\\\/www.philippeau.eu\\\/blog\\\/wp-content\\\/uploads\\\/2024\\\/09\\\/Image_mise_en_avant_Bagad-Men-Glaz.jpg\",\"contentUrl\":\"https:\\\/\\\/www.philippeau.eu\\\/blog\\\/wp-content\\\/uploads\\\/2024\\\/09\\\/Image_mise_en_avant_Bagad-Men-Glaz.jpg\",\"width\":1060,\"height\":700,\"caption\":\"Bagad Men Glaz\"},{\"@type\":\"BreadcrumbList\",\"@id\":\"https:\\\/\\\/www.philippeau.eu\\\/blog\\\/philippeau-laurent-accueil\\\/ma-vie\\\/passions\\\/musique-et-moi\\\/mes-annees-bagad-men-glaz\\\/#breadcrumb\",\"itemListElement\":[{\"@type\":\"ListItem\",\"position\":1,\"name\":\"Accueil\",\"item\":\"https:\\\/\\\/www.philippeau.eu\\\/blog\\\/\"},{\"@type\":\"ListItem\",\"position\":2,\"name\":\"Philippeau laurent\",\"item\":\"https:\\\/\\\/www.philippeau.eu\\\/blog\\\/\"},{\"@type\":\"ListItem\",\"position\":3,\"name\":\"Ma vie et Plus\",\"item\":\"https:\\\/\\\/www.philippeau.eu\\\/blog\\\/philippeau-laurent-accueil\\\/ma-vie\\\/\"},{\"@type\":\"ListItem\",\"position\":4,\"name\":\"Passions\",\"item\":\"https:\\\/\\\/www.philippeau.eu\\\/blog\\\/philippeau-laurent-accueil\\\/ma-vie\\\/passions\\\/\"},{\"@type\":\"ListItem\",\"position\":5,\"name\":\"Musique et moi\",\"item\":\"https:\\\/\\\/www.philippeau.eu\\\/blog\\\/philippeau-laurent-accueil\\\/ma-vie\\\/passions\\\/musique-et-moi\\\/\"},{\"@type\":\"ListItem\",\"position\":6,\"name\":\"Mes ann\u00e9es Bagad Men Glaz\"}]},{\"@type\":\"WebSite\",\"@id\":\"https:\\\/\\\/www.philippeau.eu\\\/blog\\\/#website\",\"url\":\"https:\\\/\\\/www.philippeau.eu\\\/blog\\\/\",\"name\":\"philippeau.eu\",\"description\":\"\",\"publisher\":{\"@id\":\"https:\\\/\\\/www.philippeau.eu\\\/blog\\\/#\\\/schema\\\/person\\\/d0321ac69485a2fa34a86270145a4038\"},\"potentialAction\":[{\"@type\":\"SearchAction\",\"target\":{\"@type\":\"EntryPoint\",\"urlTemplate\":\"https:\\\/\\\/www.philippeau.eu\\\/blog\\\/?s={search_term_string}\"},\"query-input\":{\"@type\":\"PropertyValueSpecification\",\"valueRequired\":true,\"valueName\":\"search_term_string\"}}],\"inLanguage\":\"fr-FR\"},{\"@type\":[\"Person\",\"Organization\"],\"@id\":\"https:\\\/\\\/www.philippeau.eu\\\/blog\\\/#\\\/schema\\\/person\\\/d0321ac69485a2fa34a86270145a4038\",\"name\":\"Laurent\",\"image\":{\"@type\":\"ImageObject\",\"inLanguage\":\"fr-FR\",\"@id\":\"https:\\\/\\\/www.philippeau.eu\\\/blog\\\/wp-content\\\/uploads\\\/2020\\\/11\\\/cropped-PL_logo_initiales_img.png\",\"url\":\"https:\\\/\\\/www.philippeau.eu\\\/blog\\\/wp-content\\\/uploads\\\/2020\\\/11\\\/cropped-PL_logo_initiales_img.png\",\"contentUrl\":\"https:\\\/\\\/www.philippeau.eu\\\/blog\\\/wp-content\\\/uploads\\\/2020\\\/11\\\/cropped-PL_logo_initiales_img.png\",\"width\":512,\"height\":512,\"caption\":\"Laurent\"},\"logo\":{\"@id\":\"https:\\\/\\\/www.philippeau.eu\\\/blog\\\/wp-content\\\/uploads\\\/2020\\\/11\\\/cropped-PL_logo_initiales_img.png\"},\"description\":\"Propri\u00e9taire et webmaster du site www.philippeau.eu\",\"sameAs\":[\"https:\\\/\\\/www.philippeau.eu\",\"https:\\\/\\\/www.facebook.com\\\/laurent.philippeau\",\"https:\\\/\\\/www.youtube.com\\\/channel\\\/UCgwFBEt9Dv03TyDiBPNGL-Q\"]}]}<\/script>\n<!-- \/ Yoast SEO plugin. -->","yoast_head_json":{"title":"Mes ann\u00e9es Bagad Men Glaz - philippeau.eu","description":"De 2002 \u00e0 2009 mes ann\u00e9es Bagad Men Glaz en tant que talabader (sonneur bombarde), mais aussi en tant que webmaster.","robots":{"index":"index","follow":"follow","max-snippet":"max-snippet:-1","max-image-preview":"max-image-preview:large","max-video-preview":"max-video-preview:-1"},"canonical":"https:\/\/www.philippeau.eu\/blog\/philippeau-laurent-accueil\/ma-vie\/passions\/musique-et-moi\/mes-annees-bagad-men-glaz\/","og_locale":"fr_FR","og_type":"article","og_title":"Mes ann\u00e9es Bagad Men Glaz - philippeau.eu","og_description":"De 2002 \u00e0 2009 mes ann\u00e9es Bagad Men Glaz en tant que talabader (sonneur bombarde), mais aussi en tant que webmaster.","og_url":"https:\/\/www.philippeau.eu\/blog\/philippeau-laurent-accueil\/ma-vie\/passions\/musique-et-moi\/mes-annees-bagad-men-glaz\/","og_site_name":"philippeau.eu","article_publisher":"https:\/\/www.facebook.com\/laurent.philippeau","article_modified_time":"2026-03-30T02:41:24+00:00","og_image":[{"width":1060,"height":700,"url":"https:\/\/www.philippeau.eu\/blog\/wp-content\/uploads\/2024\/09\/Image_mise_en_avant_Bagad-Men-Glaz.jpg","type":"image\/jpeg"}],"twitter_card":"summary_large_image","twitter_misc":{"Dur\u00e9e de lecture estim\u00e9e":"3 minutes"},"schema":{"@context":"https:\/\/schema.org","@graph":[{"@type":"WebPage","@id":"https:\/\/www.philippeau.eu\/blog\/philippeau-laurent-accueil\/ma-vie\/passions\/musique-et-moi\/mes-annees-bagad-men-glaz\/","url":"https:\/\/www.philippeau.eu\/blog\/philippeau-laurent-accueil\/ma-vie\/passions\/musique-et-moi\/mes-annees-bagad-men-glaz\/","name":"Mes ann\u00e9es Bagad Men Glaz - philippeau.eu","isPartOf":{"@id":"https:\/\/www.philippeau.eu\/blog\/#website"},"primaryImageOfPage":{"@id":"https:\/\/www.philippeau.eu\/blog\/philippeau-laurent-accueil\/ma-vie\/passions\/musique-et-moi\/mes-annees-bagad-men-glaz\/#primaryimage"},"image":{"@id":"https:\/\/www.philippeau.eu\/blog\/philippeau-laurent-accueil\/ma-vie\/passions\/musique-et-moi\/mes-annees-bagad-men-glaz\/#primaryimage"},"thumbnailUrl":"https:\/\/www.philippeau.eu\/blog\/wp-content\/uploads\/2024\/09\/Image_mise_en_avant_Bagad-Men-Glaz.jpg","datePublished":"2024-09-18T14:17:54+00:00","dateModified":"2026-03-30T02:41:24+00:00","description":"De 2002 \u00e0 2009 mes ann\u00e9es Bagad Men Glaz en tant que talabader (sonneur bombarde), mais aussi en tant que webmaster.","breadcrumb":{"@id":"https:\/\/www.philippeau.eu\/blog\/philippeau-laurent-accueil\/ma-vie\/passions\/musique-et-moi\/mes-annees-bagad-men-glaz\/#breadcrumb"},"inLanguage":"fr-FR","potentialAction":[{"@type":"ReadAction","target":["https:\/\/www.philippeau.eu\/blog\/philippeau-laurent-accueil\/ma-vie\/passions\/musique-et-moi\/mes-annees-bagad-men-glaz\/"]}]},{"@type":"ImageObject","inLanguage":"fr-FR","@id":"https:\/\/www.philippeau.eu\/blog\/philippeau-laurent-accueil\/ma-vie\/passions\/musique-et-moi\/mes-annees-bagad-men-glaz\/#primaryimage","url":"https:\/\/www.philippeau.eu\/blog\/wp-content\/uploads\/2024\/09\/Image_mise_en_avant_Bagad-Men-Glaz.jpg","contentUrl":"https:\/\/www.philippeau.eu\/blog\/wp-content\/uploads\/2024\/09\/Image_mise_en_avant_Bagad-Men-Glaz.jpg","width":1060,"height":700,"caption":"Bagad Men Glaz"},{"@type":"BreadcrumbList","@id":"https:\/\/www.philippeau.eu\/blog\/philippeau-laurent-accueil\/ma-vie\/passions\/musique-et-moi\/mes-annees-bagad-men-glaz\/#breadcrumb","itemListElement":[{"@type":"ListItem","position":1,"name":"Accueil","item":"https:\/\/www.philippeau.eu\/blog\/"},{"@type":"ListItem","position":2,"name":"Philippeau laurent","item":"https:\/\/www.philippeau.eu\/blog\/"},{"@type":"ListItem","position":3,"name":"Ma vie et Plus","item":"https:\/\/www.philippeau.eu\/blog\/philippeau-laurent-accueil\/ma-vie\/"},{"@type":"ListItem","position":4,"name":"Passions","item":"https:\/\/www.philippeau.eu\/blog\/philippeau-laurent-accueil\/ma-vie\/passions\/"},{"@type":"ListItem","position":5,"name":"Musique et moi","item":"https:\/\/www.philippeau.eu\/blog\/philippeau-laurent-accueil\/ma-vie\/passions\/musique-et-moi\/"},{"@type":"ListItem","position":6,"name":"Mes ann\u00e9es Bagad Men Glaz"}]},{"@type":"WebSite","@id":"https:\/\/www.philippeau.eu\/blog\/#website","url":"https:\/\/www.philippeau.eu\/blog\/","name":"philippeau.eu","description":"","publisher":{"@id":"https:\/\/www.philippeau.eu\/blog\/#\/schema\/person\/d0321ac69485a2fa34a86270145a4038"},"potentialAction":[{"@type":"SearchAction","target":{"@type":"EntryPoint","urlTemplate":"https:\/\/www.philippeau.eu\/blog\/?s={search_term_string}"},"query-input":{"@type":"PropertyValueSpecification","valueRequired":true,"valueName":"search_term_string"}}],"inLanguage":"fr-FR"},{"@type":["Person","Organization"],"@id":"https:\/\/www.philippeau.eu\/blog\/#\/schema\/person\/d0321ac69485a2fa34a86270145a4038","name":"Laurent","image":{"@type":"ImageObject","inLanguage":"fr-FR","@id":"https:\/\/www.philippeau.eu\/blog\/wp-content\/uploads\/2020\/11\/cropped-PL_logo_initiales_img.png","url":"https:\/\/www.philippeau.eu\/blog\/wp-content\/uploads\/2020\/11\/cropped-PL_logo_initiales_img.png","contentUrl":"https:\/\/www.philippeau.eu\/blog\/wp-content\/uploads\/2020\/11\/cropped-PL_logo_initiales_img.png","width":512,"height":512,"caption":"Laurent"},"logo":{"@id":"https:\/\/www.philippeau.eu\/blog\/wp-content\/uploads\/2020\/11\/cropped-PL_logo_initiales_img.png"},"description":"Propri\u00e9taire et webmaster du site www.philippeau.eu","sameAs":["https:\/\/www.philippeau.eu","https:\/\/www.facebook.com\/laurent.philippeau","https:\/\/www.youtube.com\/channel\/UCgwFBEt9Dv03TyDiBPNGL-Q"]}]}},"jetpack_likes_enabled":true,"jetpack_sharing_enabled":true,"_links":{"self":[{"href":"https:\/\/www.philippeau.eu\/blog\/wp-json\/wp\/v2\/pages\/286535","targetHints":{"allow":["GET"]}}],"collection":[{"href":"https:\/\/www.philippeau.eu\/blog\/wp-json\/wp\/v2\/pages"}],"about":[{"href":"https:\/\/www.philippeau.eu\/blog\/wp-json\/wp\/v2\/types\/page"}],"author":[{"embeddable":true,"href":"https:\/\/www.philippeau.eu\/blog\/wp-json\/wp\/v2\/users\/1"}],"replies":[{"embeddable":true,"href":"https:\/\/www.philippeau.eu\/blog\/wp-json\/wp\/v2\/comments?post=286535"}],"version-history":[{"count":3,"href":"https:\/\/www.philippeau.eu\/blog\/wp-json\/wp\/v2\/pages\/286535\/revisions"}],"predecessor-version":[{"id":287691,"href":"https:\/\/www.philippeau.eu\/blog\/wp-json\/wp\/v2\/pages\/286535\/revisions\/287691"}],"up":[{"embeddable":true,"href":"https:\/\/www.philippeau.eu\/blog\/wp-json\/wp\/v2\/pages\/286476"}],"wp:featuredmedia":[{"embeddable":true,"href":"https:\/\/www.philippeau.eu\/blog\/wp-json\/wp\/v2\/media\/286550"}],"wp:attachment":[{"href":"https:\/\/www.philippeau.eu\/blog\/wp-json\/wp\/v2\/media?parent=286535"}],"curies":[{"name":"wp","href":"https:\/\/api.w.org\/{rel}","templated":true}]}}