{"id":285563,"date":"2021-11-24T12:19:28","date_gmt":"2021-11-24T11:19:28","guid":{"rendered":"https:\/\/www.philippeau.eu\/blog\/?page_id=285563"},"modified":"2025-12-04T09:51:20","modified_gmt":"2025-12-04T07:51:20","slug":"novembre-le-mois-et-moi","status":"publish","type":"page","link":"https:\/\/www.philippeau.eu\/blog\/philippeau-laurent-accueil\/ma-vie\/evenements-et-etapes-importantes\/novembre-le-mois-et-moi\/","title":{"rendered":"#Novembre, le mois et moi."},"content":{"rendered":"Vous devez \u00eatre connect\u00e9 pour voir ce contenu.","protected":false},"excerpt":{"rendered":"Vous devez \u00eatre connect\u00e9 pour voir ce contenu.","protected":false},"author":1,"featured_media":285569,"parent":285561,"menu_order":0,"comment_status":"open","ping_status":"closed","template":"","meta":{"jetpack_post_was_ever_published":false,"footnotes":""},"class_list":["post-285563","page","type-page","status-publish","has-post-thumbnail","hentry","post"],"yoast_head":"<!-- This site is optimized with the Yoast SEO plugin v27.4 - https:\/\/yoast.com\/product\/yoast-seo-wordpress\/ -->\n<title>#Novembre, le mois et moi. - philippeau.eu<\/title>\n<meta name=\"description\" content=\"#novembre, que repr\u00e9sente ce mois pour moi ? Nul doute qu&#039;il est l&#039;un sinon le plus important de tous dans ma propre vie.\" \/>\n<meta name=\"robots\" content=\"index, follow, max-snippet:-1, max-image-preview:large, max-video-preview:-1\" \/>\n<link rel=\"canonical\" href=\"https:\/\/www.philippeau.eu\/blog\/philippeau-laurent-accueil\/ma-vie\/evenements-et-etapes-importantes\/novembre-le-mois-et-moi\/\" \/>\n<meta property=\"og:locale\" content=\"fr_FR\" \/>\n<meta property=\"og:type\" content=\"article\" \/>\n<meta property=\"og:title\" content=\"#Novembre, le mois et moi. - philippeau.eu\" \/>\n<meta property=\"og:description\" content=\"#novembre, que repr\u00e9sente ce mois pour moi ? Nul doute qu&#039;il est l&#039;un sinon le plus important de tous dans ma propre vie.\" \/>\n<meta property=\"og:url\" content=\"https:\/\/www.philippeau.eu\/blog\/philippeau-laurent-accueil\/ma-vie\/evenements-et-etapes-importantes\/novembre-le-mois-et-moi\/\" \/>\n<meta property=\"og:site_name\" content=\"philippeau.eu\" \/>\n<meta property=\"article:publisher\" content=\"https:\/\/www.facebook.com\/laurent.philippeau\" \/>\n<meta property=\"article:modified_time\" content=\"2025-12-04T07:51:20+00:00\" \/>\n<meta property=\"og:image\" content=\"https:\/\/www.philippeau.eu\/blog\/wp-content\/uploads\/2021\/11\/Image_mise_en_avant_novembre_le_mois_et_moi.jpg\" \/>\n\t<meta property=\"og:image:width\" content=\"1060\" \/>\n\t<meta property=\"og:image:height\" content=\"700\" \/>\n\t<meta property=\"og:image:type\" content=\"image\/jpeg\" \/>\n<meta name=\"twitter:card\" content=\"summary_large_image\" \/>\n<meta name=\"twitter:label1\" content=\"Dur\u00e9e de lecture estim\u00e9e\" \/>\n\t<meta name=\"twitter:data1\" content=\"4 minutes\" \/>\n<script type=\"application\/ld+json\" class=\"yoast-schema-graph\">{\"@context\":\"https:\\\/\\\/schema.org\",\"@graph\":[{\"@type\":\"WebPage\",\"@id\":\"https:\\\/\\\/www.philippeau.eu\\\/blog\\\/philippeau-laurent-accueil\\\/ma-vie\\\/evenements-et-etapes-importantes\\\/novembre-le-mois-et-moi\\\/\",\"url\":\"https:\\\/\\\/www.philippeau.eu\\\/blog\\\/philippeau-laurent-accueil\\\/ma-vie\\\/evenements-et-etapes-importantes\\\/novembre-le-mois-et-moi\\\/\",\"name\":\"#Novembre, le mois et moi. - philippeau.eu\",\"isPartOf\":{\"@id\":\"https:\\\/\\\/www.philippeau.eu\\\/blog\\\/#website\"},\"primaryImageOfPage\":{\"@id\":\"https:\\\/\\\/www.philippeau.eu\\\/blog\\\/philippeau-laurent-accueil\\\/ma-vie\\\/evenements-et-etapes-importantes\\\/novembre-le-mois-et-moi\\\/#primaryimage\"},\"image\":{\"@id\":\"https:\\\/\\\/www.philippeau.eu\\\/blog\\\/philippeau-laurent-accueil\\\/ma-vie\\\/evenements-et-etapes-importantes\\\/novembre-le-mois-et-moi\\\/#primaryimage\"},\"thumbnailUrl\":\"https:\\\/\\\/www.philippeau.eu\\\/blog\\\/wp-content\\\/uploads\\\/2021\\\/11\\\/Image_mise_en_avant_novembre_le_mois_et_moi.jpg\",\"datePublished\":\"2021-11-24T11:19:28+00:00\",\"dateModified\":\"2025-12-04T07:51:20+00:00\",\"description\":\"#novembre, que repr\u00e9sente ce mois pour moi ? Nul doute qu'il est l'un sinon le plus important de tous dans ma propre vie.\",\"breadcrumb\":{\"@id\":\"https:\\\/\\\/www.philippeau.eu\\\/blog\\\/philippeau-laurent-accueil\\\/ma-vie\\\/evenements-et-etapes-importantes\\\/novembre-le-mois-et-moi\\\/#breadcrumb\"},\"inLanguage\":\"fr-FR\",\"potentialAction\":[{\"@type\":\"ReadAction\",\"target\":[\"https:\\\/\\\/www.philippeau.eu\\\/blog\\\/philippeau-laurent-accueil\\\/ma-vie\\\/evenements-et-etapes-importantes\\\/novembre-le-mois-et-moi\\\/\"]}]},{\"@type\":\"ImageObject\",\"inLanguage\":\"fr-FR\",\"@id\":\"https:\\\/\\\/www.philippeau.eu\\\/blog\\\/philippeau-laurent-accueil\\\/ma-vie\\\/evenements-et-etapes-importantes\\\/novembre-le-mois-et-moi\\\/#primaryimage\",\"url\":\"https:\\\/\\\/www.philippeau.eu\\\/blog\\\/wp-content\\\/uploads\\\/2021\\\/11\\\/Image_mise_en_avant_novembre_le_mois_et_moi.jpg\",\"contentUrl\":\"https:\\\/\\\/www.philippeau.eu\\\/blog\\\/wp-content\\\/uploads\\\/2021\\\/11\\\/Image_mise_en_avant_novembre_le_mois_et_moi.jpg\",\"width\":1060,\"height\":700,\"caption\":\"novembre le mois et moi\"},{\"@type\":\"BreadcrumbList\",\"@id\":\"https:\\\/\\\/www.philippeau.eu\\\/blog\\\/philippeau-laurent-accueil\\\/ma-vie\\\/evenements-et-etapes-importantes\\\/novembre-le-mois-et-moi\\\/#breadcrumb\",\"itemListElement\":[{\"@type\":\"ListItem\",\"position\":1,\"name\":\"Accueil\",\"item\":\"https:\\\/\\\/www.philippeau.eu\\\/blog\\\/\"},{\"@type\":\"ListItem\",\"position\":2,\"name\":\"Philippeau laurent\",\"item\":\"https:\\\/\\\/www.philippeau.eu\\\/blog\\\/\"},{\"@type\":\"ListItem\",\"position\":3,\"name\":\"Ma vie et Plus\",\"item\":\"https:\\\/\\\/www.philippeau.eu\\\/blog\\\/philippeau-laurent-accueil\\\/ma-vie\\\/\"},{\"@type\":\"ListItem\",\"position\":4,\"name\":\"\u00c9v\u00e9nements et \u00e9tapes importantes\",\"item\":\"https:\\\/\\\/www.philippeau.eu\\\/blog\\\/philippeau-laurent-accueil\\\/ma-vie\\\/evenements-et-etapes-importantes\\\/\"},{\"@type\":\"ListItem\",\"position\":5,\"name\":\"#Novembre, le mois et moi.\"}]},{\"@type\":\"WebSite\",\"@id\":\"https:\\\/\\\/www.philippeau.eu\\\/blog\\\/#website\",\"url\":\"https:\\\/\\\/www.philippeau.eu\\\/blog\\\/\",\"name\":\"philippeau.eu\",\"description\":\"\",\"publisher\":{\"@id\":\"https:\\\/\\\/www.philippeau.eu\\\/blog\\\/#\\\/schema\\\/person\\\/d0321ac69485a2fa34a86270145a4038\"},\"potentialAction\":[{\"@type\":\"SearchAction\",\"target\":{\"@type\":\"EntryPoint\",\"urlTemplate\":\"https:\\\/\\\/www.philippeau.eu\\\/blog\\\/?s={search_term_string}\"},\"query-input\":{\"@type\":\"PropertyValueSpecification\",\"valueRequired\":true,\"valueName\":\"search_term_string\"}}],\"inLanguage\":\"fr-FR\"},{\"@type\":[\"Person\",\"Organization\"],\"@id\":\"https:\\\/\\\/www.philippeau.eu\\\/blog\\\/#\\\/schema\\\/person\\\/d0321ac69485a2fa34a86270145a4038\",\"name\":\"Laurent\",\"image\":{\"@type\":\"ImageObject\",\"inLanguage\":\"fr-FR\",\"@id\":\"https:\\\/\\\/www.philippeau.eu\\\/blog\\\/wp-content\\\/uploads\\\/2020\\\/11\\\/cropped-PL_logo_initiales_img.png\",\"url\":\"https:\\\/\\\/www.philippeau.eu\\\/blog\\\/wp-content\\\/uploads\\\/2020\\\/11\\\/cropped-PL_logo_initiales_img.png\",\"contentUrl\":\"https:\\\/\\\/www.philippeau.eu\\\/blog\\\/wp-content\\\/uploads\\\/2020\\\/11\\\/cropped-PL_logo_initiales_img.png\",\"width\":512,\"height\":512,\"caption\":\"Laurent\"},\"logo\":{\"@id\":\"https:\\\/\\\/www.philippeau.eu\\\/blog\\\/wp-content\\\/uploads\\\/2020\\\/11\\\/cropped-PL_logo_initiales_img.png\"},\"description\":\"Propri\u00e9taire et webmaster du site www.philippeau.eu\",\"sameAs\":[\"https:\\\/\\\/www.philippeau.eu\",\"https:\\\/\\\/www.facebook.com\\\/laurent.philippeau\",\"https:\\\/\\\/www.youtube.com\\\/channel\\\/UCgwFBEt9Dv03TyDiBPNGL-Q\"]}]}<\/script>\n<!-- \/ Yoast SEO plugin. -->","yoast_head_json":{"title":"#Novembre, le mois et moi. - philippeau.eu","description":"#novembre, que repr\u00e9sente ce mois pour moi ? Nul doute qu'il est l'un sinon le plus important de tous dans ma propre vie.","robots":{"index":"index","follow":"follow","max-snippet":"max-snippet:-1","max-image-preview":"max-image-preview:large","max-video-preview":"max-video-preview:-1"},"canonical":"https:\/\/www.philippeau.eu\/blog\/philippeau-laurent-accueil\/ma-vie\/evenements-et-etapes-importantes\/novembre-le-mois-et-moi\/","og_locale":"fr_FR","og_type":"article","og_title":"#Novembre, le mois et moi. - philippeau.eu","og_description":"#novembre, que repr\u00e9sente ce mois pour moi ? Nul doute qu'il est l'un sinon le plus important de tous dans ma propre vie.","og_url":"https:\/\/www.philippeau.eu\/blog\/philippeau-laurent-accueil\/ma-vie\/evenements-et-etapes-importantes\/novembre-le-mois-et-moi\/","og_site_name":"philippeau.eu","article_publisher":"https:\/\/www.facebook.com\/laurent.philippeau","article_modified_time":"2025-12-04T07:51:20+00:00","og_image":[{"width":1060,"height":700,"url":"https:\/\/www.philippeau.eu\/blog\/wp-content\/uploads\/2021\/11\/Image_mise_en_avant_novembre_le_mois_et_moi.jpg","type":"image\/jpeg"}],"twitter_card":"summary_large_image","twitter_misc":{"Dur\u00e9e de lecture estim\u00e9e":"4 minutes"},"schema":{"@context":"https:\/\/schema.org","@graph":[{"@type":"WebPage","@id":"https:\/\/www.philippeau.eu\/blog\/philippeau-laurent-accueil\/ma-vie\/evenements-et-etapes-importantes\/novembre-le-mois-et-moi\/","url":"https:\/\/www.philippeau.eu\/blog\/philippeau-laurent-accueil\/ma-vie\/evenements-et-etapes-importantes\/novembre-le-mois-et-moi\/","name":"#Novembre, le mois et moi. - philippeau.eu","isPartOf":{"@id":"https:\/\/www.philippeau.eu\/blog\/#website"},"primaryImageOfPage":{"@id":"https:\/\/www.philippeau.eu\/blog\/philippeau-laurent-accueil\/ma-vie\/evenements-et-etapes-importantes\/novembre-le-mois-et-moi\/#primaryimage"},"image":{"@id":"https:\/\/www.philippeau.eu\/blog\/philippeau-laurent-accueil\/ma-vie\/evenements-et-etapes-importantes\/novembre-le-mois-et-moi\/#primaryimage"},"thumbnailUrl":"https:\/\/www.philippeau.eu\/blog\/wp-content\/uploads\/2021\/11\/Image_mise_en_avant_novembre_le_mois_et_moi.jpg","datePublished":"2021-11-24T11:19:28+00:00","dateModified":"2025-12-04T07:51:20+00:00","description":"#novembre, que repr\u00e9sente ce mois pour moi ? Nul doute qu'il est l'un sinon le plus important de tous dans ma propre vie.","breadcrumb":{"@id":"https:\/\/www.philippeau.eu\/blog\/philippeau-laurent-accueil\/ma-vie\/evenements-et-etapes-importantes\/novembre-le-mois-et-moi\/#breadcrumb"},"inLanguage":"fr-FR","potentialAction":[{"@type":"ReadAction","target":["https:\/\/www.philippeau.eu\/blog\/philippeau-laurent-accueil\/ma-vie\/evenements-et-etapes-importantes\/novembre-le-mois-et-moi\/"]}]},{"@type":"ImageObject","inLanguage":"fr-FR","@id":"https:\/\/www.philippeau.eu\/blog\/philippeau-laurent-accueil\/ma-vie\/evenements-et-etapes-importantes\/novembre-le-mois-et-moi\/#primaryimage","url":"https:\/\/www.philippeau.eu\/blog\/wp-content\/uploads\/2021\/11\/Image_mise_en_avant_novembre_le_mois_et_moi.jpg","contentUrl":"https:\/\/www.philippeau.eu\/blog\/wp-content\/uploads\/2021\/11\/Image_mise_en_avant_novembre_le_mois_et_moi.jpg","width":1060,"height":700,"caption":"novembre le mois et moi"},{"@type":"BreadcrumbList","@id":"https:\/\/www.philippeau.eu\/blog\/philippeau-laurent-accueil\/ma-vie\/evenements-et-etapes-importantes\/novembre-le-mois-et-moi\/#breadcrumb","itemListElement":[{"@type":"ListItem","position":1,"name":"Accueil","item":"https:\/\/www.philippeau.eu\/blog\/"},{"@type":"ListItem","position":2,"name":"Philippeau laurent","item":"https:\/\/www.philippeau.eu\/blog\/"},{"@type":"ListItem","position":3,"name":"Ma vie et Plus","item":"https:\/\/www.philippeau.eu\/blog\/philippeau-laurent-accueil\/ma-vie\/"},{"@type":"ListItem","position":4,"name":"\u00c9v\u00e9nements et \u00e9tapes importantes","item":"https:\/\/www.philippeau.eu\/blog\/philippeau-laurent-accueil\/ma-vie\/evenements-et-etapes-importantes\/"},{"@type":"ListItem","position":5,"name":"#Novembre, le mois et moi."}]},{"@type":"WebSite","@id":"https:\/\/www.philippeau.eu\/blog\/#website","url":"https:\/\/www.philippeau.eu\/blog\/","name":"philippeau.eu","description":"","publisher":{"@id":"https:\/\/www.philippeau.eu\/blog\/#\/schema\/person\/d0321ac69485a2fa34a86270145a4038"},"potentialAction":[{"@type":"SearchAction","target":{"@type":"EntryPoint","urlTemplate":"https:\/\/www.philippeau.eu\/blog\/?s={search_term_string}"},"query-input":{"@type":"PropertyValueSpecification","valueRequired":true,"valueName":"search_term_string"}}],"inLanguage":"fr-FR"},{"@type":["Person","Organization"],"@id":"https:\/\/www.philippeau.eu\/blog\/#\/schema\/person\/d0321ac69485a2fa34a86270145a4038","name":"Laurent","image":{"@type":"ImageObject","inLanguage":"fr-FR","@id":"https:\/\/www.philippeau.eu\/blog\/wp-content\/uploads\/2020\/11\/cropped-PL_logo_initiales_img.png","url":"https:\/\/www.philippeau.eu\/blog\/wp-content\/uploads\/2020\/11\/cropped-PL_logo_initiales_img.png","contentUrl":"https:\/\/www.philippeau.eu\/blog\/wp-content\/uploads\/2020\/11\/cropped-PL_logo_initiales_img.png","width":512,"height":512,"caption":"Laurent"},"logo":{"@id":"https:\/\/www.philippeau.eu\/blog\/wp-content\/uploads\/2020\/11\/cropped-PL_logo_initiales_img.png"},"description":"Propri\u00e9taire et webmaster du site www.philippeau.eu","sameAs":["https:\/\/www.philippeau.eu","https:\/\/www.facebook.com\/laurent.philippeau","https:\/\/www.youtube.com\/channel\/UCgwFBEt9Dv03TyDiBPNGL-Q"]}]}},"jetpack_likes_enabled":true,"jetpack_sharing_enabled":true,"_links":{"self":[{"href":"https:\/\/www.philippeau.eu\/blog\/wp-json\/wp\/v2\/pages\/285563","targetHints":{"allow":["GET"]}}],"collection":[{"href":"https:\/\/www.philippeau.eu\/blog\/wp-json\/wp\/v2\/pages"}],"about":[{"href":"https:\/\/www.philippeau.eu\/blog\/wp-json\/wp\/v2\/types\/page"}],"author":[{"embeddable":true,"href":"https:\/\/www.philippeau.eu\/blog\/wp-json\/wp\/v2\/users\/1"}],"replies":[{"embeddable":true,"href":"https:\/\/www.philippeau.eu\/blog\/wp-json\/wp\/v2\/comments?post=285563"}],"version-history":[{"count":3,"href":"https:\/\/www.philippeau.eu\/blog\/wp-json\/wp\/v2\/pages\/285563\/revisions"}],"predecessor-version":[{"id":287332,"href":"https:\/\/www.philippeau.eu\/blog\/wp-json\/wp\/v2\/pages\/285563\/revisions\/287332"}],"up":[{"embeddable":true,"href":"https:\/\/www.philippeau.eu\/blog\/wp-json\/wp\/v2\/pages\/285561"}],"wp:featuredmedia":[{"embeddable":true,"href":"https:\/\/www.philippeau.eu\/blog\/wp-json\/wp\/v2\/media\/285569"}],"wp:attachment":[{"href":"https:\/\/www.philippeau.eu\/blog\/wp-json\/wp\/v2\/media?parent=285563"}],"curies":[{"name":"wp","href":"https:\/\/api.w.org\/{rel}","templated":true}]}}