{"id":285102,"date":"2020-07-22T17:30:07","date_gmt":"2020-07-22T16:30:07","guid":{"rendered":"https:\/\/www.philippeau.eu\/blog\/?page_id=285102"},"modified":"2024-12-15T18:44:50","modified_gmt":"2024-12-15T16:44:50","slug":"credits-et-droit-a-loubli-avez-vous-deja-fait-une-demande-de-credit-immobilier-automobile-ou-a-la-consommation-en-tant-que-malade-dun-cancer-du-poumon","status":"publish","type":"page","link":"https:\/\/www.philippeau.eu\/blog\/cancer-du-poumon\/les-sondages\/credits-et-droit-a-loubli-avez-vous-deja-fait-une-demande-de-credit-immobilier-automobile-ou-a-la-consommation-en-tant-que-malade-dun-cancer-du-poumon\/","title":{"rendered":"Cr\u00e9dits et droit \u00e0 l&rsquo;oubli : Avez-vous d\u00e9j\u00e0 fait une demande de cr\u00e9dit immobilier, automobile ou \u00e0 la consommation en tant que malade d&rsquo;un cancer du poumon ?"},"content":{"rendered":"<p>Ce sondage est <span style=\"color: #ff0000;\">aujourd&rsquo;hui ferm\u00e9<\/span>, ci-dessous le r\u00e9sultat au jour de la fermeture le 15\/12\/2024.<\/p>\n<p><a  href=\"https:\/\/www.philippeau.eu\/blog\/wp-content\/uploads\/2024\/12\/Credit_Reponse.png\" data-rel=\"lightbox-gallery-0\" data-rl_title=\"Cr\u00e9dits et droit \u00e0 l&rsquo;oubli : Avez-vous d\u00e9j\u00e0 fait une demande de cr\u00e9dit immobilier, automobile ou \u00e0 la consommation en tant que malade d&rsquo;un cancer du poumon ?\" data-rl_caption=\"\" title=\"Cr\u00e9dits et droit \u00e0 l&rsquo;oubli : Avez-vous d\u00e9j\u00e0 fait une demande de cr\u00e9dit immobilier, automobile ou \u00e0 la consommation en tant que malade d&rsquo;un cancer du poumon ?\"><img loading=\"lazy\" decoding=\"async\" class=\"alignnone size-full wp-image-287007\" src=\"https:\/\/www.philippeau.eu\/blog\/wp-content\/uploads\/2024\/12\/Credit_Reponse.png\" alt=\"Cr\u00e9dits et droit \u00e0 l'oubli : Avez-vous d\u00e9j\u00e0 fait une demande de cr\u00e9dit immobilier, automobile ou \u00e0 la consommation en tant que malade d'un cancer du poumon ?\" width=\"630\" height=\"467\" srcset=\"https:\/\/www.philippeau.eu\/blog\/wp-content\/uploads\/2024\/12\/Credit_Reponse.png 630w, https:\/\/www.philippeau.eu\/blog\/wp-content\/uploads\/2024\/12\/Credit_Reponse-300x222.png 300w\" sizes=\"auto, (max-width: 630px) 100vw, 630px\" \/><\/a><\/p>\n<p><a href=\"https:\/\/www.philippeau.eu\/blog\/?s=droit+%C3%A0+l%27oubli\">Publications en lien avec ce sondage<\/a>.<\/p>\n","protected":false},"excerpt":{"rendered":"<p>Ce sondage est aujourd&rsquo;hui ferm\u00e9, ci-dessous le r\u00e9sultat au jour de la fermeture le 15\/12\/2024. Publications en lien avec ce sondage.<\/p>\n","protected":false},"author":1,"featured_media":1381,"parent":169,"menu_order":7,"comment_status":"open","ping_status":"closed","template":"","meta":{"jetpack_post_was_ever_published":false,"footnotes":""},"class_list":["post-285102","page","type-page","status-publish","has-post-thumbnail","hentry","post"],"yoast_head":"<!-- This site is optimized with the Yoast SEO plugin v27.4 - https:\/\/yoast.com\/product\/yoast-seo-wordpress\/ -->\n<title>Cr\u00e9dits et droit \u00e0 l&#039;oubli : Avez-vous d\u00e9j\u00e0 fait une demande de cr\u00e9dit immobilier, automobile ou \u00e0 la consommation en tant que malade d&#039;un cancer du poumon ? - philippeau.eu<\/title>\n<meta name=\"robots\" content=\"noindex, follow\" \/>\n<meta property=\"og:locale\" content=\"fr_FR\" \/>\n<meta property=\"og:type\" content=\"article\" \/>\n<meta property=\"og:title\" content=\"Cr\u00e9dits et droit \u00e0 l&#039;oubli : Avez-vous d\u00e9j\u00e0 fait une demande de cr\u00e9dit immobilier, automobile ou \u00e0 la consommation en tant que malade d&#039;un cancer du poumon ? - philippeau.eu\" \/>\n<meta property=\"og:description\" content=\"Ce sondage est aujourd&rsquo;hui ferm\u00e9, ci-dessous le r\u00e9sultat au jour de la fermeture le 15\/12\/2024. Publications en lien avec ce sondage.\" \/>\n<meta property=\"og:url\" content=\"https:\/\/www.philippeau.eu\/blog\/cancer-du-poumon\/les-sondages\/credits-et-droit-a-loubli-avez-vous-deja-fait-une-demande-de-credit-immobilier-automobile-ou-a-la-consommation-en-tant-que-malade-dun-cancer-du-poumon\/\" \/>\n<meta property=\"og:site_name\" content=\"philippeau.eu\" \/>\n<meta property=\"article:publisher\" content=\"https:\/\/www.facebook.com\/laurent.philippeau\" \/>\n<meta property=\"article:modified_time\" content=\"2024-12-15T16:44:50+00:00\" \/>\n<meta property=\"og:image\" content=\"https:\/\/www.philippeau.eu\/blog\/wp-content\/uploads\/2018\/05\/Image_mise_en_avant_sondages.jpg\" \/>\n\t<meta property=\"og:image:width\" content=\"933\" \/>\n\t<meta property=\"og:image:height\" content=\"700\" \/>\n\t<meta property=\"og:image:type\" content=\"image\/jpeg\" \/>\n<meta name=\"twitter:card\" content=\"summary_large_image\" \/>\n<meta name=\"twitter:label1\" content=\"Dur\u00e9e de lecture estim\u00e9e\" \/>\n\t<meta name=\"twitter:data1\" content=\"1 minute\" \/>\n<script type=\"application\/ld+json\" class=\"yoast-schema-graph\">{\"@context\":\"https:\\\/\\\/schema.org\",\"@graph\":[{\"@type\":\"WebPage\",\"@id\":\"https:\\\/\\\/www.philippeau.eu\\\/blog\\\/cancer-du-poumon\\\/les-sondages\\\/credits-et-droit-a-loubli-avez-vous-deja-fait-une-demande-de-credit-immobilier-automobile-ou-a-la-consommation-en-tant-que-malade-dun-cancer-du-poumon\\\/\",\"url\":\"https:\\\/\\\/www.philippeau.eu\\\/blog\\\/cancer-du-poumon\\\/les-sondages\\\/credits-et-droit-a-loubli-avez-vous-deja-fait-une-demande-de-credit-immobilier-automobile-ou-a-la-consommation-en-tant-que-malade-dun-cancer-du-poumon\\\/\",\"name\":\"Cr\u00e9dits et droit \u00e0 l'oubli : Avez-vous d\u00e9j\u00e0 fait une demande de cr\u00e9dit immobilier, automobile ou \u00e0 la consommation en tant que malade d'un cancer du poumon ? - philippeau.eu\",\"isPartOf\":{\"@id\":\"https:\\\/\\\/www.philippeau.eu\\\/blog\\\/#website\"},\"primaryImageOfPage\":{\"@id\":\"https:\\\/\\\/www.philippeau.eu\\\/blog\\\/cancer-du-poumon\\\/les-sondages\\\/credits-et-droit-a-loubli-avez-vous-deja-fait-une-demande-de-credit-immobilier-automobile-ou-a-la-consommation-en-tant-que-malade-dun-cancer-du-poumon\\\/#primaryimage\"},\"image\":{\"@id\":\"https:\\\/\\\/www.philippeau.eu\\\/blog\\\/cancer-du-poumon\\\/les-sondages\\\/credits-et-droit-a-loubli-avez-vous-deja-fait-une-demande-de-credit-immobilier-automobile-ou-a-la-consommation-en-tant-que-malade-dun-cancer-du-poumon\\\/#primaryimage\"},\"thumbnailUrl\":\"https:\\\/\\\/www.philippeau.eu\\\/blog\\\/wp-content\\\/uploads\\\/2018\\\/05\\\/Image_mise_en_avant_sondages.jpg\",\"datePublished\":\"2020-07-22T16:30:07+00:00\",\"dateModified\":\"2024-12-15T16:44:50+00:00\",\"breadcrumb\":{\"@id\":\"https:\\\/\\\/www.philippeau.eu\\\/blog\\\/cancer-du-poumon\\\/les-sondages\\\/credits-et-droit-a-loubli-avez-vous-deja-fait-une-demande-de-credit-immobilier-automobile-ou-a-la-consommation-en-tant-que-malade-dun-cancer-du-poumon\\\/#breadcrumb\"},\"inLanguage\":\"fr-FR\",\"potentialAction\":[{\"@type\":\"ReadAction\",\"target\":[\"https:\\\/\\\/www.philippeau.eu\\\/blog\\\/cancer-du-poumon\\\/les-sondages\\\/credits-et-droit-a-loubli-avez-vous-deja-fait-une-demande-de-credit-immobilier-automobile-ou-a-la-consommation-en-tant-que-malade-dun-cancer-du-poumon\\\/\"]}]},{\"@type\":\"ImageObject\",\"inLanguage\":\"fr-FR\",\"@id\":\"https:\\\/\\\/www.philippeau.eu\\\/blog\\\/cancer-du-poumon\\\/les-sondages\\\/credits-et-droit-a-loubli-avez-vous-deja-fait-une-demande-de-credit-immobilier-automobile-ou-a-la-consommation-en-tant-que-malade-dun-cancer-du-poumon\\\/#primaryimage\",\"url\":\"https:\\\/\\\/www.philippeau.eu\\\/blog\\\/wp-content\\\/uploads\\\/2018\\\/05\\\/Image_mise_en_avant_sondages.jpg\",\"contentUrl\":\"https:\\\/\\\/www.philippeau.eu\\\/blog\\\/wp-content\\\/uploads\\\/2018\\\/05\\\/Image_mise_en_avant_sondages.jpg\",\"width\":933,\"height\":700,\"caption\":\"Sondages\"},{\"@type\":\"BreadcrumbList\",\"@id\":\"https:\\\/\\\/www.philippeau.eu\\\/blog\\\/cancer-du-poumon\\\/les-sondages\\\/credits-et-droit-a-loubli-avez-vous-deja-fait-une-demande-de-credit-immobilier-automobile-ou-a-la-consommation-en-tant-que-malade-dun-cancer-du-poumon\\\/#breadcrumb\",\"itemListElement\":[{\"@type\":\"ListItem\",\"position\":1,\"name\":\"Accueil\",\"item\":\"https:\\\/\\\/www.philippeau.eu\\\/blog\\\/\"},{\"@type\":\"ListItem\",\"position\":2,\"name\":\"Mon Cancer du Poumon\",\"item\":\"https:\\\/\\\/www.philippeau.eu\\\/blog\\\/cancer-du-poumon\\\/\"},{\"@type\":\"ListItem\",\"position\":3,\"name\":\"Les sondages sant\u00e9\",\"item\":\"https:\\\/\\\/www.philippeau.eu\\\/blog\\\/cancer-du-poumon\\\/les-sondages\\\/\"},{\"@type\":\"ListItem\",\"position\":4,\"name\":\"Cr\u00e9dits et droit \u00e0 l&rsquo;oubli : Avez-vous d\u00e9j\u00e0 fait une demande de cr\u00e9dit immobilier, automobile ou \u00e0 la consommation en tant que malade d&rsquo;un cancer du poumon ?\"}]},{\"@type\":\"WebSite\",\"@id\":\"https:\\\/\\\/www.philippeau.eu\\\/blog\\\/#website\",\"url\":\"https:\\\/\\\/www.philippeau.eu\\\/blog\\\/\",\"name\":\"philippeau.eu\",\"description\":\"\",\"publisher\":{\"@id\":\"https:\\\/\\\/www.philippeau.eu\\\/blog\\\/#\\\/schema\\\/person\\\/d0321ac69485a2fa34a86270145a4038\"},\"potentialAction\":[{\"@type\":\"SearchAction\",\"target\":{\"@type\":\"EntryPoint\",\"urlTemplate\":\"https:\\\/\\\/www.philippeau.eu\\\/blog\\\/?s={search_term_string}\"},\"query-input\":{\"@type\":\"PropertyValueSpecification\",\"valueRequired\":true,\"valueName\":\"search_term_string\"}}],\"inLanguage\":\"fr-FR\"},{\"@type\":[\"Person\",\"Organization\"],\"@id\":\"https:\\\/\\\/www.philippeau.eu\\\/blog\\\/#\\\/schema\\\/person\\\/d0321ac69485a2fa34a86270145a4038\",\"name\":\"Laurent\",\"image\":{\"@type\":\"ImageObject\",\"inLanguage\":\"fr-FR\",\"@id\":\"https:\\\/\\\/www.philippeau.eu\\\/blog\\\/wp-content\\\/uploads\\\/2020\\\/11\\\/cropped-PL_logo_initiales_img.png\",\"url\":\"https:\\\/\\\/www.philippeau.eu\\\/blog\\\/wp-content\\\/uploads\\\/2020\\\/11\\\/cropped-PL_logo_initiales_img.png\",\"contentUrl\":\"https:\\\/\\\/www.philippeau.eu\\\/blog\\\/wp-content\\\/uploads\\\/2020\\\/11\\\/cropped-PL_logo_initiales_img.png\",\"width\":512,\"height\":512,\"caption\":\"Laurent\"},\"logo\":{\"@id\":\"https:\\\/\\\/www.philippeau.eu\\\/blog\\\/wp-content\\\/uploads\\\/2020\\\/11\\\/cropped-PL_logo_initiales_img.png\"},\"description\":\"Propri\u00e9taire et webmaster du site www.philippeau.eu\",\"sameAs\":[\"https:\\\/\\\/www.philippeau.eu\",\"https:\\\/\\\/www.facebook.com\\\/laurent.philippeau\",\"https:\\\/\\\/www.youtube.com\\\/channel\\\/UCgwFBEt9Dv03TyDiBPNGL-Q\"]}]}<\/script>\n<!-- \/ Yoast SEO plugin. -->","yoast_head_json":{"title":"Cr\u00e9dits et droit \u00e0 l'oubli : Avez-vous d\u00e9j\u00e0 fait une demande de cr\u00e9dit immobilier, automobile ou \u00e0 la consommation en tant que malade d'un cancer du poumon ? - philippeau.eu","robots":{"index":"noindex","follow":"follow"},"og_locale":"fr_FR","og_type":"article","og_title":"Cr\u00e9dits et droit \u00e0 l'oubli : Avez-vous d\u00e9j\u00e0 fait une demande de cr\u00e9dit immobilier, automobile ou \u00e0 la consommation en tant que malade d'un cancer du poumon ? - philippeau.eu","og_description":"Ce sondage est aujourd&rsquo;hui ferm\u00e9, ci-dessous le r\u00e9sultat au jour de la fermeture le 15\/12\/2024. Publications en lien avec ce sondage.","og_url":"https:\/\/www.philippeau.eu\/blog\/cancer-du-poumon\/les-sondages\/credits-et-droit-a-loubli-avez-vous-deja-fait-une-demande-de-credit-immobilier-automobile-ou-a-la-consommation-en-tant-que-malade-dun-cancer-du-poumon\/","og_site_name":"philippeau.eu","article_publisher":"https:\/\/www.facebook.com\/laurent.philippeau","article_modified_time":"2024-12-15T16:44:50+00:00","og_image":[{"width":933,"height":700,"url":"https:\/\/www.philippeau.eu\/blog\/wp-content\/uploads\/2018\/05\/Image_mise_en_avant_sondages.jpg","type":"image\/jpeg"}],"twitter_card":"summary_large_image","twitter_misc":{"Dur\u00e9e de lecture estim\u00e9e":"1 minute"},"schema":{"@context":"https:\/\/schema.org","@graph":[{"@type":"WebPage","@id":"https:\/\/www.philippeau.eu\/blog\/cancer-du-poumon\/les-sondages\/credits-et-droit-a-loubli-avez-vous-deja-fait-une-demande-de-credit-immobilier-automobile-ou-a-la-consommation-en-tant-que-malade-dun-cancer-du-poumon\/","url":"https:\/\/www.philippeau.eu\/blog\/cancer-du-poumon\/les-sondages\/credits-et-droit-a-loubli-avez-vous-deja-fait-une-demande-de-credit-immobilier-automobile-ou-a-la-consommation-en-tant-que-malade-dun-cancer-du-poumon\/","name":"Cr\u00e9dits et droit \u00e0 l'oubli : Avez-vous d\u00e9j\u00e0 fait une demande de cr\u00e9dit immobilier, automobile ou \u00e0 la consommation en tant que malade d'un cancer du poumon ? - philippeau.eu","isPartOf":{"@id":"https:\/\/www.philippeau.eu\/blog\/#website"},"primaryImageOfPage":{"@id":"https:\/\/www.philippeau.eu\/blog\/cancer-du-poumon\/les-sondages\/credits-et-droit-a-loubli-avez-vous-deja-fait-une-demande-de-credit-immobilier-automobile-ou-a-la-consommation-en-tant-que-malade-dun-cancer-du-poumon\/#primaryimage"},"image":{"@id":"https:\/\/www.philippeau.eu\/blog\/cancer-du-poumon\/les-sondages\/credits-et-droit-a-loubli-avez-vous-deja-fait-une-demande-de-credit-immobilier-automobile-ou-a-la-consommation-en-tant-que-malade-dun-cancer-du-poumon\/#primaryimage"},"thumbnailUrl":"https:\/\/www.philippeau.eu\/blog\/wp-content\/uploads\/2018\/05\/Image_mise_en_avant_sondages.jpg","datePublished":"2020-07-22T16:30:07+00:00","dateModified":"2024-12-15T16:44:50+00:00","breadcrumb":{"@id":"https:\/\/www.philippeau.eu\/blog\/cancer-du-poumon\/les-sondages\/credits-et-droit-a-loubli-avez-vous-deja-fait-une-demande-de-credit-immobilier-automobile-ou-a-la-consommation-en-tant-que-malade-dun-cancer-du-poumon\/#breadcrumb"},"inLanguage":"fr-FR","potentialAction":[{"@type":"ReadAction","target":["https:\/\/www.philippeau.eu\/blog\/cancer-du-poumon\/les-sondages\/credits-et-droit-a-loubli-avez-vous-deja-fait-une-demande-de-credit-immobilier-automobile-ou-a-la-consommation-en-tant-que-malade-dun-cancer-du-poumon\/"]}]},{"@type":"ImageObject","inLanguage":"fr-FR","@id":"https:\/\/www.philippeau.eu\/blog\/cancer-du-poumon\/les-sondages\/credits-et-droit-a-loubli-avez-vous-deja-fait-une-demande-de-credit-immobilier-automobile-ou-a-la-consommation-en-tant-que-malade-dun-cancer-du-poumon\/#primaryimage","url":"https:\/\/www.philippeau.eu\/blog\/wp-content\/uploads\/2018\/05\/Image_mise_en_avant_sondages.jpg","contentUrl":"https:\/\/www.philippeau.eu\/blog\/wp-content\/uploads\/2018\/05\/Image_mise_en_avant_sondages.jpg","width":933,"height":700,"caption":"Sondages"},{"@type":"BreadcrumbList","@id":"https:\/\/www.philippeau.eu\/blog\/cancer-du-poumon\/les-sondages\/credits-et-droit-a-loubli-avez-vous-deja-fait-une-demande-de-credit-immobilier-automobile-ou-a-la-consommation-en-tant-que-malade-dun-cancer-du-poumon\/#breadcrumb","itemListElement":[{"@type":"ListItem","position":1,"name":"Accueil","item":"https:\/\/www.philippeau.eu\/blog\/"},{"@type":"ListItem","position":2,"name":"Mon Cancer du Poumon","item":"https:\/\/www.philippeau.eu\/blog\/cancer-du-poumon\/"},{"@type":"ListItem","position":3,"name":"Les sondages sant\u00e9","item":"https:\/\/www.philippeau.eu\/blog\/cancer-du-poumon\/les-sondages\/"},{"@type":"ListItem","position":4,"name":"Cr\u00e9dits et droit \u00e0 l&rsquo;oubli : Avez-vous d\u00e9j\u00e0 fait une demande de cr\u00e9dit immobilier, automobile ou \u00e0 la consommation en tant que malade d&rsquo;un cancer du poumon ?"}]},{"@type":"WebSite","@id":"https:\/\/www.philippeau.eu\/blog\/#website","url":"https:\/\/www.philippeau.eu\/blog\/","name":"philippeau.eu","description":"","publisher":{"@id":"https:\/\/www.philippeau.eu\/blog\/#\/schema\/person\/d0321ac69485a2fa34a86270145a4038"},"potentialAction":[{"@type":"SearchAction","target":{"@type":"EntryPoint","urlTemplate":"https:\/\/www.philippeau.eu\/blog\/?s={search_term_string}"},"query-input":{"@type":"PropertyValueSpecification","valueRequired":true,"valueName":"search_term_string"}}],"inLanguage":"fr-FR"},{"@type":["Person","Organization"],"@id":"https:\/\/www.philippeau.eu\/blog\/#\/schema\/person\/d0321ac69485a2fa34a86270145a4038","name":"Laurent","image":{"@type":"ImageObject","inLanguage":"fr-FR","@id":"https:\/\/www.philippeau.eu\/blog\/wp-content\/uploads\/2020\/11\/cropped-PL_logo_initiales_img.png","url":"https:\/\/www.philippeau.eu\/blog\/wp-content\/uploads\/2020\/11\/cropped-PL_logo_initiales_img.png","contentUrl":"https:\/\/www.philippeau.eu\/blog\/wp-content\/uploads\/2020\/11\/cropped-PL_logo_initiales_img.png","width":512,"height":512,"caption":"Laurent"},"logo":{"@id":"https:\/\/www.philippeau.eu\/blog\/wp-content\/uploads\/2020\/11\/cropped-PL_logo_initiales_img.png"},"description":"Propri\u00e9taire et webmaster du site www.philippeau.eu","sameAs":["https:\/\/www.philippeau.eu","https:\/\/www.facebook.com\/laurent.philippeau","https:\/\/www.youtube.com\/channel\/UCgwFBEt9Dv03TyDiBPNGL-Q"]}]}},"jetpack_likes_enabled":true,"jetpack_sharing_enabled":true,"_links":{"self":[{"href":"https:\/\/www.philippeau.eu\/blog\/wp-json\/wp\/v2\/pages\/285102","targetHints":{"allow":["GET"]}}],"collection":[{"href":"https:\/\/www.philippeau.eu\/blog\/wp-json\/wp\/v2\/pages"}],"about":[{"href":"https:\/\/www.philippeau.eu\/blog\/wp-json\/wp\/v2\/types\/page"}],"author":[{"embeddable":true,"href":"https:\/\/www.philippeau.eu\/blog\/wp-json\/wp\/v2\/users\/1"}],"replies":[{"embeddable":true,"href":"https:\/\/www.philippeau.eu\/blog\/wp-json\/wp\/v2\/comments?post=285102"}],"version-history":[{"count":3,"href":"https:\/\/www.philippeau.eu\/blog\/wp-json\/wp\/v2\/pages\/285102\/revisions"}],"predecessor-version":[{"id":287008,"href":"https:\/\/www.philippeau.eu\/blog\/wp-json\/wp\/v2\/pages\/285102\/revisions\/287008"}],"up":[{"embeddable":true,"href":"https:\/\/www.philippeau.eu\/blog\/wp-json\/wp\/v2\/pages\/169"}],"wp:featuredmedia":[{"embeddable":true,"href":"https:\/\/www.philippeau.eu\/blog\/wp-json\/wp\/v2\/media\/1381"}],"wp:attachment":[{"href":"https:\/\/www.philippeau.eu\/blog\/wp-json\/wp\/v2\/media?parent=285102"}],"curies":[{"name":"wp","href":"https:\/\/api.w.org\/{rel}","templated":true}]}}