{"id":272,"date":"2015-03-06T14:13:25","date_gmt":"2015-03-06T13:13:25","guid":{"rendered":"http:\/\/www.philippeau.eu\/blog\/?page_id=272"},"modified":"2022-06-24T14:26:28","modified_gmt":"2022-06-24T13:26:28","slug":"remission-ou-guerison","status":"publish","type":"page","link":"https:\/\/www.philippeau.eu\/blog\/cancer-du-poumon\/remission-ou-guerison\/","title":{"rendered":"R\u00e9mission ou gu\u00e9rison ?"},"content":{"rendered":"<h2 style=\"text-align: justify;\">R\u00e9mission, personne n&rsquo;en a encore parl\u00e9.<\/h2>\n<figure id=\"attachment_483\" aria-describedby=\"caption-attachment-483\" style=\"width: 300px\" class=\"wp-caption alignleft\"><a href=\"http:\/\/www.philippeau.eu\/blog\/wp-content\/uploads\/2015\/03\/Remission-Boite_img754x600.png\" data-rel=\"lightbox-gallery-0\" data-rl_title=\"Remission-Boite_img754x600\" data-rl_caption=\"R\u00e9mission, vivement l&#039;arriv\u00e9e des boites en pharmacie !\"><img loading=\"lazy\" decoding=\"async\" class=\"wp-image-483 size-medium\" title=\"Remission-Boite_img754x600\" src=\"http:\/\/www.philippeau.eu\/blog\/wp-content\/uploads\/2015\/03\/Remission-Boite_img754x600-300x239.png\" alt=\"R\u00e9mission - Boite\" width=\"300\" height=\"239\" srcset=\"https:\/\/www.philippeau.eu\/blog\/wp-content\/uploads\/2015\/03\/Remission-Boite_img754x600-300x239.png 300w, https:\/\/www.philippeau.eu\/blog\/wp-content\/uploads\/2015\/03\/Remission-Boite_img754x600.png 754w\" sizes=\"auto, (max-width: 300px) 100vw, 300px\" \/><\/a><figcaption id=\"caption-attachment-483\" class=\"wp-caption-text\">Vivement l&rsquo;arriv\u00e9e des boites en pharmacie !<\/figcaption><\/figure>\n<p style=\"text-align: justify;\">27 mois se sont \u00e9coul\u00e9s depuis le 26 novembre 2012, jour de ma totalisation (<a title=\"Pneumonectomie\" href=\"http:\/\/www.chu-montpellier.fr\/fileadmin\/user_upload\/Pole_CoeurPoumons\/DAR_D\/pneumo.pdf\" target=\"_blank\" rel=\"noopener noreferrer\">pneumonectomie<\/a>), personne ne m&rsquo;a encore parl\u00e9 de r\u00e9mission ou gu\u00e9rison. Il est vrai que je n&rsquo;ai encore pos\u00e9 la question \u00e0 personne.<\/p>\n<p style=\"text-align: justify;\">Personnellement, comme depuis ce fameux 26 novembre il n&rsquo;y a plus trace de cancer, je me consid\u00e8re comme gu\u00e9ri.\u00a0 Bien entendu je sais que ce n&rsquo;ai pas gagn\u00e9 pour autant, il faut encore attendre pour se r\u00e9jouir. Apr\u00e8s les scanners de contr\u00f4les trimestrielles la premi\u00e8re ann\u00e9e, il y en a tous les 6 mois. Il y en a un d&rsquo;ailleurs qui arrive dans moins d&rsquo;un mois le 2 avril 2015.<\/p>\n<p style=\"text-align: justify;\">Tout ce suivi, mais aussi le suivi des douleurs neurologiques p\u00e9riph\u00e9riques, s\u00e9quelles de cette pneumonectomie, je le publie sous forme d&rsquo;articles et non dans les pages comme celle que vous lisez actuellement. Vous trouverez ces articles avec le tag \u00ab\u00a0<a title=\"cancer poumon\" href=\"http:\/\/www.philippeau.eu\/blog\/tag\/cancer-poumon-2\/\">cancer poumon<\/a>\u00ab\u00a0.<\/p>\n<h2>Le temps passe<\/h2>\n<p style=\"text-align: justify;\"><span style=\"text-decoration: underline;\">Mise \u00e0 jour au 7 mars 2016 :<\/span> Le temps passe et les contr\u00f4les s&rsquo;espacent de plus en plus. Apr\u00e8s \u00eatre pass\u00e9 \u00e0 6 mois entre les scanners et les visites chez ma bien aim\u00e9e pneumologue, la prochaine fois je n&rsquo;aurais droit qu&rsquo;\u00e0 une simple radiographie du thorax. Pour la premi\u00e8re fois depuis le d\u00e9but de la maladie, une ann\u00e9e compl\u00e8te se sera \u00e9coul\u00e9e entre mes deux derniers scanners. Malgr\u00e9 tout pas une personne du corps m\u00e9dical n&rsquo;a prononc\u00e9 le mot \u00ab\u00a0r\u00e9mission\u00a0\u00bb et vous vous en doutez, encore moins \u00ab\u00a0gu\u00e9rison\u00a0\u00bb.<\/p>\n<h2>Je l&rsquo;ai lu !<\/h2>\n<p><span style=\"text-decoration: underline;\">Mise \u00e0 jour du 7 novembre 2016 :<\/span> Alors que personne ne l\u2019a encore prononc\u00e9, ce jour je peux lire pour la premi\u00e8re fois en conclusion de mon dernier scanner de contr\u00f4le : \u00ab la r\u00e9mission se poursuit \u00bb \ud83d\ude42<\/p>\n<h2>Fin du suivi<\/h2>\n<p><span style=\"text-decoration: underline;\">Mise \u00e0 jour du 23 novembre 2017 :<\/span> Aujourd&rsquo;hui j&rsquo;ai eu ma derni\u00e8re consultation chez ma pneumologue, mon dernier scanner de contr\u00f4le il y a neuf jours. Je sors du suivi \u00e0 5 ans sans que personne n&rsquo;ait jamais prononc\u00e9 les mots magiques.<\/p>\n<h2>En savoir plus<\/h2>\n<p style=\"text-align: justify;\">Des liens pour y voir plus clair sur les d\u00e9finitions r\u00e9mission et gu\u00e9rison :<\/p>\n<ul>\n<li style=\"text-align: justify;\"><a title=\"Cancer : de la r\u00e9mission \u00e0 la gu\u00e9rison\" href=\"http:\/\/www.cancer.be\/cancer-de-la-r%C3%A9mission-%C3%A0-la-gu%C3%A9rison\" target=\"_blank\" rel=\"noopener noreferrer\">Cancer : de la r\u00e9mission \u00e0 la gu\u00e9rison<\/a><\/li>\n<li style=\"text-align: justify;\"><a title=\"R\u00e9mission, gu\u00e9rison\" href=\"http:\/\/www.e-cancer.fr\/cancerinfo\/se-faire-soigner\/suivi\/remission\" target=\"_blank\" rel=\"noopener noreferrer\">R\u00e9mission, gu\u00e9rison<\/a><\/li>\n<\/ul>\n","protected":false},"excerpt":{"rendered":"<p>R\u00e9mission, personne n&rsquo;en a encore parl\u00e9. 27 mois se sont \u00e9coul\u00e9s depuis le 26 novembre 2012, jour de ma totalisation (pneumonectomie), personne ne m&rsquo;a encore parl\u00e9 de r\u00e9mission ou gu\u00e9rison. Il est vrai que je&#8230;<\/p>\n<div class=\"more-link-wrapper\"><a class=\"more-link\" href=\"https:\/\/www.philippeau.eu\/blog\/cancer-du-poumon\/remission-ou-guerison\/\"><span class=\"more-text\">Continuer la lecture<\/span><\/a><\/div>\n","protected":false},"author":1,"featured_media":102845,"parent":9,"menu_order":9,"comment_status":"open","ping_status":"closed","template":"","meta":{"jetpack_post_was_ever_published":false,"footnotes":""},"class_list":["post-272","page","type-page","status-publish","has-post-thumbnail","hentry","post"],"yoast_head":"<!-- This site is optimized with the Yoast SEO plugin v27.4 - https:\/\/yoast.com\/product\/yoast-seo-wordpress\/ -->\n<title>R\u00e9mission ou gu\u00e9rison ? - philippeau.eu<\/title>\n<meta name=\"description\" content=\"R\u00e9mission ou gu\u00e9rison, les m\u00e9decins h\u00e9sitent \u00e0 employer l&#039;un ou l&#039;autre. Mais en fait, connaissez-vous la diff\u00e9rence entre les deux ?\" \/>\n<meta name=\"robots\" content=\"index, follow, max-snippet:-1, max-image-preview:large, max-video-preview:-1\" \/>\n<link rel=\"canonical\" href=\"https:\/\/www.philippeau.eu\/blog\/cancer-du-poumon\/remission-ou-guerison\/\" \/>\n<meta property=\"og:locale\" content=\"fr_FR\" \/>\n<meta property=\"og:type\" content=\"article\" \/>\n<meta property=\"og:title\" content=\"R\u00e9mission ou gu\u00e9rison ? - philippeau.eu\" \/>\n<meta property=\"og:description\" content=\"R\u00e9mission ou gu\u00e9rison, les m\u00e9decins h\u00e9sitent \u00e0 employer l&#039;un ou l&#039;autre. Mais en fait, connaissez-vous la diff\u00e9rence entre les deux ?\" \/>\n<meta property=\"og:url\" content=\"https:\/\/www.philippeau.eu\/blog\/cancer-du-poumon\/remission-ou-guerison\/\" \/>\n<meta property=\"og:site_name\" content=\"philippeau.eu\" \/>\n<meta property=\"article:publisher\" content=\"https:\/\/www.facebook.com\/laurent.philippeau\" \/>\n<meta property=\"article:modified_time\" content=\"2022-06-24T13:26:28+00:00\" \/>\n<meta property=\"og:image\" content=\"https:\/\/www.philippeau.eu\/blog\/wp-content\/uploads\/2019\/03\/Image_mise_en_avant_Remission.jpg\" \/>\n\t<meta property=\"og:image:width\" content=\"933\" \/>\n\t<meta property=\"og:image:height\" content=\"700\" \/>\n\t<meta property=\"og:image:type\" content=\"image\/jpeg\" \/>\n<meta name=\"twitter:card\" content=\"summary_large_image\" \/>\n<meta name=\"twitter:label1\" content=\"Dur\u00e9e de lecture estim\u00e9e\" \/>\n\t<meta name=\"twitter:data1\" content=\"2 minutes\" \/>\n<script type=\"application\/ld+json\" class=\"yoast-schema-graph\">{\"@context\":\"https:\\\/\\\/schema.org\",\"@graph\":[{\"@type\":\"WebPage\",\"@id\":\"https:\\\/\\\/www.philippeau.eu\\\/blog\\\/cancer-du-poumon\\\/remission-ou-guerison\\\/\",\"url\":\"https:\\\/\\\/www.philippeau.eu\\\/blog\\\/cancer-du-poumon\\\/remission-ou-guerison\\\/\",\"name\":\"R\u00e9mission ou gu\u00e9rison ? - philippeau.eu\",\"isPartOf\":{\"@id\":\"https:\\\/\\\/www.philippeau.eu\\\/blog\\\/#website\"},\"primaryImageOfPage\":{\"@id\":\"https:\\\/\\\/www.philippeau.eu\\\/blog\\\/cancer-du-poumon\\\/remission-ou-guerison\\\/#primaryimage\"},\"image\":{\"@id\":\"https:\\\/\\\/www.philippeau.eu\\\/blog\\\/cancer-du-poumon\\\/remission-ou-guerison\\\/#primaryimage\"},\"thumbnailUrl\":\"https:\\\/\\\/www.philippeau.eu\\\/blog\\\/wp-content\\\/uploads\\\/2019\\\/03\\\/Image_mise_en_avant_Remission.jpg\",\"datePublished\":\"2015-03-06T13:13:25+00:00\",\"dateModified\":\"2022-06-24T13:26:28+00:00\",\"description\":\"R\u00e9mission ou gu\u00e9rison, les m\u00e9decins h\u00e9sitent \u00e0 employer l'un ou l'autre. Mais en fait, connaissez-vous la diff\u00e9rence entre les deux ?\",\"breadcrumb\":{\"@id\":\"https:\\\/\\\/www.philippeau.eu\\\/blog\\\/cancer-du-poumon\\\/remission-ou-guerison\\\/#breadcrumb\"},\"inLanguage\":\"fr-FR\",\"potentialAction\":[{\"@type\":\"ReadAction\",\"target\":[\"https:\\\/\\\/www.philippeau.eu\\\/blog\\\/cancer-du-poumon\\\/remission-ou-guerison\\\/\"]}]},{\"@type\":\"ImageObject\",\"inLanguage\":\"fr-FR\",\"@id\":\"https:\\\/\\\/www.philippeau.eu\\\/blog\\\/cancer-du-poumon\\\/remission-ou-guerison\\\/#primaryimage\",\"url\":\"https:\\\/\\\/www.philippeau.eu\\\/blog\\\/wp-content\\\/uploads\\\/2019\\\/03\\\/Image_mise_en_avant_Remission.jpg\",\"contentUrl\":\"https:\\\/\\\/www.philippeau.eu\\\/blog\\\/wp-content\\\/uploads\\\/2019\\\/03\\\/Image_mise_en_avant_Remission.jpg\",\"width\":933,\"height\":700,\"caption\":\"R\u00e9mission ou gu\u00e9rison\"},{\"@type\":\"BreadcrumbList\",\"@id\":\"https:\\\/\\\/www.philippeau.eu\\\/blog\\\/cancer-du-poumon\\\/remission-ou-guerison\\\/#breadcrumb\",\"itemListElement\":[{\"@type\":\"ListItem\",\"position\":1,\"name\":\"Accueil\",\"item\":\"https:\\\/\\\/www.philippeau.eu\\\/blog\\\/\"},{\"@type\":\"ListItem\",\"position\":2,\"name\":\"Mon Cancer du Poumon\",\"item\":\"https:\\\/\\\/www.philippeau.eu\\\/blog\\\/cancer-du-poumon\\\/\"},{\"@type\":\"ListItem\",\"position\":3,\"name\":\"R\u00e9mission ou gu\u00e9rison ?\"}]},{\"@type\":\"WebSite\",\"@id\":\"https:\\\/\\\/www.philippeau.eu\\\/blog\\\/#website\",\"url\":\"https:\\\/\\\/www.philippeau.eu\\\/blog\\\/\",\"name\":\"philippeau.eu\",\"description\":\"\",\"publisher\":{\"@id\":\"https:\\\/\\\/www.philippeau.eu\\\/blog\\\/#\\\/schema\\\/person\\\/d0321ac69485a2fa34a86270145a4038\"},\"potentialAction\":[{\"@type\":\"SearchAction\",\"target\":{\"@type\":\"EntryPoint\",\"urlTemplate\":\"https:\\\/\\\/www.philippeau.eu\\\/blog\\\/?s={search_term_string}\"},\"query-input\":{\"@type\":\"PropertyValueSpecification\",\"valueRequired\":true,\"valueName\":\"search_term_string\"}}],\"inLanguage\":\"fr-FR\"},{\"@type\":[\"Person\",\"Organization\"],\"@id\":\"https:\\\/\\\/www.philippeau.eu\\\/blog\\\/#\\\/schema\\\/person\\\/d0321ac69485a2fa34a86270145a4038\",\"name\":\"Laurent\",\"image\":{\"@type\":\"ImageObject\",\"inLanguage\":\"fr-FR\",\"@id\":\"https:\\\/\\\/www.philippeau.eu\\\/blog\\\/wp-content\\\/uploads\\\/2020\\\/11\\\/cropped-PL_logo_initiales_img.png\",\"url\":\"https:\\\/\\\/www.philippeau.eu\\\/blog\\\/wp-content\\\/uploads\\\/2020\\\/11\\\/cropped-PL_logo_initiales_img.png\",\"contentUrl\":\"https:\\\/\\\/www.philippeau.eu\\\/blog\\\/wp-content\\\/uploads\\\/2020\\\/11\\\/cropped-PL_logo_initiales_img.png\",\"width\":512,\"height\":512,\"caption\":\"Laurent\"},\"logo\":{\"@id\":\"https:\\\/\\\/www.philippeau.eu\\\/blog\\\/wp-content\\\/uploads\\\/2020\\\/11\\\/cropped-PL_logo_initiales_img.png\"},\"description\":\"Propri\u00e9taire et webmaster du site www.philippeau.eu\",\"sameAs\":[\"https:\\\/\\\/www.philippeau.eu\",\"https:\\\/\\\/www.facebook.com\\\/laurent.philippeau\",\"https:\\\/\\\/www.youtube.com\\\/channel\\\/UCgwFBEt9Dv03TyDiBPNGL-Q\"]}]}<\/script>\n<!-- \/ Yoast SEO plugin. -->","yoast_head_json":{"title":"R\u00e9mission ou gu\u00e9rison ? - philippeau.eu","description":"R\u00e9mission ou gu\u00e9rison, les m\u00e9decins h\u00e9sitent \u00e0 employer l'un ou l'autre. Mais en fait, connaissez-vous la diff\u00e9rence entre les deux ?","robots":{"index":"index","follow":"follow","max-snippet":"max-snippet:-1","max-image-preview":"max-image-preview:large","max-video-preview":"max-video-preview:-1"},"canonical":"https:\/\/www.philippeau.eu\/blog\/cancer-du-poumon\/remission-ou-guerison\/","og_locale":"fr_FR","og_type":"article","og_title":"R\u00e9mission ou gu\u00e9rison ? - philippeau.eu","og_description":"R\u00e9mission ou gu\u00e9rison, les m\u00e9decins h\u00e9sitent \u00e0 employer l'un ou l'autre. Mais en fait, connaissez-vous la diff\u00e9rence entre les deux ?","og_url":"https:\/\/www.philippeau.eu\/blog\/cancer-du-poumon\/remission-ou-guerison\/","og_site_name":"philippeau.eu","article_publisher":"https:\/\/www.facebook.com\/laurent.philippeau","article_modified_time":"2022-06-24T13:26:28+00:00","og_image":[{"width":933,"height":700,"url":"https:\/\/www.philippeau.eu\/blog\/wp-content\/uploads\/2019\/03\/Image_mise_en_avant_Remission.jpg","type":"image\/jpeg"}],"twitter_card":"summary_large_image","twitter_misc":{"Dur\u00e9e de lecture estim\u00e9e":"2 minutes"},"schema":{"@context":"https:\/\/schema.org","@graph":[{"@type":"WebPage","@id":"https:\/\/www.philippeau.eu\/blog\/cancer-du-poumon\/remission-ou-guerison\/","url":"https:\/\/www.philippeau.eu\/blog\/cancer-du-poumon\/remission-ou-guerison\/","name":"R\u00e9mission ou gu\u00e9rison ? - philippeau.eu","isPartOf":{"@id":"https:\/\/www.philippeau.eu\/blog\/#website"},"primaryImageOfPage":{"@id":"https:\/\/www.philippeau.eu\/blog\/cancer-du-poumon\/remission-ou-guerison\/#primaryimage"},"image":{"@id":"https:\/\/www.philippeau.eu\/blog\/cancer-du-poumon\/remission-ou-guerison\/#primaryimage"},"thumbnailUrl":"https:\/\/www.philippeau.eu\/blog\/wp-content\/uploads\/2019\/03\/Image_mise_en_avant_Remission.jpg","datePublished":"2015-03-06T13:13:25+00:00","dateModified":"2022-06-24T13:26:28+00:00","description":"R\u00e9mission ou gu\u00e9rison, les m\u00e9decins h\u00e9sitent \u00e0 employer l'un ou l'autre. Mais en fait, connaissez-vous la diff\u00e9rence entre les deux ?","breadcrumb":{"@id":"https:\/\/www.philippeau.eu\/blog\/cancer-du-poumon\/remission-ou-guerison\/#breadcrumb"},"inLanguage":"fr-FR","potentialAction":[{"@type":"ReadAction","target":["https:\/\/www.philippeau.eu\/blog\/cancer-du-poumon\/remission-ou-guerison\/"]}]},{"@type":"ImageObject","inLanguage":"fr-FR","@id":"https:\/\/www.philippeau.eu\/blog\/cancer-du-poumon\/remission-ou-guerison\/#primaryimage","url":"https:\/\/www.philippeau.eu\/blog\/wp-content\/uploads\/2019\/03\/Image_mise_en_avant_Remission.jpg","contentUrl":"https:\/\/www.philippeau.eu\/blog\/wp-content\/uploads\/2019\/03\/Image_mise_en_avant_Remission.jpg","width":933,"height":700,"caption":"R\u00e9mission ou gu\u00e9rison"},{"@type":"BreadcrumbList","@id":"https:\/\/www.philippeau.eu\/blog\/cancer-du-poumon\/remission-ou-guerison\/#breadcrumb","itemListElement":[{"@type":"ListItem","position":1,"name":"Accueil","item":"https:\/\/www.philippeau.eu\/blog\/"},{"@type":"ListItem","position":2,"name":"Mon Cancer du Poumon","item":"https:\/\/www.philippeau.eu\/blog\/cancer-du-poumon\/"},{"@type":"ListItem","position":3,"name":"R\u00e9mission ou gu\u00e9rison ?"}]},{"@type":"WebSite","@id":"https:\/\/www.philippeau.eu\/blog\/#website","url":"https:\/\/www.philippeau.eu\/blog\/","name":"philippeau.eu","description":"","publisher":{"@id":"https:\/\/www.philippeau.eu\/blog\/#\/schema\/person\/d0321ac69485a2fa34a86270145a4038"},"potentialAction":[{"@type":"SearchAction","target":{"@type":"EntryPoint","urlTemplate":"https:\/\/www.philippeau.eu\/blog\/?s={search_term_string}"},"query-input":{"@type":"PropertyValueSpecification","valueRequired":true,"valueName":"search_term_string"}}],"inLanguage":"fr-FR"},{"@type":["Person","Organization"],"@id":"https:\/\/www.philippeau.eu\/blog\/#\/schema\/person\/d0321ac69485a2fa34a86270145a4038","name":"Laurent","image":{"@type":"ImageObject","inLanguage":"fr-FR","@id":"https:\/\/www.philippeau.eu\/blog\/wp-content\/uploads\/2020\/11\/cropped-PL_logo_initiales_img.png","url":"https:\/\/www.philippeau.eu\/blog\/wp-content\/uploads\/2020\/11\/cropped-PL_logo_initiales_img.png","contentUrl":"https:\/\/www.philippeau.eu\/blog\/wp-content\/uploads\/2020\/11\/cropped-PL_logo_initiales_img.png","width":512,"height":512,"caption":"Laurent"},"logo":{"@id":"https:\/\/www.philippeau.eu\/blog\/wp-content\/uploads\/2020\/11\/cropped-PL_logo_initiales_img.png"},"description":"Propri\u00e9taire et webmaster du site www.philippeau.eu","sameAs":["https:\/\/www.philippeau.eu","https:\/\/www.facebook.com\/laurent.philippeau","https:\/\/www.youtube.com\/channel\/UCgwFBEt9Dv03TyDiBPNGL-Q"]}]}},"jetpack_likes_enabled":true,"jetpack_sharing_enabled":true,"_links":{"self":[{"href":"https:\/\/www.philippeau.eu\/blog\/wp-json\/wp\/v2\/pages\/272","targetHints":{"allow":["GET"]}}],"collection":[{"href":"https:\/\/www.philippeau.eu\/blog\/wp-json\/wp\/v2\/pages"}],"about":[{"href":"https:\/\/www.philippeau.eu\/blog\/wp-json\/wp\/v2\/types\/page"}],"author":[{"embeddable":true,"href":"https:\/\/www.philippeau.eu\/blog\/wp-json\/wp\/v2\/users\/1"}],"replies":[{"embeddable":true,"href":"https:\/\/www.philippeau.eu\/blog\/wp-json\/wp\/v2\/comments?post=272"}],"version-history":[{"count":3,"href":"https:\/\/www.philippeau.eu\/blog\/wp-json\/wp\/v2\/pages\/272\/revisions"}],"predecessor-version":[{"id":102857,"href":"https:\/\/www.philippeau.eu\/blog\/wp-json\/wp\/v2\/pages\/272\/revisions\/102857"}],"up":[{"embeddable":true,"href":"https:\/\/www.philippeau.eu\/blog\/wp-json\/wp\/v2\/pages\/9"}],"wp:featuredmedia":[{"embeddable":true,"href":"https:\/\/www.philippeau.eu\/blog\/wp-json\/wp\/v2\/media\/102845"}],"wp:attachment":[{"href":"https:\/\/www.philippeau.eu\/blog\/wp-json\/wp\/v2\/media?parent=272"}],"curies":[{"name":"wp","href":"https:\/\/api.w.org\/{rel}","templated":true}]}}