{"id":26283,"date":"2018-08-07T13:49:43","date_gmt":"2018-08-07T12:49:43","guid":{"rendered":"http:\/\/www.philippeau.eu\/blog\/?page_id=26283"},"modified":"2026-02-27T13:56:00","modified_gmt":"2026-02-27T11:56:00","slug":"questions-frequentes-faq","status":"publish","type":"page","link":"https:\/\/www.philippeau.eu\/blog\/a-propos\/questions-frequentes-faq\/","title":{"rendered":"Questions fr\u00e9quentes (faq)"},"content":{"rendered":"<figure id=\"attachment_26299\" aria-describedby=\"caption-attachment-26299\" style=\"width: 300px\" class=\"wp-caption aligncenter\"><a  href=\"https:\/\/www.philippeau.eu\/blog\/wp-content\/uploads\/2018\/08\/Image_mise_en_avant_Questions_Frequentes.jpg\" data-rel=\"lightbox-gallery-0\" data-rl_title=\"Questions Fr\u00e9quentes\" data-rl_caption=\"Questions Fr\u00e9quentes\"><img loading=\"lazy\" decoding=\"async\" class=\"wp-image-26299 size-medium\" title=\"Questions Fr\u00e9quentes\" src=\"https:\/\/www.philippeau.eu\/blog\/wp-content\/uploads\/2018\/08\/Image_mise_en_avant_Questions_Frequentes-300x225.jpg\" alt=\"Questions Fr\u00e9quentes\" width=\"300\" height=\"225\" srcset=\"https:\/\/www.philippeau.eu\/blog\/wp-content\/uploads\/2018\/08\/Image_mise_en_avant_Questions_Frequentes-300x225.jpg 300w, https:\/\/www.philippeau.eu\/blog\/wp-content\/uploads\/2018\/08\/Image_mise_en_avant_Questions_Frequentes-768x576.jpg 768w, https:\/\/www.philippeau.eu\/blog\/wp-content\/uploads\/2018\/08\/Image_mise_en_avant_Questions_Frequentes.jpg 933w\" sizes=\"auto, (max-width: 300px) 100vw, 300px\" \/><\/a><figcaption id=\"caption-attachment-26299\" class=\"wp-caption-text\">Questions Fr\u00e9quentes<\/figcaption><\/figure>\n<h2>Questions fr\u00e9quentes<\/h2>\n<h3>Cat\u00e9gorie sant\u00e9<\/h3>\n<p>Les questions que l&rsquo;on peut se poser \u00e0 propos du cancer du poumon, des douleurs neuropathiques, des traitements et en g\u00e9n\u00e9ral de l&rsquo;impact de ces maladies sur notre vie.<br \/>\nToutes les r\u00e9ponses \u00e0 ces questions ne sont tir\u00e9es que de ma propre exp\u00e9rience v\u00e9cue, de mes recherches sur internet et\/ou du v\u00e9cu d&rsquo;autres personnes.<br \/>\nJe ne suis pas m\u00e9decin et n&rsquo;ai aucune comp\u00e9tence en m\u00e9decine, pas plus dans le domaine juridique et autres.<br \/>\nVous ne devez pas consid\u00e9rer ces r\u00e9ponses comme la v\u00e9rit\u00e9 absolue.<br \/>\nN&rsquo;accordez votre confiance qu&rsquo;\u00e0 des sources s\u00fbres et v\u00e9rifi\u00e9es comme par exemple le site <a href=\"https:\/\/www.legifrance.gouv.fr\/\" target=\"_blank\" rel=\"noopener noreferrer\">L\u00e9gifrance<\/a> pour ce qui est de la l\u00e9gislation ou encore celui de l&rsquo;<a href=\"https:\/\/www.e-cancer.fr\/Patients-et-proches\/Les-cancers\/Cancer-du-poumon\/Les-points-cles\" target=\"_blank\" rel=\"noopener noreferrer\">Institut National du Cancer<\/a>.<\/p>\n<h3>Autres cat\u00e9gories<\/h3>\n<p>Il se peut qu&rsquo;au fil du temps j&rsquo;ajoute d&rsquo;autres cat\u00e9gories de faqs.<\/p>\n<hr \/>\n<p><strong><span style=\"color: #ff0000;\">EN CONSTRUCTION<\/span><\/strong> merci de votre compr\u00e9hension il y aura plus de questions fr\u00e9quentes au fur et \u00e0 mesure \ud83d\ude42<\/p>\n<hr \/>\n","protected":false},"excerpt":{"rendered":"<p>Questions fr\u00e9quentes Cat\u00e9gorie sant\u00e9 Les questions que l&rsquo;on peut se poser \u00e0 propos du cancer du poumon, des douleurs neuropathiques, des traitements et en g\u00e9n\u00e9ral de l&rsquo;impact de ces maladies sur notre vie. Toutes les&#8230;<\/p>\n<div class=\"more-link-wrapper\"><a class=\"more-link\" href=\"https:\/\/www.philippeau.eu\/blog\/a-propos\/questions-frequentes-faq\/\"><span class=\"more-text\">Continuer la lecture<\/span><\/a><\/div>\n","protected":false},"author":1,"featured_media":26299,"parent":2,"menu_order":7,"comment_status":"open","ping_status":"closed","template":"","meta":{"jetpack_post_was_ever_published":false,"footnotes":""},"class_list":["post-26283","page","type-page","status-publish","has-post-thumbnail","hentry","post"],"yoast_head":"<!-- This site is optimized with the Yoast SEO plugin v27.4 - https:\/\/yoast.com\/product\/yoast-seo-wordpress\/ -->\n<title>Questions fr\u00e9quentes (faq) - philippeau.eu<\/title>\n<meta name=\"description\" content=\"Les questions fr\u00e9quentes que l&#039;on peut se poser \u00e0 propos du cancer du poumon, des traitements et en g\u00e9n\u00e9ral de l&#039;impact de cette maladie.\" \/>\n<meta name=\"robots\" content=\"index, follow, max-snippet:-1, max-image-preview:large, max-video-preview:-1\" \/>\n<link rel=\"canonical\" href=\"https:\/\/www.philippeau.eu\/blog\/a-propos\/questions-frequentes-faq\/\" \/>\n<meta property=\"og:locale\" content=\"fr_FR\" \/>\n<meta property=\"og:type\" content=\"article\" \/>\n<meta property=\"og:title\" content=\"Questions fr\u00e9quentes (faq) - philippeau.eu\" \/>\n<meta property=\"og:description\" content=\"Les questions fr\u00e9quentes que l&#039;on peut se poser \u00e0 propos du cancer du poumon, des traitements et en g\u00e9n\u00e9ral de l&#039;impact de cette maladie.\" \/>\n<meta property=\"og:url\" content=\"https:\/\/www.philippeau.eu\/blog\/a-propos\/questions-frequentes-faq\/\" \/>\n<meta property=\"og:site_name\" content=\"philippeau.eu\" \/>\n<meta property=\"article:publisher\" content=\"https:\/\/www.facebook.com\/laurent.philippeau\" \/>\n<meta property=\"article:modified_time\" content=\"2026-02-27T11:56:00+00:00\" \/>\n<meta property=\"og:image\" content=\"https:\/\/www.philippeau.eu\/blog\/wp-content\/uploads\/2018\/08\/Image_mise_en_avant_Questions_Frequentes.jpg\" \/>\n\t<meta property=\"og:image:width\" content=\"933\" \/>\n\t<meta property=\"og:image:height\" content=\"700\" \/>\n\t<meta property=\"og:image:type\" content=\"image\/jpeg\" \/>\n<meta name=\"twitter:card\" content=\"summary_large_image\" \/>\n<meta name=\"twitter:label1\" content=\"Dur\u00e9e de lecture estim\u00e9e\" \/>\n\t<meta name=\"twitter:data1\" content=\"2 minutes\" \/>\n<script type=\"application\/ld+json\" class=\"yoast-schema-graph\">{\"@context\":\"https:\\\/\\\/schema.org\",\"@graph\":[{\"@type\":\"WebPage\",\"@id\":\"https:\\\/\\\/www.philippeau.eu\\\/blog\\\/a-propos\\\/questions-frequentes-faq\\\/\",\"url\":\"https:\\\/\\\/www.philippeau.eu\\\/blog\\\/a-propos\\\/questions-frequentes-faq\\\/\",\"name\":\"Questions fr\u00e9quentes (faq) - philippeau.eu\",\"isPartOf\":{\"@id\":\"https:\\\/\\\/www.philippeau.eu\\\/blog\\\/#website\"},\"primaryImageOfPage\":{\"@id\":\"https:\\\/\\\/www.philippeau.eu\\\/blog\\\/a-propos\\\/questions-frequentes-faq\\\/#primaryimage\"},\"image\":{\"@id\":\"https:\\\/\\\/www.philippeau.eu\\\/blog\\\/a-propos\\\/questions-frequentes-faq\\\/#primaryimage\"},\"thumbnailUrl\":\"https:\\\/\\\/www.philippeau.eu\\\/blog\\\/wp-content\\\/uploads\\\/2018\\\/08\\\/Image_mise_en_avant_Questions_Frequentes.jpg\",\"datePublished\":\"2018-08-07T12:49:43+00:00\",\"dateModified\":\"2026-02-27T11:56:00+00:00\",\"description\":\"Les questions fr\u00e9quentes que l'on peut se poser \u00e0 propos du cancer du poumon, des traitements et en g\u00e9n\u00e9ral de l'impact de cette maladie.\",\"breadcrumb\":{\"@id\":\"https:\\\/\\\/www.philippeau.eu\\\/blog\\\/a-propos\\\/questions-frequentes-faq\\\/#breadcrumb\"},\"inLanguage\":\"fr-FR\",\"potentialAction\":[{\"@type\":\"ReadAction\",\"target\":[\"https:\\\/\\\/www.philippeau.eu\\\/blog\\\/a-propos\\\/questions-frequentes-faq\\\/\"]}]},{\"@type\":\"ImageObject\",\"inLanguage\":\"fr-FR\",\"@id\":\"https:\\\/\\\/www.philippeau.eu\\\/blog\\\/a-propos\\\/questions-frequentes-faq\\\/#primaryimage\",\"url\":\"https:\\\/\\\/www.philippeau.eu\\\/blog\\\/wp-content\\\/uploads\\\/2018\\\/08\\\/Image_mise_en_avant_Questions_Frequentes.jpg\",\"contentUrl\":\"https:\\\/\\\/www.philippeau.eu\\\/blog\\\/wp-content\\\/uploads\\\/2018\\\/08\\\/Image_mise_en_avant_Questions_Frequentes.jpg\",\"width\":933,\"height\":700,\"caption\":\"Questions Fr\u00e9quentes\"},{\"@type\":\"BreadcrumbList\",\"@id\":\"https:\\\/\\\/www.philippeau.eu\\\/blog\\\/a-propos\\\/questions-frequentes-faq\\\/#breadcrumb\",\"itemListElement\":[{\"@type\":\"ListItem\",\"position\":1,\"name\":\"Accueil\",\"item\":\"https:\\\/\\\/www.philippeau.eu\\\/blog\\\/\"},{\"@type\":\"ListItem\",\"position\":2,\"name\":\"\u00e0 propos\",\"item\":\"https:\\\/\\\/www.philippeau.eu\\\/blog\\\/a-propos\\\/\"},{\"@type\":\"ListItem\",\"position\":3,\"name\":\"Questions fr\u00e9quentes (faq)\"}]},{\"@type\":\"WebSite\",\"@id\":\"https:\\\/\\\/www.philippeau.eu\\\/blog\\\/#website\",\"url\":\"https:\\\/\\\/www.philippeau.eu\\\/blog\\\/\",\"name\":\"philippeau.eu\",\"description\":\"\",\"publisher\":{\"@id\":\"https:\\\/\\\/www.philippeau.eu\\\/blog\\\/#\\\/schema\\\/person\\\/d0321ac69485a2fa34a86270145a4038\"},\"potentialAction\":[{\"@type\":\"SearchAction\",\"target\":{\"@type\":\"EntryPoint\",\"urlTemplate\":\"https:\\\/\\\/www.philippeau.eu\\\/blog\\\/?s={search_term_string}\"},\"query-input\":{\"@type\":\"PropertyValueSpecification\",\"valueRequired\":true,\"valueName\":\"search_term_string\"}}],\"inLanguage\":\"fr-FR\"},{\"@type\":[\"Person\",\"Organization\"],\"@id\":\"https:\\\/\\\/www.philippeau.eu\\\/blog\\\/#\\\/schema\\\/person\\\/d0321ac69485a2fa34a86270145a4038\",\"name\":\"Laurent\",\"image\":{\"@type\":\"ImageObject\",\"inLanguage\":\"fr-FR\",\"@id\":\"https:\\\/\\\/www.philippeau.eu\\\/blog\\\/wp-content\\\/uploads\\\/2020\\\/11\\\/cropped-PL_logo_initiales_img.png\",\"url\":\"https:\\\/\\\/www.philippeau.eu\\\/blog\\\/wp-content\\\/uploads\\\/2020\\\/11\\\/cropped-PL_logo_initiales_img.png\",\"contentUrl\":\"https:\\\/\\\/www.philippeau.eu\\\/blog\\\/wp-content\\\/uploads\\\/2020\\\/11\\\/cropped-PL_logo_initiales_img.png\",\"width\":512,\"height\":512,\"caption\":\"Laurent\"},\"logo\":{\"@id\":\"https:\\\/\\\/www.philippeau.eu\\\/blog\\\/wp-content\\\/uploads\\\/2020\\\/11\\\/cropped-PL_logo_initiales_img.png\"},\"description\":\"Propri\u00e9taire et webmaster du site www.philippeau.eu\",\"sameAs\":[\"https:\\\/\\\/www.philippeau.eu\",\"https:\\\/\\\/www.facebook.com\\\/laurent.philippeau\",\"https:\\\/\\\/www.youtube.com\\\/channel\\\/UCgwFBEt9Dv03TyDiBPNGL-Q\"]}]}<\/script>\n<!-- \/ Yoast SEO plugin. -->","yoast_head_json":{"title":"Questions fr\u00e9quentes (faq) - philippeau.eu","description":"Les questions fr\u00e9quentes que l'on peut se poser \u00e0 propos du cancer du poumon, des traitements et en g\u00e9n\u00e9ral de l'impact de cette maladie.","robots":{"index":"index","follow":"follow","max-snippet":"max-snippet:-1","max-image-preview":"max-image-preview:large","max-video-preview":"max-video-preview:-1"},"canonical":"https:\/\/www.philippeau.eu\/blog\/a-propos\/questions-frequentes-faq\/","og_locale":"fr_FR","og_type":"article","og_title":"Questions fr\u00e9quentes (faq) - philippeau.eu","og_description":"Les questions fr\u00e9quentes que l'on peut se poser \u00e0 propos du cancer du poumon, des traitements et en g\u00e9n\u00e9ral de l'impact de cette maladie.","og_url":"https:\/\/www.philippeau.eu\/blog\/a-propos\/questions-frequentes-faq\/","og_site_name":"philippeau.eu","article_publisher":"https:\/\/www.facebook.com\/laurent.philippeau","article_modified_time":"2026-02-27T11:56:00+00:00","og_image":[{"width":933,"height":700,"url":"https:\/\/www.philippeau.eu\/blog\/wp-content\/uploads\/2018\/08\/Image_mise_en_avant_Questions_Frequentes.jpg","type":"image\/jpeg"}],"twitter_card":"summary_large_image","twitter_misc":{"Dur\u00e9e de lecture estim\u00e9e":"2 minutes"},"schema":{"@context":"https:\/\/schema.org","@graph":[{"@type":"WebPage","@id":"https:\/\/www.philippeau.eu\/blog\/a-propos\/questions-frequentes-faq\/","url":"https:\/\/www.philippeau.eu\/blog\/a-propos\/questions-frequentes-faq\/","name":"Questions fr\u00e9quentes (faq) - philippeau.eu","isPartOf":{"@id":"https:\/\/www.philippeau.eu\/blog\/#website"},"primaryImageOfPage":{"@id":"https:\/\/www.philippeau.eu\/blog\/a-propos\/questions-frequentes-faq\/#primaryimage"},"image":{"@id":"https:\/\/www.philippeau.eu\/blog\/a-propos\/questions-frequentes-faq\/#primaryimage"},"thumbnailUrl":"https:\/\/www.philippeau.eu\/blog\/wp-content\/uploads\/2018\/08\/Image_mise_en_avant_Questions_Frequentes.jpg","datePublished":"2018-08-07T12:49:43+00:00","dateModified":"2026-02-27T11:56:00+00:00","description":"Les questions fr\u00e9quentes que l'on peut se poser \u00e0 propos du cancer du poumon, des traitements et en g\u00e9n\u00e9ral de l'impact de cette maladie.","breadcrumb":{"@id":"https:\/\/www.philippeau.eu\/blog\/a-propos\/questions-frequentes-faq\/#breadcrumb"},"inLanguage":"fr-FR","potentialAction":[{"@type":"ReadAction","target":["https:\/\/www.philippeau.eu\/blog\/a-propos\/questions-frequentes-faq\/"]}]},{"@type":"ImageObject","inLanguage":"fr-FR","@id":"https:\/\/www.philippeau.eu\/blog\/a-propos\/questions-frequentes-faq\/#primaryimage","url":"https:\/\/www.philippeau.eu\/blog\/wp-content\/uploads\/2018\/08\/Image_mise_en_avant_Questions_Frequentes.jpg","contentUrl":"https:\/\/www.philippeau.eu\/blog\/wp-content\/uploads\/2018\/08\/Image_mise_en_avant_Questions_Frequentes.jpg","width":933,"height":700,"caption":"Questions Fr\u00e9quentes"},{"@type":"BreadcrumbList","@id":"https:\/\/www.philippeau.eu\/blog\/a-propos\/questions-frequentes-faq\/#breadcrumb","itemListElement":[{"@type":"ListItem","position":1,"name":"Accueil","item":"https:\/\/www.philippeau.eu\/blog\/"},{"@type":"ListItem","position":2,"name":"\u00e0 propos","item":"https:\/\/www.philippeau.eu\/blog\/a-propos\/"},{"@type":"ListItem","position":3,"name":"Questions fr\u00e9quentes (faq)"}]},{"@type":"WebSite","@id":"https:\/\/www.philippeau.eu\/blog\/#website","url":"https:\/\/www.philippeau.eu\/blog\/","name":"philippeau.eu","description":"","publisher":{"@id":"https:\/\/www.philippeau.eu\/blog\/#\/schema\/person\/d0321ac69485a2fa34a86270145a4038"},"potentialAction":[{"@type":"SearchAction","target":{"@type":"EntryPoint","urlTemplate":"https:\/\/www.philippeau.eu\/blog\/?s={search_term_string}"},"query-input":{"@type":"PropertyValueSpecification","valueRequired":true,"valueName":"search_term_string"}}],"inLanguage":"fr-FR"},{"@type":["Person","Organization"],"@id":"https:\/\/www.philippeau.eu\/blog\/#\/schema\/person\/d0321ac69485a2fa34a86270145a4038","name":"Laurent","image":{"@type":"ImageObject","inLanguage":"fr-FR","@id":"https:\/\/www.philippeau.eu\/blog\/wp-content\/uploads\/2020\/11\/cropped-PL_logo_initiales_img.png","url":"https:\/\/www.philippeau.eu\/blog\/wp-content\/uploads\/2020\/11\/cropped-PL_logo_initiales_img.png","contentUrl":"https:\/\/www.philippeau.eu\/blog\/wp-content\/uploads\/2020\/11\/cropped-PL_logo_initiales_img.png","width":512,"height":512,"caption":"Laurent"},"logo":{"@id":"https:\/\/www.philippeau.eu\/blog\/wp-content\/uploads\/2020\/11\/cropped-PL_logo_initiales_img.png"},"description":"Propri\u00e9taire et webmaster du site www.philippeau.eu","sameAs":["https:\/\/www.philippeau.eu","https:\/\/www.facebook.com\/laurent.philippeau","https:\/\/www.youtube.com\/channel\/UCgwFBEt9Dv03TyDiBPNGL-Q"]}]}},"jetpack_likes_enabled":true,"jetpack_sharing_enabled":true,"_links":{"self":[{"href":"https:\/\/www.philippeau.eu\/blog\/wp-json\/wp\/v2\/pages\/26283","targetHints":{"allow":["GET"]}}],"collection":[{"href":"https:\/\/www.philippeau.eu\/blog\/wp-json\/wp\/v2\/pages"}],"about":[{"href":"https:\/\/www.philippeau.eu\/blog\/wp-json\/wp\/v2\/types\/page"}],"author":[{"embeddable":true,"href":"https:\/\/www.philippeau.eu\/blog\/wp-json\/wp\/v2\/users\/1"}],"replies":[{"embeddable":true,"href":"https:\/\/www.philippeau.eu\/blog\/wp-json\/wp\/v2\/comments?post=26283"}],"version-history":[{"count":3,"href":"https:\/\/www.philippeau.eu\/blog\/wp-json\/wp\/v2\/pages\/26283\/revisions"}],"predecessor-version":[{"id":287238,"href":"https:\/\/www.philippeau.eu\/blog\/wp-json\/wp\/v2\/pages\/26283\/revisions\/287238"}],"up":[{"embeddable":true,"href":"https:\/\/www.philippeau.eu\/blog\/wp-json\/wp\/v2\/pages\/2"}],"wp:featuredmedia":[{"embeddable":true,"href":"https:\/\/www.philippeau.eu\/blog\/wp-json\/wp\/v2\/media\/26299"}],"wp:attachment":[{"href":"https:\/\/www.philippeau.eu\/blog\/wp-json\/wp\/v2\/media?parent=26283"}],"curies":[{"name":"wp","href":"https:\/\/api.w.org\/{rel}","templated":true}]}}