{"id":176,"date":"2014-12-15T09:47:41","date_gmt":"2014-12-15T08:47:41","guid":{"rendered":"http:\/\/www.philippeau.eu\/blog\/?page_id=176"},"modified":"2024-12-15T18:04:51","modified_gmt":"2024-12-15T16:04:51","slug":"est-ce-que-mon-temoignage-vous-a-ete-utile","status":"publish","type":"page","link":"https:\/\/www.philippeau.eu\/blog\/cancer-du-poumon\/les-sondages\/est-ce-que-mon-temoignage-vous-a-ete-utile\/","title":{"rendered":"Est-ce que mon t\u00e9moignage vous a \u00e9t\u00e9 utile ?"},"content":{"rendered":"<h2>T\u00e9moignage<\/h2>\n<p style=\"text-align: justify;\">Un petit sondage pour me permettre de savoir si mon t\u00e9moignage vous apporte quelque chose ou non. Vous pouvez aussi, si vous le souhaitez, \u00eatre plus pr\u00e9cis ou poser une question dans les commentaires en bas de page.<\/p>\n<p>Ce sondage est <span style=\"color: #ff0000;\">aujourd&rsquo;hui ferm\u00e9<\/span>, ci-dessous le r\u00e9sultat au jour de la fermeture le 15\/12\/2024.<\/p>\n<p><a  href=\"https:\/\/www.philippeau.eu\/blog\/wp-content\/uploads\/2024\/12\/Temoignage_utile_Reponse.png\" data-rel=\"lightbox-gallery-0\" data-rl_title=\"Est ce que mon t\u00e9moignage vous a \u00e9t\u00e9 utile ?\" data-rl_caption=\"\" title=\"Est ce que mon t\u00e9moignage vous a \u00e9t\u00e9 utile ?\"><img loading=\"lazy\" decoding=\"async\" class=\"alignnone size-full wp-image-286988\" src=\"https:\/\/www.philippeau.eu\/blog\/wp-content\/uploads\/2024\/12\/Temoignage_utile_Reponse.png\" alt=\"Est ce que mon t\u00e9moignage vous a \u00e9t\u00e9 utile ?\" width=\"629\" height=\"417\" srcset=\"https:\/\/www.philippeau.eu\/blog\/wp-content\/uploads\/2024\/12\/Temoignage_utile_Reponse.png 629w, https:\/\/www.philippeau.eu\/blog\/wp-content\/uploads\/2024\/12\/Temoignage_utile_Reponse-300x199.png 300w, https:\/\/www.philippeau.eu\/blog\/wp-content\/uploads\/2024\/12\/Temoignage_utile_Reponse-263x174.png 263w, https:\/\/www.philippeau.eu\/blog\/wp-content\/uploads\/2024\/12\/Temoignage_utile_Reponse-360x238.png 360w\" sizes=\"auto, (max-width: 629px) 100vw, 629px\" \/><\/a><\/p>\n","protected":false},"excerpt":{"rendered":"<p>T\u00e9moignage Un petit sondage pour me permettre de savoir si mon t\u00e9moignage vous apporte quelque chose ou non. Vous pouvez aussi, si vous le souhaitez, \u00eatre plus pr\u00e9cis ou poser une question dans les commentaires&#8230;<\/p>\n<div class=\"more-link-wrapper\"><a class=\"more-link\" href=\"https:\/\/www.philippeau.eu\/blog\/cancer-du-poumon\/les-sondages\/est-ce-que-mon-temoignage-vous-a-ete-utile\/\"><span class=\"more-text\">Continuer la lecture<\/span><\/a><\/div>\n","protected":false},"author":1,"featured_media":922,"parent":169,"menu_order":0,"comment_status":"open","ping_status":"closed","template":"","meta":{"jetpack_post_was_ever_published":false,"footnotes":""},"class_list":["post-176","page","type-page","status-publish","has-post-thumbnail","hentry","post"],"yoast_head":"<!-- This site is optimized with the Yoast SEO plugin v27.4 - https:\/\/yoast.com\/product\/yoast-seo-wordpress\/ -->\n<title>Est-ce que mon t\u00e9moignage vous a \u00e9t\u00e9 utile ? - philippeau.eu<\/title>\n<meta name=\"description\" content=\"&quot;Est-ce que mon t\u00e9moignage vous a \u00e9t\u00e9 utile ?&quot;. Un petit sondage... Merci d&#039;avance \u00e0 ceux qui prendront la peine d&#039;y r\u00e9pondre.\" \/>\n<meta name=\"robots\" content=\"index, follow, max-snippet:-1, max-image-preview:large, max-video-preview:-1\" \/>\n<link rel=\"canonical\" href=\"https:\/\/www.philippeau.eu\/blog\/cancer-du-poumon\/les-sondages\/est-ce-que-mon-temoignage-vous-a-ete-utile\/\" \/>\n<meta property=\"og:locale\" content=\"fr_FR\" \/>\n<meta property=\"og:type\" content=\"article\" \/>\n<meta property=\"og:title\" content=\"Est-ce que mon t\u00e9moignage vous a \u00e9t\u00e9 utile ? - philippeau.eu\" \/>\n<meta property=\"og:description\" content=\"&quot;Est-ce que mon t\u00e9moignage vous a \u00e9t\u00e9 utile ?&quot;. Un petit sondage... Merci d&#039;avance \u00e0 ceux qui prendront la peine d&#039;y r\u00e9pondre.\" \/>\n<meta property=\"og:url\" content=\"https:\/\/www.philippeau.eu\/blog\/cancer-du-poumon\/les-sondages\/est-ce-que-mon-temoignage-vous-a-ete-utile\/\" \/>\n<meta property=\"og:site_name\" content=\"philippeau.eu\" \/>\n<meta property=\"article:publisher\" content=\"https:\/\/www.facebook.com\/laurent.philippeau\" \/>\n<meta property=\"article:modified_time\" content=\"2024-12-15T16:04:51+00:00\" \/>\n<meta property=\"og:image\" content=\"https:\/\/www.philippeau.eu\/blog\/wp-content\/uploads\/2017\/11\/img-a-la-une_sondage.jpg\" \/>\n\t<meta property=\"og:image:width\" content=\"672\" \/>\n\t<meta property=\"og:image:height\" content=\"250\" \/>\n\t<meta property=\"og:image:type\" content=\"image\/jpeg\" \/>\n<meta name=\"twitter:card\" content=\"summary_large_image\" \/>\n<meta name=\"twitter:label1\" content=\"Dur\u00e9e de lecture estim\u00e9e\" \/>\n\t<meta name=\"twitter:data1\" content=\"1 minute\" \/>\n<script type=\"application\/ld+json\" class=\"yoast-schema-graph\">{\"@context\":\"https:\\\/\\\/schema.org\",\"@graph\":[{\"@type\":\"WebPage\",\"@id\":\"https:\\\/\\\/www.philippeau.eu\\\/blog\\\/cancer-du-poumon\\\/les-sondages\\\/est-ce-que-mon-temoignage-vous-a-ete-utile\\\/\",\"url\":\"https:\\\/\\\/www.philippeau.eu\\\/blog\\\/cancer-du-poumon\\\/les-sondages\\\/est-ce-que-mon-temoignage-vous-a-ete-utile\\\/\",\"name\":\"Est-ce que mon t\u00e9moignage vous a \u00e9t\u00e9 utile ? - philippeau.eu\",\"isPartOf\":{\"@id\":\"https:\\\/\\\/www.philippeau.eu\\\/blog\\\/#website\"},\"primaryImageOfPage\":{\"@id\":\"https:\\\/\\\/www.philippeau.eu\\\/blog\\\/cancer-du-poumon\\\/les-sondages\\\/est-ce-que-mon-temoignage-vous-a-ete-utile\\\/#primaryimage\"},\"image\":{\"@id\":\"https:\\\/\\\/www.philippeau.eu\\\/blog\\\/cancer-du-poumon\\\/les-sondages\\\/est-ce-que-mon-temoignage-vous-a-ete-utile\\\/#primaryimage\"},\"thumbnailUrl\":\"https:\\\/\\\/www.philippeau.eu\\\/blog\\\/wp-content\\\/uploads\\\/2017\\\/11\\\/img-a-la-une_sondage.jpg\",\"datePublished\":\"2014-12-15T08:47:41+00:00\",\"dateModified\":\"2024-12-15T16:04:51+00:00\",\"description\":\"\\\"Est-ce que mon t\u00e9moignage vous a \u00e9t\u00e9 utile ?\\\". Un petit sondage... Merci d'avance \u00e0 ceux qui prendront la peine d'y r\u00e9pondre.\",\"breadcrumb\":{\"@id\":\"https:\\\/\\\/www.philippeau.eu\\\/blog\\\/cancer-du-poumon\\\/les-sondages\\\/est-ce-que-mon-temoignage-vous-a-ete-utile\\\/#breadcrumb\"},\"inLanguage\":\"fr-FR\",\"potentialAction\":[{\"@type\":\"ReadAction\",\"target\":[\"https:\\\/\\\/www.philippeau.eu\\\/blog\\\/cancer-du-poumon\\\/les-sondages\\\/est-ce-que-mon-temoignage-vous-a-ete-utile\\\/\"]}]},{\"@type\":\"ImageObject\",\"inLanguage\":\"fr-FR\",\"@id\":\"https:\\\/\\\/www.philippeau.eu\\\/blog\\\/cancer-du-poumon\\\/les-sondages\\\/est-ce-que-mon-temoignage-vous-a-ete-utile\\\/#primaryimage\",\"url\":\"https:\\\/\\\/www.philippeau.eu\\\/blog\\\/wp-content\\\/uploads\\\/2017\\\/11\\\/img-a-la-une_sondage.jpg\",\"contentUrl\":\"https:\\\/\\\/www.philippeau.eu\\\/blog\\\/wp-content\\\/uploads\\\/2017\\\/11\\\/img-a-la-une_sondage.jpg\",\"width\":672,\"height\":250,\"caption\":\"Sondage\"},{\"@type\":\"BreadcrumbList\",\"@id\":\"https:\\\/\\\/www.philippeau.eu\\\/blog\\\/cancer-du-poumon\\\/les-sondages\\\/est-ce-que-mon-temoignage-vous-a-ete-utile\\\/#breadcrumb\",\"itemListElement\":[{\"@type\":\"ListItem\",\"position\":1,\"name\":\"Accueil\",\"item\":\"https:\\\/\\\/www.philippeau.eu\\\/blog\\\/\"},{\"@type\":\"ListItem\",\"position\":2,\"name\":\"Mon Cancer du Poumon\",\"item\":\"https:\\\/\\\/www.philippeau.eu\\\/blog\\\/cancer-du-poumon\\\/\"},{\"@type\":\"ListItem\",\"position\":3,\"name\":\"Les sondages sant\u00e9\",\"item\":\"https:\\\/\\\/www.philippeau.eu\\\/blog\\\/cancer-du-poumon\\\/les-sondages\\\/\"},{\"@type\":\"ListItem\",\"position\":4,\"name\":\"Est-ce que mon t\u00e9moignage vous a \u00e9t\u00e9 utile ?\"}]},{\"@type\":\"WebSite\",\"@id\":\"https:\\\/\\\/www.philippeau.eu\\\/blog\\\/#website\",\"url\":\"https:\\\/\\\/www.philippeau.eu\\\/blog\\\/\",\"name\":\"philippeau.eu\",\"description\":\"\",\"publisher\":{\"@id\":\"https:\\\/\\\/www.philippeau.eu\\\/blog\\\/#\\\/schema\\\/person\\\/d0321ac69485a2fa34a86270145a4038\"},\"potentialAction\":[{\"@type\":\"SearchAction\",\"target\":{\"@type\":\"EntryPoint\",\"urlTemplate\":\"https:\\\/\\\/www.philippeau.eu\\\/blog\\\/?s={search_term_string}\"},\"query-input\":{\"@type\":\"PropertyValueSpecification\",\"valueRequired\":true,\"valueName\":\"search_term_string\"}}],\"inLanguage\":\"fr-FR\"},{\"@type\":[\"Person\",\"Organization\"],\"@id\":\"https:\\\/\\\/www.philippeau.eu\\\/blog\\\/#\\\/schema\\\/person\\\/d0321ac69485a2fa34a86270145a4038\",\"name\":\"Laurent\",\"image\":{\"@type\":\"ImageObject\",\"inLanguage\":\"fr-FR\",\"@id\":\"https:\\\/\\\/www.philippeau.eu\\\/blog\\\/wp-content\\\/uploads\\\/2020\\\/11\\\/cropped-PL_logo_initiales_img.png\",\"url\":\"https:\\\/\\\/www.philippeau.eu\\\/blog\\\/wp-content\\\/uploads\\\/2020\\\/11\\\/cropped-PL_logo_initiales_img.png\",\"contentUrl\":\"https:\\\/\\\/www.philippeau.eu\\\/blog\\\/wp-content\\\/uploads\\\/2020\\\/11\\\/cropped-PL_logo_initiales_img.png\",\"width\":512,\"height\":512,\"caption\":\"Laurent\"},\"logo\":{\"@id\":\"https:\\\/\\\/www.philippeau.eu\\\/blog\\\/wp-content\\\/uploads\\\/2020\\\/11\\\/cropped-PL_logo_initiales_img.png\"},\"description\":\"Propri\u00e9taire et webmaster du site www.philippeau.eu\",\"sameAs\":[\"https:\\\/\\\/www.philippeau.eu\",\"https:\\\/\\\/www.facebook.com\\\/laurent.philippeau\",\"https:\\\/\\\/www.youtube.com\\\/channel\\\/UCgwFBEt9Dv03TyDiBPNGL-Q\"]}]}<\/script>\n<!-- \/ Yoast SEO plugin. -->","yoast_head_json":{"title":"Est-ce que mon t\u00e9moignage vous a \u00e9t\u00e9 utile ? - philippeau.eu","description":"\"Est-ce que mon t\u00e9moignage vous a \u00e9t\u00e9 utile ?\". Un petit sondage... Merci d'avance \u00e0 ceux qui prendront la peine d'y r\u00e9pondre.","robots":{"index":"index","follow":"follow","max-snippet":"max-snippet:-1","max-image-preview":"max-image-preview:large","max-video-preview":"max-video-preview:-1"},"canonical":"https:\/\/www.philippeau.eu\/blog\/cancer-du-poumon\/les-sondages\/est-ce-que-mon-temoignage-vous-a-ete-utile\/","og_locale":"fr_FR","og_type":"article","og_title":"Est-ce que mon t\u00e9moignage vous a \u00e9t\u00e9 utile ? - philippeau.eu","og_description":"\"Est-ce que mon t\u00e9moignage vous a \u00e9t\u00e9 utile ?\". Un petit sondage... Merci d'avance \u00e0 ceux qui prendront la peine d'y r\u00e9pondre.","og_url":"https:\/\/www.philippeau.eu\/blog\/cancer-du-poumon\/les-sondages\/est-ce-que-mon-temoignage-vous-a-ete-utile\/","og_site_name":"philippeau.eu","article_publisher":"https:\/\/www.facebook.com\/laurent.philippeau","article_modified_time":"2024-12-15T16:04:51+00:00","og_image":[{"width":672,"height":250,"url":"https:\/\/www.philippeau.eu\/blog\/wp-content\/uploads\/2017\/11\/img-a-la-une_sondage.jpg","type":"image\/jpeg"}],"twitter_card":"summary_large_image","twitter_misc":{"Dur\u00e9e de lecture estim\u00e9e":"1 minute"},"schema":{"@context":"https:\/\/schema.org","@graph":[{"@type":"WebPage","@id":"https:\/\/www.philippeau.eu\/blog\/cancer-du-poumon\/les-sondages\/est-ce-que-mon-temoignage-vous-a-ete-utile\/","url":"https:\/\/www.philippeau.eu\/blog\/cancer-du-poumon\/les-sondages\/est-ce-que-mon-temoignage-vous-a-ete-utile\/","name":"Est-ce que mon t\u00e9moignage vous a \u00e9t\u00e9 utile ? - philippeau.eu","isPartOf":{"@id":"https:\/\/www.philippeau.eu\/blog\/#website"},"primaryImageOfPage":{"@id":"https:\/\/www.philippeau.eu\/blog\/cancer-du-poumon\/les-sondages\/est-ce-que-mon-temoignage-vous-a-ete-utile\/#primaryimage"},"image":{"@id":"https:\/\/www.philippeau.eu\/blog\/cancer-du-poumon\/les-sondages\/est-ce-que-mon-temoignage-vous-a-ete-utile\/#primaryimage"},"thumbnailUrl":"https:\/\/www.philippeau.eu\/blog\/wp-content\/uploads\/2017\/11\/img-a-la-une_sondage.jpg","datePublished":"2014-12-15T08:47:41+00:00","dateModified":"2024-12-15T16:04:51+00:00","description":"\"Est-ce que mon t\u00e9moignage vous a \u00e9t\u00e9 utile ?\". Un petit sondage... Merci d'avance \u00e0 ceux qui prendront la peine d'y r\u00e9pondre.","breadcrumb":{"@id":"https:\/\/www.philippeau.eu\/blog\/cancer-du-poumon\/les-sondages\/est-ce-que-mon-temoignage-vous-a-ete-utile\/#breadcrumb"},"inLanguage":"fr-FR","potentialAction":[{"@type":"ReadAction","target":["https:\/\/www.philippeau.eu\/blog\/cancer-du-poumon\/les-sondages\/est-ce-que-mon-temoignage-vous-a-ete-utile\/"]}]},{"@type":"ImageObject","inLanguage":"fr-FR","@id":"https:\/\/www.philippeau.eu\/blog\/cancer-du-poumon\/les-sondages\/est-ce-que-mon-temoignage-vous-a-ete-utile\/#primaryimage","url":"https:\/\/www.philippeau.eu\/blog\/wp-content\/uploads\/2017\/11\/img-a-la-une_sondage.jpg","contentUrl":"https:\/\/www.philippeau.eu\/blog\/wp-content\/uploads\/2017\/11\/img-a-la-une_sondage.jpg","width":672,"height":250,"caption":"Sondage"},{"@type":"BreadcrumbList","@id":"https:\/\/www.philippeau.eu\/blog\/cancer-du-poumon\/les-sondages\/est-ce-que-mon-temoignage-vous-a-ete-utile\/#breadcrumb","itemListElement":[{"@type":"ListItem","position":1,"name":"Accueil","item":"https:\/\/www.philippeau.eu\/blog\/"},{"@type":"ListItem","position":2,"name":"Mon Cancer du Poumon","item":"https:\/\/www.philippeau.eu\/blog\/cancer-du-poumon\/"},{"@type":"ListItem","position":3,"name":"Les sondages sant\u00e9","item":"https:\/\/www.philippeau.eu\/blog\/cancer-du-poumon\/les-sondages\/"},{"@type":"ListItem","position":4,"name":"Est-ce que mon t\u00e9moignage vous a \u00e9t\u00e9 utile ?"}]},{"@type":"WebSite","@id":"https:\/\/www.philippeau.eu\/blog\/#website","url":"https:\/\/www.philippeau.eu\/blog\/","name":"philippeau.eu","description":"","publisher":{"@id":"https:\/\/www.philippeau.eu\/blog\/#\/schema\/person\/d0321ac69485a2fa34a86270145a4038"},"potentialAction":[{"@type":"SearchAction","target":{"@type":"EntryPoint","urlTemplate":"https:\/\/www.philippeau.eu\/blog\/?s={search_term_string}"},"query-input":{"@type":"PropertyValueSpecification","valueRequired":true,"valueName":"search_term_string"}}],"inLanguage":"fr-FR"},{"@type":["Person","Organization"],"@id":"https:\/\/www.philippeau.eu\/blog\/#\/schema\/person\/d0321ac69485a2fa34a86270145a4038","name":"Laurent","image":{"@type":"ImageObject","inLanguage":"fr-FR","@id":"https:\/\/www.philippeau.eu\/blog\/wp-content\/uploads\/2020\/11\/cropped-PL_logo_initiales_img.png","url":"https:\/\/www.philippeau.eu\/blog\/wp-content\/uploads\/2020\/11\/cropped-PL_logo_initiales_img.png","contentUrl":"https:\/\/www.philippeau.eu\/blog\/wp-content\/uploads\/2020\/11\/cropped-PL_logo_initiales_img.png","width":512,"height":512,"caption":"Laurent"},"logo":{"@id":"https:\/\/www.philippeau.eu\/blog\/wp-content\/uploads\/2020\/11\/cropped-PL_logo_initiales_img.png"},"description":"Propri\u00e9taire et webmaster du site www.philippeau.eu","sameAs":["https:\/\/www.philippeau.eu","https:\/\/www.facebook.com\/laurent.philippeau","https:\/\/www.youtube.com\/channel\/UCgwFBEt9Dv03TyDiBPNGL-Q"]}]}},"jetpack_likes_enabled":true,"jetpack_sharing_enabled":true,"_links":{"self":[{"href":"https:\/\/www.philippeau.eu\/blog\/wp-json\/wp\/v2\/pages\/176","targetHints":{"allow":["GET"]}}],"collection":[{"href":"https:\/\/www.philippeau.eu\/blog\/wp-json\/wp\/v2\/pages"}],"about":[{"href":"https:\/\/www.philippeau.eu\/blog\/wp-json\/wp\/v2\/types\/page"}],"author":[{"embeddable":true,"href":"https:\/\/www.philippeau.eu\/blog\/wp-json\/wp\/v2\/users\/1"}],"replies":[{"embeddable":true,"href":"https:\/\/www.philippeau.eu\/blog\/wp-json\/wp\/v2\/comments?post=176"}],"version-history":[{"count":3,"href":"https:\/\/www.philippeau.eu\/blog\/wp-json\/wp\/v2\/pages\/176\/revisions"}],"predecessor-version":[{"id":286989,"href":"https:\/\/www.philippeau.eu\/blog\/wp-json\/wp\/v2\/pages\/176\/revisions\/286989"}],"up":[{"embeddable":true,"href":"https:\/\/www.philippeau.eu\/blog\/wp-json\/wp\/v2\/pages\/169"}],"wp:featuredmedia":[{"embeddable":true,"href":"https:\/\/www.philippeau.eu\/blog\/wp-json\/wp\/v2\/media\/922"}],"wp:attachment":[{"href":"https:\/\/www.philippeau.eu\/blog\/wp-json\/wp\/v2\/media?parent=176"}],"curies":[{"name":"wp","href":"https:\/\/api.w.org\/{rel}","templated":true}]}}