{"id":171,"date":"2014-12-11T20:01:46","date_gmt":"2014-12-11T19:01:46","guid":{"rendered":"http:\/\/www.philippeau.eu\/blog\/?page_id=171"},"modified":"2024-12-15T18:10:18","modified_gmt":"2024-12-15T16:10:18","slug":"ou-vous-etes-vous-fait-operer-soigner-suivre-pour-votre-cancer-poumon","status":"publish","type":"page","link":"https:\/\/www.philippeau.eu\/blog\/cancer-du-poumon\/les-sondages\/ou-vous-etes-vous-fait-operer-soigner-suivre-pour-votre-cancer-poumon\/","title":{"rendered":"O\u00f9 vous \u00eates-vous fait op\u00e9rer, soigner, suivre pour votre cancer poumon ?"},"content":{"rendered":"<p style=\"text-align: justify;\">Merci de ne r\u00e9pondre \u00e0 ce sondage que si vous habitez le d\u00e9partement de la Mayenne.<\/p>\n<p>Ce sondage est <span style=\"color: #ff0000;\">aujourd&rsquo;hui ferm\u00e9<\/span>, ci-dessous le r\u00e9sultat au jour de la fermeture le 15\/12\/2024.<\/p>\n<p><img loading=\"lazy\" decoding=\"async\" class=\"alignnone size-full wp-image-286990\" src=\"https:\/\/www.philippeau.eu\/blog\/wp-content\/uploads\/2024\/12\/Ou_vous_etes_vous_Reponse.png\" alt=\"O\u00f9 vous \u00eates-vous fait op\u00e9rer ?\" width=\"630\" height=\"645\" srcset=\"https:\/\/www.philippeau.eu\/blog\/wp-content\/uploads\/2024\/12\/Ou_vous_etes_vous_Reponse.png 630w, https:\/\/www.philippeau.eu\/blog\/wp-content\/uploads\/2024\/12\/Ou_vous_etes_vous_Reponse-293x300.png 293w\" sizes=\"auto, (max-width: 630px) 100vw, 630px\" \/><\/p>\n","protected":false},"excerpt":{"rendered":"<p>Merci de ne r\u00e9pondre \u00e0 ce sondage que si vous habitez le d\u00e9partement de la Mayenne. Ce sondage est aujourd&rsquo;hui ferm\u00e9, ci-dessous le r\u00e9sultat au jour de la fermeture le 15\/12\/2024.<\/p>\n","protected":false},"author":1,"featured_media":922,"parent":169,"menu_order":0,"comment_status":"open","ping_status":"closed","template":"","meta":{"jetpack_post_was_ever_published":false,"footnotes":""},"class_list":["post-171","page","type-page","status-publish","has-post-thumbnail","hentry","post"],"yoast_head":"<!-- This site is optimized with the Yoast SEO plugin v27.4 - https:\/\/yoast.com\/product\/yoast-seo-wordpress\/ -->\n<title>O\u00f9 vous \u00eates-vous fait op\u00e9rer, soigner, suivre pour votre cancer poumon ? - philippeau.eu<\/title>\n<meta name=\"robots\" content=\"index, follow, max-snippet:-1, max-image-preview:large, max-video-preview:-1\" \/>\n<link rel=\"canonical\" href=\"https:\/\/www.philippeau.eu\/blog\/cancer-du-poumon\/les-sondages\/ou-vous-etes-vous-fait-operer-soigner-suivre-pour-votre-cancer-poumon\/\" \/>\n<meta property=\"og:locale\" content=\"fr_FR\" \/>\n<meta property=\"og:type\" content=\"article\" \/>\n<meta property=\"og:title\" content=\"O\u00f9 vous \u00eates-vous fait op\u00e9rer, soigner, suivre pour votre cancer poumon ? - philippeau.eu\" \/>\n<meta property=\"og:description\" content=\"Merci de ne r\u00e9pondre \u00e0 ce sondage que si vous habitez le d\u00e9partement de la Mayenne. Ce sondage est aujourd&rsquo;hui ferm\u00e9, ci-dessous le r\u00e9sultat au jour de la fermeture le 15\/12\/2024.\" \/>\n<meta property=\"og:url\" content=\"https:\/\/www.philippeau.eu\/blog\/cancer-du-poumon\/les-sondages\/ou-vous-etes-vous-fait-operer-soigner-suivre-pour-votre-cancer-poumon\/\" \/>\n<meta property=\"og:site_name\" content=\"philippeau.eu\" \/>\n<meta property=\"article:publisher\" content=\"https:\/\/www.facebook.com\/laurent.philippeau\" \/>\n<meta property=\"article:modified_time\" content=\"2024-12-15T16:10:18+00:00\" \/>\n<meta property=\"og:image\" content=\"https:\/\/www.philippeau.eu\/blog\/wp-content\/uploads\/2017\/11\/img-a-la-une_sondage.jpg\" \/>\n\t<meta property=\"og:image:width\" content=\"672\" \/>\n\t<meta property=\"og:image:height\" content=\"250\" \/>\n\t<meta property=\"og:image:type\" content=\"image\/jpeg\" \/>\n<meta name=\"twitter:card\" content=\"summary_large_image\" \/>\n<meta name=\"twitter:label1\" content=\"Dur\u00e9e de lecture estim\u00e9e\" \/>\n\t<meta name=\"twitter:data1\" content=\"1 minute\" \/>\n<script type=\"application\/ld+json\" class=\"yoast-schema-graph\">{\"@context\":\"https:\\\/\\\/schema.org\",\"@graph\":[{\"@type\":\"WebPage\",\"@id\":\"https:\\\/\\\/www.philippeau.eu\\\/blog\\\/cancer-du-poumon\\\/les-sondages\\\/ou-vous-etes-vous-fait-operer-soigner-suivre-pour-votre-cancer-poumon\\\/\",\"url\":\"https:\\\/\\\/www.philippeau.eu\\\/blog\\\/cancer-du-poumon\\\/les-sondages\\\/ou-vous-etes-vous-fait-operer-soigner-suivre-pour-votre-cancer-poumon\\\/\",\"name\":\"O\u00f9 vous \u00eates-vous fait op\u00e9rer, soigner, suivre pour votre cancer poumon ? - philippeau.eu\",\"isPartOf\":{\"@id\":\"https:\\\/\\\/www.philippeau.eu\\\/blog\\\/#website\"},\"primaryImageOfPage\":{\"@id\":\"https:\\\/\\\/www.philippeau.eu\\\/blog\\\/cancer-du-poumon\\\/les-sondages\\\/ou-vous-etes-vous-fait-operer-soigner-suivre-pour-votre-cancer-poumon\\\/#primaryimage\"},\"image\":{\"@id\":\"https:\\\/\\\/www.philippeau.eu\\\/blog\\\/cancer-du-poumon\\\/les-sondages\\\/ou-vous-etes-vous-fait-operer-soigner-suivre-pour-votre-cancer-poumon\\\/#primaryimage\"},\"thumbnailUrl\":\"https:\\\/\\\/www.philippeau.eu\\\/blog\\\/wp-content\\\/uploads\\\/2017\\\/11\\\/img-a-la-une_sondage.jpg\",\"datePublished\":\"2014-12-11T19:01:46+00:00\",\"dateModified\":\"2024-12-15T16:10:18+00:00\",\"breadcrumb\":{\"@id\":\"https:\\\/\\\/www.philippeau.eu\\\/blog\\\/cancer-du-poumon\\\/les-sondages\\\/ou-vous-etes-vous-fait-operer-soigner-suivre-pour-votre-cancer-poumon\\\/#breadcrumb\"},\"inLanguage\":\"fr-FR\",\"potentialAction\":[{\"@type\":\"ReadAction\",\"target\":[\"https:\\\/\\\/www.philippeau.eu\\\/blog\\\/cancer-du-poumon\\\/les-sondages\\\/ou-vous-etes-vous-fait-operer-soigner-suivre-pour-votre-cancer-poumon\\\/\"]}]},{\"@type\":\"ImageObject\",\"inLanguage\":\"fr-FR\",\"@id\":\"https:\\\/\\\/www.philippeau.eu\\\/blog\\\/cancer-du-poumon\\\/les-sondages\\\/ou-vous-etes-vous-fait-operer-soigner-suivre-pour-votre-cancer-poumon\\\/#primaryimage\",\"url\":\"https:\\\/\\\/www.philippeau.eu\\\/blog\\\/wp-content\\\/uploads\\\/2017\\\/11\\\/img-a-la-une_sondage.jpg\",\"contentUrl\":\"https:\\\/\\\/www.philippeau.eu\\\/blog\\\/wp-content\\\/uploads\\\/2017\\\/11\\\/img-a-la-une_sondage.jpg\",\"width\":672,\"height\":250,\"caption\":\"Sondage\"},{\"@type\":\"BreadcrumbList\",\"@id\":\"https:\\\/\\\/www.philippeau.eu\\\/blog\\\/cancer-du-poumon\\\/les-sondages\\\/ou-vous-etes-vous-fait-operer-soigner-suivre-pour-votre-cancer-poumon\\\/#breadcrumb\",\"itemListElement\":[{\"@type\":\"ListItem\",\"position\":1,\"name\":\"Accueil\",\"item\":\"https:\\\/\\\/www.philippeau.eu\\\/blog\\\/\"},{\"@type\":\"ListItem\",\"position\":2,\"name\":\"Mon Cancer du Poumon\",\"item\":\"https:\\\/\\\/www.philippeau.eu\\\/blog\\\/cancer-du-poumon\\\/\"},{\"@type\":\"ListItem\",\"position\":3,\"name\":\"Les sondages sant\u00e9\",\"item\":\"https:\\\/\\\/www.philippeau.eu\\\/blog\\\/cancer-du-poumon\\\/les-sondages\\\/\"},{\"@type\":\"ListItem\",\"position\":4,\"name\":\"O\u00f9 vous \u00eates-vous fait op\u00e9rer, soigner, suivre pour votre cancer poumon ?\"}]},{\"@type\":\"WebSite\",\"@id\":\"https:\\\/\\\/www.philippeau.eu\\\/blog\\\/#website\",\"url\":\"https:\\\/\\\/www.philippeau.eu\\\/blog\\\/\",\"name\":\"philippeau.eu\",\"description\":\"\",\"publisher\":{\"@id\":\"https:\\\/\\\/www.philippeau.eu\\\/blog\\\/#\\\/schema\\\/person\\\/d0321ac69485a2fa34a86270145a4038\"},\"potentialAction\":[{\"@type\":\"SearchAction\",\"target\":{\"@type\":\"EntryPoint\",\"urlTemplate\":\"https:\\\/\\\/www.philippeau.eu\\\/blog\\\/?s={search_term_string}\"},\"query-input\":{\"@type\":\"PropertyValueSpecification\",\"valueRequired\":true,\"valueName\":\"search_term_string\"}}],\"inLanguage\":\"fr-FR\"},{\"@type\":[\"Person\",\"Organization\"],\"@id\":\"https:\\\/\\\/www.philippeau.eu\\\/blog\\\/#\\\/schema\\\/person\\\/d0321ac69485a2fa34a86270145a4038\",\"name\":\"Laurent\",\"image\":{\"@type\":\"ImageObject\",\"inLanguage\":\"fr-FR\",\"@id\":\"https:\\\/\\\/www.philippeau.eu\\\/blog\\\/wp-content\\\/uploads\\\/2020\\\/11\\\/cropped-PL_logo_initiales_img.png\",\"url\":\"https:\\\/\\\/www.philippeau.eu\\\/blog\\\/wp-content\\\/uploads\\\/2020\\\/11\\\/cropped-PL_logo_initiales_img.png\",\"contentUrl\":\"https:\\\/\\\/www.philippeau.eu\\\/blog\\\/wp-content\\\/uploads\\\/2020\\\/11\\\/cropped-PL_logo_initiales_img.png\",\"width\":512,\"height\":512,\"caption\":\"Laurent\"},\"logo\":{\"@id\":\"https:\\\/\\\/www.philippeau.eu\\\/blog\\\/wp-content\\\/uploads\\\/2020\\\/11\\\/cropped-PL_logo_initiales_img.png\"},\"description\":\"Propri\u00e9taire et webmaster du site www.philippeau.eu\",\"sameAs\":[\"https:\\\/\\\/www.philippeau.eu\",\"https:\\\/\\\/www.facebook.com\\\/laurent.philippeau\",\"https:\\\/\\\/www.youtube.com\\\/channel\\\/UCgwFBEt9Dv03TyDiBPNGL-Q\"]}]}<\/script>\n<!-- \/ Yoast SEO plugin. -->","yoast_head_json":{"title":"O\u00f9 vous \u00eates-vous fait op\u00e9rer, soigner, suivre pour votre cancer poumon ? - philippeau.eu","robots":{"index":"index","follow":"follow","max-snippet":"max-snippet:-1","max-image-preview":"max-image-preview:large","max-video-preview":"max-video-preview:-1"},"canonical":"https:\/\/www.philippeau.eu\/blog\/cancer-du-poumon\/les-sondages\/ou-vous-etes-vous-fait-operer-soigner-suivre-pour-votre-cancer-poumon\/","og_locale":"fr_FR","og_type":"article","og_title":"O\u00f9 vous \u00eates-vous fait op\u00e9rer, soigner, suivre pour votre cancer poumon ? - philippeau.eu","og_description":"Merci de ne r\u00e9pondre \u00e0 ce sondage que si vous habitez le d\u00e9partement de la Mayenne. Ce sondage est aujourd&rsquo;hui ferm\u00e9, ci-dessous le r\u00e9sultat au jour de la fermeture le 15\/12\/2024.","og_url":"https:\/\/www.philippeau.eu\/blog\/cancer-du-poumon\/les-sondages\/ou-vous-etes-vous-fait-operer-soigner-suivre-pour-votre-cancer-poumon\/","og_site_name":"philippeau.eu","article_publisher":"https:\/\/www.facebook.com\/laurent.philippeau","article_modified_time":"2024-12-15T16:10:18+00:00","og_image":[{"width":672,"height":250,"url":"https:\/\/www.philippeau.eu\/blog\/wp-content\/uploads\/2017\/11\/img-a-la-une_sondage.jpg","type":"image\/jpeg"}],"twitter_card":"summary_large_image","twitter_misc":{"Dur\u00e9e de lecture estim\u00e9e":"1 minute"},"schema":{"@context":"https:\/\/schema.org","@graph":[{"@type":"WebPage","@id":"https:\/\/www.philippeau.eu\/blog\/cancer-du-poumon\/les-sondages\/ou-vous-etes-vous-fait-operer-soigner-suivre-pour-votre-cancer-poumon\/","url":"https:\/\/www.philippeau.eu\/blog\/cancer-du-poumon\/les-sondages\/ou-vous-etes-vous-fait-operer-soigner-suivre-pour-votre-cancer-poumon\/","name":"O\u00f9 vous \u00eates-vous fait op\u00e9rer, soigner, suivre pour votre cancer poumon ? - philippeau.eu","isPartOf":{"@id":"https:\/\/www.philippeau.eu\/blog\/#website"},"primaryImageOfPage":{"@id":"https:\/\/www.philippeau.eu\/blog\/cancer-du-poumon\/les-sondages\/ou-vous-etes-vous-fait-operer-soigner-suivre-pour-votre-cancer-poumon\/#primaryimage"},"image":{"@id":"https:\/\/www.philippeau.eu\/blog\/cancer-du-poumon\/les-sondages\/ou-vous-etes-vous-fait-operer-soigner-suivre-pour-votre-cancer-poumon\/#primaryimage"},"thumbnailUrl":"https:\/\/www.philippeau.eu\/blog\/wp-content\/uploads\/2017\/11\/img-a-la-une_sondage.jpg","datePublished":"2014-12-11T19:01:46+00:00","dateModified":"2024-12-15T16:10:18+00:00","breadcrumb":{"@id":"https:\/\/www.philippeau.eu\/blog\/cancer-du-poumon\/les-sondages\/ou-vous-etes-vous-fait-operer-soigner-suivre-pour-votre-cancer-poumon\/#breadcrumb"},"inLanguage":"fr-FR","potentialAction":[{"@type":"ReadAction","target":["https:\/\/www.philippeau.eu\/blog\/cancer-du-poumon\/les-sondages\/ou-vous-etes-vous-fait-operer-soigner-suivre-pour-votre-cancer-poumon\/"]}]},{"@type":"ImageObject","inLanguage":"fr-FR","@id":"https:\/\/www.philippeau.eu\/blog\/cancer-du-poumon\/les-sondages\/ou-vous-etes-vous-fait-operer-soigner-suivre-pour-votre-cancer-poumon\/#primaryimage","url":"https:\/\/www.philippeau.eu\/blog\/wp-content\/uploads\/2017\/11\/img-a-la-une_sondage.jpg","contentUrl":"https:\/\/www.philippeau.eu\/blog\/wp-content\/uploads\/2017\/11\/img-a-la-une_sondage.jpg","width":672,"height":250,"caption":"Sondage"},{"@type":"BreadcrumbList","@id":"https:\/\/www.philippeau.eu\/blog\/cancer-du-poumon\/les-sondages\/ou-vous-etes-vous-fait-operer-soigner-suivre-pour-votre-cancer-poumon\/#breadcrumb","itemListElement":[{"@type":"ListItem","position":1,"name":"Accueil","item":"https:\/\/www.philippeau.eu\/blog\/"},{"@type":"ListItem","position":2,"name":"Mon Cancer du Poumon","item":"https:\/\/www.philippeau.eu\/blog\/cancer-du-poumon\/"},{"@type":"ListItem","position":3,"name":"Les sondages sant\u00e9","item":"https:\/\/www.philippeau.eu\/blog\/cancer-du-poumon\/les-sondages\/"},{"@type":"ListItem","position":4,"name":"O\u00f9 vous \u00eates-vous fait op\u00e9rer, soigner, suivre pour votre cancer poumon ?"}]},{"@type":"WebSite","@id":"https:\/\/www.philippeau.eu\/blog\/#website","url":"https:\/\/www.philippeau.eu\/blog\/","name":"philippeau.eu","description":"","publisher":{"@id":"https:\/\/www.philippeau.eu\/blog\/#\/schema\/person\/d0321ac69485a2fa34a86270145a4038"},"potentialAction":[{"@type":"SearchAction","target":{"@type":"EntryPoint","urlTemplate":"https:\/\/www.philippeau.eu\/blog\/?s={search_term_string}"},"query-input":{"@type":"PropertyValueSpecification","valueRequired":true,"valueName":"search_term_string"}}],"inLanguage":"fr-FR"},{"@type":["Person","Organization"],"@id":"https:\/\/www.philippeau.eu\/blog\/#\/schema\/person\/d0321ac69485a2fa34a86270145a4038","name":"Laurent","image":{"@type":"ImageObject","inLanguage":"fr-FR","@id":"https:\/\/www.philippeau.eu\/blog\/wp-content\/uploads\/2020\/11\/cropped-PL_logo_initiales_img.png","url":"https:\/\/www.philippeau.eu\/blog\/wp-content\/uploads\/2020\/11\/cropped-PL_logo_initiales_img.png","contentUrl":"https:\/\/www.philippeau.eu\/blog\/wp-content\/uploads\/2020\/11\/cropped-PL_logo_initiales_img.png","width":512,"height":512,"caption":"Laurent"},"logo":{"@id":"https:\/\/www.philippeau.eu\/blog\/wp-content\/uploads\/2020\/11\/cropped-PL_logo_initiales_img.png"},"description":"Propri\u00e9taire et webmaster du site www.philippeau.eu","sameAs":["https:\/\/www.philippeau.eu","https:\/\/www.facebook.com\/laurent.philippeau","https:\/\/www.youtube.com\/channel\/UCgwFBEt9Dv03TyDiBPNGL-Q"]}]}},"jetpack_likes_enabled":true,"jetpack_sharing_enabled":true,"_links":{"self":[{"href":"https:\/\/www.philippeau.eu\/blog\/wp-json\/wp\/v2\/pages\/171","targetHints":{"allow":["GET"]}}],"collection":[{"href":"https:\/\/www.philippeau.eu\/blog\/wp-json\/wp\/v2\/pages"}],"about":[{"href":"https:\/\/www.philippeau.eu\/blog\/wp-json\/wp\/v2\/types\/page"}],"author":[{"embeddable":true,"href":"https:\/\/www.philippeau.eu\/blog\/wp-json\/wp\/v2\/users\/1"}],"replies":[{"embeddable":true,"href":"https:\/\/www.philippeau.eu\/blog\/wp-json\/wp\/v2\/comments?post=171"}],"version-history":[{"count":3,"href":"https:\/\/www.philippeau.eu\/blog\/wp-json\/wp\/v2\/pages\/171\/revisions"}],"predecessor-version":[{"id":286992,"href":"https:\/\/www.philippeau.eu\/blog\/wp-json\/wp\/v2\/pages\/171\/revisions\/286992"}],"up":[{"embeddable":true,"href":"https:\/\/www.philippeau.eu\/blog\/wp-json\/wp\/v2\/pages\/169"}],"wp:featuredmedia":[{"embeddable":true,"href":"https:\/\/www.philippeau.eu\/blog\/wp-json\/wp\/v2\/media\/922"}],"wp:attachment":[{"href":"https:\/\/www.philippeau.eu\/blog\/wp-json\/wp\/v2\/media?parent=171"}],"curies":[{"name":"wp","href":"https:\/\/api.w.org\/{rel}","templated":true}]}}