{"id":169,"date":"2014-12-11T19:27:40","date_gmt":"2014-12-11T18:27:40","guid":{"rendered":"http:\/\/www.philippeau.eu\/blog\/?page_id=169"},"modified":"2022-06-24T14:22:04","modified_gmt":"2022-06-24T13:22:04","slug":"les-sondages","status":"publish","type":"page","link":"https:\/\/www.philippeau.eu\/blog\/cancer-du-poumon\/les-sondages\/","title":{"rendered":"Les sondages sant\u00e9"},"content":{"rendered":"<div id=\"pl-169\"  class=\"panel-layout\" ><div id=\"pg-169-0\"  class=\"panel-grid panel-no-style\" ><div id=\"pgc-169-0-0\"  class=\"panel-grid-cell\" ><div id=\"panel-169-0-0-0\" class=\"so-panel widget widget_sow-editor panel-first-child panel-last-child\" data-index=\"0\" ><div\n\t\t\t\n\t\t\tclass=\"so-widget-sow-editor so-widget-sow-editor-base\"\n\t\t\t\n\t\t>\n<div class=\"siteorigin-widget-tinymce textwidget\">\n\t<p>Je vous propose si vous le souhaitez de r\u00e9pondre \u00e0 quelques petits sondages. Vous trouverez la liste dans le menu ci-dessous.<br \/>\nLeurs sujets sont principalement li\u00e9s \u00e0 la sant\u00e9, le <a href=\"https:\/\/www.philippeau.eu\/blog\/?s=cancer+du+poumon\">cancer du poumon<\/a>, les <a href=\"https:\/\/www.philippeau.eu\/blog\/?s=douleurs+neuropathiques\">douleurs neuropathiques<\/a>, les <a href=\"https:\/\/www.philippeau.eu\/blog\/?s=Traitements\">traitements<\/a>, etc.<\/p>\n<p>Ces sondages sont totalement anonymes et chacun est libre d'y r\u00e9pondre ou non. Les r\u00e9sultats n'ont qu'une valeur indicative. Par cons\u00e9quent ils ne correspondent peut-\u00eatre pas \u00e0 la r\u00e9alit\u00e9. Vous devez en \u00eatre bien conscient si un r\u00e9sultat pouvait influencer l'une de <a href=\"https:\/\/www.hbrfrance.fr\/chroniques-experts\/2019\/10\/28301-les-6-biais-qui-impactent-le-plus-vos-decisions\/\" target=\"_blank\" rel=\"noopener noreferrer\">vos d\u00e9cisions<\/a> dont, vous \u00eates le ou la seule responsable.<\/p>\n<\/div>\n<\/div><\/div><\/div><\/div><div id=\"pg-169-1\"  class=\"panel-grid panel-no-style\" ><div id=\"pgc-169-1-0\"  class=\"panel-grid-cell\" ><div id=\"panel-169-1-0-0\" class=\"so-panel widget widget_nav_menu panel-first-child panel-last-child\" data-index=\"1\" ><h3 class=\"widget-title\">Les sondages<\/h3><div class=\"menu-sondages-container\"><ul id=\"menu-sondages\" class=\"menu\"><li id=\"menu-item-1552\" class=\"menu-item menu-item-type-post_type menu-item-object-page menu-item-1552\"><a href=\"https:\/\/www.philippeau.eu\/blog\/cancer-du-poumon\/les-sondages\/est-ce-que-mon-temoignage-vous-a-ete-utile\/\">Est-ce que mon t\u00e9moignage vous a \u00e9t\u00e9 utile ?<\/a><\/li>\n<li id=\"menu-item-1553\" class=\"menu-item menu-item-type-post_type menu-item-object-page menu-item-1553\"><a href=\"https:\/\/www.philippeau.eu\/blog\/cancer-du-poumon\/les-sondages\/ou-vous-etes-vous-fait-operer-soigner-suivre-pour-votre-cancer-poumon\/\">O\u00f9 vous \u00eates-vous fait op\u00e9rer, soigner, suivre pour votre cancer poumon ?<\/a><\/li>\n<li id=\"menu-item-1554\" class=\"menu-item menu-item-type-post_type menu-item-object-page menu-item-1554\"><a href=\"https:\/\/www.philippeau.eu\/blog\/cancer-du-poumon\/les-sondages\/sondage-douleurs-neuropathiques\/\">Sondage Douleurs neuropathiques<\/a><\/li>\n<li id=\"menu-item-1555\" class=\"menu-item menu-item-type-post_type menu-item-object-page menu-item-1555\"><a href=\"https:\/\/www.philippeau.eu\/blog\/cancer-du-poumon\/les-sondages\/stress-lors-des-controles\/\">Stress lors des contr\u00f4les ?<\/a><\/li>\n<li id=\"menu-item-136386\" class=\"menu-item menu-item-type-post_type menu-item-object-page menu-item-136386\"><a href=\"https:\/\/www.philippeau.eu\/blog\/cancer-du-poumon\/les-sondages\/il-semble-quil-soit-possible-de-ne-pas-enlever-la-chambre-implantable-pac-lorsquil-ny-en-a-plus-besoin-vous-etes-dans-quel-cas\/\">Il semble qu&rsquo;il soit possible de ne pas enlever la chambre implantable (PAC) lorsqu&rsquo;il n&rsquo;y en a plus besoin. Vous \u00eates dans quel cas ?<\/a><\/li>\n<li id=\"menu-item-136427\" class=\"menu-item menu-item-type-post_type menu-item-object-page menu-item-136427\"><a href=\"https:\/\/www.philippeau.eu\/blog\/cancer-du-poumon\/les-sondages\/douleurs-neuropathiques-les-changements-meteorologiques-ont-ils-une-incidence-sur-lintensite-de-votre-douleur\/\">Douleurs neuropathiques &#8211; Les changements m\u00e9t\u00e9orologiques ont-ils une incidence sur l&rsquo;intensit\u00e9 de votre douleur ?<\/a><\/li>\n<li id=\"menu-item-285105\" class=\"menu-item menu-item-type-post_type menu-item-object-page menu-item-285105\"><a href=\"https:\/\/www.philippeau.eu\/blog\/cancer-du-poumon\/les-sondages\/credits-et-droit-a-loubli-avez-vous-deja-fait-une-demande-de-credit-immobilier-automobile-ou-a-la-consommation-en-tant-que-malade-dun-cancer-du-poumon\/\">Cr\u00e9dits et droit \u00e0 l&rsquo;oubli : Avez-vous d\u00e9j\u00e0 fait une demande de cr\u00e9dit immobilier, automobile ou \u00e0 la consommation en tant que malade d&rsquo;un cancer du poumon ?<\/a><\/li>\n<\/ul><\/div><\/div><\/div><\/div><\/div>","protected":false},"excerpt":{"rendered":"<p>Je vous propose si vous le souhaitez de r\u00e9pondre \u00e0 quelques petits sondages. Vous trouverez la liste dans le menu ci-dessous. Leurs sujets sont principalement li\u00e9s \u00e0 la sant\u00e9, le cancer du poumon, les douleurs&#8230;<\/p>\n<div class=\"more-link-wrapper\"><a class=\"more-link\" href=\"https:\/\/www.philippeau.eu\/blog\/cancer-du-poumon\/les-sondages\/\"><span class=\"more-text\">Continuer la lecture<\/span><\/a><\/div>\n","protected":false},"author":1,"featured_media":1381,"parent":9,"menu_order":8,"comment_status":"closed","ping_status":"closed","template":"","meta":{"jetpack_post_was_ever_published":false,"footnotes":""},"class_list":["post-169","page","type-page","status-publish","has-post-thumbnail","hentry","post"],"yoast_head":"<!-- This site is optimized with the Yoast SEO plugin v27.4 - https:\/\/yoast.com\/product\/yoast-seo-wordpress\/ -->\n<title>Les sondages sant\u00e9 - philippeau.eu<\/title>\n<meta name=\"description\" content=\"Liste des petits sondages sur le site. Les sujets sont principalement la sant\u00e9, le cancer du poumon et les douleurs neuropathiques.\" \/>\n<meta name=\"robots\" content=\"index, follow, max-snippet:-1, max-image-preview:large, max-video-preview:-1\" \/>\n<link rel=\"canonical\" href=\"https:\/\/www.philippeau.eu\/blog\/cancer-du-poumon\/les-sondages\/\" \/>\n<meta property=\"og:locale\" content=\"fr_FR\" \/>\n<meta property=\"og:type\" content=\"article\" \/>\n<meta property=\"og:title\" content=\"Les sondages sant\u00e9 - philippeau.eu\" \/>\n<meta property=\"og:description\" content=\"Liste des petits sondages sur le site. Les sujets sont principalement la sant\u00e9, le cancer du poumon et les douleurs neuropathiques.\" \/>\n<meta property=\"og:url\" content=\"https:\/\/www.philippeau.eu\/blog\/cancer-du-poumon\/les-sondages\/\" \/>\n<meta property=\"og:site_name\" content=\"philippeau.eu\" \/>\n<meta property=\"article:publisher\" content=\"https:\/\/www.facebook.com\/laurent.philippeau\" \/>\n<meta property=\"article:modified_time\" content=\"2022-06-24T13:22:04+00:00\" \/>\n<meta property=\"og:image\" content=\"https:\/\/www.philippeau.eu\/blog\/wp-content\/uploads\/2018\/05\/Image_mise_en_avant_sondages.jpg\" \/>\n\t<meta property=\"og:image:width\" content=\"933\" \/>\n\t<meta property=\"og:image:height\" content=\"700\" \/>\n\t<meta property=\"og:image:type\" content=\"image\/jpeg\" \/>\n<meta name=\"twitter:card\" content=\"summary_large_image\" \/>\n<meta name=\"twitter:label1\" content=\"Dur\u00e9e de lecture estim\u00e9e\" \/>\n\t<meta name=\"twitter:data1\" content=\"1 minute\" \/>\n<script type=\"application\/ld+json\" class=\"yoast-schema-graph\">{\"@context\":\"https:\\\/\\\/schema.org\",\"@graph\":[{\"@type\":\"WebPage\",\"@id\":\"https:\\\/\\\/www.philippeau.eu\\\/blog\\\/cancer-du-poumon\\\/les-sondages\\\/\",\"url\":\"https:\\\/\\\/www.philippeau.eu\\\/blog\\\/cancer-du-poumon\\\/les-sondages\\\/\",\"name\":\"Les sondages sant\u00e9 - philippeau.eu\",\"isPartOf\":{\"@id\":\"https:\\\/\\\/www.philippeau.eu\\\/blog\\\/#website\"},\"primaryImageOfPage\":{\"@id\":\"https:\\\/\\\/www.philippeau.eu\\\/blog\\\/cancer-du-poumon\\\/les-sondages\\\/#primaryimage\"},\"image\":{\"@id\":\"https:\\\/\\\/www.philippeau.eu\\\/blog\\\/cancer-du-poumon\\\/les-sondages\\\/#primaryimage\"},\"thumbnailUrl\":\"https:\\\/\\\/www.philippeau.eu\\\/blog\\\/wp-content\\\/uploads\\\/2018\\\/05\\\/Image_mise_en_avant_sondages.jpg\",\"datePublished\":\"2014-12-11T18:27:40+00:00\",\"dateModified\":\"2022-06-24T13:22:04+00:00\",\"description\":\"Liste des petits sondages sur le site. Les sujets sont principalement la sant\u00e9, le cancer du poumon et les douleurs neuropathiques.\",\"breadcrumb\":{\"@id\":\"https:\\\/\\\/www.philippeau.eu\\\/blog\\\/cancer-du-poumon\\\/les-sondages\\\/#breadcrumb\"},\"inLanguage\":\"fr-FR\",\"potentialAction\":[{\"@type\":\"ReadAction\",\"target\":[\"https:\\\/\\\/www.philippeau.eu\\\/blog\\\/cancer-du-poumon\\\/les-sondages\\\/\"]}]},{\"@type\":\"ImageObject\",\"inLanguage\":\"fr-FR\",\"@id\":\"https:\\\/\\\/www.philippeau.eu\\\/blog\\\/cancer-du-poumon\\\/les-sondages\\\/#primaryimage\",\"url\":\"https:\\\/\\\/www.philippeau.eu\\\/blog\\\/wp-content\\\/uploads\\\/2018\\\/05\\\/Image_mise_en_avant_sondages.jpg\",\"contentUrl\":\"https:\\\/\\\/www.philippeau.eu\\\/blog\\\/wp-content\\\/uploads\\\/2018\\\/05\\\/Image_mise_en_avant_sondages.jpg\",\"width\":933,\"height\":700,\"caption\":\"Sondages\"},{\"@type\":\"BreadcrumbList\",\"@id\":\"https:\\\/\\\/www.philippeau.eu\\\/blog\\\/cancer-du-poumon\\\/les-sondages\\\/#breadcrumb\",\"itemListElement\":[{\"@type\":\"ListItem\",\"position\":1,\"name\":\"Accueil\",\"item\":\"https:\\\/\\\/www.philippeau.eu\\\/blog\\\/\"},{\"@type\":\"ListItem\",\"position\":2,\"name\":\"Mon Cancer du Poumon\",\"item\":\"https:\\\/\\\/www.philippeau.eu\\\/blog\\\/cancer-du-poumon\\\/\"},{\"@type\":\"ListItem\",\"position\":3,\"name\":\"Les sondages sant\u00e9\"}]},{\"@type\":\"WebSite\",\"@id\":\"https:\\\/\\\/www.philippeau.eu\\\/blog\\\/#website\",\"url\":\"https:\\\/\\\/www.philippeau.eu\\\/blog\\\/\",\"name\":\"philippeau.eu\",\"description\":\"\",\"publisher\":{\"@id\":\"https:\\\/\\\/www.philippeau.eu\\\/blog\\\/#\\\/schema\\\/person\\\/d0321ac69485a2fa34a86270145a4038\"},\"potentialAction\":[{\"@type\":\"SearchAction\",\"target\":{\"@type\":\"EntryPoint\",\"urlTemplate\":\"https:\\\/\\\/www.philippeau.eu\\\/blog\\\/?s={search_term_string}\"},\"query-input\":{\"@type\":\"PropertyValueSpecification\",\"valueRequired\":true,\"valueName\":\"search_term_string\"}}],\"inLanguage\":\"fr-FR\"},{\"@type\":[\"Person\",\"Organization\"],\"@id\":\"https:\\\/\\\/www.philippeau.eu\\\/blog\\\/#\\\/schema\\\/person\\\/d0321ac69485a2fa34a86270145a4038\",\"name\":\"Laurent\",\"image\":{\"@type\":\"ImageObject\",\"inLanguage\":\"fr-FR\",\"@id\":\"https:\\\/\\\/www.philippeau.eu\\\/blog\\\/wp-content\\\/uploads\\\/2020\\\/11\\\/cropped-PL_logo_initiales_img.png\",\"url\":\"https:\\\/\\\/www.philippeau.eu\\\/blog\\\/wp-content\\\/uploads\\\/2020\\\/11\\\/cropped-PL_logo_initiales_img.png\",\"contentUrl\":\"https:\\\/\\\/www.philippeau.eu\\\/blog\\\/wp-content\\\/uploads\\\/2020\\\/11\\\/cropped-PL_logo_initiales_img.png\",\"width\":512,\"height\":512,\"caption\":\"Laurent\"},\"logo\":{\"@id\":\"https:\\\/\\\/www.philippeau.eu\\\/blog\\\/wp-content\\\/uploads\\\/2020\\\/11\\\/cropped-PL_logo_initiales_img.png\"},\"description\":\"Propri\u00e9taire et webmaster du site www.philippeau.eu\",\"sameAs\":[\"https:\\\/\\\/www.philippeau.eu\",\"https:\\\/\\\/www.facebook.com\\\/laurent.philippeau\",\"https:\\\/\\\/www.youtube.com\\\/channel\\\/UCgwFBEt9Dv03TyDiBPNGL-Q\"]}]}<\/script>\n<!-- \/ Yoast SEO plugin. -->","yoast_head_json":{"title":"Les sondages sant\u00e9 - philippeau.eu","description":"Liste des petits sondages sur le site. Les sujets sont principalement la sant\u00e9, le cancer du poumon et les douleurs neuropathiques.","robots":{"index":"index","follow":"follow","max-snippet":"max-snippet:-1","max-image-preview":"max-image-preview:large","max-video-preview":"max-video-preview:-1"},"canonical":"https:\/\/www.philippeau.eu\/blog\/cancer-du-poumon\/les-sondages\/","og_locale":"fr_FR","og_type":"article","og_title":"Les sondages sant\u00e9 - philippeau.eu","og_description":"Liste des petits sondages sur le site. Les sujets sont principalement la sant\u00e9, le cancer du poumon et les douleurs neuropathiques.","og_url":"https:\/\/www.philippeau.eu\/blog\/cancer-du-poumon\/les-sondages\/","og_site_name":"philippeau.eu","article_publisher":"https:\/\/www.facebook.com\/laurent.philippeau","article_modified_time":"2022-06-24T13:22:04+00:00","og_image":[{"width":933,"height":700,"url":"https:\/\/www.philippeau.eu\/blog\/wp-content\/uploads\/2018\/05\/Image_mise_en_avant_sondages.jpg","type":"image\/jpeg"}],"twitter_card":"summary_large_image","twitter_misc":{"Dur\u00e9e de lecture estim\u00e9e":"1 minute"},"schema":{"@context":"https:\/\/schema.org","@graph":[{"@type":"WebPage","@id":"https:\/\/www.philippeau.eu\/blog\/cancer-du-poumon\/les-sondages\/","url":"https:\/\/www.philippeau.eu\/blog\/cancer-du-poumon\/les-sondages\/","name":"Les sondages sant\u00e9 - philippeau.eu","isPartOf":{"@id":"https:\/\/www.philippeau.eu\/blog\/#website"},"primaryImageOfPage":{"@id":"https:\/\/www.philippeau.eu\/blog\/cancer-du-poumon\/les-sondages\/#primaryimage"},"image":{"@id":"https:\/\/www.philippeau.eu\/blog\/cancer-du-poumon\/les-sondages\/#primaryimage"},"thumbnailUrl":"https:\/\/www.philippeau.eu\/blog\/wp-content\/uploads\/2018\/05\/Image_mise_en_avant_sondages.jpg","datePublished":"2014-12-11T18:27:40+00:00","dateModified":"2022-06-24T13:22:04+00:00","description":"Liste des petits sondages sur le site. Les sujets sont principalement la sant\u00e9, le cancer du poumon et les douleurs neuropathiques.","breadcrumb":{"@id":"https:\/\/www.philippeau.eu\/blog\/cancer-du-poumon\/les-sondages\/#breadcrumb"},"inLanguage":"fr-FR","potentialAction":[{"@type":"ReadAction","target":["https:\/\/www.philippeau.eu\/blog\/cancer-du-poumon\/les-sondages\/"]}]},{"@type":"ImageObject","inLanguage":"fr-FR","@id":"https:\/\/www.philippeau.eu\/blog\/cancer-du-poumon\/les-sondages\/#primaryimage","url":"https:\/\/www.philippeau.eu\/blog\/wp-content\/uploads\/2018\/05\/Image_mise_en_avant_sondages.jpg","contentUrl":"https:\/\/www.philippeau.eu\/blog\/wp-content\/uploads\/2018\/05\/Image_mise_en_avant_sondages.jpg","width":933,"height":700,"caption":"Sondages"},{"@type":"BreadcrumbList","@id":"https:\/\/www.philippeau.eu\/blog\/cancer-du-poumon\/les-sondages\/#breadcrumb","itemListElement":[{"@type":"ListItem","position":1,"name":"Accueil","item":"https:\/\/www.philippeau.eu\/blog\/"},{"@type":"ListItem","position":2,"name":"Mon Cancer du Poumon","item":"https:\/\/www.philippeau.eu\/blog\/cancer-du-poumon\/"},{"@type":"ListItem","position":3,"name":"Les sondages sant\u00e9"}]},{"@type":"WebSite","@id":"https:\/\/www.philippeau.eu\/blog\/#website","url":"https:\/\/www.philippeau.eu\/blog\/","name":"philippeau.eu","description":"","publisher":{"@id":"https:\/\/www.philippeau.eu\/blog\/#\/schema\/person\/d0321ac69485a2fa34a86270145a4038"},"potentialAction":[{"@type":"SearchAction","target":{"@type":"EntryPoint","urlTemplate":"https:\/\/www.philippeau.eu\/blog\/?s={search_term_string}"},"query-input":{"@type":"PropertyValueSpecification","valueRequired":true,"valueName":"search_term_string"}}],"inLanguage":"fr-FR"},{"@type":["Person","Organization"],"@id":"https:\/\/www.philippeau.eu\/blog\/#\/schema\/person\/d0321ac69485a2fa34a86270145a4038","name":"Laurent","image":{"@type":"ImageObject","inLanguage":"fr-FR","@id":"https:\/\/www.philippeau.eu\/blog\/wp-content\/uploads\/2020\/11\/cropped-PL_logo_initiales_img.png","url":"https:\/\/www.philippeau.eu\/blog\/wp-content\/uploads\/2020\/11\/cropped-PL_logo_initiales_img.png","contentUrl":"https:\/\/www.philippeau.eu\/blog\/wp-content\/uploads\/2020\/11\/cropped-PL_logo_initiales_img.png","width":512,"height":512,"caption":"Laurent"},"logo":{"@id":"https:\/\/www.philippeau.eu\/blog\/wp-content\/uploads\/2020\/11\/cropped-PL_logo_initiales_img.png"},"description":"Propri\u00e9taire et webmaster du site www.philippeau.eu","sameAs":["https:\/\/www.philippeau.eu","https:\/\/www.facebook.com\/laurent.philippeau","https:\/\/www.youtube.com\/channel\/UCgwFBEt9Dv03TyDiBPNGL-Q"]}]}},"jetpack_likes_enabled":true,"jetpack_sharing_enabled":false,"_links":{"self":[{"href":"https:\/\/www.philippeau.eu\/blog\/wp-json\/wp\/v2\/pages\/169","targetHints":{"allow":["GET"]}}],"collection":[{"href":"https:\/\/www.philippeau.eu\/blog\/wp-json\/wp\/v2\/pages"}],"about":[{"href":"https:\/\/www.philippeau.eu\/blog\/wp-json\/wp\/v2\/types\/page"}],"author":[{"embeddable":true,"href":"https:\/\/www.philippeau.eu\/blog\/wp-json\/wp\/v2\/users\/1"}],"replies":[{"embeddable":true,"href":"https:\/\/www.philippeau.eu\/blog\/wp-json\/wp\/v2\/comments?post=169"}],"version-history":[{"count":3,"href":"https:\/\/www.philippeau.eu\/blog\/wp-json\/wp\/v2\/pages\/169\/revisions"}],"predecessor-version":[{"id":285228,"href":"https:\/\/www.philippeau.eu\/blog\/wp-json\/wp\/v2\/pages\/169\/revisions\/285228"}],"up":[{"embeddable":true,"href":"https:\/\/www.philippeau.eu\/blog\/wp-json\/wp\/v2\/pages\/9"}],"wp:featuredmedia":[{"embeddable":true,"href":"https:\/\/www.philippeau.eu\/blog\/wp-json\/wp\/v2\/media\/1381"}],"wp:attachment":[{"href":"https:\/\/www.philippeau.eu\/blog\/wp-json\/wp\/v2\/media?parent=169"}],"curies":[{"name":"wp","href":"https:\/\/api.w.org\/{rel}","templated":true}]}}