{"id":1575,"date":"2018-06-10T18:42:08","date_gmt":"2018-06-10T17:42:08","guid":{"rendered":"http:\/\/www.philippeau.eu\/blog\/?page_id=1575"},"modified":"2020-09-26T18:38:18","modified_gmt":"2020-09-26T17:38:18","slug":"politique-de-confidentialite","status":"publish","type":"page","link":"https:\/\/www.philippeau.eu\/blog\/a-propos\/politique-de-confidentialite\/","title":{"rendered":"Politique de confidentialit\u00e9"},"content":{"rendered":"<p>Mise \u00e0 jour le 9 ao\u00fbt 2018<\/p>\n<h2>Qui sommes-nous ?<\/h2>\n<p>L\u2019adresse du site Web est\u00a0: http:\/\/www.philippeau.eu.<br \/>\n<span style=\"text-decoration: underline;\">Responsable de la publication :<\/span><br \/>\nM. Laurent Philippeau<br \/>\nlieu dit \u00ab\u00a0la chenill\u00e8re\u00a0\u00bb<br \/>\n53200 Chemaz\u00e9<br \/>\nContact via le <a href=\"http:\/\/www.philippeau.eu\/blog\/a-propos\/contact\/\">formulaire de contact<\/a><\/p>\n<h1>Utilisation des donn\u00e9es personnelles collect\u00e9es<\/h1>\n<h3>Commentaires<\/h3>\n<p>Quand vous laissez un commentaire sur notre site web, les donn\u00e9es inscrites dans le formulaire de commentaire, mais aussi votre adresse IP et l\u2019agent utilisateur de votre navigateur sont collect\u00e9s pour aider \u00e0 la d\u00e9tection des commentaires ind\u00e9sirables.<\/p>\n<p>Une cha\u00eene anonymis\u00e9e cr\u00e9\u00e9e \u00e0 partir de votre adresse de messagerie (\u00e9galement appel\u00e9e hash) peut \u00eatre envoy\u00e9e au service Gravatar pour v\u00e9rifier si vous utilisez ce dernier. Les clauses de confidentialit\u00e9 du service Gravatar sont disponibles ici\u00a0: https:\/\/automattic.com\/privacy\/. Apr\u00e8s validation de votre commentaire, votre photo de profil (Gravatar) sera visible publiquement \u00e0 cot\u00e9 de votre commentaire.<\/p>\n<h3>M\u00e9dias<\/h3>\n<p>Si vous \u00eates un utilisateur ou une utilisatrice enregistr\u00e9\u00b7e et que vous t\u00e9l\u00e9versez des images sur le site web, nous vous conseillons d\u2019\u00e9viter de t\u00e9l\u00e9verser des images contenant des donn\u00e9es EXIF de coordonn\u00e9es GPS. Les visiteurs de notre site web peuvent t\u00e9l\u00e9charger et extraire des donn\u00e9es de localisation depuis ces images.<\/p>\n<h3>Formulaires de contact<\/h3>\n<p>Pour nous contacter vous avez \u00e0 votre disposition un formulaire de contact. Ce formulaire est compos\u00e9 de quatre (4) champs. Le champ \u00ab\u00a0Nom\u00a0\u00bb ne doit pas obligatoirement \u00eatre remplis. Vous pouvez le laisser vide ou y indiquer selon votre choix un pseudonyme, votre pr\u00e9nom ou encore votre nom complet. Les trois (3) autres champs (Adresse e-mail, Sujet, Message) sont obligatoires pour que nous puissions r\u00e9pondre \u00e0 votre message. Les donn\u00e9es transmises via le formulaire sont enregistr\u00e9es dans la base de donn\u00e9es de notre boite mails et conserv\u00e9es le temps n\u00e9cessaire \u00e0 nos \u00e9changes. Vos donn\u00e9es ne sont pas utilis\u00e9es \u00e0 des fins commerciales.<\/p>\n<h1>Cookies<\/h1>\n<p>Voir la page : <a href=\"https:\/\/www.philippeau.eu\/blog\/a-propos\/politique-de-cookies-ue\/\">Politique de cookies (UE)<\/a>. Vous pouvez y modifier vos pr\u00e9f\u00e9rences de cookies.<\/p>\n<h3>Statistiques et mesures d\u2019audience<\/h3>\n<p>Nous utilisons le service Google Analytics sur ce site. Google Analytics d\u00e9pose des cookies qui servent \u00e0 des fins statistiques et de mesure d\u2019audience.<br \/>\n<a href=\"https:\/\/policies.google.com\/technologies\/partner-sites?hl=fr\" target=\"_blank\" rel=\"noopener noreferrer\">Voir comment Google utilise les informations collect\u00e9s sur notre site<\/a>. <a href=\"https:\/\/support.google.com\/analytics\/answer\/6004245?hl=fr\" target=\"_blank\" rel=\"noopener noreferrer\">En savoir plus sur la confidentialit\u00e9 dans Google\u00a0Analytics<\/a>.<\/p>\n<p>Google offre la possibilit\u00e9 de bloquer l&rsquo;utilisation de vos donn\u00e9es sur tous les sites que vous visitez en t\u00e9l\u00e9chargent ce <a href=\"https:\/\/tools.google.com\/dlpage\/gaoptout?hl=fr\" target=\"_blank\" rel=\"noopener noreferrer\">Module compl\u00e9mentaire de navigateur pour la d\u00e9sactivation de Google Analytics<\/a>.<\/p>\n<h1>Utilisation et transmission de vos donn\u00e9es personnelles<\/h1>\n<h2>Dur\u00e9es de stockage de vos donn\u00e9es<\/h2>\n<p>Si vous laissez un commentaire, le commentaire et ses m\u00e9tadonn\u00e9es sont conserv\u00e9s ind\u00e9finiment. Cela permet de reconna\u00eetre et approuver automatiquement les commentaires suivants au lieu de les laisser dans la file de mod\u00e9ration.<\/p>\n<p>Pour les utilisateurs et utilisatrices qui s\u2019enregistrent sur notre site (si cela est possible), nous stockons \u00e9galement les donn\u00e9es personnelles indiqu\u00e9es dans leur profil. Tous les utilisateurs et utilisatrices peuvent voir, modifier ou supprimer leurs informations personnelles \u00e0 tout moment (\u00e0 l\u2019exception de leur nom d\u2019utilisateur\/utilisatrice). Les gestionnaires du site peuvent aussi voir et modifier ces informations. Ces donn\u00e9es sont conserv\u00e9es tant que le compte utilisateur\/utilisatrice existe et tant qu&rsquo;elles ne sont pas modifi\u00e9es ou supprim\u00e9es par elle-m\u00eame ou lui-m\u00eame.<\/p>\n<h2>Les droits que vous avez sur vos donn\u00e9es<\/h2>\n<p>Si vous avez un compte membre ou si vous avez laiss\u00e9 des commentaires sur le site, vous pouvez demander \u00e0 recevoir un fichier contenant toutes les donn\u00e9es personnelles que nous poss\u00e9dons \u00e0 votre sujet, incluant celles que vous nous avez fournies. Vous pouvez \u00e9galement demander la suppression des donn\u00e9es personnelles vous concernant. Cela ne prend pas en compte les donn\u00e9es stock\u00e9es \u00e0 des fins administratives, l\u00e9gales ou pour des raisons de s\u00e9curit\u00e9.<\/p>\n<h3>Exercer vos droits<\/h3>\n<ul>\n<li><a href=\"http:\/\/www.philippeau.eu\/blog\/a-propos\/politique-de-confidentialite\/supprimer-mon-compte\/\">Supprimer mon compte et ou mes donn\u00e9es personnelles<\/a>.<\/li>\n<li><a href=\"http:\/\/www.philippeau.eu\/blog\/a-propos\/politique-de-confidentialite\/rectification-de-donnees\/\">Rectification de donn\u00e9es personnelles<\/a>.<\/li>\n<li><a href=\"http:\/\/www.philippeau.eu\/blog\/a-propos\/politique-de-confidentialite\/telecharger-mes-donnees-personnelles\/\">T\u00e9l\u00e9charger mes donn\u00e9es personnelles<\/a>.<\/li>\n<li><a href=\"http:\/\/www.philippeau.eu\/blog\/a-propos\/politique-de-confidentialite\/deposer-une-plainte\/\">D\u00e9poser une plainte<\/a>.<\/li>\n<\/ul>\n<h2>Transmission de vos donn\u00e9es personnelles<\/h2>\n<p>Nous transmettons des donn\u00e9es personnelles anonymes \u00e0 Google Analytics pour suivre et analyser les navigations de nos visiteurs. Ces informations sont stock\u00e9es dans des cookies (voir ci-dessus) que vous pouvez choisir de bloquer en installant le <a href=\"https:\/\/tools.google.com\/dlpage\/gaoptout?hl=fr\" target=\"_blank\" rel=\"noopener noreferrer\">Module compl\u00e9mentaire de navigateur pour la d\u00e9sactivation de Google Analytics<\/a> d\u00e9velopp\u00e9 par Google.<\/p>\n<p>En cas de besoin pour la maintenance ou le d\u00e9pannage des services qu&rsquo;ils nous fournissent, le personnel de notre h\u00e9bergeur\u00a0<a href=\"https:\/\/www.online.net\/fr\" target=\"_blank\" rel=\"noopener noreferrer\">Online.net<\/a> peut avoir acc\u00e8s \u00e0 tous les fichiers h\u00e9berg\u00e9s sur leurs serveurs et toutes les informations personnelles enregistr\u00e9es dans nos bases de donn\u00e9es. En savoir plus sur leur <a href=\"https:\/\/www.online.net\/fr\/document-legal\/mentions-legales\" target=\"_blank\" rel=\"noopener noreferrer\">Politique de confidentialit\u00e9<\/a>.<\/p>\n<p>Les commentaires des visiteurs enregistr\u00e9s ou non sont v\u00e9rifi\u00e9s \u00e0 l\u2019aide du service automatis\u00e9 de d\u00e9tection des commentaires ind\u00e9sirables \u00ab\u00a0<a href=\"https:\/\/akismet.com\/\" target=\"_blank\" rel=\"noopener noreferrer\">Akismet<\/a>\u00a0\u00bb extension d\u00e9velopp\u00e9es par <a href=\"https:\/\/automattic.com\/\" target=\"_blank\" rel=\"noopener noreferrer\">Automattic<\/a> (en) dont voici la <a href=\"https:\/\/automattic.com\/cookies\/\" target=\"_blank\" rel=\"noopener noreferrer\">Politique de cookie<\/a> (en) et la <a href=\"https:\/\/automattic.com\/privacy\/\" target=\"_blank\" rel=\"noopener noreferrer\">Politique de confidentialit\u00e9<\/a> (en).<\/p>\n<div>\n<blockquote>\n<h3>Source\u00a0: Akismet<\/h3>\n<\/blockquote>\n<\/div>\n<blockquote>\n<div class=\"policy-text hide-privacy-policy-tutorial\">Nous r\u00e9coltons des informations sur les visiteurs qui commentent sur les sites utilisant Akismet, notre service contre les ind\u00e9sirables. Ces informations r\u00e9colt\u00e9es d\u00e9pendent des r\u00e9glages Akismet effectu\u00e9s par l\u2019utilisateur sur le site, et incluent g\u00e9n\u00e9ralement l\u2019adresse IP des commentateurs, l\u2019agent utilisateur, le r\u00e9f\u00e9rent et l\u2019URL du site (ainsi que d\u2019autres informations fournies directement par le commentateur comme leur nom, identifiant, adresse e-mail et leur commentaire).<\/div>\n<\/blockquote>\n<h2>Informations de contact<\/h2>\n<p><span style=\"text-decoration: underline;\">Par courrier :<\/span><\/p>\n<p>M. Laurent Philippeau<br \/>\nlieu dit \u00ab\u00a0la chenill\u00e8re\u00a0\u00bb<br \/>\n53200 Chemaz\u00e9<\/p>\n<p>Contact via le <a href=\"http:\/\/www.philippeau.eu\/blog\/a-propos\/contact\/\">formulaire de contact<\/a> ou mieux en utilisant les formulaires ci-dessus pour exercer vos droits.<\/p>\n<h2>Informations suppl\u00e9mentaires<\/h2>\n<h3>Comment nous prot\u00e9geons vos donn\u00e9es<\/h3>\n<p>Les donn\u00e9es personnelles des membres sont enregistr\u00e9es dans notre base de donn\u00e9es s\u00e9curis\u00e9e par un identifiant et un mot de passe crypt\u00e9 h\u00e9berg\u00e9e sur un serveur https fourni par notre h\u00e9bergeur Online.net.<\/p>\n<h3>Proc\u00e9dures mises en \u0153uvre en cas de fuite de donn\u00e9es<\/h3>\n<p>Vous serez directement avertis depuis notre syst\u00e8me interne par e-mail envoy\u00e9 \u00e0 toutes personnes dont nous d\u00e9tenons des donn\u00e9es.<\/p>\n<h3>Les services tiers qui nous transmettent des donn\u00e9es<\/h3>\n<p>Google Analytics nous donne acc\u00e8s \u00e0 des donn\u00e9es d&rsquo;analyse d&rsquo;audience anonymes ne nous permettant pas de vous identifier personnellement.<\/p>\n<h3>Op\u00e9rations de marketing automatis\u00e9 et\/ou de profilage r\u00e9alis\u00e9es \u00e0 l\u2019aide des donn\u00e9es personnelles<\/h3>\n<p>Aucune op\u00e9ration de marketing ne sont r\u00e9alis\u00e9es par et pour nous (philippeau.eu). Le service Google Analytics si vous n&rsquo;avez pas install\u00e9 le <a href=\"https:\/\/tools.google.com\/dlpage\/gaoptout?hl=fr\" target=\"_blank\" rel=\"noopener noreferrer\">Module compl\u00e9mentaire de navigateur pour la d\u00e9sactivation de Google Analytics<\/a> d\u00e9velopp\u00e9 par Google, r\u00e9alise des actions de profilage. Il nous permet d&rsquo;avoir des informations telles que le pourcentage d&rsquo;hommes ou de femmes qui visitent notre site. Nous pouvons connaitre le pourcentage de visites par tranche d&rsquo;\u00e2ge, de lieux allant du Pays jusqu&rsquo;\u00e0 la ville. N&rsquo;\u00e9tant pas une entreprise, n&rsquo;ayant rien \u00e0 vous vendre et n&rsquo;ayant aucune source de revenu publicitaire gr\u00e2ce \u00e0 philippeau.eu, nous n&rsquo;utilisons le service Google Analytics que pour nous aider \u00e0 comprendre que faire pour \u00eatre plus visible sur internet.<\/p>\n<h3><\/h3>\n","protected":false},"excerpt":{"rendered":"<p>Mise \u00e0 jour le 9 ao\u00fbt 2018 Qui sommes-nous ? L\u2019adresse du site Web est\u00a0: http:\/\/www.philippeau.eu. Responsable de la publication : M. Laurent Philippeau lieu dit \u00ab\u00a0la chenill\u00e8re\u00a0\u00bb 53200 Chemaz\u00e9 Contact via le formulaire de&#8230;<\/p>\n<div class=\"more-link-wrapper\"><a class=\"more-link\" href=\"https:\/\/www.philippeau.eu\/blog\/a-propos\/politique-de-confidentialite\/\"><span class=\"more-text\">Continuer la lecture<\/span><\/a><\/div>\n","protected":false},"author":1,"featured_media":0,"parent":2,"menu_order":3,"comment_status":"closed","ping_status":"closed","template":"","meta":{"jetpack_post_was_ever_published":false,"footnotes":""},"class_list":["post-1575","page","type-page","status-publish","hentry","post"],"yoast_head":"<!-- This site is optimized with the Yoast SEO plugin v27.4 - https:\/\/yoast.com\/product\/yoast-seo-wordpress\/ -->\n<title>Politique de confidentialit\u00e9 - philippeau.eu<\/title>\n<meta name=\"robots\" content=\"index, follow, max-snippet:-1, max-image-preview:large, max-video-preview:-1\" \/>\n<link rel=\"canonical\" href=\"https:\/\/www.philippeau.eu\/blog\/a-propos\/politique-de-confidentialite\/\" \/>\n<meta property=\"og:locale\" content=\"fr_FR\" \/>\n<meta property=\"og:type\" content=\"article\" \/>\n<meta property=\"og:title\" content=\"Politique de confidentialit\u00e9 - philippeau.eu\" \/>\n<meta property=\"og:description\" content=\"Mise \u00e0 jour le 9 ao\u00fbt 2018 Qui sommes-nous ? L\u2019adresse du site Web est\u00a0: http:\/\/www.philippeau.eu. Responsable de la publication : M. Laurent Philippeau lieu dit \u00ab\u00a0la chenill\u00e8re\u00a0\u00bb 53200 Chemaz\u00e9 Contact via le formulaire de...Continuer la lecture\" \/>\n<meta property=\"og:url\" content=\"https:\/\/www.philippeau.eu\/blog\/a-propos\/politique-de-confidentialite\/\" \/>\n<meta property=\"og:site_name\" content=\"philippeau.eu\" \/>\n<meta property=\"article:publisher\" content=\"https:\/\/www.facebook.com\/laurent.philippeau\" \/>\n<meta property=\"article:modified_time\" content=\"2020-09-26T17:38:18+00:00\" \/>\n<meta property=\"og:image\" content=\"https:\/\/www.philippeau.eu\/blog\/wp-content\/uploads\/2018\/05\/Image_mise_en_avant_defaut.jpg\" \/>\n\t<meta property=\"og:image:width\" content=\"933\" \/>\n\t<meta property=\"og:image:height\" content=\"700\" \/>\n\t<meta property=\"og:image:type\" content=\"image\/jpeg\" \/>\n<meta name=\"twitter:card\" content=\"summary_large_image\" \/>\n<meta name=\"twitter:label1\" content=\"Dur\u00e9e de lecture estim\u00e9e\" \/>\n\t<meta name=\"twitter:data1\" content=\"6 minutes\" \/>\n<script type=\"application\/ld+json\" class=\"yoast-schema-graph\">{\"@context\":\"https:\\\/\\\/schema.org\",\"@graph\":[{\"@type\":\"WebPage\",\"@id\":\"https:\\\/\\\/www.philippeau.eu\\\/blog\\\/a-propos\\\/politique-de-confidentialite\\\/\",\"url\":\"https:\\\/\\\/www.philippeau.eu\\\/blog\\\/a-propos\\\/politique-de-confidentialite\\\/\",\"name\":\"Politique de confidentialit\u00e9 - philippeau.eu\",\"isPartOf\":{\"@id\":\"https:\\\/\\\/www.philippeau.eu\\\/blog\\\/#website\"},\"datePublished\":\"2018-06-10T17:42:08+00:00\",\"dateModified\":\"2020-09-26T17:38:18+00:00\",\"breadcrumb\":{\"@id\":\"https:\\\/\\\/www.philippeau.eu\\\/blog\\\/a-propos\\\/politique-de-confidentialite\\\/#breadcrumb\"},\"inLanguage\":\"fr-FR\",\"potentialAction\":[{\"@type\":\"ReadAction\",\"target\":[\"https:\\\/\\\/www.philippeau.eu\\\/blog\\\/a-propos\\\/politique-de-confidentialite\\\/\"]}]},{\"@type\":\"BreadcrumbList\",\"@id\":\"https:\\\/\\\/www.philippeau.eu\\\/blog\\\/a-propos\\\/politique-de-confidentialite\\\/#breadcrumb\",\"itemListElement\":[{\"@type\":\"ListItem\",\"position\":1,\"name\":\"Accueil\",\"item\":\"https:\\\/\\\/www.philippeau.eu\\\/blog\\\/\"},{\"@type\":\"ListItem\",\"position\":2,\"name\":\"\u00e0 propos\",\"item\":\"https:\\\/\\\/www.philippeau.eu\\\/blog\\\/a-propos\\\/\"},{\"@type\":\"ListItem\",\"position\":3,\"name\":\"Politique de confidentialit\u00e9\"}]},{\"@type\":\"WebSite\",\"@id\":\"https:\\\/\\\/www.philippeau.eu\\\/blog\\\/#website\",\"url\":\"https:\\\/\\\/www.philippeau.eu\\\/blog\\\/\",\"name\":\"philippeau.eu\",\"description\":\"\",\"publisher\":{\"@id\":\"https:\\\/\\\/www.philippeau.eu\\\/blog\\\/#\\\/schema\\\/person\\\/d0321ac69485a2fa34a86270145a4038\"},\"potentialAction\":[{\"@type\":\"SearchAction\",\"target\":{\"@type\":\"EntryPoint\",\"urlTemplate\":\"https:\\\/\\\/www.philippeau.eu\\\/blog\\\/?s={search_term_string}\"},\"query-input\":{\"@type\":\"PropertyValueSpecification\",\"valueRequired\":true,\"valueName\":\"search_term_string\"}}],\"inLanguage\":\"fr-FR\"},{\"@type\":[\"Person\",\"Organization\"],\"@id\":\"https:\\\/\\\/www.philippeau.eu\\\/blog\\\/#\\\/schema\\\/person\\\/d0321ac69485a2fa34a86270145a4038\",\"name\":\"Laurent\",\"image\":{\"@type\":\"ImageObject\",\"inLanguage\":\"fr-FR\",\"@id\":\"https:\\\/\\\/www.philippeau.eu\\\/blog\\\/wp-content\\\/uploads\\\/2020\\\/11\\\/cropped-PL_logo_initiales_img.png\",\"url\":\"https:\\\/\\\/www.philippeau.eu\\\/blog\\\/wp-content\\\/uploads\\\/2020\\\/11\\\/cropped-PL_logo_initiales_img.png\",\"contentUrl\":\"https:\\\/\\\/www.philippeau.eu\\\/blog\\\/wp-content\\\/uploads\\\/2020\\\/11\\\/cropped-PL_logo_initiales_img.png\",\"width\":512,\"height\":512,\"caption\":\"Laurent\"},\"logo\":{\"@id\":\"https:\\\/\\\/www.philippeau.eu\\\/blog\\\/wp-content\\\/uploads\\\/2020\\\/11\\\/cropped-PL_logo_initiales_img.png\"},\"description\":\"Propri\u00e9taire et webmaster du site www.philippeau.eu\",\"sameAs\":[\"https:\\\/\\\/www.philippeau.eu\",\"https:\\\/\\\/www.facebook.com\\\/laurent.philippeau\",\"https:\\\/\\\/www.youtube.com\\\/channel\\\/UCgwFBEt9Dv03TyDiBPNGL-Q\"]}]}<\/script>\n<!-- \/ Yoast SEO plugin. -->","yoast_head_json":{"title":"Politique de confidentialit\u00e9 - philippeau.eu","robots":{"index":"index","follow":"follow","max-snippet":"max-snippet:-1","max-image-preview":"max-image-preview:large","max-video-preview":"max-video-preview:-1"},"canonical":"https:\/\/www.philippeau.eu\/blog\/a-propos\/politique-de-confidentialite\/","og_locale":"fr_FR","og_type":"article","og_title":"Politique de confidentialit\u00e9 - philippeau.eu","og_description":"Mise \u00e0 jour le 9 ao\u00fbt 2018 Qui sommes-nous ? L\u2019adresse du site Web est\u00a0: http:\/\/www.philippeau.eu. Responsable de la publication : M. Laurent Philippeau lieu dit \u00ab\u00a0la chenill\u00e8re\u00a0\u00bb 53200 Chemaz\u00e9 Contact via le formulaire de...Continuer la lecture","og_url":"https:\/\/www.philippeau.eu\/blog\/a-propos\/politique-de-confidentialite\/","og_site_name":"philippeau.eu","article_publisher":"https:\/\/www.facebook.com\/laurent.philippeau","article_modified_time":"2020-09-26T17:38:18+00:00","og_image":[{"width":933,"height":700,"url":"https:\/\/www.philippeau.eu\/blog\/wp-content\/uploads\/2018\/05\/Image_mise_en_avant_defaut.jpg","type":"image\/jpeg"}],"twitter_card":"summary_large_image","twitter_misc":{"Dur\u00e9e de lecture estim\u00e9e":"6 minutes"},"schema":{"@context":"https:\/\/schema.org","@graph":[{"@type":"WebPage","@id":"https:\/\/www.philippeau.eu\/blog\/a-propos\/politique-de-confidentialite\/","url":"https:\/\/www.philippeau.eu\/blog\/a-propos\/politique-de-confidentialite\/","name":"Politique de confidentialit\u00e9 - philippeau.eu","isPartOf":{"@id":"https:\/\/www.philippeau.eu\/blog\/#website"},"datePublished":"2018-06-10T17:42:08+00:00","dateModified":"2020-09-26T17:38:18+00:00","breadcrumb":{"@id":"https:\/\/www.philippeau.eu\/blog\/a-propos\/politique-de-confidentialite\/#breadcrumb"},"inLanguage":"fr-FR","potentialAction":[{"@type":"ReadAction","target":["https:\/\/www.philippeau.eu\/blog\/a-propos\/politique-de-confidentialite\/"]}]},{"@type":"BreadcrumbList","@id":"https:\/\/www.philippeau.eu\/blog\/a-propos\/politique-de-confidentialite\/#breadcrumb","itemListElement":[{"@type":"ListItem","position":1,"name":"Accueil","item":"https:\/\/www.philippeau.eu\/blog\/"},{"@type":"ListItem","position":2,"name":"\u00e0 propos","item":"https:\/\/www.philippeau.eu\/blog\/a-propos\/"},{"@type":"ListItem","position":3,"name":"Politique de confidentialit\u00e9"}]},{"@type":"WebSite","@id":"https:\/\/www.philippeau.eu\/blog\/#website","url":"https:\/\/www.philippeau.eu\/blog\/","name":"philippeau.eu","description":"","publisher":{"@id":"https:\/\/www.philippeau.eu\/blog\/#\/schema\/person\/d0321ac69485a2fa34a86270145a4038"},"potentialAction":[{"@type":"SearchAction","target":{"@type":"EntryPoint","urlTemplate":"https:\/\/www.philippeau.eu\/blog\/?s={search_term_string}"},"query-input":{"@type":"PropertyValueSpecification","valueRequired":true,"valueName":"search_term_string"}}],"inLanguage":"fr-FR"},{"@type":["Person","Organization"],"@id":"https:\/\/www.philippeau.eu\/blog\/#\/schema\/person\/d0321ac69485a2fa34a86270145a4038","name":"Laurent","image":{"@type":"ImageObject","inLanguage":"fr-FR","@id":"https:\/\/www.philippeau.eu\/blog\/wp-content\/uploads\/2020\/11\/cropped-PL_logo_initiales_img.png","url":"https:\/\/www.philippeau.eu\/blog\/wp-content\/uploads\/2020\/11\/cropped-PL_logo_initiales_img.png","contentUrl":"https:\/\/www.philippeau.eu\/blog\/wp-content\/uploads\/2020\/11\/cropped-PL_logo_initiales_img.png","width":512,"height":512,"caption":"Laurent"},"logo":{"@id":"https:\/\/www.philippeau.eu\/blog\/wp-content\/uploads\/2020\/11\/cropped-PL_logo_initiales_img.png"},"description":"Propri\u00e9taire et webmaster du site www.philippeau.eu","sameAs":["https:\/\/www.philippeau.eu","https:\/\/www.facebook.com\/laurent.philippeau","https:\/\/www.youtube.com\/channel\/UCgwFBEt9Dv03TyDiBPNGL-Q"]}]}},"jetpack_likes_enabled":true,"jetpack_sharing_enabled":true,"_links":{"self":[{"href":"https:\/\/www.philippeau.eu\/blog\/wp-json\/wp\/v2\/pages\/1575","targetHints":{"allow":["GET"]}}],"collection":[{"href":"https:\/\/www.philippeau.eu\/blog\/wp-json\/wp\/v2\/pages"}],"about":[{"href":"https:\/\/www.philippeau.eu\/blog\/wp-json\/wp\/v2\/types\/page"}],"author":[{"embeddable":true,"href":"https:\/\/www.philippeau.eu\/blog\/wp-json\/wp\/v2\/users\/1"}],"replies":[{"embeddable":true,"href":"https:\/\/www.philippeau.eu\/blog\/wp-json\/wp\/v2\/comments?post=1575"}],"version-history":[{"count":3,"href":"https:\/\/www.philippeau.eu\/blog\/wp-json\/wp\/v2\/pages\/1575\/revisions"}],"predecessor-version":[{"id":285280,"href":"https:\/\/www.philippeau.eu\/blog\/wp-json\/wp\/v2\/pages\/1575\/revisions\/285280"}],"up":[{"embeddable":true,"href":"https:\/\/www.philippeau.eu\/blog\/wp-json\/wp\/v2\/pages\/2"}],"wp:attachment":[{"href":"https:\/\/www.philippeau.eu\/blog\/wp-json\/wp\/v2\/media?parent=1575"}],"curies":[{"name":"wp","href":"https:\/\/api.w.org\/{rel}","templated":true}]}}