{"id":136389,"date":"2019-07-05T19:48:43","date_gmt":"2019-07-05T18:48:43","guid":{"rendered":"http:\/\/www.philippeau.eu\/blog\/?page_id=136389"},"modified":"2024-12-15T18:40:06","modified_gmt":"2024-12-15T16:40:06","slug":"douleurs-neuropathiques-les-changements-meteorologiques-ont-ils-une-incidence-sur-lintensite-de-votre-douleur","status":"publish","type":"page","link":"https:\/\/www.philippeau.eu\/blog\/cancer-du-poumon\/les-sondages\/douleurs-neuropathiques-les-changements-meteorologiques-ont-ils-une-incidence-sur-lintensite-de-votre-douleur\/","title":{"rendered":"Douleurs neuropathiques &#8211; Les changements m\u00e9t\u00e9orologiques ont-ils une incidence sur l&rsquo;intensit\u00e9 de votre douleur ?"},"content":{"rendered":"<h2>M\u00e9t\u00e9o, a\u00efe ou ah !<\/h2>\n<p>Un certain temps apr\u00e8s l&rsquo;op\u00e9ration, j&rsquo;ai fini par comprendre que ces douleurs ne faisaient pas partie des suites normales de ma pneumonectomie. J&rsquo;ai alors au fil du temps remarqu\u00e9 que les changements m\u00e9t\u00e9o \u00e9taient l&rsquo;un des facteurs responsables des variations de l&rsquo;intensit\u00e9 de ma douleurs. Plus il fait chaud et sec, moins j&rsquo;ai mal.<\/p>\n<p>Merci pour votre vote. Vous pouvez aussi donner des d\u00e9tails dans les commentaires.<\/p>\n<p>Ce sondage est <span style=\"color: #ff0000;\">aujourd&rsquo;hui ferm\u00e9<\/span>, ci-dessous le r\u00e9sultat au jour de la fermeture le 15\/12\/2024.<\/p>\n<p><a  href=\"https:\/\/www.philippeau.eu\/blog\/wp-content\/uploads\/2024\/12\/Douleurs_neuro_meteo_Reponse.png\" data-rel=\"lightbox-gallery-0\" data-rl_title=\"Douleurs neuropathiques &#8211; Les changements m\u00e9t\u00e9orologiques ont-ils une incidence sur l&rsquo;intensit\u00e9 de votre douleur ?\" data-rl_caption=\"\" title=\"Douleurs neuropathiques &#8211; Les changements m\u00e9t\u00e9orologiques ont-ils une incidence sur l&rsquo;intensit\u00e9 de votre douleur ?\"><img loading=\"lazy\" decoding=\"async\" class=\"alignnone size-full wp-image-287004\" src=\"https:\/\/www.philippeau.eu\/blog\/wp-content\/uploads\/2024\/12\/Douleurs_neuro_meteo_Reponse.png\" alt=\"Douleurs neuropathiques - Les changements m\u00e9t\u00e9orologiques ont-ils une incidence sur l'intensit\u00e9 de votre douleur ?\" width=\"630\" height=\"340\" srcset=\"https:\/\/www.philippeau.eu\/blog\/wp-content\/uploads\/2024\/12\/Douleurs_neuro_meteo_Reponse.png 630w, https:\/\/www.philippeau.eu\/blog\/wp-content\/uploads\/2024\/12\/Douleurs_neuro_meteo_Reponse-300x162.png 300w\" sizes=\"auto, (max-width: 630px) 100vw, 630px\" \/><\/a><\/p>\n","protected":false},"excerpt":{"rendered":"<p>M\u00e9t\u00e9o, a\u00efe ou ah ! Un certain temps apr\u00e8s l&rsquo;op\u00e9ration, j&rsquo;ai fini par comprendre que ces douleurs ne faisaient pas partie des suites normales de ma pneumonectomie. J&rsquo;ai alors au fil du temps remarqu\u00e9 que&#8230;<\/p>\n<div class=\"more-link-wrapper\"><a class=\"more-link\" href=\"https:\/\/www.philippeau.eu\/blog\/cancer-du-poumon\/les-sondages\/douleurs-neuropathiques-les-changements-meteorologiques-ont-ils-une-incidence-sur-lintensite-de-votre-douleur\/\"><span class=\"more-text\">Continuer la lecture<\/span><\/a><\/div>\n","protected":false},"author":1,"featured_media":1381,"parent":169,"menu_order":6,"comment_status":"open","ping_status":"closed","template":"","meta":{"jetpack_post_was_ever_published":false,"footnotes":""},"class_list":["post-136389","page","type-page","status-publish","has-post-thumbnail","hentry","post"],"yoast_head":"<!-- This site is optimized with the Yoast SEO plugin v27.4 - https:\/\/yoast.com\/product\/yoast-seo-wordpress\/ -->\n<title>Douleurs neuropathiques - Les changements m\u00e9t\u00e9orologiques ont-ils une incidence sur l&#039;intensit\u00e9 de votre douleur ? - philippeau.eu<\/title>\n<meta name=\"robots\" content=\"noindex, follow\" \/>\n<meta property=\"og:locale\" content=\"fr_FR\" \/>\n<meta property=\"og:type\" content=\"article\" \/>\n<meta property=\"og:title\" content=\"Douleurs neuropathiques - Les changements m\u00e9t\u00e9orologiques ont-ils une incidence sur l&#039;intensit\u00e9 de votre douleur ? - philippeau.eu\" \/>\n<meta property=\"og:description\" content=\"M\u00e9t\u00e9o, a\u00efe ou ah ! Un certain temps apr\u00e8s l&rsquo;op\u00e9ration, j&rsquo;ai fini par comprendre que ces douleurs ne faisaient pas partie des suites normales de ma pneumonectomie. J&rsquo;ai alors au fil du temps remarqu\u00e9 que...Continuer la lecture\" \/>\n<meta property=\"og:url\" content=\"https:\/\/www.philippeau.eu\/blog\/cancer-du-poumon\/les-sondages\/douleurs-neuropathiques-les-changements-meteorologiques-ont-ils-une-incidence-sur-lintensite-de-votre-douleur\/\" \/>\n<meta property=\"og:site_name\" content=\"philippeau.eu\" \/>\n<meta property=\"article:publisher\" content=\"https:\/\/www.facebook.com\/laurent.philippeau\" \/>\n<meta property=\"article:modified_time\" content=\"2024-12-15T16:40:06+00:00\" \/>\n<meta property=\"og:image\" content=\"https:\/\/www.philippeau.eu\/blog\/wp-content\/uploads\/2018\/05\/Image_mise_en_avant_sondages.jpg\" \/>\n\t<meta property=\"og:image:width\" content=\"933\" \/>\n\t<meta property=\"og:image:height\" content=\"700\" \/>\n\t<meta property=\"og:image:type\" content=\"image\/jpeg\" \/>\n<meta name=\"twitter:card\" content=\"summary_large_image\" \/>\n<meta name=\"twitter:label1\" content=\"Dur\u00e9e de lecture estim\u00e9e\" \/>\n\t<meta name=\"twitter:data1\" content=\"1 minute\" \/>\n<script type=\"application\/ld+json\" class=\"yoast-schema-graph\">{\"@context\":\"https:\\\/\\\/schema.org\",\"@graph\":[{\"@type\":\"WebPage\",\"@id\":\"https:\\\/\\\/www.philippeau.eu\\\/blog\\\/cancer-du-poumon\\\/les-sondages\\\/douleurs-neuropathiques-les-changements-meteorologiques-ont-ils-une-incidence-sur-lintensite-de-votre-douleur\\\/\",\"url\":\"https:\\\/\\\/www.philippeau.eu\\\/blog\\\/cancer-du-poumon\\\/les-sondages\\\/douleurs-neuropathiques-les-changements-meteorologiques-ont-ils-une-incidence-sur-lintensite-de-votre-douleur\\\/\",\"name\":\"Douleurs neuropathiques - Les changements m\u00e9t\u00e9orologiques ont-ils une incidence sur l'intensit\u00e9 de votre douleur ? - philippeau.eu\",\"isPartOf\":{\"@id\":\"https:\\\/\\\/www.philippeau.eu\\\/blog\\\/#website\"},\"primaryImageOfPage\":{\"@id\":\"https:\\\/\\\/www.philippeau.eu\\\/blog\\\/cancer-du-poumon\\\/les-sondages\\\/douleurs-neuropathiques-les-changements-meteorologiques-ont-ils-une-incidence-sur-lintensite-de-votre-douleur\\\/#primaryimage\"},\"image\":{\"@id\":\"https:\\\/\\\/www.philippeau.eu\\\/blog\\\/cancer-du-poumon\\\/les-sondages\\\/douleurs-neuropathiques-les-changements-meteorologiques-ont-ils-une-incidence-sur-lintensite-de-votre-douleur\\\/#primaryimage\"},\"thumbnailUrl\":\"https:\\\/\\\/www.philippeau.eu\\\/blog\\\/wp-content\\\/uploads\\\/2018\\\/05\\\/Image_mise_en_avant_sondages.jpg\",\"datePublished\":\"2019-07-05T18:48:43+00:00\",\"dateModified\":\"2024-12-15T16:40:06+00:00\",\"breadcrumb\":{\"@id\":\"https:\\\/\\\/www.philippeau.eu\\\/blog\\\/cancer-du-poumon\\\/les-sondages\\\/douleurs-neuropathiques-les-changements-meteorologiques-ont-ils-une-incidence-sur-lintensite-de-votre-douleur\\\/#breadcrumb\"},\"inLanguage\":\"fr-FR\",\"potentialAction\":[{\"@type\":\"ReadAction\",\"target\":[\"https:\\\/\\\/www.philippeau.eu\\\/blog\\\/cancer-du-poumon\\\/les-sondages\\\/douleurs-neuropathiques-les-changements-meteorologiques-ont-ils-une-incidence-sur-lintensite-de-votre-douleur\\\/\"]}]},{\"@type\":\"ImageObject\",\"inLanguage\":\"fr-FR\",\"@id\":\"https:\\\/\\\/www.philippeau.eu\\\/blog\\\/cancer-du-poumon\\\/les-sondages\\\/douleurs-neuropathiques-les-changements-meteorologiques-ont-ils-une-incidence-sur-lintensite-de-votre-douleur\\\/#primaryimage\",\"url\":\"https:\\\/\\\/www.philippeau.eu\\\/blog\\\/wp-content\\\/uploads\\\/2018\\\/05\\\/Image_mise_en_avant_sondages.jpg\",\"contentUrl\":\"https:\\\/\\\/www.philippeau.eu\\\/blog\\\/wp-content\\\/uploads\\\/2018\\\/05\\\/Image_mise_en_avant_sondages.jpg\",\"width\":933,\"height\":700,\"caption\":\"Sondages\"},{\"@type\":\"BreadcrumbList\",\"@id\":\"https:\\\/\\\/www.philippeau.eu\\\/blog\\\/cancer-du-poumon\\\/les-sondages\\\/douleurs-neuropathiques-les-changements-meteorologiques-ont-ils-une-incidence-sur-lintensite-de-votre-douleur\\\/#breadcrumb\",\"itemListElement\":[{\"@type\":\"ListItem\",\"position\":1,\"name\":\"Accueil\",\"item\":\"https:\\\/\\\/www.philippeau.eu\\\/blog\\\/\"},{\"@type\":\"ListItem\",\"position\":2,\"name\":\"Mon Cancer du Poumon\",\"item\":\"https:\\\/\\\/www.philippeau.eu\\\/blog\\\/cancer-du-poumon\\\/\"},{\"@type\":\"ListItem\",\"position\":3,\"name\":\"Les sondages sant\u00e9\",\"item\":\"https:\\\/\\\/www.philippeau.eu\\\/blog\\\/cancer-du-poumon\\\/les-sondages\\\/\"},{\"@type\":\"ListItem\",\"position\":4,\"name\":\"Douleurs neuropathiques &#8211; Les changements m\u00e9t\u00e9orologiques ont-ils une incidence sur l&rsquo;intensit\u00e9 de votre douleur ?\"}]},{\"@type\":\"WebSite\",\"@id\":\"https:\\\/\\\/www.philippeau.eu\\\/blog\\\/#website\",\"url\":\"https:\\\/\\\/www.philippeau.eu\\\/blog\\\/\",\"name\":\"philippeau.eu\",\"description\":\"\",\"publisher\":{\"@id\":\"https:\\\/\\\/www.philippeau.eu\\\/blog\\\/#\\\/schema\\\/person\\\/d0321ac69485a2fa34a86270145a4038\"},\"potentialAction\":[{\"@type\":\"SearchAction\",\"target\":{\"@type\":\"EntryPoint\",\"urlTemplate\":\"https:\\\/\\\/www.philippeau.eu\\\/blog\\\/?s={search_term_string}\"},\"query-input\":{\"@type\":\"PropertyValueSpecification\",\"valueRequired\":true,\"valueName\":\"search_term_string\"}}],\"inLanguage\":\"fr-FR\"},{\"@type\":[\"Person\",\"Organization\"],\"@id\":\"https:\\\/\\\/www.philippeau.eu\\\/blog\\\/#\\\/schema\\\/person\\\/d0321ac69485a2fa34a86270145a4038\",\"name\":\"Laurent\",\"image\":{\"@type\":\"ImageObject\",\"inLanguage\":\"fr-FR\",\"@id\":\"https:\\\/\\\/www.philippeau.eu\\\/blog\\\/wp-content\\\/uploads\\\/2020\\\/11\\\/cropped-PL_logo_initiales_img.png\",\"url\":\"https:\\\/\\\/www.philippeau.eu\\\/blog\\\/wp-content\\\/uploads\\\/2020\\\/11\\\/cropped-PL_logo_initiales_img.png\",\"contentUrl\":\"https:\\\/\\\/www.philippeau.eu\\\/blog\\\/wp-content\\\/uploads\\\/2020\\\/11\\\/cropped-PL_logo_initiales_img.png\",\"width\":512,\"height\":512,\"caption\":\"Laurent\"},\"logo\":{\"@id\":\"https:\\\/\\\/www.philippeau.eu\\\/blog\\\/wp-content\\\/uploads\\\/2020\\\/11\\\/cropped-PL_logo_initiales_img.png\"},\"description\":\"Propri\u00e9taire et webmaster du site www.philippeau.eu\",\"sameAs\":[\"https:\\\/\\\/www.philippeau.eu\",\"https:\\\/\\\/www.facebook.com\\\/laurent.philippeau\",\"https:\\\/\\\/www.youtube.com\\\/channel\\\/UCgwFBEt9Dv03TyDiBPNGL-Q\"]}]}<\/script>\n<!-- \/ Yoast SEO plugin. -->","yoast_head_json":{"title":"Douleurs neuropathiques - Les changements m\u00e9t\u00e9orologiques ont-ils une incidence sur l'intensit\u00e9 de votre douleur ? - philippeau.eu","robots":{"index":"noindex","follow":"follow"},"og_locale":"fr_FR","og_type":"article","og_title":"Douleurs neuropathiques - Les changements m\u00e9t\u00e9orologiques ont-ils une incidence sur l'intensit\u00e9 de votre douleur ? - philippeau.eu","og_description":"M\u00e9t\u00e9o, a\u00efe ou ah ! Un certain temps apr\u00e8s l&rsquo;op\u00e9ration, j&rsquo;ai fini par comprendre que ces douleurs ne faisaient pas partie des suites normales de ma pneumonectomie. J&rsquo;ai alors au fil du temps remarqu\u00e9 que...Continuer la lecture","og_url":"https:\/\/www.philippeau.eu\/blog\/cancer-du-poumon\/les-sondages\/douleurs-neuropathiques-les-changements-meteorologiques-ont-ils-une-incidence-sur-lintensite-de-votre-douleur\/","og_site_name":"philippeau.eu","article_publisher":"https:\/\/www.facebook.com\/laurent.philippeau","article_modified_time":"2024-12-15T16:40:06+00:00","og_image":[{"width":933,"height":700,"url":"https:\/\/www.philippeau.eu\/blog\/wp-content\/uploads\/2018\/05\/Image_mise_en_avant_sondages.jpg","type":"image\/jpeg"}],"twitter_card":"summary_large_image","twitter_misc":{"Dur\u00e9e de lecture estim\u00e9e":"1 minute"},"schema":{"@context":"https:\/\/schema.org","@graph":[{"@type":"WebPage","@id":"https:\/\/www.philippeau.eu\/blog\/cancer-du-poumon\/les-sondages\/douleurs-neuropathiques-les-changements-meteorologiques-ont-ils-une-incidence-sur-lintensite-de-votre-douleur\/","url":"https:\/\/www.philippeau.eu\/blog\/cancer-du-poumon\/les-sondages\/douleurs-neuropathiques-les-changements-meteorologiques-ont-ils-une-incidence-sur-lintensite-de-votre-douleur\/","name":"Douleurs neuropathiques - Les changements m\u00e9t\u00e9orologiques ont-ils une incidence sur l'intensit\u00e9 de votre douleur ? - philippeau.eu","isPartOf":{"@id":"https:\/\/www.philippeau.eu\/blog\/#website"},"primaryImageOfPage":{"@id":"https:\/\/www.philippeau.eu\/blog\/cancer-du-poumon\/les-sondages\/douleurs-neuropathiques-les-changements-meteorologiques-ont-ils-une-incidence-sur-lintensite-de-votre-douleur\/#primaryimage"},"image":{"@id":"https:\/\/www.philippeau.eu\/blog\/cancer-du-poumon\/les-sondages\/douleurs-neuropathiques-les-changements-meteorologiques-ont-ils-une-incidence-sur-lintensite-de-votre-douleur\/#primaryimage"},"thumbnailUrl":"https:\/\/www.philippeau.eu\/blog\/wp-content\/uploads\/2018\/05\/Image_mise_en_avant_sondages.jpg","datePublished":"2019-07-05T18:48:43+00:00","dateModified":"2024-12-15T16:40:06+00:00","breadcrumb":{"@id":"https:\/\/www.philippeau.eu\/blog\/cancer-du-poumon\/les-sondages\/douleurs-neuropathiques-les-changements-meteorologiques-ont-ils-une-incidence-sur-lintensite-de-votre-douleur\/#breadcrumb"},"inLanguage":"fr-FR","potentialAction":[{"@type":"ReadAction","target":["https:\/\/www.philippeau.eu\/blog\/cancer-du-poumon\/les-sondages\/douleurs-neuropathiques-les-changements-meteorologiques-ont-ils-une-incidence-sur-lintensite-de-votre-douleur\/"]}]},{"@type":"ImageObject","inLanguage":"fr-FR","@id":"https:\/\/www.philippeau.eu\/blog\/cancer-du-poumon\/les-sondages\/douleurs-neuropathiques-les-changements-meteorologiques-ont-ils-une-incidence-sur-lintensite-de-votre-douleur\/#primaryimage","url":"https:\/\/www.philippeau.eu\/blog\/wp-content\/uploads\/2018\/05\/Image_mise_en_avant_sondages.jpg","contentUrl":"https:\/\/www.philippeau.eu\/blog\/wp-content\/uploads\/2018\/05\/Image_mise_en_avant_sondages.jpg","width":933,"height":700,"caption":"Sondages"},{"@type":"BreadcrumbList","@id":"https:\/\/www.philippeau.eu\/blog\/cancer-du-poumon\/les-sondages\/douleurs-neuropathiques-les-changements-meteorologiques-ont-ils-une-incidence-sur-lintensite-de-votre-douleur\/#breadcrumb","itemListElement":[{"@type":"ListItem","position":1,"name":"Accueil","item":"https:\/\/www.philippeau.eu\/blog\/"},{"@type":"ListItem","position":2,"name":"Mon Cancer du Poumon","item":"https:\/\/www.philippeau.eu\/blog\/cancer-du-poumon\/"},{"@type":"ListItem","position":3,"name":"Les sondages sant\u00e9","item":"https:\/\/www.philippeau.eu\/blog\/cancer-du-poumon\/les-sondages\/"},{"@type":"ListItem","position":4,"name":"Douleurs neuropathiques &#8211; Les changements m\u00e9t\u00e9orologiques ont-ils une incidence sur l&rsquo;intensit\u00e9 de votre douleur ?"}]},{"@type":"WebSite","@id":"https:\/\/www.philippeau.eu\/blog\/#website","url":"https:\/\/www.philippeau.eu\/blog\/","name":"philippeau.eu","description":"","publisher":{"@id":"https:\/\/www.philippeau.eu\/blog\/#\/schema\/person\/d0321ac69485a2fa34a86270145a4038"},"potentialAction":[{"@type":"SearchAction","target":{"@type":"EntryPoint","urlTemplate":"https:\/\/www.philippeau.eu\/blog\/?s={search_term_string}"},"query-input":{"@type":"PropertyValueSpecification","valueRequired":true,"valueName":"search_term_string"}}],"inLanguage":"fr-FR"},{"@type":["Person","Organization"],"@id":"https:\/\/www.philippeau.eu\/blog\/#\/schema\/person\/d0321ac69485a2fa34a86270145a4038","name":"Laurent","image":{"@type":"ImageObject","inLanguage":"fr-FR","@id":"https:\/\/www.philippeau.eu\/blog\/wp-content\/uploads\/2020\/11\/cropped-PL_logo_initiales_img.png","url":"https:\/\/www.philippeau.eu\/blog\/wp-content\/uploads\/2020\/11\/cropped-PL_logo_initiales_img.png","contentUrl":"https:\/\/www.philippeau.eu\/blog\/wp-content\/uploads\/2020\/11\/cropped-PL_logo_initiales_img.png","width":512,"height":512,"caption":"Laurent"},"logo":{"@id":"https:\/\/www.philippeau.eu\/blog\/wp-content\/uploads\/2020\/11\/cropped-PL_logo_initiales_img.png"},"description":"Propri\u00e9taire et webmaster du site www.philippeau.eu","sameAs":["https:\/\/www.philippeau.eu","https:\/\/www.facebook.com\/laurent.philippeau","https:\/\/www.youtube.com\/channel\/UCgwFBEt9Dv03TyDiBPNGL-Q"]}]}},"jetpack_likes_enabled":true,"jetpack_sharing_enabled":true,"_links":{"self":[{"href":"https:\/\/www.philippeau.eu\/blog\/wp-json\/wp\/v2\/pages\/136389","targetHints":{"allow":["GET"]}}],"collection":[{"href":"https:\/\/www.philippeau.eu\/blog\/wp-json\/wp\/v2\/pages"}],"about":[{"href":"https:\/\/www.philippeau.eu\/blog\/wp-json\/wp\/v2\/types\/page"}],"author":[{"embeddable":true,"href":"https:\/\/www.philippeau.eu\/blog\/wp-json\/wp\/v2\/users\/1"}],"replies":[{"embeddable":true,"href":"https:\/\/www.philippeau.eu\/blog\/wp-json\/wp\/v2\/comments?post=136389"}],"version-history":[{"count":3,"href":"https:\/\/www.philippeau.eu\/blog\/wp-json\/wp\/v2\/pages\/136389\/revisions"}],"predecessor-version":[{"id":287005,"href":"https:\/\/www.philippeau.eu\/blog\/wp-json\/wp\/v2\/pages\/136389\/revisions\/287005"}],"up":[{"embeddable":true,"href":"https:\/\/www.philippeau.eu\/blog\/wp-json\/wp\/v2\/pages\/169"}],"wp:featuredmedia":[{"embeddable":true,"href":"https:\/\/www.philippeau.eu\/blog\/wp-json\/wp\/v2\/media\/1381"}],"wp:attachment":[{"href":"https:\/\/www.philippeau.eu\/blog\/wp-json\/wp\/v2\/media?parent=136389"}],"curies":[{"name":"wp","href":"https:\/\/api.w.org\/{rel}","templated":true}]}}