{"id":1278,"date":"2018-04-10T18:04:54","date_gmt":"2018-04-10T17:04:54","guid":{"rendered":"http:\/\/www.philippeau.eu\/blog\/?page_id=1278"},"modified":"2024-12-15T18:19:26","modified_gmt":"2024-12-15T16:19:26","slug":"sondage-douleurs-neuropathiques","status":"publish","type":"page","link":"https:\/\/www.philippeau.eu\/blog\/cancer-du-poumon\/les-sondages\/sondage-douleurs-neuropathiques\/","title":{"rendered":"Sondage Douleurs neuropathiques"},"content":{"rendered":"<h2>Sondage Douleurs neuropathiques<\/h2>\n<p style=\"text-align: justify;\">Je me suis aper\u00e7u que apr\u00e8s un cancer ou m\u00eame en cours de traitements, de nombreuses personnes en souffraient. Je vous invite \u00e0 r\u00e9pondre \u00e0 ce Sondage Douleurs neuropathiques qui nous donnera une petite id\u00e9e du pourcentage de patients touch\u00e9s.<\/p>\n<p>Ce sondage est <span style=\"color: #ff0000;\">aujourd&rsquo;hui ferm\u00e9<\/span>, ci-dessous le r\u00e9sultat au jour de la fermeture le 15\/12\/2024.<\/p>\n<p><a  href=\"https:\/\/www.philippeau.eu\/blog\/wp-content\/uploads\/2024\/12\/Douleurs_neuropathiques_apres_Reponse.png\" data-rel=\"lightbox-gallery-0\" data-rl_title=\"Douleurs_neuropathiques_apres_Reponse\" data-rl_caption=\"\" title=\"Douleurs_neuropathiques_apres_Reponse\"><img loading=\"lazy\" decoding=\"async\" class=\"alignnone size-full wp-image-286993\" src=\"https:\/\/www.philippeau.eu\/blog\/wp-content\/uploads\/2024\/12\/Douleurs_neuropathiques_apres_Reponse.png\" alt=\"Douleurs neuropathiques, en souffrez-vous apr\u00e8s votre cancer ?\" width=\"630\" height=\"366\" srcset=\"https:\/\/www.philippeau.eu\/blog\/wp-content\/uploads\/2024\/12\/Douleurs_neuropathiques_apres_Reponse.png 630w, https:\/\/www.philippeau.eu\/blog\/wp-content\/uploads\/2024\/12\/Douleurs_neuropathiques_apres_Reponse-300x174.png 300w\" sizes=\"auto, (max-width: 630px) 100vw, 630px\" \/><\/a><\/p>\n<p style=\"text-align: justify;\">Si vous avez ou auriez r\u00e9pondu \u00ab\u00a0Je ne sais pas reconnaitre ces douleurs\u00a0\u00bb, je vous recommande de faire le test DN4 et lire la page en lien ci-dessous.<\/p>\n<ul>\n<li><a href=\"http:\/\/www.philippeau.eu\/blog\/cancer-du-poumon\/douleurs-neuropathiques-et-traitements\/test-dn4-douleurs-neuropathiques\/\">Test DN4 &#8211; Souffrez-vous de douleurs neuropathiques ?<\/a><\/li>\n<li><a href=\"http:\/\/www.philippeau.eu\/blog\/cancer-du-poumon\/douleurs-neuropathiques-et-traitements\/\">Douleurs neuropathiques et traitements<\/a><\/li>\n<\/ul>\n","protected":false},"excerpt":{"rendered":"<p>Sondage Douleurs neuropathiques Je me suis aper\u00e7u que apr\u00e8s un cancer ou m\u00eame en cours de traitements, de nombreuses personnes en souffraient. Je vous invite \u00e0 r\u00e9pondre \u00e0 ce Sondage Douleurs neuropathiques qui nous donnera&#8230;<\/p>\n<div class=\"more-link-wrapper\"><a class=\"more-link\" href=\"https:\/\/www.philippeau.eu\/blog\/cancer-du-poumon\/les-sondages\/sondage-douleurs-neuropathiques\/\"><span class=\"more-text\">Continuer la lecture<\/span><\/a><\/div>\n","protected":false},"author":1,"featured_media":922,"parent":169,"menu_order":0,"comment_status":"open","ping_status":"closed","template":"","meta":{"jetpack_post_was_ever_published":false,"footnotes":""},"class_list":["post-1278","page","type-page","status-publish","has-post-thumbnail","hentry","post"],"yoast_head":"<!-- This site is optimized with the Yoast SEO plugin v27.4 - https:\/\/yoast.com\/product\/yoast-seo-wordpress\/ -->\n<title>Sondage Douleurs neuropathiques - philippeau.eu<\/title>\n<meta name=\"description\" content=\"Je me suis aper\u00e7u que apr\u00e8s un cancer ou m\u00eame en cours de traitements, de nombreuses personnes en souffraient. Je vous invite \u00e0 r\u00e9pondre \u00e0 ce Sondage Douleurs neuropathiques.\" \/>\n<meta name=\"robots\" content=\"index, follow, max-snippet:-1, max-image-preview:large, max-video-preview:-1\" \/>\n<link rel=\"canonical\" href=\"https:\/\/www.philippeau.eu\/blog\/cancer-du-poumon\/les-sondages\/sondage-douleurs-neuropathiques\/\" \/>\n<meta property=\"og:locale\" content=\"fr_FR\" \/>\n<meta property=\"og:type\" content=\"article\" \/>\n<meta property=\"og:title\" content=\"Sondage Douleurs neuropathiques - philippeau.eu\" \/>\n<meta property=\"og:description\" content=\"Je me suis aper\u00e7u que apr\u00e8s un cancer ou m\u00eame en cours de traitements, de nombreuses personnes en souffraient. Je vous invite \u00e0 r\u00e9pondre \u00e0 ce Sondage Douleurs neuropathiques.\" \/>\n<meta property=\"og:url\" content=\"https:\/\/www.philippeau.eu\/blog\/cancer-du-poumon\/les-sondages\/sondage-douleurs-neuropathiques\/\" \/>\n<meta property=\"og:site_name\" content=\"philippeau.eu\" \/>\n<meta property=\"article:publisher\" content=\"https:\/\/www.facebook.com\/laurent.philippeau\" \/>\n<meta property=\"article:modified_time\" content=\"2024-12-15T16:19:26+00:00\" \/>\n<meta property=\"og:image\" content=\"https:\/\/www.philippeau.eu\/blog\/wp-content\/uploads\/2017\/11\/img-a-la-une_sondage.jpg\" \/>\n\t<meta property=\"og:image:width\" content=\"672\" \/>\n\t<meta property=\"og:image:height\" content=\"250\" \/>\n\t<meta property=\"og:image:type\" content=\"image\/jpeg\" \/>\n<meta name=\"twitter:card\" content=\"summary_large_image\" \/>\n<meta name=\"twitter:label1\" content=\"Dur\u00e9e de lecture estim\u00e9e\" \/>\n\t<meta name=\"twitter:data1\" content=\"1 minute\" \/>\n<script type=\"application\/ld+json\" class=\"yoast-schema-graph\">{\"@context\":\"https:\\\/\\\/schema.org\",\"@graph\":[{\"@type\":\"WebPage\",\"@id\":\"https:\\\/\\\/www.philippeau.eu\\\/blog\\\/cancer-du-poumon\\\/les-sondages\\\/sondage-douleurs-neuropathiques\\\/\",\"url\":\"https:\\\/\\\/www.philippeau.eu\\\/blog\\\/cancer-du-poumon\\\/les-sondages\\\/sondage-douleurs-neuropathiques\\\/\",\"name\":\"Sondage Douleurs neuropathiques - philippeau.eu\",\"isPartOf\":{\"@id\":\"https:\\\/\\\/www.philippeau.eu\\\/blog\\\/#website\"},\"primaryImageOfPage\":{\"@id\":\"https:\\\/\\\/www.philippeau.eu\\\/blog\\\/cancer-du-poumon\\\/les-sondages\\\/sondage-douleurs-neuropathiques\\\/#primaryimage\"},\"image\":{\"@id\":\"https:\\\/\\\/www.philippeau.eu\\\/blog\\\/cancer-du-poumon\\\/les-sondages\\\/sondage-douleurs-neuropathiques\\\/#primaryimage\"},\"thumbnailUrl\":\"https:\\\/\\\/www.philippeau.eu\\\/blog\\\/wp-content\\\/uploads\\\/2017\\\/11\\\/img-a-la-une_sondage.jpg\",\"datePublished\":\"2018-04-10T17:04:54+00:00\",\"dateModified\":\"2024-12-15T16:19:26+00:00\",\"description\":\"Je me suis aper\u00e7u que apr\u00e8s un cancer ou m\u00eame en cours de traitements, de nombreuses personnes en souffraient. Je vous invite \u00e0 r\u00e9pondre \u00e0 ce Sondage Douleurs neuropathiques.\",\"breadcrumb\":{\"@id\":\"https:\\\/\\\/www.philippeau.eu\\\/blog\\\/cancer-du-poumon\\\/les-sondages\\\/sondage-douleurs-neuropathiques\\\/#breadcrumb\"},\"inLanguage\":\"fr-FR\",\"potentialAction\":[{\"@type\":\"ReadAction\",\"target\":[\"https:\\\/\\\/www.philippeau.eu\\\/blog\\\/cancer-du-poumon\\\/les-sondages\\\/sondage-douleurs-neuropathiques\\\/\"]}]},{\"@type\":\"ImageObject\",\"inLanguage\":\"fr-FR\",\"@id\":\"https:\\\/\\\/www.philippeau.eu\\\/blog\\\/cancer-du-poumon\\\/les-sondages\\\/sondage-douleurs-neuropathiques\\\/#primaryimage\",\"url\":\"https:\\\/\\\/www.philippeau.eu\\\/blog\\\/wp-content\\\/uploads\\\/2017\\\/11\\\/img-a-la-une_sondage.jpg\",\"contentUrl\":\"https:\\\/\\\/www.philippeau.eu\\\/blog\\\/wp-content\\\/uploads\\\/2017\\\/11\\\/img-a-la-une_sondage.jpg\",\"width\":672,\"height\":250,\"caption\":\"Sondage\"},{\"@type\":\"BreadcrumbList\",\"@id\":\"https:\\\/\\\/www.philippeau.eu\\\/blog\\\/cancer-du-poumon\\\/les-sondages\\\/sondage-douleurs-neuropathiques\\\/#breadcrumb\",\"itemListElement\":[{\"@type\":\"ListItem\",\"position\":1,\"name\":\"Accueil\",\"item\":\"https:\\\/\\\/www.philippeau.eu\\\/blog\\\/\"},{\"@type\":\"ListItem\",\"position\":2,\"name\":\"Mon Cancer du Poumon\",\"item\":\"https:\\\/\\\/www.philippeau.eu\\\/blog\\\/cancer-du-poumon\\\/\"},{\"@type\":\"ListItem\",\"position\":3,\"name\":\"Les sondages sant\u00e9\",\"item\":\"https:\\\/\\\/www.philippeau.eu\\\/blog\\\/cancer-du-poumon\\\/les-sondages\\\/\"},{\"@type\":\"ListItem\",\"position\":4,\"name\":\"Sondage Douleurs neuropathiques\"}]},{\"@type\":\"WebSite\",\"@id\":\"https:\\\/\\\/www.philippeau.eu\\\/blog\\\/#website\",\"url\":\"https:\\\/\\\/www.philippeau.eu\\\/blog\\\/\",\"name\":\"philippeau.eu\",\"description\":\"\",\"publisher\":{\"@id\":\"https:\\\/\\\/www.philippeau.eu\\\/blog\\\/#\\\/schema\\\/person\\\/d0321ac69485a2fa34a86270145a4038\"},\"potentialAction\":[{\"@type\":\"SearchAction\",\"target\":{\"@type\":\"EntryPoint\",\"urlTemplate\":\"https:\\\/\\\/www.philippeau.eu\\\/blog\\\/?s={search_term_string}\"},\"query-input\":{\"@type\":\"PropertyValueSpecification\",\"valueRequired\":true,\"valueName\":\"search_term_string\"}}],\"inLanguage\":\"fr-FR\"},{\"@type\":[\"Person\",\"Organization\"],\"@id\":\"https:\\\/\\\/www.philippeau.eu\\\/blog\\\/#\\\/schema\\\/person\\\/d0321ac69485a2fa34a86270145a4038\",\"name\":\"Laurent\",\"image\":{\"@type\":\"ImageObject\",\"inLanguage\":\"fr-FR\",\"@id\":\"https:\\\/\\\/www.philippeau.eu\\\/blog\\\/wp-content\\\/uploads\\\/2020\\\/11\\\/cropped-PL_logo_initiales_img.png\",\"url\":\"https:\\\/\\\/www.philippeau.eu\\\/blog\\\/wp-content\\\/uploads\\\/2020\\\/11\\\/cropped-PL_logo_initiales_img.png\",\"contentUrl\":\"https:\\\/\\\/www.philippeau.eu\\\/blog\\\/wp-content\\\/uploads\\\/2020\\\/11\\\/cropped-PL_logo_initiales_img.png\",\"width\":512,\"height\":512,\"caption\":\"Laurent\"},\"logo\":{\"@id\":\"https:\\\/\\\/www.philippeau.eu\\\/blog\\\/wp-content\\\/uploads\\\/2020\\\/11\\\/cropped-PL_logo_initiales_img.png\"},\"description\":\"Propri\u00e9taire et webmaster du site www.philippeau.eu\",\"sameAs\":[\"https:\\\/\\\/www.philippeau.eu\",\"https:\\\/\\\/www.facebook.com\\\/laurent.philippeau\",\"https:\\\/\\\/www.youtube.com\\\/channel\\\/UCgwFBEt9Dv03TyDiBPNGL-Q\"]}]}<\/script>\n<!-- \/ Yoast SEO plugin. -->","yoast_head_json":{"title":"Sondage Douleurs neuropathiques - philippeau.eu","description":"Je me suis aper\u00e7u que apr\u00e8s un cancer ou m\u00eame en cours de traitements, de nombreuses personnes en souffraient. Je vous invite \u00e0 r\u00e9pondre \u00e0 ce Sondage Douleurs neuropathiques.","robots":{"index":"index","follow":"follow","max-snippet":"max-snippet:-1","max-image-preview":"max-image-preview:large","max-video-preview":"max-video-preview:-1"},"canonical":"https:\/\/www.philippeau.eu\/blog\/cancer-du-poumon\/les-sondages\/sondage-douleurs-neuropathiques\/","og_locale":"fr_FR","og_type":"article","og_title":"Sondage Douleurs neuropathiques - philippeau.eu","og_description":"Je me suis aper\u00e7u que apr\u00e8s un cancer ou m\u00eame en cours de traitements, de nombreuses personnes en souffraient. Je vous invite \u00e0 r\u00e9pondre \u00e0 ce Sondage Douleurs neuropathiques.","og_url":"https:\/\/www.philippeau.eu\/blog\/cancer-du-poumon\/les-sondages\/sondage-douleurs-neuropathiques\/","og_site_name":"philippeau.eu","article_publisher":"https:\/\/www.facebook.com\/laurent.philippeau","article_modified_time":"2024-12-15T16:19:26+00:00","og_image":[{"width":672,"height":250,"url":"https:\/\/www.philippeau.eu\/blog\/wp-content\/uploads\/2017\/11\/img-a-la-une_sondage.jpg","type":"image\/jpeg"}],"twitter_card":"summary_large_image","twitter_misc":{"Dur\u00e9e de lecture estim\u00e9e":"1 minute"},"schema":{"@context":"https:\/\/schema.org","@graph":[{"@type":"WebPage","@id":"https:\/\/www.philippeau.eu\/blog\/cancer-du-poumon\/les-sondages\/sondage-douleurs-neuropathiques\/","url":"https:\/\/www.philippeau.eu\/blog\/cancer-du-poumon\/les-sondages\/sondage-douleurs-neuropathiques\/","name":"Sondage Douleurs neuropathiques - philippeau.eu","isPartOf":{"@id":"https:\/\/www.philippeau.eu\/blog\/#website"},"primaryImageOfPage":{"@id":"https:\/\/www.philippeau.eu\/blog\/cancer-du-poumon\/les-sondages\/sondage-douleurs-neuropathiques\/#primaryimage"},"image":{"@id":"https:\/\/www.philippeau.eu\/blog\/cancer-du-poumon\/les-sondages\/sondage-douleurs-neuropathiques\/#primaryimage"},"thumbnailUrl":"https:\/\/www.philippeau.eu\/blog\/wp-content\/uploads\/2017\/11\/img-a-la-une_sondage.jpg","datePublished":"2018-04-10T17:04:54+00:00","dateModified":"2024-12-15T16:19:26+00:00","description":"Je me suis aper\u00e7u que apr\u00e8s un cancer ou m\u00eame en cours de traitements, de nombreuses personnes en souffraient. Je vous invite \u00e0 r\u00e9pondre \u00e0 ce Sondage Douleurs neuropathiques.","breadcrumb":{"@id":"https:\/\/www.philippeau.eu\/blog\/cancer-du-poumon\/les-sondages\/sondage-douleurs-neuropathiques\/#breadcrumb"},"inLanguage":"fr-FR","potentialAction":[{"@type":"ReadAction","target":["https:\/\/www.philippeau.eu\/blog\/cancer-du-poumon\/les-sondages\/sondage-douleurs-neuropathiques\/"]}]},{"@type":"ImageObject","inLanguage":"fr-FR","@id":"https:\/\/www.philippeau.eu\/blog\/cancer-du-poumon\/les-sondages\/sondage-douleurs-neuropathiques\/#primaryimage","url":"https:\/\/www.philippeau.eu\/blog\/wp-content\/uploads\/2017\/11\/img-a-la-une_sondage.jpg","contentUrl":"https:\/\/www.philippeau.eu\/blog\/wp-content\/uploads\/2017\/11\/img-a-la-une_sondage.jpg","width":672,"height":250,"caption":"Sondage"},{"@type":"BreadcrumbList","@id":"https:\/\/www.philippeau.eu\/blog\/cancer-du-poumon\/les-sondages\/sondage-douleurs-neuropathiques\/#breadcrumb","itemListElement":[{"@type":"ListItem","position":1,"name":"Accueil","item":"https:\/\/www.philippeau.eu\/blog\/"},{"@type":"ListItem","position":2,"name":"Mon Cancer du Poumon","item":"https:\/\/www.philippeau.eu\/blog\/cancer-du-poumon\/"},{"@type":"ListItem","position":3,"name":"Les sondages sant\u00e9","item":"https:\/\/www.philippeau.eu\/blog\/cancer-du-poumon\/les-sondages\/"},{"@type":"ListItem","position":4,"name":"Sondage Douleurs neuropathiques"}]},{"@type":"WebSite","@id":"https:\/\/www.philippeau.eu\/blog\/#website","url":"https:\/\/www.philippeau.eu\/blog\/","name":"philippeau.eu","description":"","publisher":{"@id":"https:\/\/www.philippeau.eu\/blog\/#\/schema\/person\/d0321ac69485a2fa34a86270145a4038"},"potentialAction":[{"@type":"SearchAction","target":{"@type":"EntryPoint","urlTemplate":"https:\/\/www.philippeau.eu\/blog\/?s={search_term_string}"},"query-input":{"@type":"PropertyValueSpecification","valueRequired":true,"valueName":"search_term_string"}}],"inLanguage":"fr-FR"},{"@type":["Person","Organization"],"@id":"https:\/\/www.philippeau.eu\/blog\/#\/schema\/person\/d0321ac69485a2fa34a86270145a4038","name":"Laurent","image":{"@type":"ImageObject","inLanguage":"fr-FR","@id":"https:\/\/www.philippeau.eu\/blog\/wp-content\/uploads\/2020\/11\/cropped-PL_logo_initiales_img.png","url":"https:\/\/www.philippeau.eu\/blog\/wp-content\/uploads\/2020\/11\/cropped-PL_logo_initiales_img.png","contentUrl":"https:\/\/www.philippeau.eu\/blog\/wp-content\/uploads\/2020\/11\/cropped-PL_logo_initiales_img.png","width":512,"height":512,"caption":"Laurent"},"logo":{"@id":"https:\/\/www.philippeau.eu\/blog\/wp-content\/uploads\/2020\/11\/cropped-PL_logo_initiales_img.png"},"description":"Propri\u00e9taire et webmaster du site www.philippeau.eu","sameAs":["https:\/\/www.philippeau.eu","https:\/\/www.facebook.com\/laurent.philippeau","https:\/\/www.youtube.com\/channel\/UCgwFBEt9Dv03TyDiBPNGL-Q"]}]}},"jetpack_likes_enabled":true,"jetpack_sharing_enabled":true,"_links":{"self":[{"href":"https:\/\/www.philippeau.eu\/blog\/wp-json\/wp\/v2\/pages\/1278","targetHints":{"allow":["GET"]}}],"collection":[{"href":"https:\/\/www.philippeau.eu\/blog\/wp-json\/wp\/v2\/pages"}],"about":[{"href":"https:\/\/www.philippeau.eu\/blog\/wp-json\/wp\/v2\/types\/page"}],"author":[{"embeddable":true,"href":"https:\/\/www.philippeau.eu\/blog\/wp-json\/wp\/v2\/users\/1"}],"replies":[{"embeddable":true,"href":"https:\/\/www.philippeau.eu\/blog\/wp-json\/wp\/v2\/comments?post=1278"}],"version-history":[{"count":3,"href":"https:\/\/www.philippeau.eu\/blog\/wp-json\/wp\/v2\/pages\/1278\/revisions"}],"predecessor-version":[{"id":1303,"href":"https:\/\/www.philippeau.eu\/blog\/wp-json\/wp\/v2\/pages\/1278\/revisions\/1303"}],"up":[{"embeddable":true,"href":"https:\/\/www.philippeau.eu\/blog\/wp-json\/wp\/v2\/pages\/169"}],"wp:featuredmedia":[{"embeddable":true,"href":"https:\/\/www.philippeau.eu\/blog\/wp-json\/wp\/v2\/media\/922"}],"wp:attachment":[{"href":"https:\/\/www.philippeau.eu\/blog\/wp-json\/wp\/v2\/media?parent=1278"}],"curies":[{"name":"wp","href":"https:\/\/api.w.org\/{rel}","templated":true}]}}