{"id":1257,"date":"2018-04-10T16:20:04","date_gmt":"2018-04-10T15:20:04","guid":{"rendered":"http:\/\/www.philippeau.eu\/blog\/?page_id=1257"},"modified":"2018-05-11T14:00:03","modified_gmt":"2018-05-11T13:00:03","slug":"test-dn4-douleurs-neuropathiques","status":"publish","type":"page","link":"https:\/\/www.philippeau.eu\/blog\/cancer-du-poumon\/douleurs-neuropathiques-et-traitements\/test-dn4-douleurs-neuropathiques\/","title":{"rendered":"Test DN4 &#8211; Douleurs Neuropathiques"},"content":{"rendered":"<h2>Test DN4<\/h2>\n<p style=\"text-align: justify;\">Le test DN4 est un outil de <a href=\"https:\/\/www.futura-sciences.com\/sante\/definitions\/medecine-diagnostic-2662\/\" target=\"_blank\" rel=\"noopener\">diagnostic<\/a> utilis\u00e9 par les praticiens lorsqu&rsquo;ils suspectent des douleurs neuropathiques chez un patient.<br \/>\nVous pouvez faire ce test vous-m\u00eame ici en r\u00e9pondant au questionnaire.<\/p>\n<p style=\"text-align: justify;\">A la fin vous comptabilisez les r\u00e9ponses.<br \/>\n1 pour oui et 0 pour non.<br \/>\nSi vous obtenez un total \u00e9gal ou sup\u00e9rieur \u00e0 4\/10 (sensibilit\u00e9 \u00e0 82,9 % ; sp\u00e9cificit\u00e9 \u00e0 89,9 %), le test est positif et vous souffrez tr\u00e8s certainement de <a href=\"http:\/\/www.philippeau.eu\/blog\/cancer-du-poumon\/douleurs-neuropathiques-et-traitements\/\">douleurs neuropathiques<\/a>. Dans ce cas, parlez en \u00e0 votre m\u00e9decin traitant et demandez lui peut-\u00eatre de vous orienter directement vers un <a href=\"http:\/\/www.ico-cancer.fr\/l-ico\/un-institut-deux-sites\/ico-site-paul-papin\/venir-a-l-ico-site-paul-papin\/\" target=\"_blank\" rel=\"noopener\">centre anti-douleurs<\/a>. Ces douleurs sont tellement sp\u00e9cifiques qu&rsquo;il est pr\u00e9f\u00e9rable de voir un sp\u00e9cialiste pour \u00eatre pris en charge du mieux possible<\/p>\n<p>&nbsp;<\/p>\n<table border=\"1\" width=\"100%\" cellspacing=\"0\" cellpadding=\"10\">\n<tbody>\n<tr>\n<td class=\"button\" colspan=\"3\"><strong>1. La douleur pr\u00e9sente-t-elle une ou plusieurs des caract\u00e9ristiques suivantes ?<\/strong><\/td>\n<\/tr>\n<tr>\n<td width=\"80%\">\n<ul>\n<li>Br\u00fblure ?<\/li>\n<\/ul>\n<\/td>\n<td nowrap=\"nowrap\" width=\"10%\"><input name=\"checkbox\" type=\"checkbox\" value=\"checkbox\" \/> oui<\/td>\n<td nowrap=\"nowrap\" width=\"10%\"><input name=\"checkbox\" type=\"checkbox\" value=\"checkbox\" \/> non<\/td>\n<\/tr>\n<tr>\n<td>\n<ul>\n<li>Sensation de froid douloureux ?<\/li>\n<\/ul>\n<\/td>\n<td><input name=\"checkbox\" type=\"checkbox\" value=\"checkbox\" \/> oui<\/td>\n<td><input name=\"checkbox\" type=\"checkbox\" value=\"checkbox\" \/> non<\/td>\n<\/tr>\n<tr>\n<td>\n<ul>\n<li>D\u00e9charges \u00e9lectriques ?<\/li>\n<\/ul>\n<\/td>\n<td><input name=\"checkbox\" type=\"checkbox\" value=\"checkbox\" \/> oui<\/td>\n<td><input name=\"checkbox\" type=\"checkbox\" value=\"checkbox\" \/> non<\/td>\n<\/tr>\n<tr>\n<td class=\"button\" colspan=\"3\"><strong>2. La douleur est-elle associ\u00e9e dans la m\u00eame r\u00e9gion \u00e0 un ou plusieurs des sympt\u00f4mes suivants ?<\/strong><\/td>\n<\/tr>\n<tr>\n<td>\n<ul>\n<li>Fourmillements ?<\/li>\n<\/ul>\n<\/td>\n<td><input name=\"checkbox\" type=\"checkbox\" value=\"checkbox\" \/> oui<\/td>\n<td><input name=\"checkbox\" type=\"checkbox\" value=\"checkbox\" \/> non<\/td>\n<\/tr>\n<tr>\n<td>\n<ul>\n<li>Picotements ?<\/li>\n<\/ul>\n<\/td>\n<td><input name=\"checkbox\" type=\"checkbox\" value=\"checkbox\" \/> oui<\/td>\n<td><input name=\"checkbox\" type=\"checkbox\" value=\"checkbox\" \/> non<\/td>\n<\/tr>\n<tr>\n<td>\n<ul>\n<li>Engourdissements ?<\/li>\n<\/ul>\n<\/td>\n<td><input name=\"checkbox\" type=\"checkbox\" value=\"checkbox\" \/> oui<\/td>\n<td><input name=\"checkbox\" type=\"checkbox\" value=\"checkbox\" \/> non<\/td>\n<\/tr>\n<tr>\n<td>\n<ul>\n<li>D\u00e9mangeaisons ?<\/li>\n<\/ul>\n<\/td>\n<td><input name=\"checkbox\" type=\"checkbox\" value=\"checkbox\" \/> oui<\/td>\n<td><input name=\"checkbox\" type=\"checkbox\" value=\"checkbox\" \/> non<\/td>\n<\/tr>\n<tr>\n<td class=\"button\" colspan=\"3\"><strong>3. La douleur est-elle localis\u00e9e dans un endroit o\u00f9 l\u2019examen met en \u00e9vidence :<\/strong><\/td>\n<\/tr>\n<tr>\n<td>\n<ul>\n<li>Hypoesth\u00e9sie au tact ?<\/li>\n<\/ul>\n<\/td>\n<td><input name=\"checkbox\" type=\"checkbox\" value=\"checkbox\" \/> oui<\/td>\n<td><input name=\"checkbox\" type=\"checkbox\" value=\"checkbox\" \/> non<\/td>\n<\/tr>\n<tr>\n<td>\n<ul>\n<li>Hypoesth\u00e9sie \u00e0 la piq\u00fbre ?<\/li>\n<\/ul>\n<\/td>\n<td><input name=\"checkbox\" type=\"checkbox\" value=\"checkbox\" \/> oui<\/td>\n<td><input name=\"checkbox\" type=\"checkbox\" value=\"checkbox\" \/> non<\/td>\n<\/tr>\n<tr>\n<td class=\"button\" colspan=\"3\"><strong>4. La douleur est-elle provoqu\u00e9e ou augment\u00e9e par :<\/strong><\/td>\n<\/tr>\n<tr>\n<td>\n<ul>\n<li>Le frottement ?<\/li>\n<\/ul>\n<\/td>\n<td><input name=\"checkbox\" type=\"checkbox\" value=\"checkbox\" \/> oui<\/td>\n<td><input name=\"checkbox\" type=\"checkbox\" value=\"checkbox\" \/> non<\/td>\n<\/tr>\n<tr>\n<td>\n<div align=\"right\">Total de oui<\/div>\n<\/td>\n<td nowrap=\"nowrap\"><input maxlength=\"2\" name=\"textfield\" size=\"2\" type=\"text\" \/> \/10<\/td>\n<td><\/td>\n<\/tr>\n<\/tbody>\n<\/table>\n<h2>Sondage<\/h2>\n<p>[polldaddy poll=9979107]<\/p>\n<h2>Image<\/h2>\n<p>Vous \u00eates autoris\u00e9 \u00e0 enregistrer et utiliser cette image sans la modifier et en indiquant la source.<\/p>\n<figure id=\"attachment_1268\" aria-describedby=\"caption-attachment-1268\" style=\"width: 300px\" class=\"wp-caption alignleft\"><a  href=\"http:\/\/www.philippeau.eu\/blog\/wp-content\/uploads\/2018\/04\/Test-DN4.png\" data-rel=\"lightbox-gallery-0\" data-rl_title=\"Test DN4\" data-rl_caption=\"Test DN4\"><img loading=\"lazy\" decoding=\"async\" class=\"wp-image-1268 size-medium\" title=\"Test DN4\" src=\"http:\/\/www.philippeau.eu\/blog\/wp-content\/uploads\/2018\/04\/Test-DN4-300x267.png\" alt=\"Test DN4\" width=\"300\" height=\"267\" srcset=\"https:\/\/www.philippeau.eu\/blog\/wp-content\/uploads\/2018\/04\/Test-DN4-300x267.png 300w, https:\/\/www.philippeau.eu\/blog\/wp-content\/uploads\/2018\/04\/Test-DN4-768x684.png 768w, https:\/\/www.philippeau.eu\/blog\/wp-content\/uploads\/2018\/04\/Test-DN4-400x356.png 400w, https:\/\/www.philippeau.eu\/blog\/wp-content\/uploads\/2018\/04\/Test-DN4.png 1000w\" sizes=\"auto, (max-width: 300px) 100vw, 300px\" \/><\/a><figcaption id=\"caption-attachment-1268\" class=\"wp-caption-text\">Test DN4<\/figcaption><\/figure>\n","protected":false},"excerpt":{"rendered":"<p>Test DN4 Le test DN4 est un outil de diagnostic utilis\u00e9 par les praticiens lorsqu&rsquo;ils suspectent des douleurs neuropathiques chez un patient. Vous pouvez faire ce test vous-m\u00eame ici en r\u00e9pondant au questionnaire. A la&#8230;<\/p>\n<div class=\"more-link-wrapper\"><a class=\"more-link\" href=\"https:\/\/www.philippeau.eu\/blog\/cancer-du-poumon\/douleurs-neuropathiques-et-traitements\/test-dn4-douleurs-neuropathiques\/\"><span class=\"more-text\">Continuer la lecture<\/span><\/a><\/div>\n","protected":false},"author":1,"featured_media":0,"parent":561,"menu_order":0,"comment_status":"open","ping_status":"closed","template":"page-templates\/page-nosidebars.php","meta":{"jetpack_post_was_ever_published":false,"footnotes":""},"class_list":["post-1257","page","type-page","status-publish","hentry","post"],"yoast_head":"<!-- This site is optimized with the Yoast SEO plugin v27.4 - https:\/\/yoast.com\/product\/yoast-seo-wordpress\/ -->\n<title>Test DN4 - Douleurs Neuropathiques - philippeau.eu<\/title>\n<meta name=\"description\" content=\"Le test DN4 est un outil de diagnostic utilis\u00e9 par les praticiens lorsqu&#039;ils suspectent des douleurs neuropathiques chez un patient. Vous pouvez faire ce test vous-m\u00eame ici en r\u00e9pondant au questionnaire.\" \/>\n<meta name=\"robots\" content=\"index, follow, max-snippet:-1, max-image-preview:large, max-video-preview:-1\" \/>\n<link rel=\"canonical\" href=\"https:\/\/www.philippeau.eu\/blog\/cancer-du-poumon\/douleurs-neuropathiques-et-traitements\/test-dn4-douleurs-neuropathiques\/\" \/>\n<meta property=\"og:locale\" content=\"fr_FR\" \/>\n<meta property=\"og:type\" content=\"article\" \/>\n<meta property=\"og:title\" content=\"Test DN4 - Douleurs Neuropathiques - philippeau.eu\" \/>\n<meta property=\"og:description\" content=\"Le test DN4 est un outil de diagnostic utilis\u00e9 par les praticiens lorsqu&#039;ils suspectent des douleurs neuropathiques chez un patient. Vous pouvez faire ce test vous-m\u00eame ici en r\u00e9pondant au questionnaire.\" \/>\n<meta property=\"og:url\" content=\"https:\/\/www.philippeau.eu\/blog\/cancer-du-poumon\/douleurs-neuropathiques-et-traitements\/test-dn4-douleurs-neuropathiques\/\" \/>\n<meta property=\"og:site_name\" content=\"philippeau.eu\" \/>\n<meta property=\"article:publisher\" content=\"https:\/\/www.facebook.com\/laurent.philippeau\" \/>\n<meta property=\"article:modified_time\" content=\"2018-05-11T13:00:03+00:00\" \/>\n<meta property=\"og:image\" content=\"http:\/\/www.philippeau.eu\/blog\/wp-content\/uploads\/2018\/04\/Test-DN4-300x267.png\" \/>\n<meta name=\"twitter:card\" content=\"summary_large_image\" \/>\n<meta name=\"twitter:label1\" content=\"Dur\u00e9e de lecture estim\u00e9e\" \/>\n\t<meta name=\"twitter:data1\" content=\"1 minute\" \/>\n<script type=\"application\/ld+json\" class=\"yoast-schema-graph\">{\"@context\":\"https:\\\/\\\/schema.org\",\"@graph\":[{\"@type\":\"WebPage\",\"@id\":\"https:\\\/\\\/www.philippeau.eu\\\/blog\\\/cancer-du-poumon\\\/douleurs-neuropathiques-et-traitements\\\/test-dn4-douleurs-neuropathiques\\\/\",\"url\":\"https:\\\/\\\/www.philippeau.eu\\\/blog\\\/cancer-du-poumon\\\/douleurs-neuropathiques-et-traitements\\\/test-dn4-douleurs-neuropathiques\\\/\",\"name\":\"Test DN4 - Douleurs Neuropathiques - philippeau.eu\",\"isPartOf\":{\"@id\":\"https:\\\/\\\/www.philippeau.eu\\\/blog\\\/#website\"},\"primaryImageOfPage\":{\"@id\":\"https:\\\/\\\/www.philippeau.eu\\\/blog\\\/cancer-du-poumon\\\/douleurs-neuropathiques-et-traitements\\\/test-dn4-douleurs-neuropathiques\\\/#primaryimage\"},\"image\":{\"@id\":\"https:\\\/\\\/www.philippeau.eu\\\/blog\\\/cancer-du-poumon\\\/douleurs-neuropathiques-et-traitements\\\/test-dn4-douleurs-neuropathiques\\\/#primaryimage\"},\"thumbnailUrl\":\"http:\\\/\\\/www.philippeau.eu\\\/blog\\\/wp-content\\\/uploads\\\/2018\\\/04\\\/Test-DN4-300x267.png\",\"datePublished\":\"2018-04-10T15:20:04+00:00\",\"dateModified\":\"2018-05-11T13:00:03+00:00\",\"description\":\"Le test DN4 est un outil de diagnostic utilis\u00e9 par les praticiens lorsqu'ils suspectent des douleurs neuropathiques chez un patient. Vous pouvez faire ce test vous-m\u00eame ici en r\u00e9pondant au questionnaire.\",\"breadcrumb\":{\"@id\":\"https:\\\/\\\/www.philippeau.eu\\\/blog\\\/cancer-du-poumon\\\/douleurs-neuropathiques-et-traitements\\\/test-dn4-douleurs-neuropathiques\\\/#breadcrumb\"},\"inLanguage\":\"fr-FR\",\"potentialAction\":[{\"@type\":\"ReadAction\",\"target\":[\"https:\\\/\\\/www.philippeau.eu\\\/blog\\\/cancer-du-poumon\\\/douleurs-neuropathiques-et-traitements\\\/test-dn4-douleurs-neuropathiques\\\/\"]}]},{\"@type\":\"ImageObject\",\"inLanguage\":\"fr-FR\",\"@id\":\"https:\\\/\\\/www.philippeau.eu\\\/blog\\\/cancer-du-poumon\\\/douleurs-neuropathiques-et-traitements\\\/test-dn4-douleurs-neuropathiques\\\/#primaryimage\",\"url\":\"https:\\\/\\\/www.philippeau.eu\\\/blog\\\/wp-content\\\/uploads\\\/2018\\\/04\\\/Test-DN4.png\",\"contentUrl\":\"https:\\\/\\\/www.philippeau.eu\\\/blog\\\/wp-content\\\/uploads\\\/2018\\\/04\\\/Test-DN4.png\",\"width\":1000,\"height\":890,\"caption\":\"Test DN4\"},{\"@type\":\"BreadcrumbList\",\"@id\":\"https:\\\/\\\/www.philippeau.eu\\\/blog\\\/cancer-du-poumon\\\/douleurs-neuropathiques-et-traitements\\\/test-dn4-douleurs-neuropathiques\\\/#breadcrumb\",\"itemListElement\":[{\"@type\":\"ListItem\",\"position\":1,\"name\":\"Accueil\",\"item\":\"https:\\\/\\\/www.philippeau.eu\\\/blog\\\/\"},{\"@type\":\"ListItem\",\"position\":2,\"name\":\"Mon Cancer du Poumon\",\"item\":\"https:\\\/\\\/www.philippeau.eu\\\/blog\\\/cancer-du-poumon\\\/\"},{\"@type\":\"ListItem\",\"position\":3,\"name\":\"Douleurs neuropathiques et traitements\",\"item\":\"https:\\\/\\\/www.philippeau.eu\\\/blog\\\/cancer-du-poumon\\\/douleurs-neuropathiques-et-traitements\\\/\"},{\"@type\":\"ListItem\",\"position\":4,\"name\":\"Test DN4 &#8211; Douleurs Neuropathiques\"}]},{\"@type\":\"WebSite\",\"@id\":\"https:\\\/\\\/www.philippeau.eu\\\/blog\\\/#website\",\"url\":\"https:\\\/\\\/www.philippeau.eu\\\/blog\\\/\",\"name\":\"philippeau.eu\",\"description\":\"\",\"publisher\":{\"@id\":\"https:\\\/\\\/www.philippeau.eu\\\/blog\\\/#\\\/schema\\\/person\\\/d0321ac69485a2fa34a86270145a4038\"},\"potentialAction\":[{\"@type\":\"SearchAction\",\"target\":{\"@type\":\"EntryPoint\",\"urlTemplate\":\"https:\\\/\\\/www.philippeau.eu\\\/blog\\\/?s={search_term_string}\"},\"query-input\":{\"@type\":\"PropertyValueSpecification\",\"valueRequired\":true,\"valueName\":\"search_term_string\"}}],\"inLanguage\":\"fr-FR\"},{\"@type\":[\"Person\",\"Organization\"],\"@id\":\"https:\\\/\\\/www.philippeau.eu\\\/blog\\\/#\\\/schema\\\/person\\\/d0321ac69485a2fa34a86270145a4038\",\"name\":\"Laurent\",\"image\":{\"@type\":\"ImageObject\",\"inLanguage\":\"fr-FR\",\"@id\":\"https:\\\/\\\/www.philippeau.eu\\\/blog\\\/wp-content\\\/uploads\\\/2020\\\/11\\\/cropped-PL_logo_initiales_img.png\",\"url\":\"https:\\\/\\\/www.philippeau.eu\\\/blog\\\/wp-content\\\/uploads\\\/2020\\\/11\\\/cropped-PL_logo_initiales_img.png\",\"contentUrl\":\"https:\\\/\\\/www.philippeau.eu\\\/blog\\\/wp-content\\\/uploads\\\/2020\\\/11\\\/cropped-PL_logo_initiales_img.png\",\"width\":512,\"height\":512,\"caption\":\"Laurent\"},\"logo\":{\"@id\":\"https:\\\/\\\/www.philippeau.eu\\\/blog\\\/wp-content\\\/uploads\\\/2020\\\/11\\\/cropped-PL_logo_initiales_img.png\"},\"description\":\"Propri\u00e9taire et webmaster du site www.philippeau.eu\",\"sameAs\":[\"https:\\\/\\\/www.philippeau.eu\",\"https:\\\/\\\/www.facebook.com\\\/laurent.philippeau\",\"https:\\\/\\\/www.youtube.com\\\/channel\\\/UCgwFBEt9Dv03TyDiBPNGL-Q\"]}]}<\/script>\n<!-- \/ Yoast SEO plugin. -->","yoast_head_json":{"title":"Test DN4 - Douleurs Neuropathiques - philippeau.eu","description":"Le test DN4 est un outil de diagnostic utilis\u00e9 par les praticiens lorsqu'ils suspectent des douleurs neuropathiques chez un patient. Vous pouvez faire ce test vous-m\u00eame ici en r\u00e9pondant au questionnaire.","robots":{"index":"index","follow":"follow","max-snippet":"max-snippet:-1","max-image-preview":"max-image-preview:large","max-video-preview":"max-video-preview:-1"},"canonical":"https:\/\/www.philippeau.eu\/blog\/cancer-du-poumon\/douleurs-neuropathiques-et-traitements\/test-dn4-douleurs-neuropathiques\/","og_locale":"fr_FR","og_type":"article","og_title":"Test DN4 - Douleurs Neuropathiques - philippeau.eu","og_description":"Le test DN4 est un outil de diagnostic utilis\u00e9 par les praticiens lorsqu'ils suspectent des douleurs neuropathiques chez un patient. Vous pouvez faire ce test vous-m\u00eame ici en r\u00e9pondant au questionnaire.","og_url":"https:\/\/www.philippeau.eu\/blog\/cancer-du-poumon\/douleurs-neuropathiques-et-traitements\/test-dn4-douleurs-neuropathiques\/","og_site_name":"philippeau.eu","article_publisher":"https:\/\/www.facebook.com\/laurent.philippeau","article_modified_time":"2018-05-11T13:00:03+00:00","og_image":[{"url":"http:\/\/www.philippeau.eu\/blog\/wp-content\/uploads\/2018\/04\/Test-DN4-300x267.png","type":"","width":"","height":""}],"twitter_card":"summary_large_image","twitter_misc":{"Dur\u00e9e de lecture estim\u00e9e":"1 minute"},"schema":{"@context":"https:\/\/schema.org","@graph":[{"@type":"WebPage","@id":"https:\/\/www.philippeau.eu\/blog\/cancer-du-poumon\/douleurs-neuropathiques-et-traitements\/test-dn4-douleurs-neuropathiques\/","url":"https:\/\/www.philippeau.eu\/blog\/cancer-du-poumon\/douleurs-neuropathiques-et-traitements\/test-dn4-douleurs-neuropathiques\/","name":"Test DN4 - Douleurs Neuropathiques - philippeau.eu","isPartOf":{"@id":"https:\/\/www.philippeau.eu\/blog\/#website"},"primaryImageOfPage":{"@id":"https:\/\/www.philippeau.eu\/blog\/cancer-du-poumon\/douleurs-neuropathiques-et-traitements\/test-dn4-douleurs-neuropathiques\/#primaryimage"},"image":{"@id":"https:\/\/www.philippeau.eu\/blog\/cancer-du-poumon\/douleurs-neuropathiques-et-traitements\/test-dn4-douleurs-neuropathiques\/#primaryimage"},"thumbnailUrl":"http:\/\/www.philippeau.eu\/blog\/wp-content\/uploads\/2018\/04\/Test-DN4-300x267.png","datePublished":"2018-04-10T15:20:04+00:00","dateModified":"2018-05-11T13:00:03+00:00","description":"Le test DN4 est un outil de diagnostic utilis\u00e9 par les praticiens lorsqu'ils suspectent des douleurs neuropathiques chez un patient. Vous pouvez faire ce test vous-m\u00eame ici en r\u00e9pondant au questionnaire.","breadcrumb":{"@id":"https:\/\/www.philippeau.eu\/blog\/cancer-du-poumon\/douleurs-neuropathiques-et-traitements\/test-dn4-douleurs-neuropathiques\/#breadcrumb"},"inLanguage":"fr-FR","potentialAction":[{"@type":"ReadAction","target":["https:\/\/www.philippeau.eu\/blog\/cancer-du-poumon\/douleurs-neuropathiques-et-traitements\/test-dn4-douleurs-neuropathiques\/"]}]},{"@type":"ImageObject","inLanguage":"fr-FR","@id":"https:\/\/www.philippeau.eu\/blog\/cancer-du-poumon\/douleurs-neuropathiques-et-traitements\/test-dn4-douleurs-neuropathiques\/#primaryimage","url":"https:\/\/www.philippeau.eu\/blog\/wp-content\/uploads\/2018\/04\/Test-DN4.png","contentUrl":"https:\/\/www.philippeau.eu\/blog\/wp-content\/uploads\/2018\/04\/Test-DN4.png","width":1000,"height":890,"caption":"Test DN4"},{"@type":"BreadcrumbList","@id":"https:\/\/www.philippeau.eu\/blog\/cancer-du-poumon\/douleurs-neuropathiques-et-traitements\/test-dn4-douleurs-neuropathiques\/#breadcrumb","itemListElement":[{"@type":"ListItem","position":1,"name":"Accueil","item":"https:\/\/www.philippeau.eu\/blog\/"},{"@type":"ListItem","position":2,"name":"Mon Cancer du Poumon","item":"https:\/\/www.philippeau.eu\/blog\/cancer-du-poumon\/"},{"@type":"ListItem","position":3,"name":"Douleurs neuropathiques et traitements","item":"https:\/\/www.philippeau.eu\/blog\/cancer-du-poumon\/douleurs-neuropathiques-et-traitements\/"},{"@type":"ListItem","position":4,"name":"Test DN4 &#8211; Douleurs Neuropathiques"}]},{"@type":"WebSite","@id":"https:\/\/www.philippeau.eu\/blog\/#website","url":"https:\/\/www.philippeau.eu\/blog\/","name":"philippeau.eu","description":"","publisher":{"@id":"https:\/\/www.philippeau.eu\/blog\/#\/schema\/person\/d0321ac69485a2fa34a86270145a4038"},"potentialAction":[{"@type":"SearchAction","target":{"@type":"EntryPoint","urlTemplate":"https:\/\/www.philippeau.eu\/blog\/?s={search_term_string}"},"query-input":{"@type":"PropertyValueSpecification","valueRequired":true,"valueName":"search_term_string"}}],"inLanguage":"fr-FR"},{"@type":["Person","Organization"],"@id":"https:\/\/www.philippeau.eu\/blog\/#\/schema\/person\/d0321ac69485a2fa34a86270145a4038","name":"Laurent","image":{"@type":"ImageObject","inLanguage":"fr-FR","@id":"https:\/\/www.philippeau.eu\/blog\/wp-content\/uploads\/2020\/11\/cropped-PL_logo_initiales_img.png","url":"https:\/\/www.philippeau.eu\/blog\/wp-content\/uploads\/2020\/11\/cropped-PL_logo_initiales_img.png","contentUrl":"https:\/\/www.philippeau.eu\/blog\/wp-content\/uploads\/2020\/11\/cropped-PL_logo_initiales_img.png","width":512,"height":512,"caption":"Laurent"},"logo":{"@id":"https:\/\/www.philippeau.eu\/blog\/wp-content\/uploads\/2020\/11\/cropped-PL_logo_initiales_img.png"},"description":"Propri\u00e9taire et webmaster du site www.philippeau.eu","sameAs":["https:\/\/www.philippeau.eu","https:\/\/www.facebook.com\/laurent.philippeau","https:\/\/www.youtube.com\/channel\/UCgwFBEt9Dv03TyDiBPNGL-Q"]}]}},"jetpack_likes_enabled":true,"jetpack_sharing_enabled":true,"_links":{"self":[{"href":"https:\/\/www.philippeau.eu\/blog\/wp-json\/wp\/v2\/pages\/1257","targetHints":{"allow":["GET"]}}],"collection":[{"href":"https:\/\/www.philippeau.eu\/blog\/wp-json\/wp\/v2\/pages"}],"about":[{"href":"https:\/\/www.philippeau.eu\/blog\/wp-json\/wp\/v2\/types\/page"}],"author":[{"embeddable":true,"href":"https:\/\/www.philippeau.eu\/blog\/wp-json\/wp\/v2\/users\/1"}],"replies":[{"embeddable":true,"href":"https:\/\/www.philippeau.eu\/blog\/wp-json\/wp\/v2\/comments?post=1257"}],"version-history":[{"count":17,"href":"https:\/\/www.philippeau.eu\/blog\/wp-json\/wp\/v2\/pages\/1257\/revisions"}],"predecessor-version":[{"id":1355,"href":"https:\/\/www.philippeau.eu\/blog\/wp-json\/wp\/v2\/pages\/1257\/revisions\/1355"}],"up":[{"embeddable":true,"href":"https:\/\/www.philippeau.eu\/blog\/wp-json\/wp\/v2\/pages\/561"}],"wp:attachment":[{"href":"https:\/\/www.philippeau.eu\/blog\/wp-json\/wp\/v2\/media?parent=1257"}],"curies":[{"name":"wp","href":"https:\/\/api.w.org\/{rel}","templated":true}]}}