{"id":11,"date":"2012-09-15T05:23:12","date_gmt":"2012-09-15T04:23:12","guid":{"rendered":"http:\/\/www.philippeau.eu\/blog\/?page_id=11"},"modified":"2019-07-09T10:00:04","modified_gmt":"2019-07-09T09:00:04","slug":"decouverte-de-la-maladie","status":"publish","type":"page","link":"https:\/\/www.philippeau.eu\/blog\/cancer-du-poumon\/decouverte-de-la-maladie\/","title":{"rendered":"D\u00e9couverte de la maladie"},"content":{"rendered":"<p>Il y a encore quelques mois, on ne pouvait dire que je passai mon temps chez le m\u00e9decin. Cela allait changer avec la d\u00e9couverte de la maladie.<\/p>\n<h2>Premi\u00e8re consultation le jeudi 5 avril 2012<\/h2>\n<p style=\"text-align: justify;\">Ce n&rsquo;est pas cette douleur \u00e0 l&rsquo;\u00e9paule droite qui c&rsquo;est propag\u00e9e dans le bras jusque la main pendant un an. Arr\u00eat\u00e9e nette et remplac\u00e9e par une toux r\u00e9currente depuis 7 ou 8 mois. Ni les r\u00e9guliers maux d&rsquo;estomac depuis environ 2 ans et encore moins mes probl\u00e8mes de genoux qui bloquent qui m&rsquo;ont envoy\u00e9s chez le m\u00e9decin le jeudi 5 avril 2012.<\/p>\n<p style=\"text-align: justify;\">Tout a commencer le mercredi 4 avril 2012 avec une tr\u00e8s mauvaise journ\u00e9e au travail. Une douleur au ventre et dans le dos qui c&rsquo;est amplifi\u00e9e du matin au soir. Le Lendemain, je d\u00e9cide tout de m\u00eame de retourner travailler. La douleur qui c&rsquo;est att\u00e9nu\u00e9e avec le repos, reprends de plus belle. Elle s\u2019intensifie encore et encore jusque ce que un peu avant midi, je sois foudroy\u00e9, pli\u00e9 en deux, m&rsquo;assoie et n&rsquo;ose plus bouger. Une barre horizontale au niveau du diaphragme et de l&rsquo;estomac me traverse de gauche \u00e0 droite et\/ou inversement. La douleur est aussi violente dans le ventre que dans le dos et respirer est devenu laborieux. Elle est d&rsquo;une intensit\u00e9 que je n&rsquo;ai jamais connue. C&rsquo;est d\u00e9cid\u00e9, je ne peux faire autrement que d&rsquo;aller chez le m\u00e9decin dans l&rsquo;apr\u00e8s midi du 5 avril.<\/p>\n<p style=\"text-align: justify;\">Je ressorts de cette consultation avec un arr\u00eat de travail, une ordonnance pour un sirop contre la toux et une ordonnance pour une radio du thorax et une autre (tant qu&rsquo;\u00e0 faire ! ) des genoux qui depuis longtemps me font souffrir.<\/p>\n<h2>D\u00e9couverte de la maladie<\/h2>\n<h3>La radiographie qui d\u00e9clenche tout ! le vendredi 20 avril 2012<\/h3>\n<p style=\"text-align: justify;\">Nous sommes le 20 avril et c&rsquo;est aujourd&rsquo;hui que j&rsquo;ai rendez-vous pour mes radiographies. Apr\u00e8s un court temps d&rsquo;attente, le docteur me demande de venir voir les radios et me donne ses conclusions.<\/p>\n<p style=\"text-align: justify;\">Il me montre dans un premier temps celles de mes genoux et m&rsquo;explique rapidement que j&rsquo;ai une <a href=\"https:\/\/www.maitrise-orthopedique.com\/articles\/patella-infera-sur-prothese-totale-du-genou-technique-combinee-dallongement-du-tendon-rotulien-et-allogreffe-partielle-de-lappareil-extenseur-793\" target=\"_blank\" rel=\"noopener noreferrer\">Patella Inf\u00e9ra Bilat\u00e9rale<\/a> pouvant \u00eatre source de douleurs chroniques. Il passe ensuite tr\u00e8s vite \u00e0 ce qui est plus inqui\u00e9tant, les radios des poumons.<\/p>\n<h3>Voici la conclusion :<\/h3>\n<p style=\"text-align: justify;\"><strong>Opacit\u00e9 pulmonaire lobaire sup\u00e9rieure droite amorphe, de nature ind\u00e9termin\u00e9e, pour laquelle un scanner thoracique est souhaitable.<\/strong><\/p>\n<figure id=\"attachment_14\" aria-describedby=\"caption-attachment-14\" style=\"width: 650px\" class=\"wp-caption aligncenter\"><a href=\"http:\/\/www.philippeau.eu\/blog\/wp-content\/uploads\/2012\/09\/Radio-Poumon-01.jpg\" target=\"_blank\" data-rel=\"lightbox-gallery-0\" data-rl_title=\"Radio-Poumon-01\" data-rl_caption=\"Ma premi\u00e8re radio des poumons\"><img loading=\"lazy\" decoding=\"async\" class=\"wp-image-14 size-full\" title=\"Radio-Poumon-01\" src=\"http:\/\/www.philippeau.eu\/blog\/wp-content\/uploads\/2012\/09\/Radio-Poumon-01.jpg\" alt=\"d\u00e9couverte de la maladie, 1\u00e8re radio poumons\" width=\"650\" height=\"803\" srcset=\"https:\/\/www.philippeau.eu\/blog\/wp-content\/uploads\/2012\/09\/Radio-Poumon-01.jpg 650w, https:\/\/www.philippeau.eu\/blog\/wp-content\/uploads\/2012\/09\/Radio-Poumon-01-242x300.jpg 242w\" sizes=\"auto, (max-width: 650px) 100vw, 650px\" \/><\/a><figcaption id=\"caption-attachment-14\" class=\"wp-caption-text\">Ma premi\u00e8re radio des poumons<\/figcaption><\/figure>\n<h2>Mon premier scanner le jeudi 26 avril 2012<\/h2>\n<p style=\"text-align: justify;\">Suite aux conclusions de ces radiographies, j&rsquo;ai un rendez-vous \u00e0 l&rsquo;h\u00f4pital de Ch\u00e2teau Gontier (53) pour mon premier scanner thoracique avec injection. Pour ceux qui comme moi pourraient se demander comment se passe cet examen, <a title=\"Pour savoir comment se d\u00e9roule un scanner\" href=\"https:\/\/www.passeportsante.net\/fr\/Maux\/examens-medicaux-operations\/Fiche.aspx?doc=examen-scanner-thoracique\" target=\"_blank\" rel=\"noopener noreferrer\">cliquez ici<\/a>, mais sachez simplement que ce n&rsquo;est pas long et cela ne fait pas mal.\u00a0 Ne me demandez pas la conclusion exacte de mon examen, il est actuellement chez ma pneumologue.<\/p>\n<p style=\"text-align: justify;\">Le docteur qui a pratiqu\u00e9 ce scanner est venu me rencontrer apr\u00e8s l&rsquo;examen et avec une triste mine, m&rsquo;a annonc\u00e9 que j&rsquo;avais des nodules (dont un de 4,5 cm et un de 2 cm) et qu&rsquo;il ne fallait pas garder cela.<\/p>\n<p style=\"text-align: justify;\">Pour la premi\u00e8re fois, je me retrouvais confront\u00e9 r\u00e9ellement \u00e0 la maladie.<\/p>\n<p style=\"text-align: justify;\"><a title=\"Mon Cancer du Poumon\" href=\"http:\/\/www.philippeau.eu\/blog\/cancer-du-poumon\/\">&lt;&lt; Mon Cancer du Poumon<\/a> &#8211; <a title=\"Le diagnostic\" href=\"http:\/\/www.philippeau.eu\/blog\/cancer-du-poumon\/le-diagnostic\/\">Le diagnostic &gt;&gt;<\/a><\/p>\n","protected":false},"excerpt":{"rendered":"<p>Il y a encore quelques mois, on ne pouvait dire que je passai mon temps chez le m\u00e9decin. Cela allait changer avec la d\u00e9couverte de la maladie. Premi\u00e8re consultation le jeudi 5 avril 2012 Ce&#8230;<\/p>\n<div class=\"more-link-wrapper\"><a class=\"more-link\" href=\"https:\/\/www.philippeau.eu\/blog\/cancer-du-poumon\/decouverte-de-la-maladie\/\"><span class=\"more-text\">Continuer la lecture<\/span><\/a><\/div>\n","protected":false},"author":1,"featured_media":0,"parent":9,"menu_order":0,"comment_status":"open","ping_status":"closed","template":"","meta":{"jetpack_post_was_ever_published":false,"footnotes":""},"class_list":["post-11","page","type-page","status-publish","hentry","post"],"yoast_head":"<!-- This site is optimized with the Yoast SEO plugin v27.4 - https:\/\/yoast.com\/product\/yoast-seo-wordpress\/ -->\n<title>D\u00e9couverte de la maladie - philippeau.eu<\/title>\n<meta name=\"description\" content=\"Avril 2012, d\u00e9couverte de la maladie qui deux mois plus tard sera identifi\u00e9e comme \u00e9tant un cancer du poumon. La radiographie qui change tout.\" \/>\n<meta name=\"robots\" content=\"index, follow, max-snippet:-1, max-image-preview:large, max-video-preview:-1\" \/>\n<link rel=\"canonical\" href=\"https:\/\/www.philippeau.eu\/blog\/cancer-du-poumon\/decouverte-de-la-maladie\/\" \/>\n<meta property=\"og:locale\" content=\"fr_FR\" \/>\n<meta property=\"og:type\" content=\"article\" \/>\n<meta property=\"og:title\" content=\"D\u00e9couverte de la maladie - philippeau.eu\" \/>\n<meta property=\"og:description\" content=\"Avril 2012, d\u00e9couverte de la maladie qui deux mois plus tard sera identifi\u00e9e comme \u00e9tant un cancer du poumon. La radiographie qui change tout.\" \/>\n<meta property=\"og:url\" content=\"https:\/\/www.philippeau.eu\/blog\/cancer-du-poumon\/decouverte-de-la-maladie\/\" \/>\n<meta property=\"og:site_name\" content=\"philippeau.eu\" \/>\n<meta property=\"article:publisher\" content=\"https:\/\/www.facebook.com\/laurent.philippeau\" \/>\n<meta property=\"article:modified_time\" content=\"2019-07-09T09:00:04+00:00\" \/>\n<meta property=\"og:image\" content=\"http:\/\/www.philippeau.eu\/blog\/wp-content\/uploads\/2012\/09\/Radio-Poumon-01.jpg\" \/>\n<meta name=\"twitter:card\" content=\"summary_large_image\" \/>\n<meta name=\"twitter:label1\" content=\"Dur\u00e9e de lecture estim\u00e9e\" \/>\n\t<meta name=\"twitter:data1\" content=\"3 minutes\" \/>\n<script type=\"application\/ld+json\" class=\"yoast-schema-graph\">{\"@context\":\"https:\\\/\\\/schema.org\",\"@graph\":[{\"@type\":\"WebPage\",\"@id\":\"https:\\\/\\\/www.philippeau.eu\\\/blog\\\/cancer-du-poumon\\\/decouverte-de-la-maladie\\\/\",\"url\":\"https:\\\/\\\/www.philippeau.eu\\\/blog\\\/cancer-du-poumon\\\/decouverte-de-la-maladie\\\/\",\"name\":\"D\u00e9couverte de la maladie - philippeau.eu\",\"isPartOf\":{\"@id\":\"https:\\\/\\\/www.philippeau.eu\\\/blog\\\/#website\"},\"primaryImageOfPage\":{\"@id\":\"https:\\\/\\\/www.philippeau.eu\\\/blog\\\/cancer-du-poumon\\\/decouverte-de-la-maladie\\\/#primaryimage\"},\"image\":{\"@id\":\"https:\\\/\\\/www.philippeau.eu\\\/blog\\\/cancer-du-poumon\\\/decouverte-de-la-maladie\\\/#primaryimage\"},\"thumbnailUrl\":\"http:\\\/\\\/www.philippeau.eu\\\/blog\\\/wp-content\\\/uploads\\\/2012\\\/09\\\/Radio-Poumon-01.jpg\",\"datePublished\":\"2012-09-15T04:23:12+00:00\",\"dateModified\":\"2019-07-09T09:00:04+00:00\",\"description\":\"Avril 2012, d\u00e9couverte de la maladie qui deux mois plus tard sera identifi\u00e9e comme \u00e9tant un cancer du poumon. La radiographie qui change tout.\",\"breadcrumb\":{\"@id\":\"https:\\\/\\\/www.philippeau.eu\\\/blog\\\/cancer-du-poumon\\\/decouverte-de-la-maladie\\\/#breadcrumb\"},\"inLanguage\":\"fr-FR\",\"potentialAction\":[{\"@type\":\"ReadAction\",\"target\":[\"https:\\\/\\\/www.philippeau.eu\\\/blog\\\/cancer-du-poumon\\\/decouverte-de-la-maladie\\\/\"]}]},{\"@type\":\"ImageObject\",\"inLanguage\":\"fr-FR\",\"@id\":\"https:\\\/\\\/www.philippeau.eu\\\/blog\\\/cancer-du-poumon\\\/decouverte-de-la-maladie\\\/#primaryimage\",\"url\":\"https:\\\/\\\/www.philippeau.eu\\\/blog\\\/wp-content\\\/uploads\\\/2012\\\/09\\\/Radio-Poumon-01.jpg\",\"contentUrl\":\"https:\\\/\\\/www.philippeau.eu\\\/blog\\\/wp-content\\\/uploads\\\/2012\\\/09\\\/Radio-Poumon-01.jpg\",\"width\":650,\"height\":803,\"caption\":\"Ma premi\u00e8re radio des poumons\"},{\"@type\":\"BreadcrumbList\",\"@id\":\"https:\\\/\\\/www.philippeau.eu\\\/blog\\\/cancer-du-poumon\\\/decouverte-de-la-maladie\\\/#breadcrumb\",\"itemListElement\":[{\"@type\":\"ListItem\",\"position\":1,\"name\":\"Accueil\",\"item\":\"https:\\\/\\\/www.philippeau.eu\\\/blog\\\/\"},{\"@type\":\"ListItem\",\"position\":2,\"name\":\"Mon Cancer du Poumon\",\"item\":\"https:\\\/\\\/www.philippeau.eu\\\/blog\\\/cancer-du-poumon\\\/\"},{\"@type\":\"ListItem\",\"position\":3,\"name\":\"D\u00e9couverte de la maladie\"}]},{\"@type\":\"WebSite\",\"@id\":\"https:\\\/\\\/www.philippeau.eu\\\/blog\\\/#website\",\"url\":\"https:\\\/\\\/www.philippeau.eu\\\/blog\\\/\",\"name\":\"philippeau.eu\",\"description\":\"\",\"publisher\":{\"@id\":\"https:\\\/\\\/www.philippeau.eu\\\/blog\\\/#\\\/schema\\\/person\\\/d0321ac69485a2fa34a86270145a4038\"},\"potentialAction\":[{\"@type\":\"SearchAction\",\"target\":{\"@type\":\"EntryPoint\",\"urlTemplate\":\"https:\\\/\\\/www.philippeau.eu\\\/blog\\\/?s={search_term_string}\"},\"query-input\":{\"@type\":\"PropertyValueSpecification\",\"valueRequired\":true,\"valueName\":\"search_term_string\"}}],\"inLanguage\":\"fr-FR\"},{\"@type\":[\"Person\",\"Organization\"],\"@id\":\"https:\\\/\\\/www.philippeau.eu\\\/blog\\\/#\\\/schema\\\/person\\\/d0321ac69485a2fa34a86270145a4038\",\"name\":\"Laurent\",\"image\":{\"@type\":\"ImageObject\",\"inLanguage\":\"fr-FR\",\"@id\":\"https:\\\/\\\/www.philippeau.eu\\\/blog\\\/wp-content\\\/uploads\\\/2020\\\/11\\\/cropped-PL_logo_initiales_img.png\",\"url\":\"https:\\\/\\\/www.philippeau.eu\\\/blog\\\/wp-content\\\/uploads\\\/2020\\\/11\\\/cropped-PL_logo_initiales_img.png\",\"contentUrl\":\"https:\\\/\\\/www.philippeau.eu\\\/blog\\\/wp-content\\\/uploads\\\/2020\\\/11\\\/cropped-PL_logo_initiales_img.png\",\"width\":512,\"height\":512,\"caption\":\"Laurent\"},\"logo\":{\"@id\":\"https:\\\/\\\/www.philippeau.eu\\\/blog\\\/wp-content\\\/uploads\\\/2020\\\/11\\\/cropped-PL_logo_initiales_img.png\"},\"description\":\"Propri\u00e9taire et webmaster du site www.philippeau.eu\",\"sameAs\":[\"https:\\\/\\\/www.philippeau.eu\",\"https:\\\/\\\/www.facebook.com\\\/laurent.philippeau\",\"https:\\\/\\\/www.youtube.com\\\/channel\\\/UCgwFBEt9Dv03TyDiBPNGL-Q\"]}]}<\/script>\n<!-- \/ Yoast SEO plugin. -->","yoast_head_json":{"title":"D\u00e9couverte de la maladie - philippeau.eu","description":"Avril 2012, d\u00e9couverte de la maladie qui deux mois plus tard sera identifi\u00e9e comme \u00e9tant un cancer du poumon. La radiographie qui change tout.","robots":{"index":"index","follow":"follow","max-snippet":"max-snippet:-1","max-image-preview":"max-image-preview:large","max-video-preview":"max-video-preview:-1"},"canonical":"https:\/\/www.philippeau.eu\/blog\/cancer-du-poumon\/decouverte-de-la-maladie\/","og_locale":"fr_FR","og_type":"article","og_title":"D\u00e9couverte de la maladie - philippeau.eu","og_description":"Avril 2012, d\u00e9couverte de la maladie qui deux mois plus tard sera identifi\u00e9e comme \u00e9tant un cancer du poumon. La radiographie qui change tout.","og_url":"https:\/\/www.philippeau.eu\/blog\/cancer-du-poumon\/decouverte-de-la-maladie\/","og_site_name":"philippeau.eu","article_publisher":"https:\/\/www.facebook.com\/laurent.philippeau","article_modified_time":"2019-07-09T09:00:04+00:00","og_image":[{"url":"http:\/\/www.philippeau.eu\/blog\/wp-content\/uploads\/2012\/09\/Radio-Poumon-01.jpg","type":"","width":"","height":""}],"twitter_card":"summary_large_image","twitter_misc":{"Dur\u00e9e de lecture estim\u00e9e":"3 minutes"},"schema":{"@context":"https:\/\/schema.org","@graph":[{"@type":"WebPage","@id":"https:\/\/www.philippeau.eu\/blog\/cancer-du-poumon\/decouverte-de-la-maladie\/","url":"https:\/\/www.philippeau.eu\/blog\/cancer-du-poumon\/decouverte-de-la-maladie\/","name":"D\u00e9couverte de la maladie - philippeau.eu","isPartOf":{"@id":"https:\/\/www.philippeau.eu\/blog\/#website"},"primaryImageOfPage":{"@id":"https:\/\/www.philippeau.eu\/blog\/cancer-du-poumon\/decouverte-de-la-maladie\/#primaryimage"},"image":{"@id":"https:\/\/www.philippeau.eu\/blog\/cancer-du-poumon\/decouverte-de-la-maladie\/#primaryimage"},"thumbnailUrl":"http:\/\/www.philippeau.eu\/blog\/wp-content\/uploads\/2012\/09\/Radio-Poumon-01.jpg","datePublished":"2012-09-15T04:23:12+00:00","dateModified":"2019-07-09T09:00:04+00:00","description":"Avril 2012, d\u00e9couverte de la maladie qui deux mois plus tard sera identifi\u00e9e comme \u00e9tant un cancer du poumon. La radiographie qui change tout.","breadcrumb":{"@id":"https:\/\/www.philippeau.eu\/blog\/cancer-du-poumon\/decouverte-de-la-maladie\/#breadcrumb"},"inLanguage":"fr-FR","potentialAction":[{"@type":"ReadAction","target":["https:\/\/www.philippeau.eu\/blog\/cancer-du-poumon\/decouverte-de-la-maladie\/"]}]},{"@type":"ImageObject","inLanguage":"fr-FR","@id":"https:\/\/www.philippeau.eu\/blog\/cancer-du-poumon\/decouverte-de-la-maladie\/#primaryimage","url":"https:\/\/www.philippeau.eu\/blog\/wp-content\/uploads\/2012\/09\/Radio-Poumon-01.jpg","contentUrl":"https:\/\/www.philippeau.eu\/blog\/wp-content\/uploads\/2012\/09\/Radio-Poumon-01.jpg","width":650,"height":803,"caption":"Ma premi\u00e8re radio des poumons"},{"@type":"BreadcrumbList","@id":"https:\/\/www.philippeau.eu\/blog\/cancer-du-poumon\/decouverte-de-la-maladie\/#breadcrumb","itemListElement":[{"@type":"ListItem","position":1,"name":"Accueil","item":"https:\/\/www.philippeau.eu\/blog\/"},{"@type":"ListItem","position":2,"name":"Mon Cancer du Poumon","item":"https:\/\/www.philippeau.eu\/blog\/cancer-du-poumon\/"},{"@type":"ListItem","position":3,"name":"D\u00e9couverte de la maladie"}]},{"@type":"WebSite","@id":"https:\/\/www.philippeau.eu\/blog\/#website","url":"https:\/\/www.philippeau.eu\/blog\/","name":"philippeau.eu","description":"","publisher":{"@id":"https:\/\/www.philippeau.eu\/blog\/#\/schema\/person\/d0321ac69485a2fa34a86270145a4038"},"potentialAction":[{"@type":"SearchAction","target":{"@type":"EntryPoint","urlTemplate":"https:\/\/www.philippeau.eu\/blog\/?s={search_term_string}"},"query-input":{"@type":"PropertyValueSpecification","valueRequired":true,"valueName":"search_term_string"}}],"inLanguage":"fr-FR"},{"@type":["Person","Organization"],"@id":"https:\/\/www.philippeau.eu\/blog\/#\/schema\/person\/d0321ac69485a2fa34a86270145a4038","name":"Laurent","image":{"@type":"ImageObject","inLanguage":"fr-FR","@id":"https:\/\/www.philippeau.eu\/blog\/wp-content\/uploads\/2020\/11\/cropped-PL_logo_initiales_img.png","url":"https:\/\/www.philippeau.eu\/blog\/wp-content\/uploads\/2020\/11\/cropped-PL_logo_initiales_img.png","contentUrl":"https:\/\/www.philippeau.eu\/blog\/wp-content\/uploads\/2020\/11\/cropped-PL_logo_initiales_img.png","width":512,"height":512,"caption":"Laurent"},"logo":{"@id":"https:\/\/www.philippeau.eu\/blog\/wp-content\/uploads\/2020\/11\/cropped-PL_logo_initiales_img.png"},"description":"Propri\u00e9taire et webmaster du site www.philippeau.eu","sameAs":["https:\/\/www.philippeau.eu","https:\/\/www.facebook.com\/laurent.philippeau","https:\/\/www.youtube.com\/channel\/UCgwFBEt9Dv03TyDiBPNGL-Q"]}]}},"jetpack_likes_enabled":true,"jetpack_sharing_enabled":true,"_links":{"self":[{"href":"https:\/\/www.philippeau.eu\/blog\/wp-json\/wp\/v2\/pages\/11","targetHints":{"allow":["GET"]}}],"collection":[{"href":"https:\/\/www.philippeau.eu\/blog\/wp-json\/wp\/v2\/pages"}],"about":[{"href":"https:\/\/www.philippeau.eu\/blog\/wp-json\/wp\/v2\/types\/page"}],"author":[{"embeddable":true,"href":"https:\/\/www.philippeau.eu\/blog\/wp-json\/wp\/v2\/users\/1"}],"replies":[{"embeddable":true,"href":"https:\/\/www.philippeau.eu\/blog\/wp-json\/wp\/v2\/comments?post=11"}],"version-history":[{"count":3,"href":"https:\/\/www.philippeau.eu\/blog\/wp-json\/wp\/v2\/pages\/11\/revisions"}],"predecessor-version":[{"id":137887,"href":"https:\/\/www.philippeau.eu\/blog\/wp-json\/wp\/v2\/pages\/11\/revisions\/137887"}],"up":[{"embeddable":true,"href":"https:\/\/www.philippeau.eu\/blog\/wp-json\/wp\/v2\/pages\/9"}],"wp:attachment":[{"href":"https:\/\/www.philippeau.eu\/blog\/wp-json\/wp\/v2\/media?parent=11"}],"curies":[{"name":"wp","href":"https:\/\/api.w.org\/{rel}","templated":true}]}}